{"id":23360,"date":"2024-12-19T14:59:30","date_gmt":"2024-12-19T12:59:30","guid":{"rendered":"https:\/\/activest.ee\/?post_type=product&#038;p=23360"},"modified":"2024-12-21T05:28:24","modified_gmt":"2024-12-21T03:28:24","slug":"raatsamatk-huntide-jalgedes","status":"publish","type":"product","link":"https:\/\/activest.ee\/et\/toode\/raatsamatk-huntide-jalgedes\/","title":{"rendered":"R\u00e4\u00e4tsamatk huntide j\u00e4lgedes 9.veebruaril 2025"},"content":{"rendered":"<div class=\"fusion-fullwidth fullwidth-box fusion-builder-row-1 nonhundred-percent-fullwidth non-hundred-percent-height-scrolling\" style=\"background-color: rgba(255,255,255,0);background-position: center center;background-repeat: no-repeat;padding-top:0px;padding-right:0px;padding-bottom:0px;padding-left:0px;margin-bottom: 0px;margin-top: 0px;border-width: 0px 0px 0px 0px;border-color:#eae9e9;border-style:solid;\" ><div class=\"fusion-builder-row fusion-row\"><div class=\"fusion-layout-column fusion_builder_column fusion-builder-column-0 fusion_builder_column_1_1 1_1 fusion-one-full fusion-column-first fusion-column-last\" style=\"margin-top:0px;margin-bottom:20px;\"><div class=\"fusion-column-wrapper fusion-flex-column-wrapper-legacy\" style=\"background-position:left top;background-repeat:no-repeat;-webkit-background-size:cover;-moz-background-size:cover;-o-background-size:cover;background-size:cover;padding: 0px 0px 0px 0px;\"><div class=\"fusion-button-wrapper\"><style type=\"text\/css\">.fusion-button.button-1 {border-radius:2px;}<\/style><a class=\"fusion-button button-flat fusion-button-default-size button-default button-1 fusion-button-default-span fusion-button-default-type\" target=\"_self\" href=\"#description\"><span class=\"fusion-button-text\">Tuuri kirjeldus<\/span><\/a><\/div><div class=\"fusion-button-wrapper\"><style type=\"text\/css\">.fusion-button.button-2 {border-radius:2px;}<\/style><a class=\"fusion-button button-flat fusion-button-default-size button-default button-2 fusion-button-default-span fusion-button-default-type\" target=\"_self\" href=\"#price\"><span class=\"fusion-button-text\">Hinnad ja kuup\u00e4evad<\/span><\/a><\/div><div class=\"fusion-clearfix\"><\/div><\/div><\/div><div class=\"fusion-layout-column fusion_builder_column fusion-builder-column-1 fusion_builder_column_1_1 1_1 fusion-one-full fusion-column-first fusion-column-last\" style=\"margin-top:0px;margin-bottom:20px;\"><div class=\"fusion-column-wrapper fusion-flex-column-wrapper-legacy\" style=\"background-position:left top;background-repeat:no-repeat;-webkit-background-size:cover;-moz-background-size:cover;-o-background-size:cover;background-size:cover;padding: 0px 0px 0px 0px;\"><div class=\"fusion-menu-anchor\" id=\"description\"><\/div><div class=\"fusion-text fusion-text-1\" style=\"transform:translate3d(0,0,0);\"><p><span style=\"font-weight: 400;\">\u00dcrituse t\u00e4pne toimumiskoht s\u00f5ltub huntide liikumistest. Suure t\u00f5en\u00e4osusega matkame Marimetsa raba \u00fcmbruses, kuid enne \u00fcritust saadame t\u00e4pse kohtumispaiga. Autod j\u00e4tame metsa \u00e4\u00e4rde ja hakkame m\u00f6\u00f6da j\u00e4lgi matkama. Selleks kasutame r\u00e4\u00e4tsasid, et oleks lumes lihtsam k\u00f5ndida. Ega t\u00e4pselt ei tea, kuhu soed meid juhivad ja mis meid ees ootab, aga varem oleme selliste matkadel leidnud huntide magamisasemeid, m\u00e4ngimise kohtasid, saakloomade j\u00e4\u00e4nuseid ning seni k\u00f5ige p\u00f5nevam leid oli karu skelett. Kindlasti n\u00e4eme erinevate loomade j\u00e4lgi, sest metsaelanikud armastavad samu radu pidi k\u00e4ia. P\u00e4ikeseloojangul v\u00f5tame suuna tagasi autode poole.\u00a0<\/span><\/p>\n<p><span style=\"font-weight: 400;\">Matka aeg on meelega nii valitud, et l\u00f5pp j\u00e4\u00e4b pimeda peale. Olles loodetavasti huntide l\u00e4hedal ja teades, et veebruaris on hallivatimehed k\u00fcllaltki vokaalsed, on meil lootust kuulda v\u00f5savillemite ulgumist, sest hea ilmaga kostub ulgumine paari kilomeetri kaugusele. Hundi ulgumine on Eesti looduses \u00fcks v\u00f5imsamaid elamusi \u00fcldse &#8211; kuigi m\u00f5istus \u00fctleb, et mitte midagi pole karta (ja see ongi \u00f5ige), tungib kusagilt s\u00fcgavalt sisemusest ikkagi esile mingi aastatuhandetega meie geenidesse salvestatud \u00fcrgne erutus, sest rahvusloom on olnud alati inimesele v\u00e4\u00e4riline konkurent. <\/span><\/p>\n<\/div><div class=\"fusion-menu-anchor\" id=\"tapsemalt\"><\/div><div class=\"fusion-clearfix\"><\/div><\/div><\/div><div class=\"fusion-layout-column fusion_builder_column fusion-builder-column-2 fusion_builder_column_1_1 1_1 fusion-one-full fusion-column-first fusion-column-last\" style=\"margin-top:0px;margin-bottom:20px;\"><div class=\"fusion-column-wrapper fusion-flex-column-wrapper-legacy\" style=\"background-position:left top;background-repeat:no-repeat;-webkit-background-size:cover;-moz-background-size:cover;-o-background-size:cover;background-size:cover;padding: 0px 0px 0px 0px;\"><div class=\"fusion-menu-anchor\" id=\"price\"><\/div><div class=\"fusion-text fusion-text-2\" style=\"transform:translate3d(0,0,0);\"><p><strong>Plaaniline matk toimub 9.veebruaril 2025<\/strong><\/p>\n<p><strong>Matk algab kell 14:00 ja l\u00f5ppeb umbes 17:30.<\/strong><\/p>\n<p><b>Matka kestvus<\/b><span style=\"font-weight: 400;\"> ca 3-4 tundi<\/span><\/p>\n<p><strong>Raskusaste keskmine<\/strong>: ei eelda super sportlikku vormi, kuid plaanis on pikem retk kohati keerulisel maastikul. Sobilik lastele alates 10. aastast.<\/p>\n<p><strong>Matka hind <\/strong>on 45\u20ac t\u00e4iskasvanu 35\u20ac lapsele. Hinna sees:<\/p>\n<ul>\n<li>Kogenud loodusgiidi teenused<\/li>\n<li>R\u00e4\u00e4tsade kasutamine<\/li>\n<\/ul>\n<p><strong>Grupp:\u00a0<\/strong>kuni 15 inimest<\/p>\n<p>Transport Tallinnast ja tagasi meie v\u00e4ikebussis 10\u20ac inimese kohta. Kohtade arv piiratud.<\/p>\n<p>Rohkem infot ja registreerimine Bert: kirjuta bert@natourest.ee v\u00f5i helista 5137141<\/p>\n<\/div><div class=\"fusion-clearfix\"><\/div><\/div><\/div><\/div><\/div>\n","protected":false},"excerpt":{"rendered":"<p><span style=\"font-weight: 400;\">Selle matka eesm\u00e4rk on k\u00f5ndida r\u00e4\u00e4tsadega huntide j\u00e4lgedes. Vaadata, kuidas soed k\u00e4ituvad ja r\u00e4\u00e4kida hundijutte. Matk l\u00f5ppeb pimedast, sest siis tekib v\u00f5imalus saada osa Eesti looduse k\u00f5ige v\u00f5imsamast helist &#8211; hundikarja ulgumisest.<\/span><\/p>\n<p><span style=\"font-weight: 400;\">Jaanuaril l\u00f5pust algab huntidel umbes kuu kestev jooksuaeg. Siis muutuvad soed v\u00e4ga aktiivseks liiguvad palju ja uluvad. Just seep\u00e4rast \u00f6eldi vanasti veebruari kohta hundikuu. Talv ongi ainuke aeg, kus muidu nii saladuslike metsat\u00f6llide tegemistega saab l\u00e4hemalt tutvuda, sest lume pealt on k\u00f5ik h\u00e4sti n\u00e4ha. \u00dcritusel jagame rahvuslooma kohta nii vanarahva tarkusi kui r\u00e4\u00e4gime kaasaegsetest teaduslikest teadmistest ja sekka loodusgiid Bert R\u00e4hni isiklikke kogemusi. L\u00f5petame pimedas, et hea \u00f5nne korral kuulda hundikarja ulgumist.<\/span><\/p>\n<p><span style=\"font-weight: 400;\">\u00a0<\/span><\/p>\n<p>&nbsp;<\/p>\n","protected":false},"featured_media":23363,"comment_status":"open","ping_status":"closed","template":"","meta":[],"product_cat":[516,509,537,510],"product_tag":[],"class_list":["post-23360","product","type-product","status-publish","has-post-thumbnail","hentry","product_cat-talv","product_cat-eesti","product_cat-loodusvaatlus","product_cat-peredele"],"yoast_head":"<!-- This site is optimized with the Yoast SEO plugin v21.8 - https:\/\/yoast.com\/wordpress\/plugins\/seo\/ -->\n<title>R\u00e4\u00e4tsamatk huntide j\u00e4lgedes 9.veebruaril 2025 - ActivEst<\/title>\n<meta name=\"robots\" content=\"index, follow, max-snippet:-1, max-image-preview:large, max-video-preview:-1\" \/>\n<link rel=\"canonical\" href=\"https:\/\/activest.ee\/et\/toode\/raatsamatk-huntide-jalgedes\/\" \/>\n<meta property=\"og:locale\" content=\"et_EE\" \/>\n<meta property=\"og:type\" content=\"article\" \/>\n<meta property=\"og:title\" content=\"R\u00e4\u00e4tsamatk huntide j\u00e4lgedes 9.veebruaril 2025 - ActivEst\" \/>\n<meta property=\"og:description\" content=\"Selle matka eesm\u00e4rk on k\u00f5ndida r\u00e4\u00e4tsadega huntide j\u00e4lgedes. Vaadata, kuidas soed k\u00e4ituvad ja r\u00e4\u00e4kida hundijutte. Matk l\u00f5ppeb pimedast, sest siis tekib v\u00f5imalus saada osa Eesti looduse k\u00f5ige v\u00f5imsamast helist - hundikarja ulgumisest.  Jaanuaril l\u00f5pust algab huntidel umbes kuu kestev jooksuaeg. Siis muutuvad soed v\u00e4ga aktiivseks liiguvad palju ja uluvad. Just seep\u00e4rast \u00f6eldi vanasti veebruari kohta hundikuu. Talv ongi ainuke aeg, kus muidu nii saladuslike metsat\u00f6llide tegemistega saab l\u00e4hemalt tutvuda, sest lume pealt on k\u00f5ik h\u00e4sti n\u00e4ha. \u00dcritusel jagame rahvuslooma kohta nii vanarahva tarkusi kui r\u00e4\u00e4gime kaasaegsetest teaduslikest teadmistest ja sekka loodusgiid Bert R\u00e4hni isiklikke kogemusi. L\u00f5petame pimedas, et hea \u00f5nne korral kuulda hundikarja ulgumist.  \u00a0  &nbsp;\" \/>\n<meta property=\"og:url\" content=\"https:\/\/activest.ee\/et\/toode\/raatsamatk-huntide-jalgedes\/\" \/>\n<meta property=\"og:site_name\" content=\"ActivEst\" \/>\n<meta property=\"article:modified_time\" content=\"2024-12-21T03:28:24+00:00\" \/>\n<meta property=\"og:image\" content=\"https:\/\/activest.ee\/wp-content\/uploads\/2024\/12\/Wolf-in-Estonia.jpg\" \/>\n\t<meta property=\"og:image:width\" content=\"1506\" \/>\n\t<meta property=\"og:image:height\" content=\"1004\" \/>\n\t<meta property=\"og:image:type\" content=\"image\/jpeg\" \/>\n<meta name=\"twitter:card\" content=\"summary_large_image\" \/>\n<meta name=\"twitter:label1\" content=\"Est. reading time\" \/>\n\t<meta name=\"twitter:data1\" content=\"4 minutit\" \/>\n<script type=\"application\/ld+json\" class=\"yoast-schema-graph\">{\"@context\":\"https:\/\/schema.org\",\"@graph\":[{\"@type\":\"WebPage\",\"@id\":\"https:\/\/activest.ee\/et\/toode\/raatsamatk-huntide-jalgedes\/\",\"url\":\"https:\/\/activest.ee\/et\/toode\/raatsamatk-huntide-jalgedes\/\",\"name\":\"R\u00e4\u00e4tsamatk huntide j\u00e4lgedes 9.veebruaril 2025 - ActivEst\",\"isPartOf\":{\"@id\":\"https:\/\/activest.ee\/#website\"},\"datePublished\":\"2024-12-19T12:59:30+00:00\",\"dateModified\":\"2024-12-21T03:28:24+00:00\",\"breadcrumb\":{\"@id\":\"https:\/\/activest.ee\/et\/toode\/raatsamatk-huntide-jalgedes\/#breadcrumb\"},\"inLanguage\":\"et\",\"potentialAction\":[{\"@type\":\"ReadAction\",\"target\":[\"https:\/\/activest.ee\/et\/toode\/raatsamatk-huntide-jalgedes\/\"]}]},{\"@type\":\"BreadcrumbList\",\"@id\":\"https:\/\/activest.ee\/et\/toode\/raatsamatk-huntide-jalgedes\/#breadcrumb\",\"itemListElement\":[{\"@type\":\"ListItem\",\"position\":1,\"name\":\"Home\",\"item\":\"https:\/\/www.activest.ee\/et\/\"},{\"@type\":\"ListItem\",\"position\":2,\"name\":\"Shop\",\"item\":\"https:\/\/activest.ee\/et\/shop-2\/\"},{\"@type\":\"ListItem\",\"position\":3,\"name\":\"R\u00e4\u00e4tsamatk huntide j\u00e4lgedes 9.veebruaril 2025\"}]},{\"@type\":\"WebSite\",\"@id\":\"https:\/\/activest.ee\/#website\",\"url\":\"https:\/\/activest.ee\/\",\"name\":\"ActivEst\",\"description\":\"Tuurid, perepuhkus, loodusretked, seiklusretked\",\"potentialAction\":[{\"@type\":\"SearchAction\",\"target\":{\"@type\":\"EntryPoint\",\"urlTemplate\":\"https:\/\/activest.ee\/?s={search_term_string}\"},\"query-input\":\"required name=search_term_string\"}],\"inLanguage\":\"et\"}]}<\/script>\n<!-- \/ Yoast SEO plugin. -->","yoast_head_json":{"title":"R\u00e4\u00e4tsamatk huntide j\u00e4lgedes 9.veebruaril 2025 - ActivEst","robots":{"index":"index","follow":"follow","max-snippet":"max-snippet:-1","max-image-preview":"max-image-preview:large","max-video-preview":"max-video-preview:-1"},"canonical":"https:\/\/activest.ee\/et\/toode\/raatsamatk-huntide-jalgedes\/","og_locale":"et_EE","og_type":"article","og_title":"R\u00e4\u00e4tsamatk huntide j\u00e4lgedes 9.veebruaril 2025 - ActivEst","og_description":"Selle matka eesm\u00e4rk on k\u00f5ndida r\u00e4\u00e4tsadega huntide j\u00e4lgedes. Vaadata, kuidas soed k\u00e4ituvad ja r\u00e4\u00e4kida hundijutte. Matk l\u00f5ppeb pimedast, sest siis tekib v\u00f5imalus saada osa Eesti looduse k\u00f5ige v\u00f5imsamast helist - hundikarja ulgumisest.  Jaanuaril l\u00f5pust algab huntidel umbes kuu kestev jooksuaeg. Siis muutuvad soed v\u00e4ga aktiivseks liiguvad palju ja uluvad. Just seep\u00e4rast \u00f6eldi vanasti veebruari kohta hundikuu. Talv ongi ainuke aeg, kus muidu nii saladuslike metsat\u00f6llide tegemistega saab l\u00e4hemalt tutvuda, sest lume pealt on k\u00f5ik h\u00e4sti n\u00e4ha. \u00dcritusel jagame rahvuslooma kohta nii vanarahva tarkusi kui r\u00e4\u00e4gime kaasaegsetest teaduslikest teadmistest ja sekka loodusgiid Bert R\u00e4hni isiklikke kogemusi. L\u00f5petame pimedas, et hea \u00f5nne korral kuulda hundikarja ulgumist.  \u00a0  &nbsp;","og_url":"https:\/\/activest.ee\/et\/toode\/raatsamatk-huntide-jalgedes\/","og_site_name":"ActivEst","article_modified_time":"2024-12-21T03:28:24+00:00","og_image":[{"width":1506,"height":1004,"url":"https:\/\/activest.ee\/wp-content\/uploads\/2024\/12\/Wolf-in-Estonia.jpg","type":"image\/jpeg"}],"twitter_card":"summary_large_image","twitter_misc":{"Est. reading time":"4 minutit"},"schema":{"@context":"https:\/\/schema.org","@graph":[{"@type":"WebPage","@id":"https:\/\/activest.ee\/et\/toode\/raatsamatk-huntide-jalgedes\/","url":"https:\/\/activest.ee\/et\/toode\/raatsamatk-huntide-jalgedes\/","name":"R\u00e4\u00e4tsamatk huntide j\u00e4lgedes 9.veebruaril 2025 - ActivEst","isPartOf":{"@id":"https:\/\/activest.ee\/#website"},"datePublished":"2024-12-19T12:59:30+00:00","dateModified":"2024-12-21T03:28:24+00:00","breadcrumb":{"@id":"https:\/\/activest.ee\/et\/toode\/raatsamatk-huntide-jalgedes\/#breadcrumb"},"inLanguage":"et","potentialAction":[{"@type":"ReadAction","target":["https:\/\/activest.ee\/et\/toode\/raatsamatk-huntide-jalgedes\/"]}]},{"@type":"BreadcrumbList","@id":"https:\/\/activest.ee\/et\/toode\/raatsamatk-huntide-jalgedes\/#breadcrumb","itemListElement":[{"@type":"ListItem","position":1,"name":"Home","item":"https:\/\/www.activest.ee\/et\/"},{"@type":"ListItem","position":2,"name":"Shop","item":"https:\/\/activest.ee\/et\/shop-2\/"},{"@type":"ListItem","position":3,"name":"R\u00e4\u00e4tsamatk huntide j\u00e4lgedes 9.veebruaril 2025"}]},{"@type":"WebSite","@id":"https:\/\/activest.ee\/#website","url":"https:\/\/activest.ee\/","name":"ActivEst","description":"Tuurid, perepuhkus, loodusretked, seiklusretked","potentialAction":[{"@type":"SearchAction","target":{"@type":"EntryPoint","urlTemplate":"https:\/\/activest.ee\/?s={search_term_string}"},"query-input":"required name=search_term_string"}],"inLanguage":"et"}]}},"_links":{"self":[{"href":"https:\/\/activest.ee\/et\/wp-json\/wp\/v2\/product\/23360","targetHints":{"allow":["GET"]}}],"collection":[{"href":"https:\/\/activest.ee\/et\/wp-json\/wp\/v2\/product"}],"about":[{"href":"https:\/\/activest.ee\/et\/wp-json\/wp\/v2\/types\/product"}],"replies":[{"embeddable":true,"href":"https:\/\/activest.ee\/et\/wp-json\/wp\/v2\/comments?post=23360"}],"wp:featuredmedia":[{"embeddable":true,"href":"https:\/\/activest.ee\/et\/wp-json\/wp\/v2\/media\/23363"}],"wp:attachment":[{"href":"https:\/\/activest.ee\/et\/wp-json\/wp\/v2\/media?parent=23360"}],"wp:term":[{"taxonomy":"product_cat","embeddable":true,"href":"https:\/\/activest.ee\/et\/wp-json\/wp\/v2\/product_cat?post=23360"},{"taxonomy":"product_tag","embeddable":true,"href":"https:\/\/activest.ee\/et\/wp-json\/wp\/v2\/product_tag?post=23360"}],"curies":[{"name":"wp","href":"https:\/\/api.w.org\/{rel}","templated":true}]}}