{"id":22950,"date":"2021-12-26T10:50:26","date_gmt":"2021-12-26T08:50:26","guid":{"rendered":"https:\/\/activest.ee\/?post_type=product&#038;p=22950"},"modified":"2023-03-01T08:31:39","modified_gmt":"2023-03-01T06:31:39","slug":"koolivaheaja-reis-sri-lankale-paradiisirand-vaalad-elevandid-ja-surf","status":"publish","type":"product","link":"https:\/\/activest.ee\/et\/toode\/koolivaheaja-reis-sri-lankale-paradiisirand-vaalad-elevandid-ja-surf\/","title":{"rendered":"Koolivaheaja reis Sri Lankale &#8211; paradiisirand, vaalad, elevandid ja surf"},"content":{"rendered":"<div class=\"fusion-fullwidth fullwidth-box fusion-builder-row-1 nonhundred-percent-fullwidth non-hundred-percent-height-scrolling\" style=\"background-color: rgba(255,255,255,0);background-position: center center;background-repeat: no-repeat;padding-top:0px;padding-right:0px;padding-bottom:0px;padding-left:0px;margin-bottom: 0px;margin-top: 0px;border-width: 0px 0px 0px 0px;border-color:#eae9e9;border-style:solid;\" ><div class=\"fusion-builder-row fusion-row\"><div class=\"fusion-layout-column fusion_builder_column fusion-builder-column-0 fusion_builder_column_1_1 1_1 fusion-one-full fusion-column-first fusion-column-last\" style=\"margin-top:0px;margin-bottom:20px;\"><div class=\"fusion-column-wrapper fusion-flex-column-wrapper-legacy\" style=\"background-position:left top;background-repeat:no-repeat;-webkit-background-size:cover;-moz-background-size:cover;-o-background-size:cover;background-size:cover;padding: 0px 0px 0px 0px;\"><div class=\"fusion-button-wrapper\"><style type=\"text\/css\">.fusion-button.button-1 {border-radius:2px;}<\/style><a class=\"fusion-button button-flat fusion-button-default-size button-default button-1 fusion-button-default-span fusion-button-default-type\" target=\"_self\" href=\"#description\"><span class=\"fusion-button-text\">Reisikirjeldus l\u00fchidalt<\/span><\/a><\/div><div class=\"fusion-button-wrapper\"><style type=\"text\/css\">.fusion-button.button-2 {border-radius:2px;}<\/style><a class=\"fusion-button button-flat fusion-button-default-size button-default button-2 fusion-button-default-span fusion-button-default-type\" target=\"_self\" href=\"#detailed\"><span class=\"fusion-button-text\">T\u00e4pne p\u00e4evakava<\/span><\/a><\/div><div class=\"fusion-button-wrapper\"><style type=\"text\/css\">.fusion-button.button-3 {border-radius:2px;}<\/style><a class=\"fusion-button button-flat fusion-button-default-size button-default button-3 fusion-button-default-span fusion-button-default-type\" target=\"_self\" href=\"#price\"><span class=\"fusion-button-text\">Hind ja kuup\u00e4evad<\/span><\/a><\/div><div class=\"fusion-clearfix\"><\/div><\/div><\/div><div class=\"fusion-layout-column fusion_builder_column fusion-builder-column-1 fusion_builder_column_1_1 1_1 fusion-one-full fusion-column-first fusion-column-last\" style=\"margin-top:0px;margin-bottom:20px;\"><div class=\"fusion-column-wrapper fusion-flex-column-wrapper-legacy\" style=\"background-position:left top;background-repeat:no-repeat;-webkit-background-size:cover;-moz-background-size:cover;-o-background-size:cover;background-size:cover;padding: 0px 0px 0px 0px;\"><div class=\"fusion-text fusion-text-1\" style=\"transform:translate3d(0,0,0);\"><\/div><div class=\"fusion-clearfix\"><\/div><\/div><\/div><div class=\"fusion-layout-column fusion_builder_column fusion-builder-column-2 fusion_builder_column_1_1 1_1 fusion-one-full fusion-column-first fusion-column-last\" style=\"margin-top:0px;margin-bottom:20px;\"><div class=\"fusion-column-wrapper fusion-flex-column-wrapper-legacy\" style=\"background-position:left top;background-repeat:no-repeat;-webkit-background-size:cover;-moz-background-size:cover;-o-background-size:cover;background-size:cover;padding: 0px 0px 0px 0px;\"><div class=\"fusion-menu-anchor\" id=\"description\"><\/div><div class=\"fusion-text fusion-text-2\" style=\"transform:translate3d(0,0,0);\"><h2><strong>Peamine:<\/strong><\/h2>\n<ul>\n<li style=\"font-weight: 400;\" aria-level=\"1\"><span style=\"font-weight: 400;\">Soe ilm, liivarannad ja helesinine India ookean<\/span><\/li>\n<li style=\"font-weight: 400;\" aria-level=\"1\"><span style=\"font-weight: 400;\">Vaala- ja delfiinivaatlus<\/span><\/li>\n<li style=\"font-weight: 400;\" aria-level=\"1\"><span style=\"font-weight: 400;\">Elevandisafari rahvuspargis<\/span><\/li>\n<li aria-level=\"1\">V\u00e4ga hea v\u00f5imalus n\u00e4ha leopardi<\/li>\n<li style=\"font-weight: 400;\" aria-level=\"1\"><span style=\"font-weight: 400;\">Matk troopilises vihmametsas<\/span><\/li>\n<li style=\"font-weight: 400;\" aria-level=\"1\"><span style=\"font-weight: 400;\">Surfikoolitus<\/span><\/li>\n<li style=\"font-weight: 400;\" aria-level=\"1\"><span style=\"font-weight: 400;\">Snorgeldamine merikilpkonnadega<\/span><\/li>\n<li style=\"font-weight: 400;\" aria-level=\"1\"><span style=\"font-weight: 400;\">Pudistlik tempel<\/span><\/li>\n<li style=\"font-weight: 400;\" aria-level=\"1\"><span style=\"font-weight: 400;\">Koloniaalajastu merekindlused<\/span><\/li>\n<li style=\"font-weight: 400;\" aria-level=\"1\"><span style=\"font-weight: 400;\">Teeistanused, kuukivi kaevandus ja kilpkonnade kaitse<\/span><\/li>\n<li style=\"font-weight: 400;\" aria-level=\"1\"><span style=\"font-weight: 400;\">Toidud v\u00e4rsketest mereandidest ja l\u00f5unamaised puuviljad <\/span><\/li>\n<\/ul>\n<p><span style=\"font-weight: 400;\">Reisi programm on koostatud nii, et iga\u00fcks saab ise otsustada, millest osa v\u00f5tta ja millal rahulikult puhata. Sest meie \u201cbaaslaager\u201d on Mirissa linnakese hotell, mis on just sobiv lastega peredele t\u00e4nu oma asukohale ookeani l\u00e4hedal. Kuid ka k\u00f5igist v\u00e4ljas\u00f5itudest osav\u00f5tjatele j\u00e4\u00e4b piisavalt aega lihtsalt puhkamiseks ookeani \u00e4\u00e4res.\u00a0 \u00d5htuks koguneme randa, et nautida \u00f5htus\u00f6\u00f6ki kasv\u00f5i otse jalgupidi ookeanis istudes, lainete kohinat ja l\u00f5unamaist t\u00e4histaevast.\u00a0<\/span><\/p>\n<p><span style=\"font-weight: 400;\">Eraldi vajavad m\u00e4rkimist Sri Lanka s\u00f5bralikud ja naeratavad inimesed, kes ei ole nii pealet\u00fckkivad kui l\u00f5unamaades tavaline. Ja muidugi k\u00f6\u00f6k &#8211; igal \u00f5htul saab rannas tellida toitu v\u00e4rskelt p\u00fc\u00fctud kaladest ja mereandidest ning nautida l\u00f5putult eksootilisi ja tavalisemaid puuvilju. Seep\u00e4rast ongi Sri Lanka t\u00f5lkes \u00f5nne maa v\u00f5i Marco Polo j\u00e4rgi maailm parim saar.<\/span><\/p>\n<\/div><div class=\"fusion-clearfix\"><\/div><\/div><\/div><div class=\"fusion-layout-column fusion_builder_column fusion-builder-column-3 fusion_builder_column_1_1 1_1 fusion-one-full fusion-column-first fusion-column-last\" style=\"margin-top:0px;margin-bottom:20px;\"><div class=\"fusion-column-wrapper fusion-flex-column-wrapper-legacy\" style=\"background-position:left top;background-repeat:no-repeat;-webkit-background-size:cover;-moz-background-size:cover;-o-background-size:cover;background-size:cover;padding: 0px 0px 0px 0px;\"><div class=\"fusion-menu-anchor\" id=\"detailed\"><\/div><div class=\"fusion-text fusion-text-3\" style=\"transform:translate3d(0,0,0);\"><h2>1. p\u00e4ev:\u00a0<strong>23. oktoober &#8211; saabumine Sri Lankale, s\u00f5it saare l\u00f5unarannikule<\/strong><\/h2>\n<p><span style=\"font-weight: 400;\">Saabumine Sri Lankale ja transfeer saare l\u00f5unarannikule Mirissasse, mida loetakse \u00fcheks ilusaimaks rannaks sellel kaunil saarel. Mirissa &#8211; see on troopiline paradiis, kus nautida meeldivat rannapuhkust. Siin ootavad ees pikad liivarannad ja palmisalud, rahulikud lahesopid, mis sobivad ujumiseks ja veer\u00f5\u00f5mude nautimiseks. L\u00e4hedal asuvad ka suurte lainetega surfirannad, kus saab sportlikult aega veeta. Majutus hubases k\u00fclalistemajas, mis on broneeritud meie reisiseltskonnale. Ootame sellele reisile ka teisi lastega peresid, nii on \u00fcheskoos tore saareriiki avastada. K\u00fclalistemaja sobib h\u00e4sti lastega peredele, siin on olemas peretoad suurematele peredele ja ka tavatuppa on <\/span><span style=\"font-weight: 400;\">v\u00f5imalik paigutada lisavoodi. K\u00fclalistemaja juurde kuulub oma hoov, kus lastel on hea koos m\u00e4ngida, joonistada v\u00f5i niisama toimetada. V\u00e4lilehtlas on v\u00f5imalik ise s\u00fc\u00fca teha v\u00f5i turult kaasa ostetud mangosid, ananasse, arbuuse ja muid puuvilju lahti l\u00f5igata. Kohapeal on t\u00e4isvarustuses k\u00f6\u00f6k. Randa on k\u00fclalistemajast 5-minutiline jalutusk\u00e4ik.\u00a0<\/span><\/p>\n<h2>2. p\u00e4ev: <strong>24. oktoober\u00a0 \u2013 vaba p\u00e4ev v\u00f5i surfi algkoolitus<\/strong><\/h2>\n<p>Hommikul teeme v\u00e4ikese jalutusk\u00e4igu \u00fcmbruskonnas ja vaatame \u00fcle, kus asuvad l\u00e4himad poed, s\u00f6\u00f6gikohad, pangaautomaadid ning valuutavahetus. Vaba aeg esimeste rannar\u00f5\u00f5mude nautimiseks ja puhkamiseks. Kui reisiseltskonnas on ka neid, kelle sooviks on panna ennast proovile surfilaual, siis t\u00e4na ootab meid ees esimene algajate surfitund (sobib lastele al 9.eluaastast). Esmalt teeme alg\u00f5ppe rannal liiva peal ning siis l\u00e4heme juba vette koos instruktoritega. Surfikoolitus on lisatasu eest koos instruktori ja laua rendiga.<\/p>\n<p>Hinnas hommikus\u00f6\u00f6k<\/p>\n<h2>3. p\u00e4ev: 25.oktoober &#8211; Salarand<\/h2>\n<p>Me oleme juba hullanud Mirissa liivaranna lainetes, kuid t\u00e4na l\u00e4heme avastama Mirissa salaranda, mis on ilus rahulik lahesopp liiva-kivikliburanna ja oma restoraniga. Salarannas ei ole suuri laineid ja seal saab snorgeldada. Kivide vahel leidub krabisid, v\u00e4ikeseid v\u00e4rvilisi kalakesi ja merisiilikuid, keda lastel on p\u00f5nev uudistada. Kes aga nakatus esimesel p\u00e4eval surfipisikuga, siis need saavad pealel\u00f5unal minna j\u00e4tkutundi, et omandatud oskuseid kinnistada ja s\u00f5idukogemust lihvida. Ka j\u00e4rgmistel p\u00e4evadel j\u00e4\u00e4b aega nii surfi \u00f5ppimiseks kui ka salarnnas ujumiseks.<\/p>\n<p>Hinnas hommikus\u00f6\u00f6k<\/p>\n<h2>4. p\u00e4ev: 26.oktoober &#8211; teeistandus, kuukivi kaevandus, kilpkonna kasvandus, tsunami muuseum ja Galle kindlus<\/h2>\n<p><span style=\"font-weight: 400;\">T\u00e4na teeme ekskursiooni Hikkaduwasse ja Gallesse, kus k\u00fclastame teeistandust ja uurime l\u00e4hemalt, kuidas kasvavad teetaimed ning milline n\u00e4eb v\u00e4lja tee valmistamise protsess. Lisaks sellele k\u00fclastame kilpkonnakasvandust, kus saame teada, mida vabatahtlikud igap\u00e4evaselt teevad, et kilpkonnamunadest pojad kooruksid ja mis toimub enne, kui nad ookeani lastakse. Lisaks peatume tsunami fotomuuseumis ja saame \u00fclevaate loodus\u00f5nnetusest, mis tabas saart 2004.aastal. Peale seda s\u00f5idame kuukivikaevandusse ja tutvume kaevurite t\u00f6\u00f6ga ning samuti Sri Lanka v\u00e4\u00e4riskividega. P\u00e4rastl\u00f5unal k\u00fclastame\u00a0 UNESCO maailmap\u00e4randisse kuuluvat Galle koloniaalajastu kindluslinna. Kohalike poolt juba varem kasutuses olnud sadamasse rajasid esimesena euroopaliku merekindluse portugallased, mille v\u00f5tsid hiljem \u00fcle hollandlased ja l\u00f5puks britid. Jalutame linna m\u00fc\u00fcril, kus avanevad ilusad vaated ookeanile ja imetleme koloniaalarhitektuuri. Kohalik giid r\u00e4\u00e4gib meile koloniaalajast srilankalase pilgu l\u00e4bi.\u00a0<\/span><\/p>\n<p><span style=\"font-weight: 400;\">Hinnas hommikus\u00f6\u00f6k ja p\u00e4evased ekskursioonid<\/span><\/p>\n<h2>5. p\u00e4ev: 29.oktoober &#8211; sinivaalad ja delfiinid<\/h2>\n<p>T\u00e4na on loodushuviliste reisi \u00fcks k\u00f5rghetki &#8211; s\u00f5idame ookeanile et vaadata maailma suurimaid loomi sinivaalasid ja delfiine. Sri Lanka l\u00f5unarannikul l\u00f5ppeb mandrilaam maast umbes 20 km kaugusel ja ookeani p\u00f5hi s\u00f6\u00f6stab s\u00fcgavikku, mis j\u00e4tkub kuni Antarktika rannikuni. Siin ulatub s\u00fcgavuste vahe kilomeetriteni ja sellised kohad on ookeanide elurikkuse oaasid. Rikkalik plankton meelitab ligi mitte ainult sinivaalasid, vaid ka kalu, delfiine, erinevaid linde ja merikilpkonnasid. Sellest peost tahame ka meie osa saada ja seep\u00e4rast alustame p\u00e4evaga vara. Koguneme sadamasse ja suundume laevaga ookeanile. Kuid enne vaaladeni j\u00f5udmist \u00fcletame kaubatee, mis \u00fchendab Kagu-Aasiat P\u00f5hja-Aafrika, Araabia ja Euroopaga. Kvartali suuruste tankerite n\u00e4gemine on omaette elamus ja katkematu laevade rivi annab natukenegi aimu maailmakaubanduse mahust.<\/p>\n<p>Kuna vaalavaatlusele halva ilmaga minna ei saa, siis selle v\u00e4ljas\u00f5idu toimumise kuup\u00e4ev v\u00f5ib muutuda.<\/p>\n<p>L\u00f5una paiku j\u00f5uame tagasi Mirissasse ja peale seda on vaba aeg.<\/p>\n<p>Hinnas hommikus\u00f6\u00f6k<\/p>\n<h2>6. p\u00e4ev: 28.oktoober &#8211; Sinharaja vihmamets<\/h2>\n<p>Soovijatele pakume v\u00e4ljas\u00f5itu Sinharaja vihmametsa, mis on saare viimane \u00fcrgne eluj\u00f5uline troopiline vihmamets. Teeme matka l\u00e4bi vihmametsa, kus giid tutvustab meile lopsakaid troopilisi taimi, puuhiiglasi, kirevaid ja h\u00e4\u00e4lekaid linde, veidraid putukaid ning rohelisi madusid. Paljud neist liikidest on endeemsed, see t\u00e4hendab ainuomased ainult sellele piirkonnale. Laseme endasse troopilise d\u017eungli v\u00e4rvid ja h\u00e4\u00e4led ning matk tipneb ujumisega loodusliku kose all.<\/p>\n<p>Hinnas hommikus\u00f6\u00f6k.<\/p>\n<h2>7. p\u00e4ev: 27.oktoober &#8211; snorgeldamine koos suurte merikilpkonnadega ja Parey Dewa budistlik tempel v\u00f5i vaba p\u00e4ev<\/h2>\n<p><span style=\"font-weight: 400;\">Vaba p\u00e4ev v\u00f5i v\u00e4ljas\u00f5it naaberk\u00fclasse, kus saab snorgeldada koos suurte merikilpkonnadega. Kaasa v\u00f5ivad tulla ka need, kes snorgeldada ei soovi, sest see rand sobib ka niisama puhkamiseks. Snorgeldamisvarustust saab laenutada kohapeal, samuti on v\u00f5imalik seltskonna peale v\u00f5tta snorgeldamise instruktor, <\/span><span style=\"font-weight: 400;\">kes aitab kilpkonni leida. Sinna- ja tagasis\u00f5idu teeme tuk-tuki v\u00f5i liinibussiga. Edasi v\u00f5ime s\u00f5ita l\u00e4himasse keskusesse Matarasse, kus asub kaunis hollandiaegne vanalinn, merekindlus ja Parey Dewa (t\u00f5lkes kalju vees) budistlik tempel.\u00a0<\/span><\/p>\n<p><span style=\"font-weight: 400;\">Hinnas hommikus\u00f6\u00f6k<\/span><\/p>\n<h2>8. p\u00e4ev: 30.oktoober &#8211; elevandisafari Udawalawe rahvuspargis<\/h2>\n<p>Algab kahep\u00e4evane safarituur loodusgurmaanidele. K\u00f5igepealt s\u00f5idame Udawalawe rahvusparki, mis on \u00fcks parimaid paiku maailmas vabas looduses elavate aasia ehk india elevantide n\u00e4gemiseks. Kuid loomulikult elab seal ka teisi loomi: vesip\u00fchvleid, metssigu, \u0161aakaleid, hirvesid, lisaks paabulinnud, kotkad, papagoid ja teised linnud. Udawalavesse s\u00f5idame minibussiga, rahvuspargis aga lahtiste safarid\u017eiipidega. Peale loomavaatlust l\u00e4heme uudistama elevandibeebide toitmist. P\u00e4ev tuleb pikk, kuid elamusterohke.<\/p>\n<p>\u00d6\u00f6bimine rahvuspargi l\u00e4hedal lod\u017eis.<\/p>\n<p>Need, kes safaritele ei tule j\u00e4\u00e4vad Mirissasse ja saavad oma p\u00e4evad ise sisustada.<\/p>\n<p><span style=\"font-weight: 400;\">Hinnas hommikus\u00f6\u00f6k<\/span><\/p>\n<h2>9.p\u00e4ev 31.oktoober &#8211; leopardid Yala rahvuspargis<\/h2>\n<p>Hommikul vara suundume Yala rahvusparki, mis on maailma \u00fcks parimaid paiku leopardide n\u00e4gemiseks. Otsime safarimaasturitega ringi s\u00f5ites ka huulkarusid,\u00a0 kalakasse, makaake, tsiibeteid, krokodille, madusid, varaane, mesilasen\u00e4ppe, sarviknokkasid, j\u00e4\u00e4linde ja teisi p\u00f5nevaid elukaid.<\/p>\n<p>Hinnas hommikus\u00f6\u00f6k<\/p>\n<h2>10.P\u00e4ev vaba hommik, algab kodutee<\/h2>\n<p>Hinnas hommikus\u00f6\u00f6k<\/p>\n<\/div><div class=\"fusion-clearfix\"><\/div><\/div><\/div><div class=\"fusion-layout-column fusion_builder_column fusion-builder-column-4 fusion_builder_column_1_1 1_1 fusion-one-full fusion-column-first fusion-column-last\" style=\"margin-top:0px;margin-bottom:20px;\"><div class=\"fusion-column-wrapper fusion-flex-column-wrapper-legacy\" style=\"background-position:left top;background-repeat:no-repeat;-webkit-background-size:cover;-moz-background-size:cover;-o-background-size:cover;background-size:cover;padding: 0px 0px 0px 0px;\"><div class=\"fusion-menu-anchor\" id=\"price\"><\/div><div class=\"fusion-text fusion-text-4\" style=\"transform:translate3d(0,0,0);\"><h2>Kuup\u00e4ev:<\/h2>\n<p>23.oktoober &#8211; 1.november 2022<\/p>\n<h2>Hind:<\/h2>\n<p>alates 1050 \u20ac majutusega konditsioneeriga toas<\/p>\n<p>*hind kehtib reisija kohta kahekohalises toas<\/p>\n<h2>Hind sisaldab:<\/h2>\n<ul>\n<li>majutus 10 \u00f6\u00f6d k\u00fclalistemajas koos hommikus\u00f6\u00f6kidega<\/li>\n<li>lennujaamatransfeer nii saabumisel kui lahkumisel<\/li>\n<li>kohapeal eestikeelne teenindus ja eestikeelsed v\u00e4ljas\u00f5idud vastavalt programmile<\/li>\n<\/ul>\n<h2>Lisatasu eest (soovijatele):<\/h2>\n<ul>\n<li>vaalavaatlus alates 35 \u20ac (6000 ruupiat)<\/li>\n<li>surfi alg\u00f5pe, alates 15 \u20ac kord<\/li>\n<li>loomavaatlussafari Udawalawe rahvuspargis alates 75 \u20ac, kuni 12.a. laps 60 \u20ac<\/li>\n<li>ekskursioon Sinharaja vihmametsa alates 45 \u20ac<\/li>\n<li>snorgeldamine merikilpkonnadega<\/li>\n<\/ul>\n<h2>Hinnas ei sisaldu:<\/h2>\n<ul>\n<li>l\u00f5una- ja \u00f5htus\u00f6\u00f6gid<\/li>\n<li>Sri Lanka viisa (elektrooniline kahekordse sisenemisega viisa al 35 USD reisija, alla 12-aastastele lastele on tasuta)<\/li>\n<li>tervise- ja reisikindlustus<\/li>\n<li>muud kohapealsed kulud<\/li>\n<\/ul>\n<pre><\/pre>\n<\/div><div class=\"fusion-clearfix\"><\/div><\/div><\/div><\/div><\/div>\n","protected":false},"excerpt":{"rendered":"<p><span style=\"font-weight: 400;\">Sri Lanka perereis pakub elamusi igale maitsele. Puhkajaid ootavad ees soe ilm ja p\u00e4ikeselised liivarannad helesinise India ookeani \u00e4\u00e4res. Seiklushimulised saavad m\u00f6llata surfilainetes ja snorgeldada koos hiigelsuurte merikilpkonnadega. Looduses\u00f5pradele korraldame safari Udawalawe ja Yala rahvusparkides, mida peetakse maailma parimateks kohtadeks metsikute aasia elevantide ning leopardide n\u00e4gemiseks. Matkame t\u00f5elises vihmametsas ja s\u00f5idame laevaga ookeanile, et n\u00e4ha maailma suurimaid loomi &#8211; sinivaalasid! Kultuurihuvilistele on ekskursioon budistlikku templisse ja tutvumine Sri Lanka \u00e4\u00e4rmiselt p\u00f5neva koloniaalp\u00e4randiga\u00a0 Galle kindluses. Sri Lanka vana nimi oli Ceylon ja otse\u00a0 loomulikult k\u00fclastame ka teeistandust.\u00a0<\/span><\/p>\n","protected":false},"featured_media":23092,"comment_status":"open","ping_status":"closed","template":"","meta":[],"product_cat":[544,509,537,510],"product_tag":[],"class_list":["post-22950","product","type-product","status-publish","has-post-thumbnail","hentry","product_cat-valisreisid","product_cat-eesti","product_cat-loodusvaatlus","product_cat-peredele"],"yoast_head":"<!-- This site is optimized with the Yoast SEO plugin v21.8 - https:\/\/yoast.com\/wordpress\/plugins\/seo\/ -->\n<title>Koolivaheaja reis Sri Lankale - paradiisirand, vaalad, elevandid ja surf - ActivEst<\/title>\n<meta name=\"robots\" content=\"index, follow, max-snippet:-1, max-image-preview:large, max-video-preview:-1\" \/>\n<link rel=\"canonical\" href=\"https:\/\/activest.ee\/et\/toode\/koolivaheaja-reis-sri-lankale-paradiisirand-vaalad-elevandid-ja-surf\/\" \/>\n<meta property=\"og:locale\" content=\"et_EE\" \/>\n<meta property=\"og:type\" content=\"article\" \/>\n<meta property=\"og:title\" content=\"Koolivaheaja reis Sri Lankale - paradiisirand, vaalad, elevandid ja surf - ActivEst\" \/>\n<meta property=\"og:description\" content=\"Sri Lanka perereis pakub elamusi igale maitsele. Puhkajaid ootavad ees soe ilm ja p\u00e4ikeselised liivarannad helesinise India ookeani \u00e4\u00e4res. Seiklushimulised saavad m\u00f6llata surfilainetes ja snorgeldada koos hiigelsuurte merikilpkonnadega. Looduses\u00f5pradele korraldame safari Udawalawe ja Yala rahvusparkides, mida peetakse maailma parimateks kohtadeks metsikute aasia elevantide ning leopardide n\u00e4gemiseks. Matkame t\u00f5elises vihmametsas ja s\u00f5idame laevaga ookeanile, et n\u00e4ha maailma suurimaid loomi - sinivaalasid! Kultuurihuvilistele on ekskursioon budistlikku templisse ja tutvumine Sri Lanka \u00e4\u00e4rmiselt p\u00f5neva koloniaalp\u00e4randiga\u00a0 Galle kindluses. Sri Lanka vana nimi oli Ceylon ja otse\u00a0 loomulikult k\u00fclastame ka teeistandust.\u00a0\" \/>\n<meta property=\"og:url\" content=\"https:\/\/activest.ee\/et\/toode\/koolivaheaja-reis-sri-lankale-paradiisirand-vaalad-elevandid-ja-surf\/\" \/>\n<meta property=\"og:site_name\" content=\"ActivEst\" \/>\n<meta property=\"article:modified_time\" content=\"2023-03-01T06:31:39+00:00\" \/>\n<meta property=\"og:image\" content=\"https:\/\/activest.ee\/wp-content\/uploads\/2021\/12\/Koolivaheaja-reis-Sri-Lankasse-India-ookeani-liivarannad-soe-vesi-ja-lained..jpg\" \/>\n\t<meta property=\"og:image:width\" content=\"1280\" \/>\n\t<meta property=\"og:image:height\" content=\"960\" \/>\n\t<meta property=\"og:image:type\" content=\"image\/jpeg\" \/>\n<meta name=\"twitter:card\" content=\"summary_large_image\" \/>\n<meta name=\"twitter:label1\" content=\"Est. reading time\" \/>\n\t<meta name=\"twitter:data1\" content=\"14 minutit\" \/>\n<script type=\"application\/ld+json\" class=\"yoast-schema-graph\">{\"@context\":\"https:\/\/schema.org\",\"@graph\":[{\"@type\":\"WebPage\",\"@id\":\"https:\/\/activest.ee\/et\/toode\/koolivaheaja-reis-sri-lankale-paradiisirand-vaalad-elevandid-ja-surf\/\",\"url\":\"https:\/\/activest.ee\/et\/toode\/koolivaheaja-reis-sri-lankale-paradiisirand-vaalad-elevandid-ja-surf\/\",\"name\":\"Koolivaheaja reis Sri Lankale - paradiisirand, vaalad, elevandid ja surf - ActivEst\",\"isPartOf\":{\"@id\":\"https:\/\/activest.ee\/#website\"},\"datePublished\":\"2021-12-26T08:50:26+00:00\",\"dateModified\":\"2023-03-01T06:31:39+00:00\",\"breadcrumb\":{\"@id\":\"https:\/\/activest.ee\/et\/toode\/koolivaheaja-reis-sri-lankale-paradiisirand-vaalad-elevandid-ja-surf\/#breadcrumb\"},\"inLanguage\":\"et\",\"potentialAction\":[{\"@type\":\"ReadAction\",\"target\":[\"https:\/\/activest.ee\/et\/toode\/koolivaheaja-reis-sri-lankale-paradiisirand-vaalad-elevandid-ja-surf\/\"]}]},{\"@type\":\"BreadcrumbList\",\"@id\":\"https:\/\/activest.ee\/et\/toode\/koolivaheaja-reis-sri-lankale-paradiisirand-vaalad-elevandid-ja-surf\/#breadcrumb\",\"itemListElement\":[{\"@type\":\"ListItem\",\"position\":1,\"name\":\"Home\",\"item\":\"https:\/\/www.activest.ee\/et\/\"},{\"@type\":\"ListItem\",\"position\":2,\"name\":\"Shop\",\"item\":\"https:\/\/activest.ee\/et\/shop-2\/\"},{\"@type\":\"ListItem\",\"position\":3,\"name\":\"Koolivaheaja reis Sri Lankale &#8211; paradiisirand, vaalad, elevandid ja surf\"}]},{\"@type\":\"WebSite\",\"@id\":\"https:\/\/activest.ee\/#website\",\"url\":\"https:\/\/activest.ee\/\",\"name\":\"ActivEst\",\"description\":\"Tuurid, perepuhkus, loodusretked, seiklusretked\",\"potentialAction\":[{\"@type\":\"SearchAction\",\"target\":{\"@type\":\"EntryPoint\",\"urlTemplate\":\"https:\/\/activest.ee\/?s={search_term_string}\"},\"query-input\":\"required name=search_term_string\"}],\"inLanguage\":\"et\"}]}<\/script>\n<!-- \/ Yoast SEO plugin. -->","yoast_head_json":{"title":"Koolivaheaja reis Sri Lankale - paradiisirand, vaalad, elevandid ja surf - ActivEst","robots":{"index":"index","follow":"follow","max-snippet":"max-snippet:-1","max-image-preview":"max-image-preview:large","max-video-preview":"max-video-preview:-1"},"canonical":"https:\/\/activest.ee\/et\/toode\/koolivaheaja-reis-sri-lankale-paradiisirand-vaalad-elevandid-ja-surf\/","og_locale":"et_EE","og_type":"article","og_title":"Koolivaheaja reis Sri Lankale - paradiisirand, vaalad, elevandid ja surf - ActivEst","og_description":"Sri Lanka perereis pakub elamusi igale maitsele. Puhkajaid ootavad ees soe ilm ja p\u00e4ikeselised liivarannad helesinise India ookeani \u00e4\u00e4res. Seiklushimulised saavad m\u00f6llata surfilainetes ja snorgeldada koos hiigelsuurte merikilpkonnadega. Looduses\u00f5pradele korraldame safari Udawalawe ja Yala rahvusparkides, mida peetakse maailma parimateks kohtadeks metsikute aasia elevantide ning leopardide n\u00e4gemiseks. Matkame t\u00f5elises vihmametsas ja s\u00f5idame laevaga ookeanile, et n\u00e4ha maailma suurimaid loomi - sinivaalasid! Kultuurihuvilistele on ekskursioon budistlikku templisse ja tutvumine Sri Lanka \u00e4\u00e4rmiselt p\u00f5neva koloniaalp\u00e4randiga\u00a0 Galle kindluses. Sri Lanka vana nimi oli Ceylon ja otse\u00a0 loomulikult k\u00fclastame ka teeistandust.\u00a0","og_url":"https:\/\/activest.ee\/et\/toode\/koolivaheaja-reis-sri-lankale-paradiisirand-vaalad-elevandid-ja-surf\/","og_site_name":"ActivEst","article_modified_time":"2023-03-01T06:31:39+00:00","og_image":[{"width":1280,"height":960,"url":"https:\/\/activest.ee\/wp-content\/uploads\/2021\/12\/Koolivaheaja-reis-Sri-Lankasse-India-ookeani-liivarannad-soe-vesi-ja-lained..jpg","type":"image\/jpeg"}],"twitter_card":"summary_large_image","twitter_misc":{"Est. reading time":"14 minutit"},"schema":{"@context":"https:\/\/schema.org","@graph":[{"@type":"WebPage","@id":"https:\/\/activest.ee\/et\/toode\/koolivaheaja-reis-sri-lankale-paradiisirand-vaalad-elevandid-ja-surf\/","url":"https:\/\/activest.ee\/et\/toode\/koolivaheaja-reis-sri-lankale-paradiisirand-vaalad-elevandid-ja-surf\/","name":"Koolivaheaja reis Sri Lankale - paradiisirand, vaalad, elevandid ja surf - ActivEst","isPartOf":{"@id":"https:\/\/activest.ee\/#website"},"datePublished":"2021-12-26T08:50:26+00:00","dateModified":"2023-03-01T06:31:39+00:00","breadcrumb":{"@id":"https:\/\/activest.ee\/et\/toode\/koolivaheaja-reis-sri-lankale-paradiisirand-vaalad-elevandid-ja-surf\/#breadcrumb"},"inLanguage":"et","potentialAction":[{"@type":"ReadAction","target":["https:\/\/activest.ee\/et\/toode\/koolivaheaja-reis-sri-lankale-paradiisirand-vaalad-elevandid-ja-surf\/"]}]},{"@type":"BreadcrumbList","@id":"https:\/\/activest.ee\/et\/toode\/koolivaheaja-reis-sri-lankale-paradiisirand-vaalad-elevandid-ja-surf\/#breadcrumb","itemListElement":[{"@type":"ListItem","position":1,"name":"Home","item":"https:\/\/www.activest.ee\/et\/"},{"@type":"ListItem","position":2,"name":"Shop","item":"https:\/\/activest.ee\/et\/shop-2\/"},{"@type":"ListItem","position":3,"name":"Koolivaheaja reis Sri Lankale &#8211; paradiisirand, vaalad, elevandid ja surf"}]},{"@type":"WebSite","@id":"https:\/\/activest.ee\/#website","url":"https:\/\/activest.ee\/","name":"ActivEst","description":"Tuurid, perepuhkus, loodusretked, seiklusretked","potentialAction":[{"@type":"SearchAction","target":{"@type":"EntryPoint","urlTemplate":"https:\/\/activest.ee\/?s={search_term_string}"},"query-input":"required name=search_term_string"}],"inLanguage":"et"}]}},"_links":{"self":[{"href":"https:\/\/activest.ee\/et\/wp-json\/wp\/v2\/product\/22950","targetHints":{"allow":["GET"]}}],"collection":[{"href":"https:\/\/activest.ee\/et\/wp-json\/wp\/v2\/product"}],"about":[{"href":"https:\/\/activest.ee\/et\/wp-json\/wp\/v2\/types\/product"}],"replies":[{"embeddable":true,"href":"https:\/\/activest.ee\/et\/wp-json\/wp\/v2\/comments?post=22950"}],"wp:featuredmedia":[{"embeddable":true,"href":"https:\/\/activest.ee\/et\/wp-json\/wp\/v2\/media\/23092"}],"wp:attachment":[{"href":"https:\/\/activest.ee\/et\/wp-json\/wp\/v2\/media?parent=22950"}],"wp:term":[{"taxonomy":"product_cat","embeddable":true,"href":"https:\/\/activest.ee\/et\/wp-json\/wp\/v2\/product_cat?post=22950"},{"taxonomy":"product_tag","embeddable":true,"href":"https:\/\/activest.ee\/et\/wp-json\/wp\/v2\/product_tag?post=22950"}],"curies":[{"name":"wp","href":"https:\/\/api.w.org\/{rel}","templated":true}]}}