{"id":22931,"date":"2021-12-10T06:23:06","date_gmt":"2021-12-10T04:23:06","guid":{"rendered":"https:\/\/activest.ee\/?post_type=product&#038;p=22931"},"modified":"2024-02-06T12:07:19","modified_gmt":"2024-02-06T10:07:19","slug":"kicksleding-im-lahemaa-nationalpark-2-3-stunden","status":"publish","type":"product","link":"https:\/\/activest.ee\/et\/toode\/kicksleding-im-lahemaa-nationalpark-2-3-stunden\/","title":{"rendered":"Kicksleding im Lahemaa Nationalpark"},"content":{"rendered":"<div class=\"fusion-fullwidth fullwidth-box fusion-builder-row-1 nonhundred-percent-fullwidth non-hundred-percent-height-scrolling\" style=\"background-color: rgba(255,255,255,0);background-position: center center;background-repeat: no-repeat;padding-top:0px;padding-right:0px;padding-bottom:0px;padding-left:0px;margin-bottom: 0px;margin-top: 0px;border-width: 0px 0px 0px 0px;border-color:#eae9e9;border-style:solid;\" ><div class=\"fusion-builder-row fusion-row\"><div class=\"fusion-layout-column fusion_builder_column fusion-builder-column-0 fusion_builder_column_1_1 1_1 fusion-one-full fusion-column-first fusion-column-last\" style=\"margin-top:0px;margin-bottom:20px;\"><div class=\"fusion-column-wrapper fusion-flex-column-wrapper-legacy\" style=\"background-position:left top;background-repeat:no-repeat;-webkit-background-size:cover;-moz-background-size:cover;-o-background-size:cover;background-size:cover;padding: 0px 0px 0px 0px;\"><div class=\"fusion-button-wrapper\"><style type=\"text\/css\">.fusion-button.button-1 {border-radius:2px;}<\/style><a class=\"fusion-button button-flat fusion-button-default-size button-default button-1 fusion-button-default-span fusion-button-default-type\" target=\"_self\" href=\"#description\"><span class=\"fusion-button-text\">Beschreibung<\/span><\/a><\/div><div class=\"fusion-button-wrapper\"><style type=\"text\/css\">.fusion-button.button-2 {border-radius:2px;}<\/style><a class=\"fusion-button button-flat fusion-button-default-size button-default button-2 fusion-button-default-span fusion-button-default-type\" target=\"_self\" href=\"#price\"><span class=\"fusion-button-text\">Preise und Termine<\/span><\/a><\/div><div class=\"fusion-clearfix\"><\/div><\/div><\/div><div class=\"fusion-layout-column fusion_builder_column fusion-builder-column-1 fusion_builder_column_1_1 1_1 fusion-one-full fusion-column-first fusion-column-last\" style=\"margin-top:0px;margin-bottom:20px;\"><div class=\"fusion-column-wrapper fusion-flex-column-wrapper-legacy\" style=\"background-position:left top;background-repeat:no-repeat;-webkit-background-size:cover;-moz-background-size:cover;-o-background-size:cover;background-size:cover;padding: 0px 0px 0px 0px;\"><div class=\"fusion-menu-anchor\" id=\"description\"><\/div><div class=\"fusion-text fusion-text-1\" style=\"transform:translate3d(0,0,0);\"><p>Mit Schnee macht rodeln echt viele Spass. Wer Lust hat suchts sich eine eine passende Route und startet los.<\/p>\n<\/div><div class=\"fusion-clearfix\"><\/div><\/div><\/div><div class=\"fusion-layout-column fusion_builder_column fusion-builder-column-2 fusion_builder_column_1_1 1_1 fusion-one-full fusion-column-first fusion-column-last\" style=\"margin-top:0px;margin-bottom:20px;\"><div class=\"fusion-column-wrapper fusion-flex-column-wrapper-legacy\" style=\"background-position:left top;background-repeat:no-repeat;-webkit-background-size:cover;-moz-background-size:cover;-o-background-size:cover;background-size:cover;padding: 0px 0px 0px 0px;\"><div class=\"fusion-clearfix\"><\/div><\/div><\/div><div class=\"fusion-layout-column fusion_builder_column fusion-builder-column-3 fusion_builder_column_1_1 1_1 fusion-one-full fusion-column-first fusion-column-last\" style=\"margin-top:0px;margin-bottom:20px;\"><div class=\"fusion-column-wrapper fusion-flex-column-wrapper-legacy\" style=\"background-position:left top;background-repeat:no-repeat;-webkit-background-size:cover;-moz-background-size:cover;-o-background-size:cover;background-size:cover;padding: 0px 0px 0px 0px;\"><div class=\"fusion-menu-anchor\" id=\"price\"><\/div><div class=\"fusion-text fusion-text-2\" style=\"transform:translate3d(0,0,0);\"><h4>Saison:<\/h4>\n<p>T\u00e4glich im Winter.<\/p>\n<h4><strong>Preise:<\/strong><\/h4>\n<ul>\n<li>Mit 1 Person 320\u20ac<\/li>\n<li>Mit 2-3 Personen 170\u20ac pro Person<\/li>\n<li>Mit 4-5 Personen 95\u20ac pro Person<\/li>\n<li>Ab 6 Personen 85\u20ac pro Person<\/li>\n<li>F\u00fcr Kinder und Gruppen Erm\u00e4\u00dfigungen<\/li>\n<\/ul>\n<p><strong>Leistungen<\/strong><\/p>\n<ul>\n<li>Transport von und bis Tallinn<\/li>\n<li>Wanderf\u00fchrer<\/li>\n<li>Leihgeb\u00fchr f\u00fcr Kicksledings<\/li>\n<\/ul>\n<\/div><div class=\"fusion-clearfix\"><\/div><\/div><\/div><\/div><\/div>\n","protected":false},"excerpt":{"rendered":"<p>Kicksled oder Stuhlschlitten oder Tretschlitten ist ein in Nordeuropa verbreitetes Fortbewegungs- und Sportger\u00e4t. Er ist auf Eis und Schnee einsetzbar und dient im Winter oftmals als Fahrradersatz. Also ideal f\u00fcr eine Abenteuer zu Winterlandschaften.<\/p>\n","protected":false},"featured_media":21789,"comment_status":"open","ping_status":"closed","template":"","meta":[],"product_cat":[476,472,458,460,449,470],"product_tag":[],"class_list":["post-22931","product","type-product","status-publish","has-post-thumbnail","hentry","product_cat-baltikum","product_cat-estland","product_cat-familienreisen","product_cat-reisen","product_cat-braun-baer-touren","product_cat-winter"],"yoast_head":"<!-- This site is optimized with the Yoast SEO plugin v21.8 - https:\/\/yoast.com\/wordpress\/plugins\/seo\/ -->\n<title>Kicksleding im Lahemaa Nationalpark - ActivEst<\/title>\n<meta name=\"robots\" content=\"index, follow, max-snippet:-1, max-image-preview:large, max-video-preview:-1\" \/>\n<link rel=\"canonical\" href=\"https:\/\/activest.ee\/toode\/kicksleding-im-lahemaa-nationalpark-2-3-stunden\/\" \/>\n<meta property=\"og:locale\" content=\"et_EE\" \/>\n<meta property=\"og:type\" content=\"article\" \/>\n<meta property=\"og:title\" content=\"Kicksleding im Lahemaa Nationalpark - ActivEst\" \/>\n<meta property=\"og:description\" content=\"Kicksled oder Stuhlschlitten oder Tretschlitten ist ein in Nordeuropa verbreitetes Fortbewegungs- und Sportger\u00e4t. Er ist auf Eis und Schnee einsetzbar und dient im Winter oftmals als Fahrradersatz. Also ideal f\u00fcr eine Abenteuer zu Winterlandschaften.\" \/>\n<meta property=\"og:url\" content=\"https:\/\/activest.ee\/toode\/kicksleding-im-lahemaa-nationalpark-2-3-stunden\/\" \/>\n<meta property=\"og:site_name\" content=\"ActivEst\" \/>\n<meta property=\"article:modified_time\" content=\"2024-02-06T10:07:19+00:00\" \/>\n<meta property=\"og:image\" content=\"https:\/\/activest.ee\/wp-content\/uploads\/2020\/01\/DSCN3819.jpg\" \/>\n\t<meta property=\"og:image:width\" content=\"1024\" \/>\n\t<meta property=\"og:image:height\" content=\"768\" \/>\n\t<meta property=\"og:image:type\" content=\"image\/jpeg\" \/>\n<meta name=\"twitter:card\" content=\"summary_large_image\" \/>\n<meta name=\"twitter:label1\" content=\"Est. reading time\" \/>\n\t<meta name=\"twitter:data1\" content=\"3 minutit\" \/>\n<script type=\"application\/ld+json\" class=\"yoast-schema-graph\">{\"@context\":\"https:\/\/schema.org\",\"@graph\":[{\"@type\":\"WebPage\",\"@id\":\"https:\/\/activest.ee\/toode\/kicksleding-im-lahemaa-nationalpark-2-3-stunden\/\",\"url\":\"https:\/\/activest.ee\/toode\/kicksleding-im-lahemaa-nationalpark-2-3-stunden\/\",\"name\":\"Kicksleding im Lahemaa Nationalpark - ActivEst\",\"isPartOf\":{\"@id\":\"https:\/\/www.activest.ee\/en\/#website\"},\"datePublished\":\"2021-12-10T04:23:06+00:00\",\"dateModified\":\"2024-02-06T10:07:19+00:00\",\"breadcrumb\":{\"@id\":\"https:\/\/activest.ee\/toode\/kicksleding-im-lahemaa-nationalpark-2-3-stunden\/#breadcrumb\"},\"inLanguage\":\"et\",\"potentialAction\":[{\"@type\":\"ReadAction\",\"target\":[\"https:\/\/activest.ee\/toode\/kicksleding-im-lahemaa-nationalpark-2-3-stunden\/\"]}]},{\"@type\":\"BreadcrumbList\",\"@id\":\"https:\/\/activest.ee\/toode\/kicksleding-im-lahemaa-nationalpark-2-3-stunden\/#breadcrumb\",\"itemListElement\":[{\"@type\":\"ListItem\",\"position\":1,\"name\":\"Home\",\"item\":\"https:\/\/www.activest.ee\/et\/\"},{\"@type\":\"ListItem\",\"position\":2,\"name\":\"Shop\",\"item\":\"https:\/\/www.activest.ee\/et\/shop-2\/\"},{\"@type\":\"ListItem\",\"position\":3,\"name\":\"Kicksleding im Lahemaa Nationalpark\"}]},{\"@type\":\"WebSite\",\"@id\":\"https:\/\/www.activest.ee\/en\/#website\",\"url\":\"https:\/\/www.activest.ee\/en\/\",\"name\":\"ActivEst\",\"description\":\"Tuurid, perepuhkus, loodusretked, seiklusretked\",\"potentialAction\":[{\"@type\":\"SearchAction\",\"target\":{\"@type\":\"EntryPoint\",\"urlTemplate\":\"https:\/\/www.activest.ee\/en\/?s={search_term_string}\"},\"query-input\":\"required name=search_term_string\"}],\"inLanguage\":\"et\"}]}<\/script>\n<!-- \/ Yoast SEO plugin. -->","yoast_head_json":{"title":"Kicksleding im Lahemaa Nationalpark - ActivEst","robots":{"index":"index","follow":"follow","max-snippet":"max-snippet:-1","max-image-preview":"max-image-preview:large","max-video-preview":"max-video-preview:-1"},"canonical":"https:\/\/activest.ee\/toode\/kicksleding-im-lahemaa-nationalpark-2-3-stunden\/","og_locale":"et_EE","og_type":"article","og_title":"Kicksleding im Lahemaa Nationalpark - ActivEst","og_description":"Kicksled oder Stuhlschlitten oder Tretschlitten ist ein in Nordeuropa verbreitetes Fortbewegungs- und Sportger\u00e4t. Er ist auf Eis und Schnee einsetzbar und dient im Winter oftmals als Fahrradersatz. Also ideal f\u00fcr eine Abenteuer zu Winterlandschaften.","og_url":"https:\/\/activest.ee\/toode\/kicksleding-im-lahemaa-nationalpark-2-3-stunden\/","og_site_name":"ActivEst","article_modified_time":"2024-02-06T10:07:19+00:00","og_image":[{"width":1024,"height":768,"url":"https:\/\/activest.ee\/wp-content\/uploads\/2020\/01\/DSCN3819.jpg","type":"image\/jpeg"}],"twitter_card":"summary_large_image","twitter_misc":{"Est. reading time":"3 minutit"},"schema":{"@context":"https:\/\/schema.org","@graph":[{"@type":"WebPage","@id":"https:\/\/activest.ee\/toode\/kicksleding-im-lahemaa-nationalpark-2-3-stunden\/","url":"https:\/\/activest.ee\/toode\/kicksleding-im-lahemaa-nationalpark-2-3-stunden\/","name":"Kicksleding im Lahemaa Nationalpark - ActivEst","isPartOf":{"@id":"https:\/\/www.activest.ee\/en\/#website"},"datePublished":"2021-12-10T04:23:06+00:00","dateModified":"2024-02-06T10:07:19+00:00","breadcrumb":{"@id":"https:\/\/activest.ee\/toode\/kicksleding-im-lahemaa-nationalpark-2-3-stunden\/#breadcrumb"},"inLanguage":"et","potentialAction":[{"@type":"ReadAction","target":["https:\/\/activest.ee\/toode\/kicksleding-im-lahemaa-nationalpark-2-3-stunden\/"]}]},{"@type":"BreadcrumbList","@id":"https:\/\/activest.ee\/toode\/kicksleding-im-lahemaa-nationalpark-2-3-stunden\/#breadcrumb","itemListElement":[{"@type":"ListItem","position":1,"name":"Home","item":"https:\/\/www.activest.ee\/et\/"},{"@type":"ListItem","position":2,"name":"Shop","item":"https:\/\/www.activest.ee\/et\/shop-2\/"},{"@type":"ListItem","position":3,"name":"Kicksleding im Lahemaa Nationalpark"}]},{"@type":"WebSite","@id":"https:\/\/www.activest.ee\/en\/#website","url":"https:\/\/www.activest.ee\/en\/","name":"ActivEst","description":"Tuurid, perepuhkus, loodusretked, seiklusretked","potentialAction":[{"@type":"SearchAction","target":{"@type":"EntryPoint","urlTemplate":"https:\/\/www.activest.ee\/en\/?s={search_term_string}"},"query-input":"required name=search_term_string"}],"inLanguage":"et"}]}},"_links":{"self":[{"href":"https:\/\/activest.ee\/et\/wp-json\/wp\/v2\/product\/22931","targetHints":{"allow":["GET"]}}],"collection":[{"href":"https:\/\/activest.ee\/et\/wp-json\/wp\/v2\/product"}],"about":[{"href":"https:\/\/activest.ee\/et\/wp-json\/wp\/v2\/types\/product"}],"replies":[{"embeddable":true,"href":"https:\/\/activest.ee\/et\/wp-json\/wp\/v2\/comments?post=22931"}],"wp:featuredmedia":[{"embeddable":true,"href":"https:\/\/activest.ee\/et\/wp-json\/wp\/v2\/media\/21789"}],"wp:attachment":[{"href":"https:\/\/activest.ee\/et\/wp-json\/wp\/v2\/media?parent=22931"}],"wp:term":[{"taxonomy":"product_cat","embeddable":true,"href":"https:\/\/activest.ee\/et\/wp-json\/wp\/v2\/product_cat?post=22931"},{"taxonomy":"product_tag","embeddable":true,"href":"https:\/\/activest.ee\/et\/wp-json\/wp\/v2\/product_tag?post=22931"}],"curies":[{"name":"wp","href":"https:\/\/api.w.org\/{rel}","templated":true}]}}