{"id":22913,"date":"2021-11-30T06:37:39","date_gmt":"2021-11-30T04:37:39","guid":{"rendered":"https:\/\/activest.ee\/?post_type=product&#038;p=22913"},"modified":"2021-12-01T11:24:21","modified_gmt":"2021-12-01T09:24:21","slug":"joulupidu-looduses","status":"publish","type":"product","link":"https:\/\/activest.ee\/et\/toode\/joulupidu-looduses\/","title":{"rendered":"J\u00f5ulupidu looduses"},"content":{"rendered":"<div class=\"fusion-fullwidth fullwidth-box fusion-builder-row-1 nonhundred-percent-fullwidth non-hundred-percent-height-scrolling\" style=\"background-color: rgba(255,255,255,0);background-position: center center;background-repeat: no-repeat;padding-top:0px;padding-right:0px;padding-bottom:0px;padding-left:0px;margin-bottom: 0px;margin-top: 0px;border-width: 0px 0px 0px 0px;border-color:#eae9e9;border-style:solid;\" ><div class=\"fusion-builder-row fusion-row\"><div class=\"fusion-layout-column fusion_builder_column fusion-builder-column-0 fusion_builder_column_1_1 1_1 fusion-one-full fusion-column-first fusion-column-last\" style=\"margin-top:0px;margin-bottom:20px;\"><div class=\"fusion-column-wrapper fusion-flex-column-wrapper-legacy\" style=\"background-position:left top;background-repeat:no-repeat;-webkit-background-size:cover;-moz-background-size:cover;-o-background-size:cover;background-size:cover;padding: 0px 0px 0px 0px;\"><div class=\"fusion-button-wrapper\"><style type=\"text\/css\">.fusion-button.button-1 {border-radius:2px;}<\/style><a class=\"fusion-button button-flat fusion-button-default-size button-default button-1 fusion-button-default-span fusion-button-default-type\" target=\"_self\" href=\"#description\"><span class=\"fusion-button-text\">Tuuri kirjeldus<\/span><\/a><\/div><div class=\"fusion-button-wrapper\"><style type=\"text\/css\">.fusion-button.button-2 {border-radius:2px;}<\/style><a class=\"fusion-button button-flat fusion-button-default-size button-default button-2 fusion-button-default-span fusion-button-default-type\" target=\"_self\" href=\"#price\"><span class=\"fusion-button-text\">Hinnad ja kuup\u00e4evad<\/span><\/a><\/div><div class=\"fusion-clearfix\"><\/div><\/div><\/div><div class=\"fusion-layout-column fusion_builder_column fusion-builder-column-1 fusion_builder_column_1_1 1_1 fusion-one-full fusion-column-first fusion-column-last\" style=\"margin-top:0px;margin-bottom:20px;\"><div class=\"fusion-column-wrapper fusion-flex-column-wrapper-legacy\" style=\"background-position:left top;background-repeat:no-repeat;-webkit-background-size:cover;-moz-background-size:cover;-o-background-size:cover;background-size:cover;padding: 0px 0px 0px 0px;\"><div class=\"fusion-menu-anchor\" id=\"description\"><\/div><div class=\"fusion-text fusion-text-1\" style=\"transform:translate3d(0,0,0);\"><p>Teeme jalutusk\u00e4igu j\u00f5uluaegses rabas v\u00f5i metsas. S\u00f6\u00f6me kuuma suppi, k\u00fcpsetame l\u00f5kke peal verivorste, mekime j\u00f5hvikakooki ja joome j\u00f5ulugl\u00f6gi.<\/p>\n<\/div><div class=\"fusion-menu-anchor\" id=\"tapsemalt\"><\/div><div class=\"fusion-clearfix\"><\/div><\/div><\/div><div class=\"fusion-layout-column fusion_builder_column fusion-builder-column-2 fusion_builder_column_1_1 1_1 fusion-one-full fusion-column-first fusion-column-last\" style=\"margin-top:0px;margin-bottom:20px;\"><div class=\"fusion-column-wrapper fusion-flex-column-wrapper-legacy\" style=\"background-position:left top;background-repeat:no-repeat;-webkit-background-size:cover;-moz-background-size:cover;-o-background-size:cover;background-size:cover;padding: 0px 0px 0px 0px;\"><div class=\"fusion-menu-anchor\" id=\"price\"><\/div><div class=\"fusion-text fusion-text-2\" style=\"transform:translate3d(0,0,0);\"><p><strong>Kuup\u00e4evad:\u00a0<\/strong>tellimuse peale kogu j\u00f5ulu perioodil<\/p>\n<p><strong>Algus ja l\u00f5pp:\u00a0<\/strong>vastavalt Teie soovidele<\/p>\n<p><b>Matka kestvus: <\/b>umdes 2,5<span style=\"font-weight: 400;\">\u00a0tundi<\/span><\/p>\n<p><strong>Raskusaste kerge:<\/strong> m\u00f5nus jalutusk\u00e4ik rikkaliku s\u00f6\u00f6maajaga.<\/p>\n<p><strong>Matka hind <\/strong>on 59\u20ac inimesele. Meie pakume:<\/p>\n<ul>\n<li>loodusgiidiga retke<\/li>\n<li>maitsva j\u00f5uluaegse metsak\u00f6\u00f6gi, soovi korral koos kokkamisega<\/li>\n<li>l\u00f5kketuli<\/li>\n<li>taldrikud, topsikud, priimused jne<\/li>\n<\/ul>\n<div class=\"plain\">\n<div class=\"plain_line\">Meie korraldame k\u00f5ik ja peseme ka n\u00f5ud.<\/div>\n<div class=\"plain_line\">Oleme s\u00e4\u00e4stikud ja \u00fchekordseid n\u00f5usid ei kasuta.<\/div>\n<\/div>\n<div><\/div>\n<div>\n<p><span style=\"font-weight: 400;\">J\u00f5ulupeo looduses saame korraldada kohe Tallinna k\u00fclje all v\u00f5i s\u00f5ita natuke kaugemale, n\u00e4iteks:\u00a0<\/span><\/p>\n<ul>\n<li><b>Viimsi poolsaarel,<\/b><\/li>\n<li><b>Lahepere lahe \u00e4\u00e4res Paldiski suunas,<\/b><\/li>\n<li><b>Saku, Keila v\u00f5i Padise l\u00e4hedal,<\/b><\/li>\n<li><b>Kaberneeme l\u00f5kkekohtades,<\/b><\/li>\n<li><b>Varbola linnuses<\/b><span style=\"font-weight: 400;\"> Tallinnast 50 km kaugusel,<\/span><\/li>\n<li><b>J\u00e4rveotsa l\u00f5kkekohas <\/b><span style=\"font-weight: 400;\">Valgej\u00e4rve raba matkaraja juures, Tallinnast 50 km kaugusel,<\/span><\/li>\n<li><b>Kakerdaja raba l\u00f5kkekohas <\/b><span style=\"font-weight: 400;\">Tallinnast 60 km kaugusel,<\/span><\/li>\n<li><b>K\u00f5nnu-Suursoo ja J\u00e4rvi j\u00e4rvede \u00e4\u00e4res <\/b><span style=\"font-weight: 400;\">Tallinnast 65 km kaugusel,<\/span><\/li>\n<li><b>Lahemaa erinevates metsade, rabade v\u00f5i mere \u00e4\u00e4rsetes laagripaikades.<\/b><\/li>\n<\/ul>\n<\/div>\n<div class=\"plain\">\n<div><\/div>\n<div class=\"plain_line\">TULE J\u00d5ULUDEKS METSA!<\/div>\n<\/div>\n<\/div><div class=\"fusion-clearfix\"><\/div><\/div><\/div><\/div><\/div>\n","protected":false},"excerpt":{"rendered":"<p><span style=\"font-weight: 400;\">K\u00f5ik viitab sellele, et sel aastal tulevad valged j\u00f5ulud. Neid oleks m\u00f5nus koos s\u00f5prade v\u00f5i kolleegidega t\u00e4histada. Samas \u00fclerahvastatud ruumides praegu olla ei tahaks.<\/span><\/p>\n<p><span style=\"font-weight: 400;\">Meil on lahendus olemas: kutsume Teid j\u00f5ulupeoks l\u00f5kke \u00e4\u00e4rde j\u00f5ulus\u00f6\u00f6ki nautima ja lumisesse loodusesse matkama. Selleks oleme koost\u00f6\u00f6s toiduvirtuoos Hele-Mai Aalmaga pannud kokku j\u00f5uluaegse l\u00f5kketoidu men\u00fc\u00fc ja jalutusk\u00e4iku viivad l\u00e4bi meie entusiastlikud loodusgiidid.<\/span><\/p>\n","protected":false},"featured_media":22924,"comment_status":"open","ping_status":"closed","template":"","meta":[],"product_cat":[546,516,509,539,510],"product_tag":[],"class_list":["post-22913","product","type-product","status-publish","has-post-thumbnail","hentry","product_cat-loodusretked-gruppidele","product_cat-talv","product_cat-eesti","product_cat-kevad","product_cat-peredele"],"yoast_head":"<!-- This site is optimized with the Yoast SEO plugin v21.8 - https:\/\/yoast.com\/wordpress\/plugins\/seo\/ -->\n<title>J\u00f5ulupidu looduses - ActivEst<\/title>\n<meta name=\"robots\" content=\"index, follow, max-snippet:-1, max-image-preview:large, max-video-preview:-1\" \/>\n<link rel=\"canonical\" href=\"https:\/\/activest.ee\/et\/toode\/joulupidu-looduses\/\" \/>\n<meta property=\"og:locale\" content=\"et_EE\" \/>\n<meta property=\"og:type\" content=\"article\" \/>\n<meta property=\"og:title\" content=\"J\u00f5ulupidu looduses - ActivEst\" \/>\n<meta property=\"og:description\" content=\"K\u00f5ik viitab sellele, et sel aastal tulevad valged j\u00f5ulud. Neid oleks m\u00f5nus koos s\u00f5prade v\u00f5i kolleegidega t\u00e4histada. Samas \u00fclerahvastatud ruumides praegu olla ei tahaks.  Meil on lahendus olemas: kutsume Teid j\u00f5ulupeoks l\u00f5kke \u00e4\u00e4rde j\u00f5ulus\u00f6\u00f6ki nautima ja lumisesse loodusesse matkama. Selleks oleme koost\u00f6\u00f6s toiduvirtuoos Hele-Mai Aalmaga pannud kokku j\u00f5uluaegse l\u00f5kketoidu men\u00fc\u00fc ja jalutusk\u00e4iku viivad l\u00e4bi meie entusiastlikud loodusgiidid.\" \/>\n<meta property=\"og:url\" content=\"https:\/\/activest.ee\/et\/toode\/joulupidu-looduses\/\" \/>\n<meta property=\"og:site_name\" content=\"ActivEst\" \/>\n<meta property=\"article:modified_time\" content=\"2021-12-01T09:24:21+00:00\" \/>\n<meta property=\"og:image\" content=\"https:\/\/activest.ee\/wp-content\/uploads\/2021\/12\/261783629_653908745979763_9143798879094827364_n2.jpg\" \/>\n\t<meta property=\"og:image:width\" content=\"1080\" \/>\n\t<meta property=\"og:image:height\" content=\"1080\" \/>\n\t<meta property=\"og:image:type\" content=\"image\/jpeg\" \/>\n<meta name=\"twitter:card\" content=\"summary_large_image\" \/>\n<meta name=\"twitter:label1\" content=\"Est. reading time\" \/>\n\t<meta name=\"twitter:data1\" content=\"6 minutit\" \/>\n<script type=\"application\/ld+json\" class=\"yoast-schema-graph\">{\"@context\":\"https:\/\/schema.org\",\"@graph\":[{\"@type\":\"WebPage\",\"@id\":\"https:\/\/activest.ee\/et\/toode\/joulupidu-looduses\/\",\"url\":\"https:\/\/activest.ee\/et\/toode\/joulupidu-looduses\/\",\"name\":\"J\u00f5ulupidu looduses - ActivEst\",\"isPartOf\":{\"@id\":\"https:\/\/activest.ee\/en\/#website\"},\"datePublished\":\"2021-11-30T04:37:39+00:00\",\"dateModified\":\"2021-12-01T09:24:21+00:00\",\"breadcrumb\":{\"@id\":\"https:\/\/activest.ee\/et\/toode\/joulupidu-looduses\/#breadcrumb\"},\"inLanguage\":\"et\",\"potentialAction\":[{\"@type\":\"ReadAction\",\"target\":[\"https:\/\/activest.ee\/et\/toode\/joulupidu-looduses\/\"]}]},{\"@type\":\"BreadcrumbList\",\"@id\":\"https:\/\/activest.ee\/et\/toode\/joulupidu-looduses\/#breadcrumb\",\"itemListElement\":[{\"@type\":\"ListItem\",\"position\":1,\"name\":\"Home\",\"item\":\"https:\/\/www.activest.ee\/et\/\"},{\"@type\":\"ListItem\",\"position\":2,\"name\":\"Shop\",\"item\":\"https:\/\/activest.ee\/et\/shop-2\/\"},{\"@type\":\"ListItem\",\"position\":3,\"name\":\"J\u00f5ulupidu looduses\"}]},{\"@type\":\"WebSite\",\"@id\":\"https:\/\/activest.ee\/en\/#website\",\"url\":\"https:\/\/activest.ee\/en\/\",\"name\":\"ActivEst\",\"description\":\"Tuurid, perepuhkus, loodusretked, seiklusretked\",\"potentialAction\":[{\"@type\":\"SearchAction\",\"target\":{\"@type\":\"EntryPoint\",\"urlTemplate\":\"https:\/\/activest.ee\/en\/?s={search_term_string}\"},\"query-input\":\"required name=search_term_string\"}],\"inLanguage\":\"et\"}]}<\/script>\n<!-- \/ Yoast SEO plugin. -->","yoast_head_json":{"title":"J\u00f5ulupidu looduses - ActivEst","robots":{"index":"index","follow":"follow","max-snippet":"max-snippet:-1","max-image-preview":"max-image-preview:large","max-video-preview":"max-video-preview:-1"},"canonical":"https:\/\/activest.ee\/et\/toode\/joulupidu-looduses\/","og_locale":"et_EE","og_type":"article","og_title":"J\u00f5ulupidu looduses - ActivEst","og_description":"K\u00f5ik viitab sellele, et sel aastal tulevad valged j\u00f5ulud. Neid oleks m\u00f5nus koos s\u00f5prade v\u00f5i kolleegidega t\u00e4histada. Samas \u00fclerahvastatud ruumides praegu olla ei tahaks.  Meil on lahendus olemas: kutsume Teid j\u00f5ulupeoks l\u00f5kke \u00e4\u00e4rde j\u00f5ulus\u00f6\u00f6ki nautima ja lumisesse loodusesse matkama. Selleks oleme koost\u00f6\u00f6s toiduvirtuoos Hele-Mai Aalmaga pannud kokku j\u00f5uluaegse l\u00f5kketoidu men\u00fc\u00fc ja jalutusk\u00e4iku viivad l\u00e4bi meie entusiastlikud loodusgiidid.","og_url":"https:\/\/activest.ee\/et\/toode\/joulupidu-looduses\/","og_site_name":"ActivEst","article_modified_time":"2021-12-01T09:24:21+00:00","og_image":[{"width":1080,"height":1080,"url":"https:\/\/activest.ee\/wp-content\/uploads\/2021\/12\/261783629_653908745979763_9143798879094827364_n2.jpg","type":"image\/jpeg"}],"twitter_card":"summary_large_image","twitter_misc":{"Est. reading time":"6 minutit"},"schema":{"@context":"https:\/\/schema.org","@graph":[{"@type":"WebPage","@id":"https:\/\/activest.ee\/et\/toode\/joulupidu-looduses\/","url":"https:\/\/activest.ee\/et\/toode\/joulupidu-looduses\/","name":"J\u00f5ulupidu looduses - ActivEst","isPartOf":{"@id":"https:\/\/activest.ee\/en\/#website"},"datePublished":"2021-11-30T04:37:39+00:00","dateModified":"2021-12-01T09:24:21+00:00","breadcrumb":{"@id":"https:\/\/activest.ee\/et\/toode\/joulupidu-looduses\/#breadcrumb"},"inLanguage":"et","potentialAction":[{"@type":"ReadAction","target":["https:\/\/activest.ee\/et\/toode\/joulupidu-looduses\/"]}]},{"@type":"BreadcrumbList","@id":"https:\/\/activest.ee\/et\/toode\/joulupidu-looduses\/#breadcrumb","itemListElement":[{"@type":"ListItem","position":1,"name":"Home","item":"https:\/\/www.activest.ee\/et\/"},{"@type":"ListItem","position":2,"name":"Shop","item":"https:\/\/activest.ee\/et\/shop-2\/"},{"@type":"ListItem","position":3,"name":"J\u00f5ulupidu looduses"}]},{"@type":"WebSite","@id":"https:\/\/activest.ee\/en\/#website","url":"https:\/\/activest.ee\/en\/","name":"ActivEst","description":"Tuurid, perepuhkus, loodusretked, seiklusretked","potentialAction":[{"@type":"SearchAction","target":{"@type":"EntryPoint","urlTemplate":"https:\/\/activest.ee\/en\/?s={search_term_string}"},"query-input":"required name=search_term_string"}],"inLanguage":"et"}]}},"_links":{"self":[{"href":"https:\/\/activest.ee\/et\/wp-json\/wp\/v2\/product\/22913","targetHints":{"allow":["GET"]}}],"collection":[{"href":"https:\/\/activest.ee\/et\/wp-json\/wp\/v2\/product"}],"about":[{"href":"https:\/\/activest.ee\/et\/wp-json\/wp\/v2\/types\/product"}],"replies":[{"embeddable":true,"href":"https:\/\/activest.ee\/et\/wp-json\/wp\/v2\/comments?post=22913"}],"wp:featuredmedia":[{"embeddable":true,"href":"https:\/\/activest.ee\/et\/wp-json\/wp\/v2\/media\/22924"}],"wp:attachment":[{"href":"https:\/\/activest.ee\/et\/wp-json\/wp\/v2\/media?parent=22913"}],"wp:term":[{"taxonomy":"product_cat","embeddable":true,"href":"https:\/\/activest.ee\/et\/wp-json\/wp\/v2\/product_cat?post=22913"},{"taxonomy":"product_tag","embeddable":true,"href":"https:\/\/activest.ee\/et\/wp-json\/wp\/v2\/product_tag?post=22913"}],"curies":[{"name":"wp","href":"https:\/\/api.w.org\/{rel}","templated":true}]}}