{"id":22648,"date":"2021-02-10T12:17:05","date_gmt":"2021-02-10T10:17:05","guid":{"rendered":"https:\/\/activest.ee\/?post_type=product&#038;p=22648"},"modified":"2021-02-25T20:25:02","modified_gmt":"2021-02-25T18:25:02","slug":"metsakook-ja-loodusmatk","status":"publish","type":"product","link":"https:\/\/activest.ee\/et\/toode\/metsakook-ja-loodusmatk\/","title":{"rendered":"Metsak\u00f6\u00f6k ja loodusretk"},"content":{"rendered":"<div class=\"fusion-fullwidth fullwidth-box fusion-builder-row-1 nonhundred-percent-fullwidth non-hundred-percent-height-scrolling\" style=\"background-color: rgba(255,255,255,0);background-position: center center;background-repeat: no-repeat;padding-top:0px;padding-right:0px;padding-bottom:0px;padding-left:0px;margin-bottom: 0px;margin-top: 0px;border-width: 0px 0px 0px 0px;border-color:#eae9e9;border-style:solid;\" ><div class=\"fusion-builder-row fusion-row\"><div class=\"fusion-layout-column fusion_builder_column fusion-builder-column-0 fusion_builder_column_1_1 1_1 fusion-one-full fusion-column-first fusion-column-last\" style=\"margin-top:0px;margin-bottom:20px;\"><div class=\"fusion-column-wrapper fusion-flex-column-wrapper-legacy\" style=\"background-position:left top;background-repeat:no-repeat;-webkit-background-size:cover;-moz-background-size:cover;-o-background-size:cover;background-size:cover;padding: 0px 0px 0px 0px;\"><div class=\"fusion-button-wrapper\"><style type=\"text\/css\">.fusion-button.button-1 {border-radius:2px;}<\/style><a class=\"fusion-button button-flat fusion-button-default-size button-default button-1 fusion-button-default-span fusion-button-default-type\" target=\"_self\" href=\"#description\"><span class=\"fusion-button-text\">Tuuri kirjeldus<\/span><\/a><\/div><div class=\"fusion-button-wrapper\"><style type=\"text\/css\">.fusion-button.button-2 {border-radius:2px;}<\/style><a class=\"fusion-button button-flat fusion-button-default-size button-default button-2 fusion-button-default-span fusion-button-default-type\" target=\"_self\" href=\"#price\"><span class=\"fusion-button-text\">Hinnad ja kuup\u00e4evad<\/span><\/a><\/div><div class=\"fusion-clearfix\"><\/div><\/div><\/div><div class=\"fusion-layout-column fusion_builder_column fusion-builder-column-1 fusion_builder_column_1_1 1_1 fusion-one-full fusion-column-first fusion-column-last\" style=\"margin-top:0px;margin-bottom:20px;\"><div class=\"fusion-column-wrapper fusion-flex-column-wrapper-legacy\" style=\"background-position:left top;background-repeat:no-repeat;-webkit-background-size:cover;-moz-background-size:cover;-o-background-size:cover;background-size:cover;padding: 0px 0px 0px 0px;\"><div class=\"fusion-menu-anchor\" id=\"description\"><\/div><div class=\"fusion-text fusion-text-1\" style=\"transform:translate3d(0,0,0);\"><p>N\u00e4iteks talvel pakume sooja aasiap\u00e4rast tomatiga l\u00e4\u00e4tsepada, l\u00f5kkel k\u00fcpsetetud kana ja leiba. Kevadel korjame metsast karulauku, n\u00f5gest ja muud umbrohtu, segame risotto v\u00f5i pastaga vastavlt sinu maitsele. Magus amps vastavalt koka tujudele. Pettuma ei pea ja k\u00f5ik saavad k\u00f5hud t\u00e4is.<\/p>\n<p>K\u00fcsi men\u00fc\u00fcpakkumist eraldi.<\/p>\n<p>V\u00e4ga inspireeriv ja loominguline Hele-Mai Alamaa, mitmete p\u00f5nevate kokaraamatute autor, r\u00e4\u00e4gib iga h\u00f5rgutise juurde ka &#8220;oma loo&#8221;.<br \/>\nK\u00f5ige selle juurde pakume maailma parima l\u00f5kkekohvi.<\/p>\n<p>Loodusretk vastavalt hooajale, n\u00e4iteks kevadel vaatame koos linde ja \u00f5pime nende laule tundma, Suvel k\u00e4ime rabas marju korjamas ning laukas ujumas.<\/p>\n<\/div><div class=\"fusion-menu-anchor\" id=\"tapsemalt\"><\/div><div class=\"fusion-clearfix\"><\/div><\/div><\/div><div class=\"fusion-layout-column fusion_builder_column fusion-builder-column-2 fusion_builder_column_1_1 1_1 fusion-one-full fusion-column-first fusion-column-last\" style=\"margin-top:0px;margin-bottom:20px;\"><div class=\"fusion-column-wrapper fusion-flex-column-wrapper-legacy\" style=\"background-position:left top;background-repeat:no-repeat;-webkit-background-size:cover;-moz-background-size:cover;-o-background-size:cover;background-size:cover;padding: 0px 0px 0px 0px;\"><div class=\"fusion-menu-anchor\" id=\"price\"><\/div><div class=\"fusion-text fusion-text-2\" style=\"transform:translate3d(0,0,0);\"><p><strong>Kuup\u00e4evad:\u00a0<\/strong>tellimuse peale aastaringselt.<\/p>\n<p><strong>Algus ja l\u00f5pp:\u00a0<\/strong>vastavalt Teie soovidele<\/p>\n<p><b>Matka kestvus: <\/b>vastavalt Teie p\u00e4evakavale<span style=\"font-weight: 400;\">\u00a02-5 tundi<\/span><\/p>\n<p><strong>Raskusaste kerge:<\/strong> m\u00f5nus jalutusk\u00e4ik rikkaliku s\u00f6\u00f6maajaga.<\/p>\n<p><strong>Matka hind <\/strong>on 59\u20ac inimesele. Meie pakume:<\/p>\n<ul>\n<li>loodusgiidiga retke<\/li>\n<li>maitsva metsak\u00f6\u00f6gi, soovi korral koos kokkamisega<\/li>\n<li>kohalikud ja v\u00e4rsked toorained<\/li>\n<li>l\u00f5kketuli<\/li>\n<li>taldrikud, topsikud, priimused jne<\/li>\n<\/ul>\n<div class=\"plain\">\n<div class=\"plain_line\">Teie valite men\u00fc\u00fc ja koha, kus soovite kohtuda<\/div>\n<div class=\"plain_line\"><\/div>\n<div class=\"plain_line\">Meie korraldame k\u00f5ik ja peseme ka n\u00f5ud.<\/div>\n<div class=\"plain_line\">Oleme s\u00e4\u00e4stikud ja \u00fchekordseid n\u00f5usid ei kasuta.<\/div>\n<div class=\"plain_line\">K\u00f5ik tooraine kasutame \u00e4ra, sibulakoortega s\u00fc\u00fctame l\u00f5kke ja karbikaan on l\u00f5ikelauaks.<\/div>\n<div><\/div>\n<div class=\"plain_line\">TULE METSA!<\/div>\n<\/div>\n<\/div><div class=\"fusion-clearfix\"><\/div><\/div><\/div><\/div><\/div>\n","protected":false},"excerpt":{"rendered":"<div class=\"plain\">\n<div class=\"plain_line\">Metsak\u00f6\u00f6k on rohkem kui lihtsalt kohvi.<\/div>\n<div><\/div>\n<div class=\"plain_line\"><\/div>\n<div class=\"plain_line\">Soovid korraldada koosolekut, s\u00fcnnip\u00e4eva v\u00f5i m\u00f5nusat olemist s\u00f5pradega, siis vali Metsak\u00f6\u00f6k. See on aus ja vahetu l\u00f5kketoit k\u00f5ige ehedamal moel metsas, rabas, mere \u00e4\u00e4res v\u00f5i \u00fcksikul saarel.<\/div>\n<div class=\"plain_line\">Pakume loodusgiidiga retke + maitseelamuse v\u00e4rskes \u00f5hus.<\/div>\n<div class=\"plain_line\">Metsak\u00f6\u00f6gi kokakoolis \u00f5pid, kuidas s\u00fc\u00fcdata l\u00f5ket. Saad ise kaasa l\u00fc\u00fca: hakkida sibulat, keerutada kulpi v\u00f5i kui soovid vaatad lihtsalt pilvi.<\/div>\n<div class=\"plain_line\">Kaasa saad hulga inspiratsiooni, hea tuju ja energiat, et edasi minna.<\/div>\n<\/div>\n","protected":false},"featured_media":22667,"comment_status":"open","ping_status":"closed","template":"","meta":[],"product_cat":[540,541,516,509,539,510],"product_tag":[],"class_list":["post-22648","product","type-product","status-publish","has-post-thumbnail","hentry","product_cat-suvi","product_cat-sugis","product_cat-talv","product_cat-eesti","product_cat-kevad","product_cat-peredele"],"yoast_head":"<!-- This site is optimized with the Yoast SEO plugin v21.8 - https:\/\/yoast.com\/wordpress\/plugins\/seo\/ -->\n<title>Metsak\u00f6\u00f6k ja loodusretk - ActivEst<\/title>\n<meta name=\"robots\" content=\"index, follow, max-snippet:-1, max-image-preview:large, max-video-preview:-1\" \/>\n<link rel=\"canonical\" href=\"https:\/\/www.activest.ee\/et\/toode\/metsakook-ja-loodusmatk\/\" \/>\n<meta property=\"og:locale\" content=\"et_EE\" \/>\n<meta property=\"og:type\" content=\"article\" \/>\n<meta property=\"og:title\" content=\"Metsak\u00f6\u00f6k ja loodusretk - ActivEst\" \/>\n<meta property=\"og:description\" content=\"Metsak\u00f6\u00f6k on rohkem kui lihtsalt kohvi.   Soovid korraldada koosolekut, s\u00fcnnip\u00e4eva v\u00f5i m\u00f5nusat olemist s\u00f5pradega, siis vali Metsak\u00f6\u00f6k. See on aus ja vahetu l\u00f5kketoit k\u00f5ige ehedamal moel metsas, rabas, mere \u00e4\u00e4res v\u00f5i \u00fcksikul saarel. Pakume loodusgiidiga retke + maitseelamuse v\u00e4rskes \u00f5hus. Metsak\u00f6\u00f6gi kokakoolis \u00f5pid, kuidas s\u00fc\u00fcdata l\u00f5ket. Saad ise kaasa l\u00fc\u00fca: hakkida sibulat, keerutada kulpi v\u00f5i kui soovid vaatad lihtsalt pilvi. Kaasa saad hulga inspiratsiooni, hea tuju ja energiat, et edasi minna.\" \/>\n<meta property=\"og:url\" content=\"https:\/\/www.activest.ee\/et\/toode\/metsakook-ja-loodusmatk\/\" \/>\n<meta property=\"og:site_name\" content=\"ActivEst\" \/>\n<meta property=\"article:modified_time\" content=\"2021-02-25T18:25:02+00:00\" \/>\n<meta property=\"og:image\" content=\"https:\/\/activest.ee\/wp-content\/uploads\/2021\/02\/K0Z5420.jpg\" \/>\n\t<meta property=\"og:image:width\" content=\"1024\" \/>\n\t<meta property=\"og:image:height\" content=\"867\" \/>\n\t<meta property=\"og:image:type\" content=\"image\/jpeg\" \/>\n<meta name=\"twitter:card\" content=\"summary_large_image\" \/>\n<meta name=\"twitter:label1\" content=\"Est. reading time\" \/>\n\t<meta name=\"twitter:data1\" content=\"6 minutit\" \/>\n<script type=\"application\/ld+json\" class=\"yoast-schema-graph\">{\"@context\":\"https:\/\/schema.org\",\"@graph\":[{\"@type\":\"WebPage\",\"@id\":\"https:\/\/www.activest.ee\/et\/toode\/metsakook-ja-loodusmatk\/\",\"url\":\"https:\/\/www.activest.ee\/et\/toode\/metsakook-ja-loodusmatk\/\",\"name\":\"Metsak\u00f6\u00f6k ja loodusretk - ActivEst\",\"isPartOf\":{\"@id\":\"https:\/\/activest.ee\/#website\"},\"datePublished\":\"2021-02-10T10:17:05+00:00\",\"dateModified\":\"2021-02-25T18:25:02+00:00\",\"breadcrumb\":{\"@id\":\"https:\/\/www.activest.ee\/et\/toode\/metsakook-ja-loodusmatk\/#breadcrumb\"},\"inLanguage\":\"et\",\"potentialAction\":[{\"@type\":\"ReadAction\",\"target\":[\"https:\/\/www.activest.ee\/et\/toode\/metsakook-ja-loodusmatk\/\"]}]},{\"@type\":\"BreadcrumbList\",\"@id\":\"https:\/\/www.activest.ee\/et\/toode\/metsakook-ja-loodusmatk\/#breadcrumb\",\"itemListElement\":[{\"@type\":\"ListItem\",\"position\":1,\"name\":\"Home\",\"item\":\"https:\/\/www.activest.ee\/et\/\"},{\"@type\":\"ListItem\",\"position\":2,\"name\":\"Shop\",\"item\":\"https:\/\/www.activest.ee\/et\/shop-2\/\"},{\"@type\":\"ListItem\",\"position\":3,\"name\":\"Metsak\u00f6\u00f6k ja loodusretk\"}]},{\"@type\":\"WebSite\",\"@id\":\"https:\/\/activest.ee\/#website\",\"url\":\"https:\/\/activest.ee\/\",\"name\":\"ActivEst\",\"description\":\"Tuurid, perepuhkus, loodusretked, seiklusretked\",\"potentialAction\":[{\"@type\":\"SearchAction\",\"target\":{\"@type\":\"EntryPoint\",\"urlTemplate\":\"https:\/\/activest.ee\/?s={search_term_string}\"},\"query-input\":\"required name=search_term_string\"}],\"inLanguage\":\"et\"}]}<\/script>\n<!-- \/ Yoast SEO plugin. -->","yoast_head_json":{"title":"Metsak\u00f6\u00f6k ja loodusretk - ActivEst","robots":{"index":"index","follow":"follow","max-snippet":"max-snippet:-1","max-image-preview":"max-image-preview:large","max-video-preview":"max-video-preview:-1"},"canonical":"https:\/\/www.activest.ee\/et\/toode\/metsakook-ja-loodusmatk\/","og_locale":"et_EE","og_type":"article","og_title":"Metsak\u00f6\u00f6k ja loodusretk - ActivEst","og_description":"Metsak\u00f6\u00f6k on rohkem kui lihtsalt kohvi.   Soovid korraldada koosolekut, s\u00fcnnip\u00e4eva v\u00f5i m\u00f5nusat olemist s\u00f5pradega, siis vali Metsak\u00f6\u00f6k. See on aus ja vahetu l\u00f5kketoit k\u00f5ige ehedamal moel metsas, rabas, mere \u00e4\u00e4res v\u00f5i \u00fcksikul saarel. Pakume loodusgiidiga retke + maitseelamuse v\u00e4rskes \u00f5hus. Metsak\u00f6\u00f6gi kokakoolis \u00f5pid, kuidas s\u00fc\u00fcdata l\u00f5ket. Saad ise kaasa l\u00fc\u00fca: hakkida sibulat, keerutada kulpi v\u00f5i kui soovid vaatad lihtsalt pilvi. Kaasa saad hulga inspiratsiooni, hea tuju ja energiat, et edasi minna.","og_url":"https:\/\/www.activest.ee\/et\/toode\/metsakook-ja-loodusmatk\/","og_site_name":"ActivEst","article_modified_time":"2021-02-25T18:25:02+00:00","og_image":[{"width":1024,"height":867,"url":"https:\/\/activest.ee\/wp-content\/uploads\/2021\/02\/K0Z5420.jpg","type":"image\/jpeg"}],"twitter_card":"summary_large_image","twitter_misc":{"Est. reading time":"6 minutit"},"schema":{"@context":"https:\/\/schema.org","@graph":[{"@type":"WebPage","@id":"https:\/\/www.activest.ee\/et\/toode\/metsakook-ja-loodusmatk\/","url":"https:\/\/www.activest.ee\/et\/toode\/metsakook-ja-loodusmatk\/","name":"Metsak\u00f6\u00f6k ja loodusretk - ActivEst","isPartOf":{"@id":"https:\/\/activest.ee\/#website"},"datePublished":"2021-02-10T10:17:05+00:00","dateModified":"2021-02-25T18:25:02+00:00","breadcrumb":{"@id":"https:\/\/www.activest.ee\/et\/toode\/metsakook-ja-loodusmatk\/#breadcrumb"},"inLanguage":"et","potentialAction":[{"@type":"ReadAction","target":["https:\/\/www.activest.ee\/et\/toode\/metsakook-ja-loodusmatk\/"]}]},{"@type":"BreadcrumbList","@id":"https:\/\/www.activest.ee\/et\/toode\/metsakook-ja-loodusmatk\/#breadcrumb","itemListElement":[{"@type":"ListItem","position":1,"name":"Home","item":"https:\/\/www.activest.ee\/et\/"},{"@type":"ListItem","position":2,"name":"Shop","item":"https:\/\/www.activest.ee\/et\/shop-2\/"},{"@type":"ListItem","position":3,"name":"Metsak\u00f6\u00f6k ja loodusretk"}]},{"@type":"WebSite","@id":"https:\/\/activest.ee\/#website","url":"https:\/\/activest.ee\/","name":"ActivEst","description":"Tuurid, perepuhkus, loodusretked, seiklusretked","potentialAction":[{"@type":"SearchAction","target":{"@type":"EntryPoint","urlTemplate":"https:\/\/activest.ee\/?s={search_term_string}"},"query-input":"required name=search_term_string"}],"inLanguage":"et"}]}},"_links":{"self":[{"href":"https:\/\/activest.ee\/et\/wp-json\/wp\/v2\/product\/22648","targetHints":{"allow":["GET"]}}],"collection":[{"href":"https:\/\/activest.ee\/et\/wp-json\/wp\/v2\/product"}],"about":[{"href":"https:\/\/activest.ee\/et\/wp-json\/wp\/v2\/types\/product"}],"replies":[{"embeddable":true,"href":"https:\/\/activest.ee\/et\/wp-json\/wp\/v2\/comments?post=22648"}],"wp:featuredmedia":[{"embeddable":true,"href":"https:\/\/activest.ee\/et\/wp-json\/wp\/v2\/media\/22667"}],"wp:attachment":[{"href":"https:\/\/activest.ee\/et\/wp-json\/wp\/v2\/media?parent=22648"}],"wp:term":[{"taxonomy":"product_cat","embeddable":true,"href":"https:\/\/activest.ee\/et\/wp-json\/wp\/v2\/product_cat?post=22648"},{"taxonomy":"product_tag","embeddable":true,"href":"https:\/\/activest.ee\/et\/wp-json\/wp\/v2\/product_tag?post=22648"}],"curies":[{"name":"wp","href":"https:\/\/api.w.org\/{rel}","templated":true}]}}