{"id":22570,"date":"2021-02-06T17:30:44","date_gmt":"2021-02-06T15:30:44","guid":{"rendered":"https:\/\/activest.ee\/?post_type=product&#038;p=22570"},"modified":"2021-12-26T09:29:29","modified_gmt":"2021-12-26T07:29:29","slug":"hulgevaatluse-matk-merejaal","status":"publish","type":"product","link":"https:\/\/activest.ee\/et\/toode\/hulgevaatluse-matk-merejaal\/","title":{"rendered":"H\u00fclgevaatlus merej\u00e4\u00e4l"},"content":{"rendered":"<div class=\"fusion-fullwidth fullwidth-box fusion-builder-row-1 nonhundred-percent-fullwidth non-hundred-percent-height-scrolling\" style=\"background-color: rgba(255,255,255,0);background-position: center center;background-repeat: no-repeat;padding-top:0px;padding-right:0px;padding-bottom:0px;padding-left:0px;margin-bottom: 0px;margin-top: 0px;border-width: 0px 0px 0px 0px;border-color:#eae9e9;border-style:solid;\" ><div class=\"fusion-builder-row fusion-row\"><div class=\"fusion-layout-column fusion_builder_column fusion-builder-column-0 fusion_builder_column_1_1 1_1 fusion-one-full fusion-column-first fusion-column-last\" style=\"margin-top:0px;margin-bottom:20px;\"><div class=\"fusion-column-wrapper fusion-flex-column-wrapper-legacy\" style=\"background-position:left top;background-repeat:no-repeat;-webkit-background-size:cover;-moz-background-size:cover;-o-background-size:cover;background-size:cover;padding: 0px 0px 0px 0px;\"><div class=\"fusion-button-wrapper\"><style type=\"text\/css\">.fusion-button.button-1 {border-radius:2px;}<\/style><a class=\"fusion-button button-flat fusion-button-default-size button-default button-1 fusion-button-default-span fusion-button-default-type\" target=\"_self\" href=\"#description\"><span class=\"fusion-button-text\">Tuuri kirjeldus<\/span><\/a><\/div><div class=\"fusion-button-wrapper\"><style type=\"text\/css\">.fusion-button.button-2 {border-radius:2px;}<\/style><a class=\"fusion-button button-flat fusion-button-default-size button-default button-2 fusion-button-default-span fusion-button-default-type\" target=\"_self\" href=\"#price\"><span class=\"fusion-button-text\">Hinnad ja kuup\u00e4evad<\/span><\/a><\/div><div class=\"fusion-clearfix\"><\/div><\/div><\/div><div class=\"fusion-layout-column fusion_builder_column fusion-builder-column-1 fusion_builder_column_1_1 1_1 fusion-one-full fusion-column-first fusion-column-last\" style=\"margin-top:0px;margin-bottom:20px;\"><div class=\"fusion-column-wrapper fusion-flex-column-wrapper-legacy\" style=\"background-position:left top;background-repeat:no-repeat;-webkit-background-size:cover;-moz-background-size:cover;-o-background-size:cover;background-size:cover;padding: 0px 0px 0px 0px;\"><div class=\"fusion-menu-anchor\" id=\"description\"><\/div><div class=\"fusion-text fusion-text-1\" style=\"transform:translate3d(0,0,0);\"><p><span style=\"font-weight: 400;\">Selleks kasutame tipptasemel optikat ja vaatame h\u00fclgeid nii, et nad seda isegi t\u00e4hele ei pane. T\u00e4pne toimumise koht s\u00f5ltub ilmast ja j\u00e4\u00e4oludest ning selle teatame enne \u00fcritust. Seikleme L\u00e4\u00e4nemaa v\u00f5i P\u00e4rnumaa rannikul. K\u00f5nnime merej\u00e4\u00e4l, ajame h\u00fclgejutu, otsime ja vaatame h\u00fclgeid. Loodame n\u00e4ha ka v\u00e4ikseid valgeid karvapalle, kes ei j\u00e4ta kedagi \u00fcksk\u00f5ikseks. Loomulikult teeme juttu ka l\u00e4bi aegade Eesti \u00fchest seikluslikumast elukutsest &#8211; h\u00fclgek\u00fcttide karmist elust merej\u00e4\u00e4l.\u00a0<\/span><\/p>\n<\/div><div class=\"fusion-menu-anchor\" id=\"tapsemalt\"><\/div><div class=\"fusion-clearfix\"><\/div><\/div><\/div><div class=\"fusion-layout-column fusion_builder_column fusion-builder-column-2 fusion_builder_column_1_1 1_1 fusion-one-full fusion-column-first fusion-column-last\" style=\"margin-top:0px;margin-bottom:20px;\"><div class=\"fusion-column-wrapper fusion-flex-column-wrapper-legacy\" style=\"background-position:left top;background-repeat:no-repeat;-webkit-background-size:cover;-moz-background-size:cover;-o-background-size:cover;background-size:cover;padding: 0px 0px 0px 0px;\"><div class=\"fusion-menu-anchor\" id=\"price\"><\/div><div class=\"fusion-text fusion-text-2\" style=\"transform:translate3d(0,0,0);\"><p><strong>Kuup\u00e4evad: <\/strong><\/p>\n<ul>\n<li>5.03.2022<\/li>\n<li>6.03.2022<\/li>\n<\/ul>\n<p><strong>Algus ja l\u00f5pp:\u00a0<\/strong>12:00-16:00<\/p>\n<p><b>Matka kestvus<\/b><span style=\"font-weight: 400;\"> umbes 4 tundi<\/span><\/p>\n<p><strong>Raskusaste keskmine<\/strong>: ei eelda super sportlikku vormi, kuid talvime merej\u00e4\u00e4 ei ole \u00f5ige koht n\u00f5rkadele.<\/p>\n<p><strong>Matka hind <\/strong>on 47\u20ac inimene ja 35\u20ac lapsele. Hinna sees:<\/p>\n<ul>\n<li>Ohutusvarustuse kasutamine<\/li>\n<li>Vaatlusoptika kasutamine<\/li>\n<li>Matkajuhi teenused<\/li>\n<\/ul>\n<p>Lisatasu eest transport Tallinnast<\/p>\n<\/div><div class=\"fusion-clearfix\"><\/div><\/div><\/div><\/div><\/div>\n","protected":false},"excerpt":{"rendered":"<p><span style=\"font-weight: 400;\">M\u00e4rtsis algab Eesti h\u00fcljestel aasta t\u00e4htsaim aeg. K\u00f5igepealt tuuakse ilmale j\u00e4rglased ja varsti peale seda hakkavad pulmad. Hallh\u00fclged eelistavad j\u00e4\u00e4d, kuid soojadel talvedel saavad paljunemisega hakkama ka v\u00e4ikeste rahude peal. Kuid meie haruldasemad karvakalad, viigerh\u00fclged, on t\u00f5elised p\u00f5hjamaised elukad ja s\u00fcnnitavad ainult merej\u00e4\u00e4l. Selle loodusvaatluse makta eesm\u00e4rk on heita pilk h\u00fcljeste maailma ilma neid h\u00e4irimata.\u00a0<\/span><\/p>\n<p>&nbsp;<\/p>\n","protected":false},"featured_media":22572,"comment_status":"open","ping_status":"closed","template":"","meta":[],"product_cat":[516,509,537,510],"product_tag":[],"class_list":["post-22570","product","type-product","status-publish","has-post-thumbnail","hentry","product_cat-talv","product_cat-eesti","product_cat-loodusvaatlus","product_cat-peredele"],"yoast_head":"<!-- This site is optimized with the Yoast SEO plugin v21.8 - https:\/\/yoast.com\/wordpress\/plugins\/seo\/ -->\n<title>H\u00fclgevaatlus merej\u00e4\u00e4l - ActivEst<\/title>\n<meta name=\"robots\" content=\"index, follow, max-snippet:-1, max-image-preview:large, max-video-preview:-1\" \/>\n<link rel=\"canonical\" href=\"https:\/\/activest.ee\/et\/toode\/hulgevaatluse-matk-merejaal\/\" \/>\n<meta property=\"og:locale\" content=\"et_EE\" \/>\n<meta property=\"og:type\" content=\"article\" \/>\n<meta property=\"og:title\" content=\"H\u00fclgevaatlus merej\u00e4\u00e4l - ActivEst\" \/>\n<meta property=\"og:description\" content=\"M\u00e4rtsis algab Eesti h\u00fcljestel aasta t\u00e4htsaim aeg. K\u00f5igepealt tuuakse ilmale j\u00e4rglased ja varsti peale seda hakkavad pulmad. Hallh\u00fclged eelistavad j\u00e4\u00e4d, kuid soojadel talvedel saavad paljunemisega hakkama ka v\u00e4ikeste rahude peal. Kuid meie haruldasemad karvakalad, viigerh\u00fclged, on t\u00f5elised p\u00f5hjamaised elukad ja s\u00fcnnitavad ainult merej\u00e4\u00e4l. Selle loodusvaatluse makta eesm\u00e4rk on heita pilk h\u00fcljeste maailma ilma neid h\u00e4irimata.\u00a0  &nbsp;\" \/>\n<meta property=\"og:url\" content=\"https:\/\/activest.ee\/et\/toode\/hulgevaatluse-matk-merejaal\/\" \/>\n<meta property=\"og:site_name\" content=\"ActivEst\" \/>\n<meta property=\"article:modified_time\" content=\"2021-12-26T07:29:29+00:00\" \/>\n<meta property=\"og:image\" content=\"https:\/\/www.activest.ee\/wp-content\/uploads\/2021\/02\/9.jpg\" \/>\n\t<meta property=\"og:image:width\" content=\"800\" \/>\n\t<meta property=\"og:image:height\" content=\"541\" \/>\n\t<meta property=\"og:image:type\" content=\"image\/jpeg\" \/>\n<meta name=\"twitter:card\" content=\"summary_large_image\" \/>\n<meta name=\"twitter:label1\" content=\"Est. reading time\" \/>\n\t<meta name=\"twitter:data1\" content=\"6 minutit\" \/>\n<script type=\"application\/ld+json\" class=\"yoast-schema-graph\">{\"@context\":\"https:\/\/schema.org\",\"@graph\":[{\"@type\":\"WebPage\",\"@id\":\"https:\/\/activest.ee\/et\/toode\/hulgevaatluse-matk-merejaal\/\",\"url\":\"https:\/\/activest.ee\/et\/toode\/hulgevaatluse-matk-merejaal\/\",\"name\":\"H\u00fclgevaatlus merej\u00e4\u00e4l - ActivEst\",\"isPartOf\":{\"@id\":\"https:\/\/www.activest.ee\/#website\"},\"datePublished\":\"2021-02-06T15:30:44+00:00\",\"dateModified\":\"2021-12-26T07:29:29+00:00\",\"breadcrumb\":{\"@id\":\"https:\/\/activest.ee\/et\/toode\/hulgevaatluse-matk-merejaal\/#breadcrumb\"},\"inLanguage\":\"et\",\"potentialAction\":[{\"@type\":\"ReadAction\",\"target\":[\"https:\/\/activest.ee\/et\/toode\/hulgevaatluse-matk-merejaal\/\"]}]},{\"@type\":\"BreadcrumbList\",\"@id\":\"https:\/\/activest.ee\/et\/toode\/hulgevaatluse-matk-merejaal\/#breadcrumb\",\"itemListElement\":[{\"@type\":\"ListItem\",\"position\":1,\"name\":\"Home\",\"item\":\"https:\/\/www.activest.ee\/et\/\"},{\"@type\":\"ListItem\",\"position\":2,\"name\":\"Shop\",\"item\":\"https:\/\/activest.ee\/et\/shop-2\/\"},{\"@type\":\"ListItem\",\"position\":3,\"name\":\"H\u00fclgevaatlus merej\u00e4\u00e4l\"}]},{\"@type\":\"WebSite\",\"@id\":\"https:\/\/www.activest.ee\/#website\",\"url\":\"https:\/\/www.activest.ee\/\",\"name\":\"ActivEst\",\"description\":\"Tuurid, perepuhkus, loodusretked, seiklusretked\",\"potentialAction\":[{\"@type\":\"SearchAction\",\"target\":{\"@type\":\"EntryPoint\",\"urlTemplate\":\"https:\/\/www.activest.ee\/?s={search_term_string}\"},\"query-input\":\"required name=search_term_string\"}],\"inLanguage\":\"et\"}]}<\/script>\n<!-- \/ Yoast SEO plugin. -->","yoast_head_json":{"title":"H\u00fclgevaatlus merej\u00e4\u00e4l - ActivEst","robots":{"index":"index","follow":"follow","max-snippet":"max-snippet:-1","max-image-preview":"max-image-preview:large","max-video-preview":"max-video-preview:-1"},"canonical":"https:\/\/activest.ee\/et\/toode\/hulgevaatluse-matk-merejaal\/","og_locale":"et_EE","og_type":"article","og_title":"H\u00fclgevaatlus merej\u00e4\u00e4l - ActivEst","og_description":"M\u00e4rtsis algab Eesti h\u00fcljestel aasta t\u00e4htsaim aeg. K\u00f5igepealt tuuakse ilmale j\u00e4rglased ja varsti peale seda hakkavad pulmad. Hallh\u00fclged eelistavad j\u00e4\u00e4d, kuid soojadel talvedel saavad paljunemisega hakkama ka v\u00e4ikeste rahude peal. Kuid meie haruldasemad karvakalad, viigerh\u00fclged, on t\u00f5elised p\u00f5hjamaised elukad ja s\u00fcnnitavad ainult merej\u00e4\u00e4l. Selle loodusvaatluse makta eesm\u00e4rk on heita pilk h\u00fcljeste maailma ilma neid h\u00e4irimata.\u00a0  &nbsp;","og_url":"https:\/\/activest.ee\/et\/toode\/hulgevaatluse-matk-merejaal\/","og_site_name":"ActivEst","article_modified_time":"2021-12-26T07:29:29+00:00","og_image":[{"width":800,"height":541,"url":"https:\/\/www.activest.ee\/wp-content\/uploads\/2021\/02\/9.jpg","type":"image\/jpeg"}],"twitter_card":"summary_large_image","twitter_misc":{"Est. reading time":"6 minutit"},"schema":{"@context":"https:\/\/schema.org","@graph":[{"@type":"WebPage","@id":"https:\/\/activest.ee\/et\/toode\/hulgevaatluse-matk-merejaal\/","url":"https:\/\/activest.ee\/et\/toode\/hulgevaatluse-matk-merejaal\/","name":"H\u00fclgevaatlus merej\u00e4\u00e4l - ActivEst","isPartOf":{"@id":"https:\/\/www.activest.ee\/#website"},"datePublished":"2021-02-06T15:30:44+00:00","dateModified":"2021-12-26T07:29:29+00:00","breadcrumb":{"@id":"https:\/\/activest.ee\/et\/toode\/hulgevaatluse-matk-merejaal\/#breadcrumb"},"inLanguage":"et","potentialAction":[{"@type":"ReadAction","target":["https:\/\/activest.ee\/et\/toode\/hulgevaatluse-matk-merejaal\/"]}]},{"@type":"BreadcrumbList","@id":"https:\/\/activest.ee\/et\/toode\/hulgevaatluse-matk-merejaal\/#breadcrumb","itemListElement":[{"@type":"ListItem","position":1,"name":"Home","item":"https:\/\/www.activest.ee\/et\/"},{"@type":"ListItem","position":2,"name":"Shop","item":"https:\/\/activest.ee\/et\/shop-2\/"},{"@type":"ListItem","position":3,"name":"H\u00fclgevaatlus merej\u00e4\u00e4l"}]},{"@type":"WebSite","@id":"https:\/\/www.activest.ee\/#website","url":"https:\/\/www.activest.ee\/","name":"ActivEst","description":"Tuurid, perepuhkus, loodusretked, seiklusretked","potentialAction":[{"@type":"SearchAction","target":{"@type":"EntryPoint","urlTemplate":"https:\/\/www.activest.ee\/?s={search_term_string}"},"query-input":"required name=search_term_string"}],"inLanguage":"et"}]}},"_links":{"self":[{"href":"https:\/\/activest.ee\/et\/wp-json\/wp\/v2\/product\/22570","targetHints":{"allow":["GET"]}}],"collection":[{"href":"https:\/\/activest.ee\/et\/wp-json\/wp\/v2\/product"}],"about":[{"href":"https:\/\/activest.ee\/et\/wp-json\/wp\/v2\/types\/product"}],"replies":[{"embeddable":true,"href":"https:\/\/activest.ee\/et\/wp-json\/wp\/v2\/comments?post=22570"}],"wp:featuredmedia":[{"embeddable":true,"href":"https:\/\/activest.ee\/et\/wp-json\/wp\/v2\/media\/22572"}],"wp:attachment":[{"href":"https:\/\/activest.ee\/et\/wp-json\/wp\/v2\/media?parent=22570"}],"wp:term":[{"taxonomy":"product_cat","embeddable":true,"href":"https:\/\/activest.ee\/et\/wp-json\/wp\/v2\/product_cat?post=22570"},{"taxonomy":"product_tag","embeddable":true,"href":"https:\/\/activest.ee\/et\/wp-json\/wp\/v2\/product_tag?post=22570"}],"curies":[{"name":"wp","href":"https:\/\/api.w.org\/{rel}","templated":true}]}}