{"id":22282,"date":"2019-11-04T07:34:53","date_gmt":"2021-02-04T11:57:58","guid":{"rendered":"https:\/\/activest.ee\/?post_type=product&#038;p=22282"},"modified":"2024-10-28T11:10:09","modified_gmt":"2024-10-28T09:10:09","slug":"karuvaatlus-alutagusel","status":"publish","type":"product","link":"https:\/\/activest.ee\/et\/toode\/karuvaatlus-alutagusel\/","title":{"rendered":"Karuvaatlus ja pildistamine Alutagusel"},"content":{"rendered":"<div class=\"fusion-fullwidth fullwidth-box fusion-builder-row-1 nonhundred-percent-fullwidth non-hundred-percent-height-scrolling\" style=\"background-color: rgba(255,255,255,0);background-position: center center;background-repeat: no-repeat;padding-top:0px;padding-right:0px;padding-bottom:0px;padding-left:0px;margin-bottom: 0px;margin-top: 0px;border-width: 0px 0px 0px 0px;border-color:#eae9e9;border-style:solid;\" ><div class=\"fusion-builder-row fusion-row\"><div class=\"fusion-layout-column fusion_builder_column fusion-builder-column-0 fusion_builder_column_1_1 1_1 fusion-one-full fusion-column-first fusion-column-last\" style=\"margin-top:0px;margin-bottom:20px;\"><div class=\"fusion-column-wrapper fusion-flex-column-wrapper-legacy\" style=\"background-position:left top;background-repeat:no-repeat;-webkit-background-size:cover;-moz-background-size:cover;-o-background-size:cover;background-size:cover;padding: 0px 0px 0px 0px;\"><div class=\"fusion-button-wrapper\"><style type=\"text\/css\">.fusion-button.button-1 {border-radius:2px;}<\/style><a class=\"fusion-button button-flat fusion-button-default-size button-default button-1 fusion-button-default-span fusion-button-default-type\" target=\"_self\" href=\"#description\"><span class=\"fusion-button-text\">Tuuri kirjeldus<\/span><\/a><\/div><div class=\"fusion-button-wrapper\"><style type=\"text\/css\">.fusion-button.button-2 {border-radius:2px;}<\/style><a class=\"fusion-button button-flat fusion-button-default-size button-default button-2 fusion-button-default-span fusion-button-default-type\" target=\"_self\" href=\"#tapsemalt\"><span class=\"fusion-button-text\">T\u00e4psemalt<\/span><\/a><\/div><div class=\"fusion-button-wrapper\"><style type=\"text\/css\">.fusion-button.button-3 {border-radius:2px;}<\/style><a class=\"fusion-button button-flat fusion-button-default-size button-default button-3 fusion-button-default-span fusion-button-default-type\" target=\"_self\" href=\"#price\"><span class=\"fusion-button-text\">Hinnad ja kuup\u00e4evad<\/span><\/a><\/div><div class=\"fusion-clearfix\"><\/div><\/div><\/div><div class=\"fusion-layout-column fusion_builder_column fusion-builder-column-1 fusion_builder_column_1_1 1_1 fusion-one-full fusion-column-first fusion-column-last\" style=\"margin-top:0px;margin-bottom:20px;\"><div class=\"fusion-column-wrapper fusion-flex-column-wrapper-legacy\" style=\"background-position:left top;background-repeat:no-repeat;-webkit-background-size:cover;-moz-background-size:cover;-o-background-size:cover;background-size:cover;padding: 0px 0px 0px 0px;\"><div class=\"fusion-menu-anchor\" id=\"description\"><\/div><div class=\"fusion-text fusion-text-1\" style=\"transform:translate3d(0,0,0);\"><div>\n<p><strong>Karude ja metsloomade vaatlusonnide<\/strong><\/p>\n<\/div>\n<div>\n<p>peamine eesm\u00e4rk karuvaatlus ja ka teiste metsloomade ning lindude n\u00e4gemine. Kahes onnis on kokku neli eraldatud kabiini, igas kahe narivoodiga. Vaatlusaknad on varje kahes k\u00fcljes. Onni ees avaneb vaade varjulisele metsale, kus on oodata peamiselt metsaliike \u2013 karusid, k\u00e4hrikuid, r\u00e4hne jt. Tagak\u00fcljelt n\u00e4eb oja luhale, mis meeldib avamaastiku elukatele. M\u00f5nikord tulevad p\u00f5drad ja kitsed soola lakkuma, h\u00e4ndkakk peab hiirejahti v\u00f5i taevas tiirutab kaljukotkas. Ojakaldal einestab kobras v\u00f5i metssead k\u00e4ivad vett joomas.<\/p>\n<p>Fotohuvilised saavad pilti teha l\u00e4bi klaasi ja soovi korral avame spetsiaalse fotokotiga varustatud fotoluugi, kust saab pildistada oma statiivi pealt. Eelnevalt kokku leppides on v\u00f5imalik kasutada meie statiivi.<\/p>\n<p>Onni juurde on paigaldatud h\u00e4mar valgus, mis loomi ei h\u00e4iri, nii et vaadelda on v\u00f5imalik terve \u00f6\u00f6.<\/p>\n<p><strong>Uus asi on onni k\u00f5rval asuv tundlik mikrofon<\/strong>, mis metsah\u00e4\u00e4led l\u00e4bi kvaliteetsete k\u00f5larite onni toovad. M\u00f5nel vaiksel \u00f6\u00f6l v\u00f5ib helide maailm loomade n\u00e4gemisest veel v\u00f5imsamaid looduselamusi pakkuda \u2013 nii on onnist kuuldud hundikarja ulgumist, p\u00f5trade pulmakutseid ja v\u00e4rbkakku vilistamist.<\/p>\n<p><a href=\"https:\/\/old.natourest.ee\/species-seen-or-heard-from-the-brown-bear-watching-hide\/\">Siit saad vaadata nimekirja loomadest ja lindudest, keda onnidest n\u00e4htud ja kuulud on<\/a>.<\/p>\n<\/div>\n<p>Enne onni minekut on v\u00f5imalik teha jalutusk\u00e4ik\u00a0<strong>Natouresti karude \u00f5pperajal<\/strong>. Saad \u00fclevaate, kuidas Eesti karud elavad: kus nad talvel magavad, mida s\u00f6\u00f6vad, kuidas territooriumi m\u00e4rgistavad, kui palju ja millal poegivaid ja palju muid p\u00f5nevaid teadmisi. Ligi pooletunnise ja poolekilomeetrine elamuslik retk on karuonni k\u00fclastuse hinna sees!<\/p>\n<p>Meie onnides on k\u00e4inud mitmed rahvusvahelised ajakirjanikud, nii n\u00e4iteks kajastas\u00a0 vaatlusonni k\u00fclastust Prantsusmaa TV2 telekanal-\u00a0<a title=\"http:\/\/bit.ly\/2AW08bx\" href=\"http:\/\/bit.ly\/2AW08bx\">http:\/\/bit.ly\/2AW08bx-2<\/a><\/p>\n<p>&nbsp;<\/p>\n<p><iframe src=\"https:\/\/www.youtube.com\/embed\/HtIC5EN6PfU\" width=\"100%\" height=\"500\" frameborder=\"0\" allowfullscreen=\"allowfullscreen\" data-mce-fragment=\"1\"><\/iframe><\/p>\n<\/div><div class=\"fusion-menu-anchor\" id=\"tapsemalt\"><\/div><div class=\"fusion-text fusion-text-2\" style=\"transform:translate3d(0,0,0);\"><p><strong>Avatud<\/strong><\/p>\n<p>Iga p\u00e4ev m\u00e4rtsist oktoobrini.<\/p>\n<p><strong>Kestvus<\/strong><\/p>\n<p>Koos \u00f6\u00f6bimsega karuonnis umbes 15 tundi.<\/p>\n<p>Mais, juunis, juulis ja augustis kell 17:00 kuni j\u00e4rgmisel hommikul 8:00.<\/p>\n<p>Septembris ja oktoobris kell 16:00 kuni 8:00.<\/p>\n<p><strong>Raskusaste<\/strong><\/p>\n<p>Autoparklast on\u00a0 onnini 1,7 km m\u00f6\u00f6da metsateed k\u00f5ndimist.<\/p>\n<p><strong>Mida selga panna?\u00a0<\/strong><\/p>\n<p>Soe ja mugav riietus. Onnini j\u00f5udmiseks sobivad matkasaapad v\u00f5i kummikud, sest vahest v\u00f5ib rada olla m\u00e4rg ja porine. Onnis istumiseks soojad varusokid ja\/v\u00f5i sisejalatsid.<\/p>\n<p><strong>Asukoht<\/strong><\/p>\n<p>T\u00e4pse kohtumispaiga kaardi saadame peale broneeringu kinnitamist. Vaatlusonn asub Tudust umbes 10 km Rakvere suunas ja fotovarjed 20 km Maidla suunas.<\/p>\n<p><strong>Olme<\/strong><\/p>\n<p>Onnides on narivoodid koos poroloonmadartsiga.\u00a0\u00a0Toolid istumiseks ja kuivk\u00e4imla. Voolavat vett ja elektrit ei ole. Lahtine tuli on onnides rangelt keelatud. Vaatlusonnides saab pildistada l\u00e4bi akna. Fotograafidel palume v\u00f5tta kaasa ka statiiv\/kolmjalg, siis saame avada ka fotoluugi.<\/p>\n<p><strong>Mida kaasa v\u00f5tta?<\/strong><\/p>\n<p>Kindlasti soovitame kaasa v\u00f5tta binokli, sest karud ja teised loomad on ettevaatlikud ja nad ei tule onnile v\u00e4ga l\u00e4hedale. Lisaks aitab binokkel h\u00e4maras paremini n\u00e4ha. Meie k\u00e4est on v\u00f5imalik laenata hea valgustundlikkusega nn jahimehe binoklit (8\u00d756 Danubia Bussards \u2013 5 \u20ac\/\u00f6\u00f6).\u00a0 \u00d5htu on pikk ja seep\u00e4rast tasub kindlasti kaasa v\u00f5tta juua ja s\u00fc\u00fca. N\u00f5rgem lamp v\u00f5i valgusega telefon, et vajadusel pimeduses toimetada.<\/p>\n<p><strong>K\u00e4itumine<\/strong><\/p>\n<p>Me saadame teid parklast onnini, kuid \u00fcldjuhul koos teiega seal ei \u00f6\u00f6bi. Onnis peab olema vaikselt ja kasutama v\u00f5imalikult v\u00e4he ja n\u00f5rka valgust.<\/p>\n<p><strong>Mis seal kandis veel teha<\/strong><\/p>\n<p>Onni l\u00e4hedal asuvad RMK Seljam\u00e4e ja Tudu j\u00e4rve matkarajad. L\u00e4him s\u00f6\u00f6gikoht on Tudu Jaama Trahter.\u00a0<a href=\"https:\/\/old.natourest.ee\/things-to-do-near-the-brown-bear-and-wildlife-watching-hide\/\">Siin inglise keelne \u00fclevaade koos linkidega<\/a><\/p>\n<\/div><div class=\"fusion-clearfix\"><\/div><\/div><\/div><div class=\"fusion-layout-column fusion_builder_column fusion-builder-column-2 fusion_builder_column_1_1 1_1 fusion-one-full fusion-column-first fusion-column-last\" style=\"margin-top:0px;margin-bottom:20px;\"><div class=\"fusion-column-wrapper fusion-flex-column-wrapper-legacy\" style=\"background-position:left top;background-repeat:no-repeat;-webkit-background-size:cover;-moz-background-size:cover;-o-background-size:cover;background-size:cover;padding: 0px 0px 0px 0px;\"><div class=\"fusion-menu-anchor\" id=\"price\"><\/div><div class=\"fusion-text fusion-text-3\" style=\"transform:translate3d(0,0,0);\"><p><strong>Hinnad:<\/strong><\/p>\n<p>135 EUR inimese kohta,<\/p>\n<p>80 EUR lapsele (7-14- aastane)<\/p>\n<p>325 EUR perekonnale (n\u00e4iteks 2 vanemat ja 3 last),<\/p>\n<p>790 EUR \u00a0grupile kuni 9 inimest.<\/p>\n<p><strong>Hind sisaldab <\/strong>\u00d6\u00f6d karuonnis koos varjeni saatmisega<\/p>\n<\/div><div class=\"fusion-button-wrapper\"><style type=\"text\/css\">.fusion-button.button-4 {border-radius:2px;}<\/style><a class=\"fusion-button button-flat fusion-button-default-size button-default button-4 fusion-button-default-span fusion-button-default-type\" target=\"_self\" href=\"https:\/\/hotels.cloudbeds.com\/et\/reservation\/I9ZwGz#checkin=2024-05-01&amp;checkout=2024-05-02\"><span class=\"fusion-button-text\">Broneeri siit<\/span><\/a><\/div><div class=\"fusion-clearfix\"><\/div><\/div><\/div><\/div><\/div>\n","protected":false},"excerpt":{"rendered":"<p>Alutaguse karuonnidest on v\u00e4ga hea v\u00f5imalus n\u00e4ha ja pildistada karusid, teisi metsloomi ning linde. Alutaguse on teada-tuntud karukants, umbes pooled Eesti 800 mesik\u00e4ppadest elavad sealsetes metsades ja soodes. Meie onnid asuvad Alutaguse l\u00e4\u00e4ne osas, Sirtsi soo l\u00e4histel, Tallinnast ja Tartust pooleteise kuni kahe tunni autos\u00f5idu kaugusel. Varjeid on erinevate suurustega ja eesm\u00e4rkidega. K\u00f5ik onnid on mugavad ja hubased, varustatud toolide, voodite ning k\u00e4imlatega.<\/p>\n<p>&nbsp;<\/p>\n","protected":false},"featured_media":22283,"comment_status":"open","ping_status":"closed","template":"","meta":[],"product_cat":[531],"product_tag":[],"class_list":["post-22282","product","type-product","status-publish","has-post-thumbnail","hentry","product_cat-retked"],"yoast_head":"<!-- This site is optimized with the Yoast SEO plugin v21.8 - https:\/\/yoast.com\/wordpress\/plugins\/seo\/ -->\n<title>Karuvaatlus ja pildistamine Alutagusel - ActivEst<\/title>\n<meta name=\"robots\" content=\"index, follow, max-snippet:-1, max-image-preview:large, max-video-preview:-1\" \/>\n<link rel=\"canonical\" href=\"https:\/\/www.activest.ee\/et\/toode\/karuvaatlus-alutagusel\/\" \/>\n<meta property=\"og:locale\" content=\"et_EE\" \/>\n<meta property=\"og:type\" content=\"article\" \/>\n<meta property=\"og:title\" content=\"Karuvaatlus ja pildistamine Alutagusel - ActivEst\" \/>\n<meta property=\"og:description\" content=\"Alutaguse karuonnidest on v\u00e4ga hea v\u00f5imalus n\u00e4ha ja pildistada karusid, teisi metsloomi ning linde. Alutaguse on teada-tuntud karukants, umbes pooled Eesti 800 mesik\u00e4ppadest elavad sealsetes metsades ja soodes. Meie onnid asuvad Alutaguse l\u00e4\u00e4ne osas, Sirtsi soo l\u00e4histel, Tallinnast ja Tartust pooleteise kuni kahe tunni autos\u00f5idu kaugusel. Varjeid on erinevate suurustega ja eesm\u00e4rkidega. K\u00f5ik onnid on mugavad ja hubased, varustatud toolide, voodite ning k\u00e4imlatega.  &nbsp;\" \/>\n<meta property=\"og:url\" content=\"https:\/\/www.activest.ee\/et\/toode\/karuvaatlus-alutagusel\/\" \/>\n<meta property=\"og:site_name\" content=\"ActivEst\" \/>\n<meta property=\"article:modified_time\" content=\"2024-10-28T09:10:09+00:00\" \/>\n<meta property=\"og:image\" content=\"https:\/\/activest.ee\/wp-content\/uploads\/2019\/11\/karu_karu-1024x681.jpg\" \/>\n\t<meta property=\"og:image:width\" content=\"1024\" \/>\n\t<meta property=\"og:image:height\" content=\"681\" \/>\n\t<meta property=\"og:image:type\" content=\"image\/jpeg\" \/>\n<meta name=\"twitter:card\" content=\"summary_large_image\" \/>\n<meta name=\"twitter:label1\" content=\"Est. reading time\" \/>\n\t<meta name=\"twitter:data1\" content=\"6 minutit\" \/>\n<script type=\"application\/ld+json\" class=\"yoast-schema-graph\">{\"@context\":\"https:\/\/schema.org\",\"@graph\":[{\"@type\":\"WebPage\",\"@id\":\"https:\/\/www.activest.ee\/et\/toode\/karuvaatlus-alutagusel\/\",\"url\":\"https:\/\/www.activest.ee\/et\/toode\/karuvaatlus-alutagusel\/\",\"name\":\"Karuvaatlus ja pildistamine Alutagusel - ActivEst\",\"isPartOf\":{\"@id\":\"https:\/\/www.activest.ee\/#website\"},\"datePublished\":\"2021-02-04T11:57:58+00:00\",\"dateModified\":\"2024-10-28T09:10:09+00:00\",\"breadcrumb\":{\"@id\":\"https:\/\/www.activest.ee\/et\/toode\/karuvaatlus-alutagusel\/#breadcrumb\"},\"inLanguage\":\"et\",\"potentialAction\":[{\"@type\":\"ReadAction\",\"target\":[\"https:\/\/www.activest.ee\/et\/toode\/karuvaatlus-alutagusel\/\"]}]},{\"@type\":\"BreadcrumbList\",\"@id\":\"https:\/\/www.activest.ee\/et\/toode\/karuvaatlus-alutagusel\/#breadcrumb\",\"itemListElement\":[{\"@type\":\"ListItem\",\"position\":1,\"name\":\"Home\",\"item\":\"https:\/\/www.activest.ee\/et\/\"},{\"@type\":\"ListItem\",\"position\":2,\"name\":\"Shop\",\"item\":\"https:\/\/activest.ee\/et\/shop-2\/\"},{\"@type\":\"ListItem\",\"position\":3,\"name\":\"Karuvaatlus ja pildistamine Alutagusel\"}]},{\"@type\":\"WebSite\",\"@id\":\"https:\/\/www.activest.ee\/#website\",\"url\":\"https:\/\/www.activest.ee\/\",\"name\":\"ActivEst\",\"description\":\"Tuurid, perepuhkus, loodusretked, seiklusretked\",\"potentialAction\":[{\"@type\":\"SearchAction\",\"target\":{\"@type\":\"EntryPoint\",\"urlTemplate\":\"https:\/\/www.activest.ee\/?s={search_term_string}\"},\"query-input\":\"required name=search_term_string\"}],\"inLanguage\":\"et\"}]}<\/script>\n<!-- \/ Yoast SEO plugin. -->","yoast_head_json":{"title":"Karuvaatlus ja pildistamine Alutagusel - ActivEst","robots":{"index":"index","follow":"follow","max-snippet":"max-snippet:-1","max-image-preview":"max-image-preview:large","max-video-preview":"max-video-preview:-1"},"canonical":"https:\/\/www.activest.ee\/et\/toode\/karuvaatlus-alutagusel\/","og_locale":"et_EE","og_type":"article","og_title":"Karuvaatlus ja pildistamine Alutagusel - ActivEst","og_description":"Alutaguse karuonnidest on v\u00e4ga hea v\u00f5imalus n\u00e4ha ja pildistada karusid, teisi metsloomi ning linde. Alutaguse on teada-tuntud karukants, umbes pooled Eesti 800 mesik\u00e4ppadest elavad sealsetes metsades ja soodes. Meie onnid asuvad Alutaguse l\u00e4\u00e4ne osas, Sirtsi soo l\u00e4histel, Tallinnast ja Tartust pooleteise kuni kahe tunni autos\u00f5idu kaugusel. Varjeid on erinevate suurustega ja eesm\u00e4rkidega. K\u00f5ik onnid on mugavad ja hubased, varustatud toolide, voodite ning k\u00e4imlatega.  &nbsp;","og_url":"https:\/\/www.activest.ee\/et\/toode\/karuvaatlus-alutagusel\/","og_site_name":"ActivEst","article_modified_time":"2024-10-28T09:10:09+00:00","og_image":[{"width":1024,"height":681,"url":"https:\/\/activest.ee\/wp-content\/uploads\/2019\/11\/karu_karu-1024x681.jpg","type":"image\/jpeg"}],"twitter_card":"summary_large_image","twitter_misc":{"Est. reading time":"6 minutit"},"schema":{"@context":"https:\/\/schema.org","@graph":[{"@type":"WebPage","@id":"https:\/\/www.activest.ee\/et\/toode\/karuvaatlus-alutagusel\/","url":"https:\/\/www.activest.ee\/et\/toode\/karuvaatlus-alutagusel\/","name":"Karuvaatlus ja pildistamine Alutagusel - ActivEst","isPartOf":{"@id":"https:\/\/www.activest.ee\/#website"},"datePublished":"2021-02-04T11:57:58+00:00","dateModified":"2024-10-28T09:10:09+00:00","breadcrumb":{"@id":"https:\/\/www.activest.ee\/et\/toode\/karuvaatlus-alutagusel\/#breadcrumb"},"inLanguage":"et","potentialAction":[{"@type":"ReadAction","target":["https:\/\/www.activest.ee\/et\/toode\/karuvaatlus-alutagusel\/"]}]},{"@type":"BreadcrumbList","@id":"https:\/\/www.activest.ee\/et\/toode\/karuvaatlus-alutagusel\/#breadcrumb","itemListElement":[{"@type":"ListItem","position":1,"name":"Home","item":"https:\/\/www.activest.ee\/et\/"},{"@type":"ListItem","position":2,"name":"Shop","item":"https:\/\/activest.ee\/et\/shop-2\/"},{"@type":"ListItem","position":3,"name":"Karuvaatlus ja pildistamine Alutagusel"}]},{"@type":"WebSite","@id":"https:\/\/www.activest.ee\/#website","url":"https:\/\/www.activest.ee\/","name":"ActivEst","description":"Tuurid, perepuhkus, loodusretked, seiklusretked","potentialAction":[{"@type":"SearchAction","target":{"@type":"EntryPoint","urlTemplate":"https:\/\/www.activest.ee\/?s={search_term_string}"},"query-input":"required name=search_term_string"}],"inLanguage":"et"}]}},"_links":{"self":[{"href":"https:\/\/activest.ee\/et\/wp-json\/wp\/v2\/product\/22282","targetHints":{"allow":["GET"]}}],"collection":[{"href":"https:\/\/activest.ee\/et\/wp-json\/wp\/v2\/product"}],"about":[{"href":"https:\/\/activest.ee\/et\/wp-json\/wp\/v2\/types\/product"}],"replies":[{"embeddable":true,"href":"https:\/\/activest.ee\/et\/wp-json\/wp\/v2\/comments?post=22282"}],"wp:featuredmedia":[{"embeddable":true,"href":"https:\/\/activest.ee\/et\/wp-json\/wp\/v2\/media\/22283"}],"wp:attachment":[{"href":"https:\/\/activest.ee\/et\/wp-json\/wp\/v2\/media?parent=22282"}],"wp:term":[{"taxonomy":"product_cat","embeddable":true,"href":"https:\/\/activest.ee\/et\/wp-json\/wp\/v2\/product_cat?post=22282"},{"taxonomy":"product_tag","embeddable":true,"href":"https:\/\/activest.ee\/et\/wp-json\/wp\/v2\/product_tag?post=22282"}],"curies":[{"name":"wp","href":"https:\/\/api.w.org\/{rel}","templated":true}]}}