{"id":22216,"date":"2020-11-27T17:42:07","date_gmt":"2020-11-27T15:42:07","guid":{"rendered":"https:\/\/activest.ee\/?post_type=product&#038;p=22216"},"modified":"2024-01-29T10:34:39","modified_gmt":"2024-01-29T08:34:39","slug":"outdoor-abenteuer-in-der-soomaa-nationalpark-kanutour-und-moorwanderung-1-tag","status":"publish","type":"product","link":"https:\/\/activest.ee\/et\/toode\/outdoor-abenteuer-in-der-soomaa-nationalpark-kanutour-und-moorwanderung-1-tag\/","title":{"rendered":"Outdoor Abenteuer in der Soomaa Nationalpark: Kanutour und Moorwanderung 1 Tag"},"content":{"rendered":"<div class=\"fusion-fullwidth fullwidth-box fusion-builder-row-1 nonhundred-percent-fullwidth non-hundred-percent-height-scrolling\" style=\"background-color: rgba(255,255,255,0);background-position: center center;background-repeat: no-repeat;padding-top:0px;padding-right:0px;padding-bottom:0px;padding-left:0px;margin-bottom: 0px;margin-top: 0px;border-width: 0px 0px 0px 0px;border-color:#eae9e9;border-style:solid;\" ><div class=\"fusion-builder-row fusion-row\"><div class=\"fusion-layout-column fusion_builder_column fusion-builder-column-0 fusion_builder_column_1_1 1_1 fusion-one-full fusion-column-first fusion-column-last\" style=\"margin-top:0px;margin-bottom:20px;\"><div class=\"fusion-column-wrapper fusion-flex-column-wrapper-legacy\" style=\"background-position:left top;background-repeat:no-repeat;-webkit-background-size:cover;-moz-background-size:cover;-o-background-size:cover;background-size:cover;padding: 0px 0px 0px 0px;\"><div class=\"fusion-button-wrapper\"><style type=\"text\/css\">.fusion-button.button-1 {border-radius:2px;}<\/style><a class=\"fusion-button button-flat fusion-button-default-size button-default button-1 fusion-button-default-span fusion-button-default-type\" target=\"_self\" href=\"#description\"><span class=\"fusion-button-text\">Beschreibung<\/span><\/a><\/div><div class=\"fusion-button-wrapper\"><style type=\"text\/css\">.fusion-button.button-2 {border-radius:2px;}<\/style><a class=\"fusion-button button-flat fusion-button-default-size button-default button-2 fusion-button-default-span fusion-button-default-type\" target=\"_self\" href=\"#price\"><span class=\"fusion-button-text\">Preise und Termine<\/span><\/a><\/div><div class=\"fusion-clearfix\"><\/div><\/div><\/div><div class=\"fusion-layout-column fusion_builder_column fusion-builder-column-1 fusion_builder_column_1_1 1_1 fusion-one-full fusion-column-first fusion-column-last\" style=\"margin-top:0px;margin-bottom:20px;\"><div class=\"fusion-column-wrapper fusion-flex-column-wrapper-legacy\" style=\"background-position:left top;background-repeat:no-repeat;-webkit-background-size:cover;-moz-background-size:cover;-o-background-size:cover;background-size:cover;padding: 0px 0px 0px 0px;\"><div class=\"fusion-menu-anchor\" id=\"description\"><\/div><div class=\"fusion-text fusion-text-1\" style=\"transform:translate3d(0,0,0);\"><p>Ein gef\u00fchrter Outdoor Erlebnis in der <strong>Soomaa Nationalpark<\/strong>: Tagesausflug kombiniert <strong>Moorschuhwanderung (oder auf Holzpfaden)<\/strong> und <strong>Kanufahrt<\/strong>. Zuerst gehen wir durch das Dorf Riisa und den Wald und erreichen das gr\u00f6\u00dfte Torfmoor Estlands &#8211; <strong>Kuresoo<\/strong>. Wir werden Moorschuhe anziehen und durch die wilde Landschaft spazieren. Wir k\u00f6nnen <strong>Sonnentau<\/strong>, Zwergbirke und ander Moorpflanzen kennenlernen und beim guten Wetter sogar ein Moorbad nehmen. Dann erfolgt <strong>ein Mittagessen in der Wildnis<\/strong>. Die Reise endet mit einer entspannten Kanutour entlang malerische Fl\u00fcsse von Soomaa.<\/p>\n<p><strong>Treffpunkt<\/strong>: Gef\u00fchrte Tagesausflug beginnt um 10 Uhr im Riisa Rantso Guesthouse im Soomaa National Park, wenn Sie mit Ihrem eigenen Auto anreisen. Wir bieten auch einen Transfer f\u00fcr Kunden an, die in P\u00e4rnu \u00fcbernachten und um 9 Uhr morgens von Ihrem Hotel abholen.<\/p>\n<p><strong>Was Sie mitbringen sollten<\/strong>: bequeme Kleidung und Wanderschuhe<\/p>\n<\/div><div class=\"fusion-clearfix\"><\/div><\/div><\/div><div class=\"fusion-layout-column fusion_builder_column fusion-builder-column-2 fusion_builder_column_1_1 1_1 fusion-one-full fusion-column-first fusion-column-last\" style=\"margin-top:0px;margin-bottom:20px;\"><div class=\"fusion-column-wrapper fusion-flex-column-wrapper-legacy\" style=\"background-position:left top;background-repeat:no-repeat;-webkit-background-size:cover;-moz-background-size:cover;-o-background-size:cover;background-size:cover;padding: 0px 0px 0px 0px;\"><div class=\"fusion-clearfix\"><\/div><\/div><\/div><div class=\"fusion-layout-column fusion_builder_column fusion-builder-column-3 fusion_builder_column_1_1 1_1 fusion-one-full fusion-column-first fusion-column-last\" style=\"margin-top:0px;margin-bottom:20px;\"><div class=\"fusion-column-wrapper fusion-flex-column-wrapper-legacy\" style=\"background-position:left top;background-repeat:no-repeat;-webkit-background-size:cover;-moz-background-size:cover;-o-background-size:cover;background-size:cover;padding: 0px 0px 0px 0px;\"><div class=\"fusion-menu-anchor\" id=\"price\"><\/div><div class=\"fusion-text fusion-text-2\" style=\"transform:translate3d(0,0,0);\"><h4>Saison:<\/h4>\n<p>T\u00e4glich und ganzj\u00e4hrig<\/p>\n<h4><strong>Preise:<\/strong><\/h4>\n<p>ab 2 Personen 125<strong><span style=\"font-weight: 400;\">\u00a0EUR \/ pro Person. M\u00f6glich Transfer aus P\u00e4rnu.<\/span><\/strong><strong><span style=\"font-weight: 400;\">\u00a0<\/span><\/strong><\/p>\n<h4><strong>Leistungen<\/strong><\/h4>\n<ul>\n<li>Ausr\u00fcstung,<\/li>\n<li>Begleitung in Englisch\/Deutsch<\/li>\n<li>Essen in der Wildnis<\/li>\n<\/ul>\n<\/div><div class=\"fusion-clearfix\"><\/div><\/div><\/div><\/div><\/div>\n","protected":false},"excerpt":{"rendered":"<p>Auf unserer Tagestour in den Lahemaa Nationalpark entdecken Sie bei einer Moorschuhwanderung die einzigartige Landschaft der Hochmoore und erkunden mit ihrem Wanderf\u00fchrer die wichtigsten Sehensw\u00fcrdigkeiten des Nationalparks, wie die n\u00f6rdliche K\u00fcstenlandschaft, Taigawald, die Herrenh\u00e4user und Fischerd\u00f6rfer.<\/p>\n","protected":false},"featured_media":22217,"comment_status":"open","ping_status":"closed","template":"","meta":[],"product_cat":[472,467,466,460,449,468],"product_tag":[],"class_list":["post-22216","product","type-product","status-publish","has-post-thumbnail","hentry","product_cat-estland","product_cat-kanu-kajak","product_cat-multiaktivreisen","product_cat-reisen","product_cat-braun-baer-touren","product_cat-wandern"],"yoast_head":"<!-- This site is optimized with the Yoast SEO plugin v21.8 - https:\/\/yoast.com\/wordpress\/plugins\/seo\/ -->\n<title>Outdoor Abenteuer in der Soomaa Nationalpark: Kanutour und Moorwanderung 1 Tag - ActivEst<\/title>\n<meta name=\"robots\" content=\"index, follow, max-snippet:-1, max-image-preview:large, max-video-preview:-1\" \/>\n<link rel=\"canonical\" href=\"https:\/\/activest.ee\/toode\/outdoor-abenteuer-in-der-soomaa-nationalpark-kanutour-und-moorwanderung-1-tag\/\" \/>\n<meta property=\"og:locale\" content=\"et_EE\" \/>\n<meta property=\"og:type\" content=\"article\" \/>\n<meta property=\"og:title\" content=\"Outdoor Abenteuer in der Soomaa Nationalpark: Kanutour und Moorwanderung 1 Tag - ActivEst\" \/>\n<meta property=\"og:description\" content=\"Auf unserer Tagestour in den Lahemaa Nationalpark entdecken Sie bei einer Moorschuhwanderung die einzigartige Landschaft der Hochmoore und erkunden mit ihrem Wanderf\u00fchrer die wichtigsten Sehensw\u00fcrdigkeiten des Nationalparks, wie die n\u00f6rdliche K\u00fcstenlandschaft, Taigawald, die Herrenh\u00e4user und Fischerd\u00f6rfer.\" \/>\n<meta property=\"og:url\" content=\"https:\/\/activest.ee\/toode\/outdoor-abenteuer-in-der-soomaa-nationalpark-kanutour-und-moorwanderung-1-tag\/\" \/>\n<meta property=\"og:site_name\" content=\"ActivEst\" \/>\n<meta property=\"article:modified_time\" content=\"2024-01-29T08:34:39+00:00\" \/>\n<meta property=\"og:image\" content=\"https:\/\/activest.ee\/wp-content\/uploads\/2020\/11\/canoe-rental.jpg\" \/>\n\t<meta property=\"og:image:width\" content=\"1600\" \/>\n\t<meta property=\"og:image:height\" content=\"1066\" \/>\n\t<meta property=\"og:image:type\" content=\"image\/jpeg\" \/>\n<meta name=\"twitter:card\" content=\"summary_large_image\" \/>\n<meta name=\"twitter:label1\" content=\"Est. reading time\" \/>\n\t<meta name=\"twitter:data1\" content=\"3 minutit\" \/>\n<script type=\"application\/ld+json\" class=\"yoast-schema-graph\">{\"@context\":\"https:\/\/schema.org\",\"@graph\":[{\"@type\":\"WebPage\",\"@id\":\"https:\/\/activest.ee\/toode\/outdoor-abenteuer-in-der-soomaa-nationalpark-kanutour-und-moorwanderung-1-tag\/\",\"url\":\"https:\/\/activest.ee\/toode\/outdoor-abenteuer-in-der-soomaa-nationalpark-kanutour-und-moorwanderung-1-tag\/\",\"name\":\"Outdoor Abenteuer in der Soomaa Nationalpark: Kanutour und Moorwanderung 1 Tag - ActivEst\",\"isPartOf\":{\"@id\":\"https:\/\/activest.ee\/#website\"},\"datePublished\":\"2020-11-27T15:42:07+00:00\",\"dateModified\":\"2024-01-29T08:34:39+00:00\",\"breadcrumb\":{\"@id\":\"https:\/\/activest.ee\/toode\/outdoor-abenteuer-in-der-soomaa-nationalpark-kanutour-und-moorwanderung-1-tag\/#breadcrumb\"},\"inLanguage\":\"et\",\"potentialAction\":[{\"@type\":\"ReadAction\",\"target\":[\"https:\/\/activest.ee\/toode\/outdoor-abenteuer-in-der-soomaa-nationalpark-kanutour-und-moorwanderung-1-tag\/\"]}]},{\"@type\":\"BreadcrumbList\",\"@id\":\"https:\/\/activest.ee\/toode\/outdoor-abenteuer-in-der-soomaa-nationalpark-kanutour-und-moorwanderung-1-tag\/#breadcrumb\",\"itemListElement\":[{\"@type\":\"ListItem\",\"position\":1,\"name\":\"Home\",\"item\":\"https:\/\/www.activest.ee\/et\/\"},{\"@type\":\"ListItem\",\"position\":2,\"name\":\"Shop\",\"item\":\"https:\/\/activest.ee\/et\/shop-2\/\"},{\"@type\":\"ListItem\",\"position\":3,\"name\":\"Outdoor Abenteuer in der Soomaa Nationalpark: Kanutour und Moorwanderung 1 Tag\"}]},{\"@type\":\"WebSite\",\"@id\":\"https:\/\/activest.ee\/#website\",\"url\":\"https:\/\/activest.ee\/\",\"name\":\"ActivEst\",\"description\":\"Tuurid, perepuhkus, loodusretked, seiklusretked\",\"potentialAction\":[{\"@type\":\"SearchAction\",\"target\":{\"@type\":\"EntryPoint\",\"urlTemplate\":\"https:\/\/activest.ee\/?s={search_term_string}\"},\"query-input\":\"required name=search_term_string\"}],\"inLanguage\":\"et\"}]}<\/script>\n<!-- \/ Yoast SEO plugin. -->","yoast_head_json":{"title":"Outdoor Abenteuer in der Soomaa Nationalpark: Kanutour und Moorwanderung 1 Tag - ActivEst","robots":{"index":"index","follow":"follow","max-snippet":"max-snippet:-1","max-image-preview":"max-image-preview:large","max-video-preview":"max-video-preview:-1"},"canonical":"https:\/\/activest.ee\/toode\/outdoor-abenteuer-in-der-soomaa-nationalpark-kanutour-und-moorwanderung-1-tag\/","og_locale":"et_EE","og_type":"article","og_title":"Outdoor Abenteuer in der Soomaa Nationalpark: Kanutour und Moorwanderung 1 Tag - ActivEst","og_description":"Auf unserer Tagestour in den Lahemaa Nationalpark entdecken Sie bei einer Moorschuhwanderung die einzigartige Landschaft der Hochmoore und erkunden mit ihrem Wanderf\u00fchrer die wichtigsten Sehensw\u00fcrdigkeiten des Nationalparks, wie die n\u00f6rdliche K\u00fcstenlandschaft, Taigawald, die Herrenh\u00e4user und Fischerd\u00f6rfer.","og_url":"https:\/\/activest.ee\/toode\/outdoor-abenteuer-in-der-soomaa-nationalpark-kanutour-und-moorwanderung-1-tag\/","og_site_name":"ActivEst","article_modified_time":"2024-01-29T08:34:39+00:00","og_image":[{"width":1600,"height":1066,"url":"https:\/\/activest.ee\/wp-content\/uploads\/2020\/11\/canoe-rental.jpg","type":"image\/jpeg"}],"twitter_card":"summary_large_image","twitter_misc":{"Est. reading time":"3 minutit"},"schema":{"@context":"https:\/\/schema.org","@graph":[{"@type":"WebPage","@id":"https:\/\/activest.ee\/toode\/outdoor-abenteuer-in-der-soomaa-nationalpark-kanutour-und-moorwanderung-1-tag\/","url":"https:\/\/activest.ee\/toode\/outdoor-abenteuer-in-der-soomaa-nationalpark-kanutour-und-moorwanderung-1-tag\/","name":"Outdoor Abenteuer in der Soomaa Nationalpark: Kanutour und Moorwanderung 1 Tag - ActivEst","isPartOf":{"@id":"https:\/\/activest.ee\/#website"},"datePublished":"2020-11-27T15:42:07+00:00","dateModified":"2024-01-29T08:34:39+00:00","breadcrumb":{"@id":"https:\/\/activest.ee\/toode\/outdoor-abenteuer-in-der-soomaa-nationalpark-kanutour-und-moorwanderung-1-tag\/#breadcrumb"},"inLanguage":"et","potentialAction":[{"@type":"ReadAction","target":["https:\/\/activest.ee\/toode\/outdoor-abenteuer-in-der-soomaa-nationalpark-kanutour-und-moorwanderung-1-tag\/"]}]},{"@type":"BreadcrumbList","@id":"https:\/\/activest.ee\/toode\/outdoor-abenteuer-in-der-soomaa-nationalpark-kanutour-und-moorwanderung-1-tag\/#breadcrumb","itemListElement":[{"@type":"ListItem","position":1,"name":"Home","item":"https:\/\/www.activest.ee\/et\/"},{"@type":"ListItem","position":2,"name":"Shop","item":"https:\/\/activest.ee\/et\/shop-2\/"},{"@type":"ListItem","position":3,"name":"Outdoor Abenteuer in der Soomaa Nationalpark: Kanutour und Moorwanderung 1 Tag"}]},{"@type":"WebSite","@id":"https:\/\/activest.ee\/#website","url":"https:\/\/activest.ee\/","name":"ActivEst","description":"Tuurid, perepuhkus, loodusretked, seiklusretked","potentialAction":[{"@type":"SearchAction","target":{"@type":"EntryPoint","urlTemplate":"https:\/\/activest.ee\/?s={search_term_string}"},"query-input":"required name=search_term_string"}],"inLanguage":"et"}]}},"_links":{"self":[{"href":"https:\/\/activest.ee\/et\/wp-json\/wp\/v2\/product\/22216","targetHints":{"allow":["GET"]}}],"collection":[{"href":"https:\/\/activest.ee\/et\/wp-json\/wp\/v2\/product"}],"about":[{"href":"https:\/\/activest.ee\/et\/wp-json\/wp\/v2\/types\/product"}],"replies":[{"embeddable":true,"href":"https:\/\/activest.ee\/et\/wp-json\/wp\/v2\/comments?post=22216"}],"wp:featuredmedia":[{"embeddable":true,"href":"https:\/\/activest.ee\/et\/wp-json\/wp\/v2\/media\/22217"}],"wp:attachment":[{"href":"https:\/\/activest.ee\/et\/wp-json\/wp\/v2\/media?parent=22216"}],"wp:term":[{"taxonomy":"product_cat","embeddable":true,"href":"https:\/\/activest.ee\/et\/wp-json\/wp\/v2\/product_cat?post=22216"},{"taxonomy":"product_tag","embeddable":true,"href":"https:\/\/activest.ee\/et\/wp-json\/wp\/v2\/product_tag?post=22216"}],"curies":[{"name":"wp","href":"https:\/\/api.w.org\/{rel}","templated":true}]}}