{"id":22179,"date":"2020-11-26T17:38:23","date_gmt":"2020-11-26T15:38:23","guid":{"rendered":"https:\/\/activest.ee\/?post_type=product&#038;p=22179"},"modified":"2021-10-23T11:40:32","modified_gmt":"2021-10-23T08:40:32","slug":"sommerreise-in-finnland-fuer-familien-7-tage","status":"publish","type":"product","link":"https:\/\/activest.ee\/et\/toode\/sommerreise-in-finnland-fuer-familien-7-tage\/","title":{"rendered":"Sommerreise in Finnland f\u00fcr Familien 7 Tage"},"content":{"rendered":"<div class=\"fusion-fullwidth fullwidth-box fusion-builder-row-1 nonhundred-percent-fullwidth non-hundred-percent-height-scrolling\" style=\"background-color: rgba(255,255,255,0);background-position: center center;background-repeat: no-repeat;padding-top:0px;padding-right:0px;padding-bottom:0px;padding-left:0px;margin-bottom: 0px;margin-top: 0px;border-width: 0px 0px 0px 0px;border-color:#eae9e9;border-style:solid;\" ><div class=\"fusion-builder-row fusion-row\"><div class=\"fusion-layout-column fusion_builder_column fusion-builder-column-0 fusion_builder_column_1_1 1_1 fusion-one-full fusion-column-first fusion-column-last\" style=\"margin-top:0px;margin-bottom:20px;\"><div class=\"fusion-column-wrapper fusion-flex-column-wrapper-legacy\" style=\"background-position:left top;background-repeat:no-repeat;-webkit-background-size:cover;-moz-background-size:cover;-o-background-size:cover;background-size:cover;padding: 0px 0px 0px 0px;\"><div class=\"fusion-button-wrapper\"><style type=\"text\/css\">.fusion-button.button-1 {border-radius:2px;}<\/style><a class=\"fusion-button button-flat fusion-button-default-size button-default button-1 fusion-button-default-span fusion-button-default-type\" target=\"_self\" href=\"#description\"><span class=\"fusion-button-text\">Reisebeschreibung<\/span><\/a><\/div><div class=\"fusion-button-wrapper\"><style type=\"text\/css\">.fusion-button.button-2 {border-radius:2px;}<\/style><a class=\"fusion-button button-flat fusion-button-default-size button-default button-2 fusion-button-default-span fusion-button-default-type\" target=\"_self\" href=\"#detailed\"><span class=\"fusion-button-text\">Detailbeschreibung<\/span><\/a><\/div><div class=\"fusion-button-wrapper\"><style type=\"text\/css\">.fusion-button.button-3 {border-radius:2px;}<\/style><a class=\"fusion-button button-flat fusion-button-default-size button-default button-3 fusion-button-default-span fusion-button-default-type\" target=\"_self\" href=\"#price\"><span class=\"fusion-button-text\">Termine und Preis<\/span><\/a><\/div><div class=\"fusion-clearfix\"><\/div><\/div><\/div><div class=\"fusion-layout-column fusion_builder_column fusion-builder-column-1 fusion_builder_column_1_1 1_1 fusion-one-full fusion-column-first fusion-column-last\" style=\"margin-top:0px;margin-bottom:20px;\"><div class=\"fusion-column-wrapper fusion-flex-column-wrapper-legacy\" style=\"background-position:left top;background-repeat:no-repeat;-webkit-background-size:cover;-moz-background-size:cover;-o-background-size:cover;background-size:cover;padding: 0px 0px 0px 0px;\"><div class=\"fusion-text fusion-text-1\" style=\"transform:translate3d(0,0,0);\"><\/div><div class=\"fusion-clearfix\"><\/div><\/div><\/div><div class=\"fusion-layout-column fusion_builder_column fusion-builder-column-2 fusion_builder_column_1_1 1_1 fusion-one-full fusion-column-first fusion-column-last\" style=\"margin-top:0px;margin-bottom:20px;\"><div class=\"fusion-column-wrapper fusion-flex-column-wrapper-legacy\" style=\"background-position:left top;background-repeat:no-repeat;-webkit-background-size:cover;-moz-background-size:cover;-o-background-size:cover;background-size:cover;padding: 0px 0px 0px 0px;\"><div class=\"fusion-menu-anchor\" id=\"description\"><\/div><div class=\"fusion-text fusion-text-2\" style=\"transform:translate3d(0,0,0);\"><h2><strong>H\u00f6hepunkte:<\/strong><\/h2>\n<ul>\n<li>Natur &amp; Tiere im Hossa Nationalpark<\/li>\n<li>Spannende B\u00e4rensafari<\/li>\n<li>Bootsfahrt auf dem Julma-\u00d6lkky Canyon<\/li>\n<li>Seejahrtausendalte V\u00e4rikallio-Felsmalereien<\/li>\n<li>Besuch einer RentierfarmKanutour mit Picknick am Lagerfeuer<\/li>\n<li>Baden in klaren Seen<\/li>\n<li>Entspannung in einer finnischen Sauna<\/li>\n<li>Wanderungen und Entdeckunstouren im Wald<\/li>\n<\/ul>\n<p>Neben den inkludierten Ausfl\u00fcgen k\u00f6nnen die Familien auch weitere individuelle Aktivit\u00e4ten unternehmen. Nach dem gemeinsamen Abendessen steht den Familien zur Entspannung eine traditionelle finnische Sauna zur Verf\u00fcgung.<\/p>\n<\/div><div class=\"fusion-clearfix\"><\/div><\/div><\/div><div class=\"fusion-layout-column fusion_builder_column fusion-builder-column-3 fusion_builder_column_1_1 1_1 fusion-one-full fusion-column-first fusion-column-last\" style=\"margin-top:0px;margin-bottom:20px;\"><div class=\"fusion-column-wrapper fusion-flex-column-wrapper-legacy\" style=\"background-position:left top;background-repeat:no-repeat;-webkit-background-size:cover;-moz-background-size:cover;-o-background-size:cover;background-size:cover;padding: 0px 0px 0px 0px;\"><div class=\"fusion-menu-anchor\" id=\"detailed\"><\/div><div class=\"fusion-text fusion-text-3\" style=\"transform:translate3d(0,0,0);\"><h2>1. Tag:\u00a0 Ankunft in Finnland<\/h2>\n<p><span style=\"font-weight: 400;\"><strong>Flug nach Kuusamo (nicht inkludiert), Transfer zur Unterkunft, Kennenlernen des Reiseleiters.<\/strong>\u00a0<\/span><\/p>\n<p>Nach Ankunft am Flughafen Kuusamo (Flug nicht im Preis inkludiert) werden wir zu unserer Unterkunft im Hossa Nationalpark gebracht und checken in unserer Blockh\u00fctte ein. Wir haben Zeit anzukommen, die Umgebung zu erkunden und lernen beim gemeinsamen Abendessen die anderen Teilnehmer kennen. Unser Reiseleiter erkl\u00e4rt uns das Programm der Ferienwoche und wir lassen den ersten Abend gem\u00fctlich ausklingen.<\/p>\n<p>Transfers: ca. 1 Std. (ohne Flug)<br \/>\nVerpflegung: A<\/p>\n<h2>2. Tag:\u00a0<b>Canyon Lake und Felsmalereien<\/b><\/h2>\n<p><strong>Bootsfahrt zu den Klippen, die gr\u00f6\u00dften pr\u00e4historischen Gem\u00e4lde Finnlands, Picknick am Lagerfeuer, Wanderung durch den Wald.<\/strong><\/p>\n<p>Die Woche beginnt mit einem Besuch des ber\u00fchmten Julma-\u00d6lkky-Canyon-Sees. Der Julma-\u00d6lkky Canyon ist eines der attraktivsten Ausflugsziele des Hossa Nationalparks und schon zwei Milliarden Jahre alt. Das mehrere Kilometer lange Tal wird zu beiden Seiten von steilen Felsw\u00e4nden begrenzt. \u00dcber 3 km zieht sich der Canyon-See, der an seiner schmalsten Stelle gerade mal 10 m misst. Wir unternehmen eine halbst\u00fcndige Bootsfahrt, um die imposanten Klippen zu besichtigen. Dann wandern wir ca. 4 km, um die V\u00e4rikallio-Klippen mit alten, schamanistischen Felsmalereien aus 4000 Jahren von Nahem zu erkunden. Die Felsmalereien sind die gr\u00f6\u00dften pr\u00e4historischen Gem\u00e4lde in Finnland. Sie sind mindestens 4000 Jahre alt. Mehr als 60 identifizierbare Figuren stellen Fisch- und Jagdszenen nach und bilden so das Weltbild der Steinzeitmenschen ab.<\/p>\n<p>Bei einem Picknick am offenen Feuer machen wir eine entspannte Pause, genie\u00dfen die Natur und ruhen uns etwas aus, bevor wir nochmal ca. 3 km weiter wandern durch den wundersch\u00f6nen Kiefern- und Fichtenwald zur\u00fcck zu unserer Unterkunft.<\/p>\n<p>Verpflegung: F\/P\/A<\/p>\n<h2>3. Tag:\u00a0<b><\/b>Besuch bei den Rentieren<\/h2>\n<p><strong>Rentiere f\u00fcttern und streicheln, Lasso-Werfen, Nutzung und Haltung der Tiere.<\/strong><\/p>\n<p>Heute besuchen wir eine Rentierfarm im Dorf Hossa. Wir gehen ca. 4 km entlang der K\u00e4mme und am Seeufer zu der Farm, wo wir die halbzahmen Tiere treffen. Das Rentier ist das unangefochtene Symbol Lapplands und weltweit als Helfer des Weihnachtsmannes bekannt. Im Norden Finnlands begegnet man ihnen auch h\u00e4ufig auf der Stra\u00dfe.<\/p>\n<p>Wir d\u00fcrfen die Rentiere f\u00fcttern und streicheln und erfahren mehr \u00fcber die Rentierhaltung und Nutzung. Hier wird alles verwendet: das Fleisch, die Milch, das Geweih und nat\u00fcrlich das warme Fell. Es gibt nichts besseres, um K\u00e4lte und Feuchtigkeit abzuhalten. Wir k\u00f6nnen auf der Farm auch unsere F\u00e4higkeiten beim Lasso-Werfen ausprobieren und erhalten ein schmackhaftes Mittagessen, nat\u00fcrlich aus Rentierfleisch, welches frisch f\u00fcr uns zubereitet wird. Bevor wir zur\u00fcck zu unserer Unterkunft kehren, k\u00f6nnen wir vielleicht noch ein paar Souvenirs und Reiseandenken erwerben. Der Nachmittag und Abend stehen zur freien Verf\u00fcgung. Wie an jedem anderen Abend k\u00f6nnen wir heute auch noch eine Runde in der Sauna entspannen.<\/p>\n<p>Verpflegung: F\/M\/A<\/p>\n<h2>4. Tag:\u00a0<b><\/b>Freizeit f\u00fcr individuelle Aktivit\u00e4ten<\/h2>\n<p><strong>Wandern im Hossa Nationalpark, Fatbikes ausleihen, Stand-up-paddling, Bootstour.<\/strong><\/p>\n<p>Heute k\u00f6nnen wir unser Programm selbst gestalten! Im Hossa Nationalpark gibt es viele tolle Wanderwege \u2013 gern gibt Ihnen der Reiseleiter Tipps f\u00fcr die beste Route. Der Nationalpark wird von einem 90 km umfassenden Netz von Wanderwegen durchzogen. Darunter sind auch etliche Rundwege, beispielsweise ein in der N\u00e4he des Naturzentrums um den Teich Huosilampi und einen kleinen Toteiskessel herumf\u00fchrender, 3 km langer Naturlehrpfad. Im August finden Sie im Wald auch leckere Heidelbeeren und Preiselbeeren.<\/p>\n<p>Wer m\u00f6chte kann den Tag auch mit einem anderen, individuellen Programm auf eigen Faust planen: Fatbikes, Stand-up-paddlings und Boote stehen zur Verf\u00fcgung. Im See kann man wunderbar schwimmen gehen. Das kristallklare Wasser ist ideal f\u00fcr den Fischfang.<\/p>\n<p>Verpflegung: F\/M\/A<\/p>\n<h2>5. Tag:\u00a0<b><\/b>Kanutour<\/h2>\n<p><strong>3 st\u00fcndige Kanutour in offenen Indianerkanus, Baden im See.<\/strong><\/p>\n<p>Heute steht eine spannende Kanutour auf dem Programm. Wir paddeln ca. 3 Stunden mit offenen Indianerkanus durch die sch\u00f6nen Landschaften. Der Hossa Nationaplark ist eines der besten Wasserwandergebiete Finnlands und die zahlreichen Seen und Fl\u00fcsse bieten hervorragende M\u00f6glichkeiten zum Paddeln. Am Seeufer liegen oft Feuerstellen, die von Wanderern und Bootsfahrern gleicherma\u00dfen genutzt werden k\u00f6nnen. Hier machen wir am Lagerfeuer auch eine Picknickpause.<\/p>\n<p>Am Nachmittag kehren wir zur\u00fcck zu unserem Quartier. Wer Lust hat, kann sich eine Runde im SUP (Stand up paddeling ausprobieren) und noch eine Runde baden gehen.<\/p>\n<p>Verpflegung: F\/P\/A<\/p>\n<h2>6. Tag:\u00a0<b><\/b>Eine Grenzerfahrung und B\u00e4ren-Beobachtung<\/h2>\n<p><b><small>Fahrt an die russische Grenze, Beobachtung von B\u00e4ren in der freien Natur, Abschiedsabendessen.<\/small><\/b><\/p>\n<p>Heute steht zum Abschluss der Reise ein echtes Highlight auf dem Programm: Wir fahren zu einer B\u00e4ren-Beobachtungsstation nahe der russischen Grenze. In diesem unbewohnten Gebiet gibt es Kiefern, F\u00f6hren und Birken soweit das Auge reicht und auch B\u00e4ren.<\/p>\n<p>Auf dem Arola-Hof von Helenas und Eeros wurden fr\u00fcher Milchk\u00fche gehalten. Heute ist der Arola-Hof f\u00fcr seine ausgezeichnete regionale K\u00fcche bekannt. Der Hof ist von einsamen W\u00e4ldern umgeben in der von Eeros erbauten Schutzh\u00fctte kann man die majest\u00e4tischen Braunb\u00e4ren beobachten. Der sichere Unterschlupf bietet Sitzgelegenheiten und Kamera-Schlitze. Hier k\u00f6nnen Braunb\u00e4ren aber auch Adler und F\u00fcchse in der freien Natur beobachtet und fotografiert werden. Die Anspannung steigt \u2026 Auch wenn die B\u00e4rensichtung nicht garantiert werden kann, sind die Chancen hoch, einen der m\u00e4chtigen K\u00f6nige des Waldes zu beobachten. Mit etwas Gl\u00fcck erleben wir den unvergesslichen Moment und sehen den B\u00e4ren beim gem\u00e4chlichen Umherlaufen und Fressen.<\/p>\n<p>Bevor wir abends wieder zur\u00fcck nach Hossa fahren, genie\u00dfen wir noch ein gutes gemeinsames Abschiedsabendessen aus regionalen Spezialit\u00e4ten. Die Zutaten stammen vom eigenen Hof und aus der Umgebung. Das Brot wird im holzbeheizten Backofen in der Stube des historischen Bauernhauses gebacken.<\/p>\n<p>Verpflegung: F\/M\/A<\/p>\n<h2>7. Tag:\u00a0<b><\/b>Abreise<\/h2>\n<p><b><small>Fahrt zum Flughafen nach Kuusamo \u2022 R\u00fcckflug (nicht inkludiert) \u2022 optionale Verl\u00e4ngerung in Helsinki<\/small><\/b><\/p>\n<p>Nach dem Fr\u00fchst\u00fcck hei\u00dft es Abschied nehmen. Wir werden zum Kuusamo Flughafen f\u00fcr unseren R\u00fcckflug \u00fcber Helsinki gebracht. Wer m\u00f6chte, kann die Reise gern individuell in Helsinki verl\u00e4ngern. Gern erstellen wir Ihnen ein individuelles Angebot f\u00fcr unser Verl\u00e4ngerungspaket im Helsinki City Hotel inkl. einer Stadtbesichtigung mit lokalem Guide.<\/p>\n<p>Transfers: ca. 1 Std.<br \/>\nVerpflegung: F<\/p>\n<\/div><div class=\"fusion-clearfix\"><\/div><\/div><\/div><div class=\"fusion-layout-column fusion_builder_column fusion-builder-column-4 fusion_builder_column_1_1 1_1 fusion-one-full fusion-column-first fusion-column-last\" style=\"margin-top:0px;margin-bottom:20px;\"><div class=\"fusion-column-wrapper fusion-flex-column-wrapper-legacy\" style=\"background-position:left top;background-repeat:no-repeat;-webkit-background-size:cover;-moz-background-size:cover;-o-background-size:cover;background-size:cover;padding: 0px 0px 0px 0px;\"><div class=\"fusion-menu-anchor\" id=\"price\"><\/div><div class=\"fusion-text fusion-text-4\" style=\"transform:translate3d(0,0,0);\"><h2>Termine:<\/h2>\n<ul>\n<li>25.07. \u201331.07.2022.<\/li>\n<li>08.08. \u201314.08.2022.<\/li>\n<\/ul>\n<h2>Preis<\/h2>\n<p>Kind(6-14) 1199\u20ac; Erwachsene 1449\u20ac inklusive:<\/p>\n<ul>\n<li>6 bis 15 Teilnehmer (Absagevorbehalt bei Nichterreichen der Mindestteilnehmerzahl: 28 Tage vor Reisebeginn)<\/li>\n<li>Deutsch sprechende Reiseleitung<\/li>\n<li>6 \u00dcbernachtungen in einfgacher Blockh\u00fctte<\/li>\n<li>Verpflegung laut Programm (F = Fr\u00fchst\u00fcck, M= Mittagessen, P = Picknick, A = Abendessen)<\/li>\n<li>Alle Ausfl\u00fcge und Besichtigungen lt. Programm inkl. Eintrittsgelder (au\u00dfer optionale Angebote)<\/li>\n<li>Alle Fahrten und Transfers laut Programm<\/li>\n<li>1 Gruppentransfer bei Ankunft und Abreise zum Flughafen Kuusamo, individuelle Transfers gegen Geb\u00fchr<\/li>\n<li>T\u00e4gliche Sauna (nicht in der H\u00fctte, separates Geb\u00e4ude)<\/li>\n<li>20 Euro Spende pro Familie f\u00fcr die For Family Reisen-Hilfsprojekte<\/li>\n<\/ul>\n<p>EXTRAS<\/p>\n<ul>\n<li>An- und Abreise (Fl\u00fcge und Zug zum Flug k\u00f6nnen gern \u00fcber uns gebucht werden)<\/li>\n<li>Optionale Ausfl\u00fcge und Eintritte (alle Aktivit\u00e4ten sind vor Reiseantritt zu buchen)<\/li>\n<li>Reiser\u00fccktrittskostenversicherung<\/li>\n<li>Trinkgelder, teilweise Verpflegung und pers\u00f6nliche Ausgaben<\/li>\n<\/ul>\n<\/div><div class=\"fusion-clearfix\"><\/div><\/div><\/div><\/div><\/div>\n","protected":false},"excerpt":{"rendered":"<p>Dieser aktive Sommerurlaub in Finnland ist ein tolles Naturerlebnis f\u00fcr die ganze Familie. Wir haben einfache Aktivit\u00e4ten zusammengestellt, die leicht auf die W\u00fcnsche jeder Gruppe zugeschnitten werden k\u00f6nnen. Wir \u00fcbernachten eine Woche direkt im ber\u00fchmten Hossa Nationalpark in einem komfortablen Blockhaus. Mit kleinen Fl\u00fcssen und etwa 130 klaren Seen, Kiefernw\u00e4ldern und Moorgebieten gibt es hier in der herrlich abgeschiedenen Natur viel zu entdecken. Zahlreiche Tiere wie Rentiere und Rehe, aber auch B\u00e4ren, Stein- und Seeadler f\u00fchlen sich hier wohl. Jeden Tag steht eine andere Aktivit\u00e4t auf dem Programm unserer Ferienwoche, bei der wir von unserem einheimischen Guide begleitet werden. Wir machen eine Kanutour, besuchen eine Rentierfarm, Wandern im Nationalpark und erleben zum Abschluss als Highlight der Familienreise eine spannende B\u00e4rensafari, bei der wir mit etwas Gl\u00fcck einen B\u00e4ren in der freien Natur beobachten k\u00f6nnen.<\/p>\n","protected":false},"featured_media":22187,"comment_status":"open","ping_status":"closed","template":"","meta":[],"product_cat":[458,475,467,466,460,457,468],"product_tag":[],"class_list":["post-22179","product","type-product","status-publish","has-post-thumbnail","hentry","product_cat-familienreisen","product_cat-finnland","product_cat-kanu-kajak","product_cat-multiaktivreisen","product_cat-reisen","product_cat-guppenreisen","product_cat-wandern"],"yoast_head":"<!-- This site is optimized with the Yoast SEO plugin v21.8 - https:\/\/yoast.com\/wordpress\/plugins\/seo\/ -->\n<title>Sommerreise in Finnland f\u00fcr Familien 7 Tage - ActivEst<\/title>\n<meta name=\"robots\" content=\"index, follow, max-snippet:-1, max-image-preview:large, max-video-preview:-1\" \/>\n<link rel=\"canonical\" href=\"https:\/\/www.activest.ee\/et\/toode\/sommerreise-in-finnland-fuer-familien-7-tage\/\" \/>\n<meta property=\"og:locale\" content=\"et_EE\" \/>\n<meta property=\"og:type\" content=\"article\" \/>\n<meta property=\"og:title\" content=\"Sommerreise in Finnland f\u00fcr Familien 7 Tage - ActivEst\" \/>\n<meta property=\"og:description\" content=\"Dieser aktive Sommerurlaub in Finnland ist ein tolles Naturerlebnis f\u00fcr die ganze Familie. Wir haben einfache Aktivit\u00e4ten zusammengestellt, die leicht auf die W\u00fcnsche jeder Gruppe zugeschnitten werden k\u00f6nnen. Wir \u00fcbernachten eine Woche direkt im ber\u00fchmten Hossa Nationalpark in einem komfortablen Blockhaus. Mit kleinen Fl\u00fcssen und etwa 130 klaren Seen, Kiefernw\u00e4ldern und Moorgebieten gibt es hier in der herrlich abgeschiedenen Natur viel zu entdecken. Zahlreiche Tiere wie Rentiere und Rehe, aber auch B\u00e4ren, Stein- und Seeadler f\u00fchlen sich hier wohl. Jeden Tag steht eine andere Aktivit\u00e4t auf dem Programm unserer Ferienwoche, bei der wir von unserem einheimischen Guide begleitet werden. Wir machen eine Kanutour, besuchen eine Rentierfarm, Wandern im Nationalpark und erleben zum Abschluss als Highlight der Familienreise eine spannende B\u00e4rensafari, bei der wir mit etwas Gl\u00fcck einen B\u00e4ren in der freien Natur beobachten k\u00f6nnen.\" \/>\n<meta property=\"og:url\" content=\"https:\/\/www.activest.ee\/et\/toode\/sommerreise-in-finnland-fuer-familien-7-tage\/\" \/>\n<meta property=\"og:site_name\" content=\"ActivEst\" \/>\n<meta property=\"article:modified_time\" content=\"2021-10-23T08:40:32+00:00\" \/>\n<meta property=\"og:image\" content=\"https:\/\/activest.ee\/wp-content\/uploads\/2020\/11\/20200910_104601-scaled.jpg\" \/>\n\t<meta property=\"og:image:width\" content=\"1920\" \/>\n\t<meta property=\"og:image:height\" content=\"2560\" \/>\n\t<meta property=\"og:image:type\" content=\"image\/jpeg\" \/>\n<meta name=\"twitter:card\" content=\"summary_large_image\" \/>\n<meta name=\"twitter:label1\" content=\"Est. reading time\" \/>\n\t<meta name=\"twitter:data1\" content=\"14 minutit\" \/>\n<script type=\"application\/ld+json\" class=\"yoast-schema-graph\">{\"@context\":\"https:\/\/schema.org\",\"@graph\":[{\"@type\":\"WebPage\",\"@id\":\"https:\/\/www.activest.ee\/et\/toode\/sommerreise-in-finnland-fuer-familien-7-tage\/\",\"url\":\"https:\/\/www.activest.ee\/et\/toode\/sommerreise-in-finnland-fuer-familien-7-tage\/\",\"name\":\"Sommerreise in Finnland f\u00fcr Familien 7 Tage - ActivEst\",\"isPartOf\":{\"@id\":\"https:\/\/activest.ee\/en\/#website\"},\"datePublished\":\"2020-11-26T15:38:23+00:00\",\"dateModified\":\"2021-10-23T08:40:32+00:00\",\"breadcrumb\":{\"@id\":\"https:\/\/www.activest.ee\/et\/toode\/sommerreise-in-finnland-fuer-familien-7-tage\/#breadcrumb\"},\"inLanguage\":\"et\",\"potentialAction\":[{\"@type\":\"ReadAction\",\"target\":[\"https:\/\/www.activest.ee\/et\/toode\/sommerreise-in-finnland-fuer-familien-7-tage\/\"]}]},{\"@type\":\"BreadcrumbList\",\"@id\":\"https:\/\/www.activest.ee\/et\/toode\/sommerreise-in-finnland-fuer-familien-7-tage\/#breadcrumb\",\"itemListElement\":[{\"@type\":\"ListItem\",\"position\":1,\"name\":\"Home\",\"item\":\"https:\/\/www.activest.ee\/et\/\"},{\"@type\":\"ListItem\",\"position\":2,\"name\":\"Shop\",\"item\":\"https:\/\/activest.ee\/et\/shop-2\/\"},{\"@type\":\"ListItem\",\"position\":3,\"name\":\"Sommerreise in Finnland f\u00fcr Familien 7 Tage\"}]},{\"@type\":\"WebSite\",\"@id\":\"https:\/\/activest.ee\/en\/#website\",\"url\":\"https:\/\/activest.ee\/en\/\",\"name\":\"ActivEst\",\"description\":\"Tuurid, perepuhkus, loodusretked, seiklusretked\",\"potentialAction\":[{\"@type\":\"SearchAction\",\"target\":{\"@type\":\"EntryPoint\",\"urlTemplate\":\"https:\/\/activest.ee\/en\/?s={search_term_string}\"},\"query-input\":\"required name=search_term_string\"}],\"inLanguage\":\"et\"}]}<\/script>\n<!-- \/ Yoast SEO plugin. -->","yoast_head_json":{"title":"Sommerreise in Finnland f\u00fcr Familien 7 Tage - ActivEst","robots":{"index":"index","follow":"follow","max-snippet":"max-snippet:-1","max-image-preview":"max-image-preview:large","max-video-preview":"max-video-preview:-1"},"canonical":"https:\/\/www.activest.ee\/et\/toode\/sommerreise-in-finnland-fuer-familien-7-tage\/","og_locale":"et_EE","og_type":"article","og_title":"Sommerreise in Finnland f\u00fcr Familien 7 Tage - ActivEst","og_description":"Dieser aktive Sommerurlaub in Finnland ist ein tolles Naturerlebnis f\u00fcr die ganze Familie. Wir haben einfache Aktivit\u00e4ten zusammengestellt, die leicht auf die W\u00fcnsche jeder Gruppe zugeschnitten werden k\u00f6nnen. Wir \u00fcbernachten eine Woche direkt im ber\u00fchmten Hossa Nationalpark in einem komfortablen Blockhaus. Mit kleinen Fl\u00fcssen und etwa 130 klaren Seen, Kiefernw\u00e4ldern und Moorgebieten gibt es hier in der herrlich abgeschiedenen Natur viel zu entdecken. Zahlreiche Tiere wie Rentiere und Rehe, aber auch B\u00e4ren, Stein- und Seeadler f\u00fchlen sich hier wohl. Jeden Tag steht eine andere Aktivit\u00e4t auf dem Programm unserer Ferienwoche, bei der wir von unserem einheimischen Guide begleitet werden. Wir machen eine Kanutour, besuchen eine Rentierfarm, Wandern im Nationalpark und erleben zum Abschluss als Highlight der Familienreise eine spannende B\u00e4rensafari, bei der wir mit etwas Gl\u00fcck einen B\u00e4ren in der freien Natur beobachten k\u00f6nnen.","og_url":"https:\/\/www.activest.ee\/et\/toode\/sommerreise-in-finnland-fuer-familien-7-tage\/","og_site_name":"ActivEst","article_modified_time":"2021-10-23T08:40:32+00:00","og_image":[{"width":1920,"height":2560,"url":"https:\/\/activest.ee\/wp-content\/uploads\/2020\/11\/20200910_104601-scaled.jpg","type":"image\/jpeg"}],"twitter_card":"summary_large_image","twitter_misc":{"Est. reading time":"14 minutit"},"schema":{"@context":"https:\/\/schema.org","@graph":[{"@type":"WebPage","@id":"https:\/\/www.activest.ee\/et\/toode\/sommerreise-in-finnland-fuer-familien-7-tage\/","url":"https:\/\/www.activest.ee\/et\/toode\/sommerreise-in-finnland-fuer-familien-7-tage\/","name":"Sommerreise in Finnland f\u00fcr Familien 7 Tage - ActivEst","isPartOf":{"@id":"https:\/\/activest.ee\/en\/#website"},"datePublished":"2020-11-26T15:38:23+00:00","dateModified":"2021-10-23T08:40:32+00:00","breadcrumb":{"@id":"https:\/\/www.activest.ee\/et\/toode\/sommerreise-in-finnland-fuer-familien-7-tage\/#breadcrumb"},"inLanguage":"et","potentialAction":[{"@type":"ReadAction","target":["https:\/\/www.activest.ee\/et\/toode\/sommerreise-in-finnland-fuer-familien-7-tage\/"]}]},{"@type":"BreadcrumbList","@id":"https:\/\/www.activest.ee\/et\/toode\/sommerreise-in-finnland-fuer-familien-7-tage\/#breadcrumb","itemListElement":[{"@type":"ListItem","position":1,"name":"Home","item":"https:\/\/www.activest.ee\/et\/"},{"@type":"ListItem","position":2,"name":"Shop","item":"https:\/\/activest.ee\/et\/shop-2\/"},{"@type":"ListItem","position":3,"name":"Sommerreise in Finnland f\u00fcr Familien 7 Tage"}]},{"@type":"WebSite","@id":"https:\/\/activest.ee\/en\/#website","url":"https:\/\/activest.ee\/en\/","name":"ActivEst","description":"Tuurid, perepuhkus, loodusretked, seiklusretked","potentialAction":[{"@type":"SearchAction","target":{"@type":"EntryPoint","urlTemplate":"https:\/\/activest.ee\/en\/?s={search_term_string}"},"query-input":"required name=search_term_string"}],"inLanguage":"et"}]}},"_links":{"self":[{"href":"https:\/\/activest.ee\/et\/wp-json\/wp\/v2\/product\/22179","targetHints":{"allow":["GET"]}}],"collection":[{"href":"https:\/\/activest.ee\/et\/wp-json\/wp\/v2\/product"}],"about":[{"href":"https:\/\/activest.ee\/et\/wp-json\/wp\/v2\/types\/product"}],"replies":[{"embeddable":true,"href":"https:\/\/activest.ee\/et\/wp-json\/wp\/v2\/comments?post=22179"}],"wp:featuredmedia":[{"embeddable":true,"href":"https:\/\/activest.ee\/et\/wp-json\/wp\/v2\/media\/22187"}],"wp:attachment":[{"href":"https:\/\/activest.ee\/et\/wp-json\/wp\/v2\/media?parent=22179"}],"wp:term":[{"taxonomy":"product_cat","embeddable":true,"href":"https:\/\/activest.ee\/et\/wp-json\/wp\/v2\/product_cat?post=22179"},{"taxonomy":"product_tag","embeddable":true,"href":"https:\/\/activest.ee\/et\/wp-json\/wp\/v2\/product_tag?post=22179"}],"curies":[{"name":"wp","href":"https:\/\/api.w.org\/{rel}","templated":true}]}}