{"id":21782,"date":"2020-01-15T20:00:09","date_gmt":"2020-01-15T18:00:09","guid":{"rendered":"https:\/\/activest.ee\/?post_type=product&#038;p=21782"},"modified":"2023-01-17T10:13:30","modified_gmt":"2023-01-17T08:13:30","slug":"silvesterreise-in-estland-fuer-familien-6-tage","status":"publish","type":"product","link":"https:\/\/activest.ee\/et\/toode\/silvesterreise-in-estland-fuer-familien-6-tage\/","title":{"rendered":"Silvesterreise in Estland f\u00fcr Familien 6 Tage"},"content":{"rendered":"<div class=\"fusion-fullwidth fullwidth-box fusion-builder-row-1 nonhundred-percent-fullwidth non-hundred-percent-height-scrolling\" style=\"background-color: rgba(255,255,255,0);background-position: center center;background-repeat: no-repeat;padding-top:0px;padding-right:0px;padding-bottom:0px;padding-left:0px;margin-bottom: 0px;margin-top: 0px;border-width: 0px 0px 0px 0px;border-color:#eae9e9;border-style:solid;\" ><div class=\"fusion-builder-row fusion-row\"><div class=\"fusion-layout-column fusion_builder_column fusion-builder-column-0 fusion_builder_column_1_1 1_1 fusion-one-full fusion-column-first fusion-column-last\" style=\"margin-top:0px;margin-bottom:20px;\"><div class=\"fusion-column-wrapper fusion-flex-column-wrapper-legacy\" style=\"background-position:left top;background-repeat:no-repeat;-webkit-background-size:cover;-moz-background-size:cover;-o-background-size:cover;background-size:cover;padding: 0px 0px 0px 0px;\"><div class=\"fusion-button-wrapper\"><style type=\"text\/css\">.fusion-button.button-1 {border-radius:2px;}<\/style><a class=\"fusion-button button-flat fusion-button-default-size button-default button-1 fusion-button-default-span fusion-button-default-type\" target=\"_self\" href=\"#description\"><span class=\"fusion-button-text\">Reisebeschreibung<\/span><\/a><\/div><div class=\"fusion-button-wrapper\"><style type=\"text\/css\">.fusion-button.button-2 {border-radius:2px;}<\/style><a class=\"fusion-button button-flat fusion-button-default-size button-default button-2 fusion-button-default-span fusion-button-default-type\" target=\"_self\" href=\"#detailed\"><span class=\"fusion-button-text\">Detailbeschreibung<\/span><\/a><\/div><div class=\"fusion-button-wrapper\"><style type=\"text\/css\">.fusion-button.button-3 {border-radius:2px;}<\/style><a class=\"fusion-button button-flat fusion-button-default-size button-default button-3 fusion-button-default-span fusion-button-default-type\" target=\"_self\" href=\"#price\"><span class=\"fusion-button-text\">Termine und Preis<\/span><\/a><\/div><div class=\"fusion-clearfix\"><\/div><\/div><\/div><div class=\"fusion-layout-column fusion_builder_column fusion-builder-column-1 fusion_builder_column_1_1 1_1 fusion-one-full fusion-column-first fusion-column-last\" style=\"margin-top:0px;margin-bottom:20px;\"><div class=\"fusion-column-wrapper fusion-flex-column-wrapper-legacy\" style=\"background-position:left top;background-repeat:no-repeat;-webkit-background-size:cover;-moz-background-size:cover;-o-background-size:cover;background-size:cover;padding: 0px 0px 0px 0px;\"><div class=\"fusion-text fusion-text-1\" style=\"transform:translate3d(0,0,0);\"><\/div><div class=\"fusion-clearfix\"><\/div><\/div><\/div><div class=\"fusion-layout-column fusion_builder_column fusion-builder-column-2 fusion_builder_column_1_1 1_1 fusion-one-full fusion-column-first fusion-column-last\" style=\"margin-top:0px;margin-bottom:20px;\"><div class=\"fusion-column-wrapper fusion-flex-column-wrapper-legacy\" style=\"background-position:left top;background-repeat:no-repeat;-webkit-background-size:cover;-moz-background-size:cover;-o-background-size:cover;background-size:cover;padding: 0px 0px 0px 0px;\"><div class=\"fusion-menu-anchor\" id=\"description\"><\/div><div class=\"fusion-text fusion-text-2\" style=\"transform:translate3d(0,0,0);\"><p>F\u00fcr einen sportlich aktiven Urlaub im Winter gibt es viele M\u00f6glichkeiten: Schnee- und Moorschuhwandern, Tretschlitten fahren. Skilanglauf und Schlittschuhlaufen. Auch Hundeschlittenfahrten sind hier nicht unbekannt.\u00a0Vieles h\u00e4ngt vom Wetter ab und die Zeit f\u00fcr Aktivit\u00e4ten ist an den kurzen Wintertagen begrenzt.<\/p>\n<p>Diese Reise bietet Ihnen jedoch eine gute Kombination aus sportlichen Aktivit\u00e4ten, Naturerlebnis, Entspannung in der Sauna und mittelalterlicher Atmosph\u00e4re in der weihnachtlichen Altstadt Tallinns.<\/p>\n<h2><strong>H\u00f6hepunkte:<\/strong><\/h2>\n<ul>\n<li>Tallinner Weihnachtsmarkt<\/li>\n<li>Stadtf\u00fchrung in mittelalterlichen Tallinn<\/li>\n<li>Aktivit\u00e4ten in Lahemaa Nationalpark<\/li>\n<li>Husky Farm<\/li>\n<li>Schneeschuhwanderung im Moor<\/li>\n<\/ul>\n<\/div><div class=\"fusion-clearfix\"><\/div><\/div><\/div><div class=\"fusion-layout-column fusion_builder_column fusion-builder-column-3 fusion_builder_column_1_1 1_1 fusion-one-full fusion-column-first fusion-column-last\" style=\"margin-top:0px;margin-bottom:20px;\"><div class=\"fusion-column-wrapper fusion-flex-column-wrapper-legacy\" style=\"background-position:left top;background-repeat:no-repeat;-webkit-background-size:cover;-moz-background-size:cover;-o-background-size:cover;background-size:cover;padding: 0px 0px 0px 0px;\"><div class=\"fusion-menu-anchor\" id=\"detailed\"><\/div><div class=\"fusion-text fusion-text-3\" style=\"transform:translate3d(0,0,0);\"><h2>1.Tag &#8211; Tallinn (F\/A)<\/h2>\n<p>Ankunft in Tallinn. Auf dem Tallinner Weihnachtsmarkt ist f\u00fcr Gro\u00df und Klein gesorgt. Es gibt Karussells und der Weihnachtsmann verteilt in seinem H\u00e4uschen S\u00fc\u00dfigkeiten an all jene, die ihm Gedichte aufsagen. Erwachsene k\u00f6nnen den traditionellen estnischen Gl\u00fchwein kosten. Den Mittelpunkt des Platzes bildet die geschmackvoll dekorierte Fichte und dies schon seit dem Jahr 1441, weswegen Tallinn sich als Ursprung der Weihnachtsbaum-Tradition sieht. Die Weihnachtsbeleuchtung entfaltet gerade in der Dunkelheit ihre ganze Pracht und so nutzen wir schon den ersten Abend der Reise f\u00fcr einen Spaziergang in der Altstadt. Anschlie\u00dfend kehren wir in einem gem\u00fctlichen Restaurant ein und genie\u00dfen die traditionelle estnische K\u00fcche.<\/p>\n<p>Die Nacht verbringen sie in Tallinn in einem Hotel.<\/p>\n<h2>2.Tag &#8211; Tallinn &#8211; der Charme des Mittelalters (F)<\/h2>\n<p>Nach dem Fr\u00fchst\u00fcck besuchen Sie bei einer Stadtf\u00fchrung die wichtigsten Sehensw\u00fcrdigkeiten der Altstadt von Tallinn. Zun\u00e4chst geht es auf den Domberg, Sie sehen die Domkirche und die Alexander-Newski-Kathedrale und genie\u00dfen einen wundervollen Ausblick auf Tallinn. Von hier f\u00fchrt uns der Weg hinunter ins mittelalterliche Herz der ehemaligen Hansestadt. Auf dem Rathausplatz erwartet uns schon der bekannte Markt sowie die mittelalterliche Apotheke. F\u00fcr die weihnachtliche Atmosph\u00e4re der Stadtf\u00fchrung sorgt die wundersch\u00f6ne Weihnachtsdekoration und der Duft von Lebkuchen.<\/p>\n<p>Die Nacht verbringen sie in Tallinn in einem Hotel.<\/p>\n<h2>3.Tag &#8211; Schneeschuh Wanderung im Lahemaa Nationalpark (F\/P)<\/h2>\n<p>Der Lahemaa Nationalpark ist der \u00e4lteste Nationalpark des Baltikums und gr\u00f6\u00dfte Estlands. Endlose Taigaw\u00e4lder, Hochmoore und K\u00fcstenlandschaft bieten hier Naturerlebnisse f\u00fcr jeden Geschmack. K\u00fcrzere und l\u00e4ngere Wanderwege laden zum Entdecken unterschiedlicher \u00d6kosysteme und Landschaften ein.<\/p>\n<p>Wir begeben uns auf eine Schneeschuhwanderung durch den m\u00e4rchenhaften Winterwald, kein L\u00e4rm, keine Hektik, sondern pure Natur. Elch, Wolf, Luchs oder Reh &#8211; wer wohnt hier? Tierspuren geben uns vielleicht Hinweise.<\/p>\n<p>Zum Aufw\u00e4rmen gibt es einen Tee mit Schuss und dazu grillt sich jeder selbst \u00fcber dem Lagerfeuer eine Grillwurst.<\/p>\n<p>Die Nacht verbringen Sie in einem G\u00e4stehaus im Lahemaa Nationalpark.<\/p>\n<h2>4.Tag &#8211; Moorwanderung und Sauna (F\/P)<\/h2>\n<p>Das estnische Hochmoor wirkt schon im Sommer mysteri\u00f6s und beruhigend, der Winter verst\u00e4rkt dieses Gef\u00fchl jedoch noch um einiges. Manchmal ist es bei einer Moorwanderung im Lahemaa Nationalpark so still, dass es f\u00fcr die Ohren des modernen Menschen bereits unangenehm ist.<\/p>\n<p>Um zum Hochmoor zu gelangen m\u00fcssen wir den Wald durchqueren. In diesen \u00dcbergangsbereichen halten sich auch viele Wildtiere auf, deren Spuren wir entdecken wollen. Welche Tiere wohnen im Moor und wo machen die Braunb\u00e4ren ihren Winterschlaf? Unser Wanderf\u00fchrer kennt sich aus.<\/p>\n<p>\u2026 und die Esten sagen es etwas k\u00fcrzer: \u201eEine Sauna geh\u00f6rt nach einem langen Wintertag einfach dazu.\u201c<\/p>\n<p>Die Nacht verbringen Sie erneut im G\u00e4stehaus im Lahemaa Nationalpark.<\/p>\n<h2>5.Tag &#8211; Besuch der Husky Farm und Tretschlittenfahren (F\/M)<\/h2>\n<p>Am Vormittag besuchen wir eine Husky-Farm in Paasiku.\u00a0 Auf der Husky-Farm erfahren wir mehr \u00fcber die Schlittenhunde und machen zusammen eine Wanderung. Schlittenhund Fahrten machen unglaublich viel Spa\u00df. Wer Lust hat sucht sich eine passende Route und startet durch.<\/p>\n<p>Der Tretschlitten ist ein in Nordeuropa weit verbreitetes Fortbewegungsmittel und Sportger\u00e4t. Er kann auf Schnee, sowie auf Eis eingesetzt werden und dient im Winter oftmals als Fahrradersatz. Der Tretschlitten ist also optimal f\u00fcr ein kleines Abenteuer in der Winterlandschaft. Die Fahrt ist einfach und f\u00fcr unsere Tour sind keine Vorkenntnisse erforderlich.<\/p>\n<p>Die Nacht verbringen Sie erneut im G\u00e4stehaus im Lahemaa Nationalpark.<\/p>\n<h2>6.Tag \u2013 Abflug<\/h2>\n<p>Nach dem Fr\u00fchst\u00fcck verlassen wir das G\u00e4stehaus und fahren direkt zum Flughafen. N\u00e4gemiseni! \u2013 so hei\u00dft auf Wiedersehen auf Estnisch.<\/p>\n<\/div><div class=\"fusion-clearfix\"><\/div><\/div><\/div><div class=\"fusion-layout-column fusion_builder_column fusion-builder-column-4 fusion_builder_column_1_1 1_1 fusion-one-full fusion-column-first fusion-column-last\" style=\"margin-top:0px;margin-bottom:20px;\"><div class=\"fusion-column-wrapper fusion-flex-column-wrapper-legacy\" style=\"background-position:left top;background-repeat:no-repeat;-webkit-background-size:cover;-moz-background-size:cover;-o-background-size:cover;background-size:cover;padding: 0px 0px 0px 0px;\"><div class=\"fusion-menu-anchor\" id=\"price\"><\/div><div class=\"fusion-text fusion-text-4\" style=\"transform:translate3d(0,0,0);\"><h2 class=\"fusion-responsive-typography-calculated\" style=\"--fontsize: 15; line-height: 1.5; --minfontsize: 15;\" data-fontsize=\"15\" data-lineheight=\"22.5px\">Termin:<\/h2>\n<ul>\n<li>30.12.2023 &#8211; 4.01.2024<\/li>\n<\/ul>\n<h2 class=\"fusion-responsive-typography-calculated\" style=\"--fontsize: 15; line-height: 1.5; --minfontsize: 15;\" data-fontsize=\"15\" data-lineheight=\"22.5px\">Preis<\/h2>\n<p>Kind(6-14) 890\u20ac; Erwachsene 980\u20ac inklusive:<\/p>\n<ul>\n<li class=\"odd\">Unterkunft im Hotel mit Fr\u00fchst\u00fcck (Familienzimmer 2 bis 4<br \/>\nPersonen);<\/li>\n<li class=\"odd\">\u00a0Essen entsprechend der Programmbeschreibung (2x Abendessen, 1x<br \/>\nMittagessen);<\/li>\n<li class=\"odd\">Picknick bei der Schneeschuhwanderung;<\/li>\n<li class=\"odd\">Besuch des Forstmuseums in Sagadi;<\/li>\n<li class=\"odd\">Transport vor Ort im Reisebus;<\/li>\n<li class=\"odd\">Tretschlittentour;<\/li>\n<li class=\"odd\">Moorwanderung mit Schneeschuhe;<\/li>\n<li class=\"odd\">Nachtwanderung;<\/li>\n<li class=\"odd\">Flughafen Transfer zum Hotel und zur\u00fcck;<\/li>\n<li class=\"odd\">durchgehende deutschsprachige Reiseleitung;<\/li>\n<li class=\"odd\">Saunaabend.<\/li>\n<\/ul>\n<\/div><div class=\"fusion-clearfix\"><\/div><\/div><\/div><\/div><\/div>\n","protected":false},"excerpt":{"rendered":"<p>Die Reise f\u00fchrt Sie zun\u00e4chst auf den zum sch\u00f6nsten Weihnachtsm\u00e4rkt Europas 2019 gek\u00fcrten Tallinner Weihnachtsmarkt, der die Besucher in der mittelalterlichen Altstadt mit gem\u00fctlicher Atmosph\u00e4re und traditionellem Handwerk empf\u00e4ngt. W\u00e4hrend eines Spaziergangs durch die Altstadt bekommen Sie eine Ahnung, wie das Leben in der Stadt zur Hansezeit in den ruhigen Wintermonaten aussah. Die Kirchen und Kaufmannsh\u00e4user wirken im Kerzenlicht noch sehr mittelalterlich.<\/p>\n<p>Den zweiten Teil der Reise verbringen Sie in der Stille des Lahemaa Nationalparks. Auch f\u00fcr die Esten ist Bewegung in der Natur ein fester Bestandteil der Feiertage.<\/p>\n","protected":false},"featured_media":21783,"comment_status":"open","ping_status":"closed","template":"","meta":[],"product_cat":[472,458,460,468,470],"product_tag":[],"class_list":["post-21782","product","type-product","status-publish","has-post-thumbnail","hentry","product_cat-estland","product_cat-familienreisen","product_cat-reisen","product_cat-wandern","product_cat-winter"],"yoast_head":"<!-- This site is optimized with the Yoast SEO plugin v21.8 - https:\/\/yoast.com\/wordpress\/plugins\/seo\/ -->\n<title>Silvesterreise in Estland f\u00fcr Familien 6 Tage - ActivEst<\/title>\n<meta name=\"robots\" content=\"index, follow, max-snippet:-1, max-image-preview:large, max-video-preview:-1\" \/>\n<link rel=\"canonical\" href=\"https:\/\/www.activest.ee\/toode\/silvesterreise-in-estland-fuer-familien-6-tage\/\" \/>\n<meta property=\"og:locale\" content=\"et_EE\" \/>\n<meta property=\"og:type\" content=\"article\" \/>\n<meta property=\"og:title\" content=\"Silvesterreise in Estland f\u00fcr Familien 6 Tage - ActivEst\" \/>\n<meta property=\"og:description\" content=\"Die Reise f\u00fchrt Sie zun\u00e4chst auf den zum sch\u00f6nsten Weihnachtsm\u00e4rkt Europas 2019 gek\u00fcrten Tallinner Weihnachtsmarkt, der die Besucher in der mittelalterlichen Altstadt mit gem\u00fctlicher Atmosph\u00e4re und traditionellem Handwerk empf\u00e4ngt. W\u00e4hrend eines Spaziergangs durch die Altstadt bekommen Sie eine Ahnung, wie das Leben in der Stadt zur Hansezeit in den ruhigen Wintermonaten aussah. Die Kirchen und Kaufmannsh\u00e4user wirken im Kerzenlicht noch sehr mittelalterlich.  Den zweiten Teil der Reise verbringen Sie in der Stille des Lahemaa Nationalparks. Auch f\u00fcr die Esten ist Bewegung in der Natur ein fester Bestandteil der Feiertage.\" \/>\n<meta property=\"og:url\" content=\"https:\/\/www.activest.ee\/toode\/silvesterreise-in-estland-fuer-familien-6-tage\/\" \/>\n<meta property=\"og:site_name\" content=\"ActivEst\" \/>\n<meta property=\"article:modified_time\" content=\"2023-01-17T08:13:30+00:00\" \/>\n<meta property=\"og:image\" content=\"https:\/\/www.activest.ee\/wp-content\/uploads\/2020\/01\/christmas_market_kaupo_kalda_2018_2-scaled.jpg\" \/>\n\t<meta property=\"og:image:width\" content=\"2560\" \/>\n\t<meta property=\"og:image:height\" content=\"1716\" \/>\n\t<meta property=\"og:image:type\" content=\"image\/jpeg\" \/>\n<meta name=\"twitter:card\" content=\"summary_large_image\" \/>\n<meta name=\"twitter:label1\" content=\"Est. reading time\" \/>\n\t<meta name=\"twitter:data1\" content=\"11 minutit\" \/>\n<script type=\"application\/ld+json\" class=\"yoast-schema-graph\">{\"@context\":\"https:\/\/schema.org\",\"@graph\":[{\"@type\":\"WebPage\",\"@id\":\"https:\/\/www.activest.ee\/toode\/silvesterreise-in-estland-fuer-familien-6-tage\/\",\"url\":\"https:\/\/www.activest.ee\/toode\/silvesterreise-in-estland-fuer-familien-6-tage\/\",\"name\":\"Silvesterreise in Estland f\u00fcr Familien 6 Tage - ActivEst\",\"isPartOf\":{\"@id\":\"https:\/\/activest.ee\/#website\"},\"datePublished\":\"2020-01-15T18:00:09+00:00\",\"dateModified\":\"2023-01-17T08:13:30+00:00\",\"breadcrumb\":{\"@id\":\"https:\/\/www.activest.ee\/toode\/silvesterreise-in-estland-fuer-familien-6-tage\/#breadcrumb\"},\"inLanguage\":\"et\",\"potentialAction\":[{\"@type\":\"ReadAction\",\"target\":[\"https:\/\/www.activest.ee\/toode\/silvesterreise-in-estland-fuer-familien-6-tage\/\"]}]},{\"@type\":\"BreadcrumbList\",\"@id\":\"https:\/\/www.activest.ee\/toode\/silvesterreise-in-estland-fuer-familien-6-tage\/#breadcrumb\",\"itemListElement\":[{\"@type\":\"ListItem\",\"position\":1,\"name\":\"Home\",\"item\":\"https:\/\/www.activest.ee\/et\/\"},{\"@type\":\"ListItem\",\"position\":2,\"name\":\"Shop\",\"item\":\"https:\/\/www.activest.ee\/et\/shop-2\/\"},{\"@type\":\"ListItem\",\"position\":3,\"name\":\"Silvesterreise in Estland f\u00fcr Familien 6 Tage\"}]},{\"@type\":\"WebSite\",\"@id\":\"https:\/\/activest.ee\/#website\",\"url\":\"https:\/\/activest.ee\/\",\"name\":\"ActivEst\",\"description\":\"Tuurid, perepuhkus, loodusretked, seiklusretked\",\"potentialAction\":[{\"@type\":\"SearchAction\",\"target\":{\"@type\":\"EntryPoint\",\"urlTemplate\":\"https:\/\/activest.ee\/?s={search_term_string}\"},\"query-input\":\"required name=search_term_string\"}],\"inLanguage\":\"et\"}]}<\/script>\n<!-- \/ Yoast SEO plugin. -->","yoast_head_json":{"title":"Silvesterreise in Estland f\u00fcr Familien 6 Tage - ActivEst","robots":{"index":"index","follow":"follow","max-snippet":"max-snippet:-1","max-image-preview":"max-image-preview:large","max-video-preview":"max-video-preview:-1"},"canonical":"https:\/\/www.activest.ee\/toode\/silvesterreise-in-estland-fuer-familien-6-tage\/","og_locale":"et_EE","og_type":"article","og_title":"Silvesterreise in Estland f\u00fcr Familien 6 Tage - ActivEst","og_description":"Die Reise f\u00fchrt Sie zun\u00e4chst auf den zum sch\u00f6nsten Weihnachtsm\u00e4rkt Europas 2019 gek\u00fcrten Tallinner Weihnachtsmarkt, der die Besucher in der mittelalterlichen Altstadt mit gem\u00fctlicher Atmosph\u00e4re und traditionellem Handwerk empf\u00e4ngt. W\u00e4hrend eines Spaziergangs durch die Altstadt bekommen Sie eine Ahnung, wie das Leben in der Stadt zur Hansezeit in den ruhigen Wintermonaten aussah. Die Kirchen und Kaufmannsh\u00e4user wirken im Kerzenlicht noch sehr mittelalterlich.  Den zweiten Teil der Reise verbringen Sie in der Stille des Lahemaa Nationalparks. Auch f\u00fcr die Esten ist Bewegung in der Natur ein fester Bestandteil der Feiertage.","og_url":"https:\/\/www.activest.ee\/toode\/silvesterreise-in-estland-fuer-familien-6-tage\/","og_site_name":"ActivEst","article_modified_time":"2023-01-17T08:13:30+00:00","og_image":[{"width":2560,"height":1716,"url":"https:\/\/www.activest.ee\/wp-content\/uploads\/2020\/01\/christmas_market_kaupo_kalda_2018_2-scaled.jpg","type":"image\/jpeg"}],"twitter_card":"summary_large_image","twitter_misc":{"Est. reading time":"11 minutit"},"schema":{"@context":"https:\/\/schema.org","@graph":[{"@type":"WebPage","@id":"https:\/\/www.activest.ee\/toode\/silvesterreise-in-estland-fuer-familien-6-tage\/","url":"https:\/\/www.activest.ee\/toode\/silvesterreise-in-estland-fuer-familien-6-tage\/","name":"Silvesterreise in Estland f\u00fcr Familien 6 Tage - ActivEst","isPartOf":{"@id":"https:\/\/activest.ee\/#website"},"datePublished":"2020-01-15T18:00:09+00:00","dateModified":"2023-01-17T08:13:30+00:00","breadcrumb":{"@id":"https:\/\/www.activest.ee\/toode\/silvesterreise-in-estland-fuer-familien-6-tage\/#breadcrumb"},"inLanguage":"et","potentialAction":[{"@type":"ReadAction","target":["https:\/\/www.activest.ee\/toode\/silvesterreise-in-estland-fuer-familien-6-tage\/"]}]},{"@type":"BreadcrumbList","@id":"https:\/\/www.activest.ee\/toode\/silvesterreise-in-estland-fuer-familien-6-tage\/#breadcrumb","itemListElement":[{"@type":"ListItem","position":1,"name":"Home","item":"https:\/\/www.activest.ee\/et\/"},{"@type":"ListItem","position":2,"name":"Shop","item":"https:\/\/www.activest.ee\/et\/shop-2\/"},{"@type":"ListItem","position":3,"name":"Silvesterreise in Estland f\u00fcr Familien 6 Tage"}]},{"@type":"WebSite","@id":"https:\/\/activest.ee\/#website","url":"https:\/\/activest.ee\/","name":"ActivEst","description":"Tuurid, perepuhkus, loodusretked, seiklusretked","potentialAction":[{"@type":"SearchAction","target":{"@type":"EntryPoint","urlTemplate":"https:\/\/activest.ee\/?s={search_term_string}"},"query-input":"required name=search_term_string"}],"inLanguage":"et"}]}},"_links":{"self":[{"href":"https:\/\/activest.ee\/et\/wp-json\/wp\/v2\/product\/21782","targetHints":{"allow":["GET"]}}],"collection":[{"href":"https:\/\/activest.ee\/et\/wp-json\/wp\/v2\/product"}],"about":[{"href":"https:\/\/activest.ee\/et\/wp-json\/wp\/v2\/types\/product"}],"replies":[{"embeddable":true,"href":"https:\/\/activest.ee\/et\/wp-json\/wp\/v2\/comments?post=21782"}],"wp:featuredmedia":[{"embeddable":true,"href":"https:\/\/activest.ee\/et\/wp-json\/wp\/v2\/media\/21783"}],"wp:attachment":[{"href":"https:\/\/activest.ee\/et\/wp-json\/wp\/v2\/media?parent=21782"}],"wp:term":[{"taxonomy":"product_cat","embeddable":true,"href":"https:\/\/activest.ee\/et\/wp-json\/wp\/v2\/product_cat?post=21782"},{"taxonomy":"product_tag","embeddable":true,"href":"https:\/\/activest.ee\/et\/wp-json\/wp\/v2\/product_tag?post=21782"}],"curies":[{"name":"wp","href":"https:\/\/api.w.org\/{rel}","templated":true}]}}