{"id":21767,"date":"2020-01-15T16:54:27","date_gmt":"2020-01-15T14:54:27","guid":{"rendered":"https:\/\/activest.ee\/?post_type=product&#038;p=21767"},"modified":"2024-02-06T12:15:49","modified_gmt":"2024-02-06T10:15:49","slug":"tagestour-lahemaa-nationalpark-moorwanderung-kuestenlandschaft-und-taigawald","status":"publish","type":"product","link":"https:\/\/activest.ee\/et\/toode\/tagestour-lahemaa-nationalpark-moorwanderung-kuestenlandschaft-und-taigawald\/","title":{"rendered":"Tagestour Lahemaa Nationalpark \u2013 Moorwanderung, K\u00fcste, Taiga, Herrenh\u00e4user und Fischerd\u00f6rfer."},"content":{"rendered":"<div class=\"fusion-fullwidth fullwidth-box fusion-builder-row-1 nonhundred-percent-fullwidth non-hundred-percent-height-scrolling\" style=\"background-color: rgba(255,255,255,0);background-position: center center;background-repeat: no-repeat;padding-top:0px;padding-right:0px;padding-bottom:0px;padding-left:0px;margin-bottom: 0px;margin-top: 0px;border-width: 0px 0px 0px 0px;border-color:#eae9e9;border-style:solid;\" ><div class=\"fusion-builder-row fusion-row\"><div class=\"fusion-layout-column fusion_builder_column fusion-builder-column-0 fusion_builder_column_1_1 1_1 fusion-one-full fusion-column-first fusion-column-last\" style=\"margin-top:0px;margin-bottom:20px;\"><div class=\"fusion-column-wrapper fusion-flex-column-wrapper-legacy\" style=\"background-position:left top;background-repeat:no-repeat;-webkit-background-size:cover;-moz-background-size:cover;-o-background-size:cover;background-size:cover;padding: 0px 0px 0px 0px;\"><div class=\"fusion-button-wrapper\"><style type=\"text\/css\">.fusion-button.button-1 {border-radius:2px;}<\/style><a class=\"fusion-button button-flat fusion-button-default-size button-default button-1 fusion-button-default-span fusion-button-default-type\" target=\"_self\" href=\"#description\"><span class=\"fusion-button-text\">Beschreibung<\/span><\/a><\/div><div class=\"fusion-button-wrapper\"><style type=\"text\/css\">.fusion-button.button-2 {border-radius:2px;}<\/style><a class=\"fusion-button button-flat fusion-button-default-size button-default button-2 fusion-button-default-span fusion-button-default-type\" target=\"_self\" href=\"#price\"><span class=\"fusion-button-text\">Preise und Termine<\/span><\/a><\/div><div class=\"fusion-clearfix\"><\/div><\/div><\/div><div class=\"fusion-layout-column fusion_builder_column fusion-builder-column-1 fusion_builder_column_1_1 1_1 fusion-one-full fusion-column-first fusion-column-last\" style=\"margin-top:0px;margin-bottom:20px;\"><div class=\"fusion-column-wrapper fusion-flex-column-wrapper-legacy\" style=\"background-position:left top;background-repeat:no-repeat;-webkit-background-size:cover;-moz-background-size:cover;-o-background-size:cover;background-size:cover;padding: 0px 0px 0px 0px;\"><div class=\"fusion-menu-anchor\" id=\"description\"><\/div><div class=\"fusion-text fusion-text-1\" style=\"transform:translate3d(0,0,0);\"><p><strong>Hochmoore<\/strong> sind in Estland noch weit verbreitet. Der Hochmoor-Komplex erstreckt sich \u00fcber mehrere tausend Hektar und der 5-6 Meter m\u00e4chtige Torfk\u00f6rper ist mit S\u00fc\u00dfwasser getr\u00e4nkt. <strong>Moorschuhe<\/strong> wirken wie Schneeschuhe und verhindern, dass Sie in den weichen Untergrund einsacken. Sie wandern durch dieses urspr\u00fcngliche \u00d6kosystem, lernen die spezielle<strong> Pflanzen- und Tierwelt<\/strong> kennen und h\u00f6ren Geschichten zur estnischen <strong>Moorkultur<\/strong>. Im Sommer beenden wir die Wanderung mit einem erfrischenden <strong>Bad im Moorkolk<\/strong>.<\/p>\n<p>Das Mittagessen findet in einem traditionellen Gasthaus statt und danach geht es weiter an die K\u00fcste. Dort spazieren wir am Sandstrand entlang und durch den <strong>Taigawald<\/strong>, schauen uns alte <strong>Fischerh\u00e4user<\/strong> an und machen eine Pause beim <strong>Sagadi Gutshof<\/strong>. Das Herrenhaus mit seiner Ausstellung gibt einen guten Einblick in die <strong>Deutsch-Baltische Geschichte<\/strong>.<\/p>\n<p>Zur\u00fcck in Tallinn sind wir am sp\u00e4teren Nachmittag bzw. Abend.<\/p>\n<\/div><div class=\"fusion-clearfix\"><\/div><\/div><\/div><div class=\"fusion-layout-column fusion_builder_column fusion-builder-column-2 fusion_builder_column_1_1 1_1 fusion-one-full fusion-column-first fusion-column-last\" style=\"margin-top:0px;margin-bottom:20px;\"><div class=\"fusion-column-wrapper fusion-flex-column-wrapper-legacy\" style=\"background-position:left top;background-repeat:no-repeat;-webkit-background-size:cover;-moz-background-size:cover;-o-background-size:cover;background-size:cover;padding: 0px 0px 0px 0px;\"><div class=\"fusion-clearfix\"><\/div><\/div><\/div><div class=\"fusion-layout-column fusion_builder_column fusion-builder-column-3 fusion_builder_column_1_1 1_1 fusion-one-full fusion-column-first fusion-column-last\" style=\"margin-top:0px;margin-bottom:20px;\"><div class=\"fusion-column-wrapper fusion-flex-column-wrapper-legacy\" style=\"background-position:left top;background-repeat:no-repeat;-webkit-background-size:cover;-moz-background-size:cover;-o-background-size:cover;background-size:cover;padding: 0px 0px 0px 0px;\"><div class=\"fusion-menu-anchor\" id=\"price\"><\/div><div class=\"fusion-text fusion-text-2\" style=\"transform:translate3d(0,0,0);\"><h4>Saison:<\/h4>\n<p>T\u00e4glich und ganzj\u00e4hrig<\/p>\n<h4><strong>Preise:<\/strong><\/h4>\n<ul>\n<li>Mit 1 Person 320\u20ac<\/li>\n<li>Mit 2-3 Personen 170\u20ac pro Person<\/li>\n<li>Mit 4-5 Personen 95\u20ac pro Person<\/li>\n<li>Ab 6 Personen 85\u20ac pro Person<\/li>\n<li>F\u00fcr Kinder und Gruppen Erm\u00e4\u00dfigungen<\/li>\n<\/ul>\n<p><strong>Leistungen<\/strong><\/p>\n<ul>\n<li>Transport von und bis Tallinn<\/li>\n<li>Wanderf\u00fchrer<\/li>\n<li>Leihgeb\u00fchr f\u00fcr Moorschuhe<\/li>\n<\/ul>\n<\/div><div class=\"fusion-clearfix\"><\/div><\/div><\/div><\/div><\/div>\n","protected":false},"excerpt":{"rendered":"<p>Auf unserer Tagestour in den Lahemaa Nationalpark entdecken Sie bei einer Moorschuhwanderung die einzigartige Landschaft der Hochmoore und erkunden mit ihrem Wanderf\u00fchrer die wichtigsten Sehensw\u00fcrdigkeiten des Nationalparks, wie die n\u00f6rdliche K\u00fcstenlandschaft, Taigawald, die Herrenh\u00e4user und Fischerd\u00f6rfer.<\/p>\n","protected":false},"featured_media":21768,"comment_status":"open","ping_status":"closed","template":"","meta":[],"product_cat":[472,460,449,468,470],"product_tag":[],"class_list":["post-21767","product","type-product","status-publish","has-post-thumbnail","hentry","product_cat-estland","product_cat-reisen","product_cat-braun-baer-touren","product_cat-wandern","product_cat-winter"],"yoast_head":"<!-- This site is optimized with the Yoast SEO plugin v21.8 - https:\/\/yoast.com\/wordpress\/plugins\/seo\/ -->\n<title>Tagestour Lahemaa Nationalpark \u2013 Moorwanderung, K\u00fcste, Taiga, Herrenh\u00e4user und Fischerd\u00f6rfer. - ActivEst<\/title>\n<meta name=\"robots\" content=\"index, follow, max-snippet:-1, max-image-preview:large, max-video-preview:-1\" \/>\n<link rel=\"canonical\" href=\"https:\/\/activest.ee\/toode\/tagestour-lahemaa-nationalpark-moorwanderung-kuestenlandschaft-und-taigawald\/\" \/>\n<meta property=\"og:locale\" content=\"et_EE\" \/>\n<meta property=\"og:type\" content=\"article\" \/>\n<meta property=\"og:title\" content=\"Tagestour Lahemaa Nationalpark \u2013 Moorwanderung, K\u00fcste, Taiga, Herrenh\u00e4user und Fischerd\u00f6rfer. - ActivEst\" \/>\n<meta property=\"og:description\" content=\"Auf unserer Tagestour in den Lahemaa Nationalpark entdecken Sie bei einer Moorschuhwanderung die einzigartige Landschaft der Hochmoore und erkunden mit ihrem Wanderf\u00fchrer die wichtigsten Sehensw\u00fcrdigkeiten des Nationalparks, wie die n\u00f6rdliche K\u00fcstenlandschaft, Taigawald, die Herrenh\u00e4user und Fischerd\u00f6rfer.\" \/>\n<meta property=\"og:url\" content=\"https:\/\/activest.ee\/toode\/tagestour-lahemaa-nationalpark-moorwanderung-kuestenlandschaft-und-taigawald\/\" \/>\n<meta property=\"og:site_name\" content=\"ActivEst\" \/>\n<meta property=\"article:modified_time\" content=\"2024-02-06T10:15:49+00:00\" \/>\n<meta property=\"og:image\" content=\"https:\/\/activest.ee\/wp-content\/uploads\/2020\/01\/IMG_1680.jpg\" \/>\n\t<meta property=\"og:image:width\" content=\"1152\" \/>\n\t<meta property=\"og:image:height\" content=\"768\" \/>\n\t<meta property=\"og:image:type\" content=\"image\/jpeg\" \/>\n<meta name=\"twitter:card\" content=\"summary_large_image\" \/>\n<meta name=\"twitter:label1\" content=\"Est. reading time\" \/>\n\t<meta name=\"twitter:data1\" content=\"3 minutit\" \/>\n<script type=\"application\/ld+json\" class=\"yoast-schema-graph\">{\"@context\":\"https:\/\/schema.org\",\"@graph\":[{\"@type\":\"WebPage\",\"@id\":\"https:\/\/activest.ee\/toode\/tagestour-lahemaa-nationalpark-moorwanderung-kuestenlandschaft-und-taigawald\/\",\"url\":\"https:\/\/activest.ee\/toode\/tagestour-lahemaa-nationalpark-moorwanderung-kuestenlandschaft-und-taigawald\/\",\"name\":\"Tagestour Lahemaa Nationalpark \u2013 Moorwanderung, K\u00fcste, Taiga, Herrenh\u00e4user und Fischerd\u00f6rfer. - ActivEst\",\"isPartOf\":{\"@id\":\"https:\/\/www.activest.ee\/#website\"},\"datePublished\":\"2020-01-15T14:54:27+00:00\",\"dateModified\":\"2024-02-06T10:15:49+00:00\",\"breadcrumb\":{\"@id\":\"https:\/\/activest.ee\/toode\/tagestour-lahemaa-nationalpark-moorwanderung-kuestenlandschaft-und-taigawald\/#breadcrumb\"},\"inLanguage\":\"et\",\"potentialAction\":[{\"@type\":\"ReadAction\",\"target\":[\"https:\/\/activest.ee\/toode\/tagestour-lahemaa-nationalpark-moorwanderung-kuestenlandschaft-und-taigawald\/\"]}]},{\"@type\":\"BreadcrumbList\",\"@id\":\"https:\/\/activest.ee\/toode\/tagestour-lahemaa-nationalpark-moorwanderung-kuestenlandschaft-und-taigawald\/#breadcrumb\",\"itemListElement\":[{\"@type\":\"ListItem\",\"position\":1,\"name\":\"Home\",\"item\":\"https:\/\/www.activest.ee\/et\/\"},{\"@type\":\"ListItem\",\"position\":2,\"name\":\"Shop\",\"item\":\"https:\/\/activest.ee\/et\/shop-2\/\"},{\"@type\":\"ListItem\",\"position\":3,\"name\":\"Tagestour Lahemaa Nationalpark \u2013 Moorwanderung, K\u00fcste, Taiga, Herrenh\u00e4user und Fischerd\u00f6rfer.\"}]},{\"@type\":\"WebSite\",\"@id\":\"https:\/\/www.activest.ee\/#website\",\"url\":\"https:\/\/www.activest.ee\/\",\"name\":\"ActivEst\",\"description\":\"Tuurid, perepuhkus, loodusretked, seiklusretked\",\"potentialAction\":[{\"@type\":\"SearchAction\",\"target\":{\"@type\":\"EntryPoint\",\"urlTemplate\":\"https:\/\/www.activest.ee\/?s={search_term_string}\"},\"query-input\":\"required name=search_term_string\"}],\"inLanguage\":\"et\"}]}<\/script>\n<!-- \/ Yoast SEO plugin. -->","yoast_head_json":{"title":"Tagestour Lahemaa Nationalpark \u2013 Moorwanderung, K\u00fcste, Taiga, Herrenh\u00e4user und Fischerd\u00f6rfer. - ActivEst","robots":{"index":"index","follow":"follow","max-snippet":"max-snippet:-1","max-image-preview":"max-image-preview:large","max-video-preview":"max-video-preview:-1"},"canonical":"https:\/\/activest.ee\/toode\/tagestour-lahemaa-nationalpark-moorwanderung-kuestenlandschaft-und-taigawald\/","og_locale":"et_EE","og_type":"article","og_title":"Tagestour Lahemaa Nationalpark \u2013 Moorwanderung, K\u00fcste, Taiga, Herrenh\u00e4user und Fischerd\u00f6rfer. - ActivEst","og_description":"Auf unserer Tagestour in den Lahemaa Nationalpark entdecken Sie bei einer Moorschuhwanderung die einzigartige Landschaft der Hochmoore und erkunden mit ihrem Wanderf\u00fchrer die wichtigsten Sehensw\u00fcrdigkeiten des Nationalparks, wie die n\u00f6rdliche K\u00fcstenlandschaft, Taigawald, die Herrenh\u00e4user und Fischerd\u00f6rfer.","og_url":"https:\/\/activest.ee\/toode\/tagestour-lahemaa-nationalpark-moorwanderung-kuestenlandschaft-und-taigawald\/","og_site_name":"ActivEst","article_modified_time":"2024-02-06T10:15:49+00:00","og_image":[{"width":1152,"height":768,"url":"https:\/\/activest.ee\/wp-content\/uploads\/2020\/01\/IMG_1680.jpg","type":"image\/jpeg"}],"twitter_card":"summary_large_image","twitter_misc":{"Est. reading time":"3 minutit"},"schema":{"@context":"https:\/\/schema.org","@graph":[{"@type":"WebPage","@id":"https:\/\/activest.ee\/toode\/tagestour-lahemaa-nationalpark-moorwanderung-kuestenlandschaft-und-taigawald\/","url":"https:\/\/activest.ee\/toode\/tagestour-lahemaa-nationalpark-moorwanderung-kuestenlandschaft-und-taigawald\/","name":"Tagestour Lahemaa Nationalpark \u2013 Moorwanderung, K\u00fcste, Taiga, Herrenh\u00e4user und Fischerd\u00f6rfer. - ActivEst","isPartOf":{"@id":"https:\/\/www.activest.ee\/#website"},"datePublished":"2020-01-15T14:54:27+00:00","dateModified":"2024-02-06T10:15:49+00:00","breadcrumb":{"@id":"https:\/\/activest.ee\/toode\/tagestour-lahemaa-nationalpark-moorwanderung-kuestenlandschaft-und-taigawald\/#breadcrumb"},"inLanguage":"et","potentialAction":[{"@type":"ReadAction","target":["https:\/\/activest.ee\/toode\/tagestour-lahemaa-nationalpark-moorwanderung-kuestenlandschaft-und-taigawald\/"]}]},{"@type":"BreadcrumbList","@id":"https:\/\/activest.ee\/toode\/tagestour-lahemaa-nationalpark-moorwanderung-kuestenlandschaft-und-taigawald\/#breadcrumb","itemListElement":[{"@type":"ListItem","position":1,"name":"Home","item":"https:\/\/www.activest.ee\/et\/"},{"@type":"ListItem","position":2,"name":"Shop","item":"https:\/\/activest.ee\/et\/shop-2\/"},{"@type":"ListItem","position":3,"name":"Tagestour Lahemaa Nationalpark \u2013 Moorwanderung, K\u00fcste, Taiga, Herrenh\u00e4user und Fischerd\u00f6rfer."}]},{"@type":"WebSite","@id":"https:\/\/www.activest.ee\/#website","url":"https:\/\/www.activest.ee\/","name":"ActivEst","description":"Tuurid, perepuhkus, loodusretked, seiklusretked","potentialAction":[{"@type":"SearchAction","target":{"@type":"EntryPoint","urlTemplate":"https:\/\/www.activest.ee\/?s={search_term_string}"},"query-input":"required name=search_term_string"}],"inLanguage":"et"}]}},"_links":{"self":[{"href":"https:\/\/activest.ee\/et\/wp-json\/wp\/v2\/product\/21767","targetHints":{"allow":["GET"]}}],"collection":[{"href":"https:\/\/activest.ee\/et\/wp-json\/wp\/v2\/product"}],"about":[{"href":"https:\/\/activest.ee\/et\/wp-json\/wp\/v2\/types\/product"}],"replies":[{"embeddable":true,"href":"https:\/\/activest.ee\/et\/wp-json\/wp\/v2\/comments?post=21767"}],"wp:featuredmedia":[{"embeddable":true,"href":"https:\/\/activest.ee\/et\/wp-json\/wp\/v2\/media\/21768"}],"wp:attachment":[{"href":"https:\/\/activest.ee\/et\/wp-json\/wp\/v2\/media?parent=21767"}],"wp:term":[{"taxonomy":"product_cat","embeddable":true,"href":"https:\/\/activest.ee\/et\/wp-json\/wp\/v2\/product_cat?post=21767"},{"taxonomy":"product_tag","embeddable":true,"href":"https:\/\/activest.ee\/et\/wp-json\/wp\/v2\/product_tag?post=21767"}],"curies":[{"name":"wp","href":"https:\/\/api.w.org\/{rel}","templated":true}]}}