{"id":21720,"date":"2019-12-18T15:16:29","date_gmt":"2019-12-18T13:16:29","guid":{"rendered":"https:\/\/activest.ee\/?post_type=product&#038;p=21720"},"modified":"2024-09-24T16:55:58","modified_gmt":"2024-09-24T13:55:58","slug":"smart-guided-individualreise-wandern-im-baltikum-12-tage","status":"publish","type":"product","link":"https:\/\/activest.ee\/et\/toode\/smart-guided-individualreise-wandern-im-baltikum-12-tage\/","title":{"rendered":"Smart-guided Individualreise Wandern im Baltikum 12 Tage"},"content":{"rendered":"<div class=\"fusion-fullwidth fullwidth-box fusion-builder-row-1 nonhundred-percent-fullwidth non-hundred-percent-height-scrolling\" style=\"background-color: rgba(255,255,255,0);background-position: center center;background-repeat: no-repeat;padding-top:0px;padding-right:0px;padding-bottom:0px;padding-left:0px;margin-bottom: 0px;margin-top: 0px;border-width: 0px 0px 0px 0px;border-color:#eae9e9;border-style:solid;\" ><div class=\"fusion-builder-row fusion-row\"><div class=\"fusion-layout-column fusion_builder_column fusion-builder-column-0 fusion_builder_column_1_1 1_1 fusion-one-full fusion-column-first fusion-column-last\" style=\"margin-top:0px;margin-bottom:20px;\"><div class=\"fusion-column-wrapper fusion-flex-column-wrapper-legacy\" style=\"background-position:left top;background-repeat:no-repeat;-webkit-background-size:cover;-moz-background-size:cover;-o-background-size:cover;background-size:cover;padding: 0px 0px 0px 0px;\"><div class=\"fusion-button-wrapper\"><style type=\"text\/css\">.fusion-button.button-1 {border-radius:2px;}<\/style><a class=\"fusion-button button-flat fusion-button-default-size button-default button-1 fusion-button-default-span fusion-button-default-type\" target=\"_self\" href=\"#description\"><span class=\"fusion-button-text\">Reisebeschreibung<\/span><\/a><\/div><div class=\"fusion-button-wrapper\"><style type=\"text\/css\">.fusion-button.button-2 {border-radius:2px;}<\/style><a class=\"fusion-button button-flat fusion-button-default-size button-default button-2 fusion-button-default-span fusion-button-default-type\" target=\"_self\" href=\"#detailed\"><span class=\"fusion-button-text\">Detailbeschreibung<\/span><\/a><\/div><div class=\"fusion-button-wrapper\"><style type=\"text\/css\">.fusion-button.button-3 {border-radius:2px;}<\/style><a class=\"fusion-button button-flat fusion-button-default-size button-default button-3 fusion-button-default-span fusion-button-default-type\" target=\"_self\" href=\"#price\"><span class=\"fusion-button-text\">Termine und Preis<\/span><\/a><\/div><div class=\"fusion-clearfix\"><\/div><\/div><\/div><div class=\"fusion-layout-column fusion_builder_column fusion-builder-column-1 fusion_builder_column_1_1 1_1 fusion-one-full fusion-column-first fusion-column-last\" style=\"margin-top:0px;margin-bottom:20px;\"><div class=\"fusion-column-wrapper fusion-flex-column-wrapper-legacy\" style=\"background-position:left top;background-repeat:no-repeat;-webkit-background-size:cover;-moz-background-size:cover;-o-background-size:cover;background-size:cover;padding: 0px 0px 0px 0px;\"><div class=\"fusion-clearfix\"><\/div><\/div><\/div><div class=\"fusion-layout-column fusion_builder_column fusion-builder-column-2 fusion_builder_column_1_1 1_1 fusion-one-full fusion-column-first fusion-column-last\" style=\"margin-top:0px;margin-bottom:20px;\"><div class=\"fusion-column-wrapper fusion-flex-column-wrapper-legacy\" style=\"background-position:left top;background-repeat:no-repeat;-webkit-background-size:cover;-moz-background-size:cover;-o-background-size:cover;background-size:cover;padding: 0px 0px 0px 0px;\"><div class=\"fusion-menu-anchor\" id=\"description\"><\/div><div class=\"fusion-text fusion-text-1\" style=\"transform:translate3d(0,0,0);\"><h2>Highlights:<\/h2>\n<ul>\n<li>Stadtwanderungen in Tallinn, Riga und Vilnius<\/li>\n<li>Lahemaa, Vilsandi und Gauja Nationalparks<\/li>\n<li>Kurische Nehrung<\/li>\n<li>Inseln Saaremaa und Muhumaa<\/li>\n<li>Hochmoorwanderung<\/li>\n<\/ul>\n<p>F\u00fcr die Reise bekommen Sie von uns eine\u00a0 Tour-App, die Ihnen den Weg zu vielen Sehensw\u00fcrdigkeiten, Wandertouren, Restaurants und Caf\u00e9s weist und Tipps und Informationen f\u00fcr Sie bereith\u00e4lt.<\/p>\n<p>Jede Tagestour beinhaltet ein gr\u00f6\u00dferes Highlight, wie eine l\u00e4ngere Wanderung oder eine Stadtbesichtigung. Anschlie\u00dfend gibt es entsprechend ihren W\u00fcnschen die M\u00f6glichkeit weitere Besichtigungen anzuschlie\u00dfen, wandern zu gehen oder einfach in Ruhe die Umgebung zu genie\u00dfen.<\/p>\n<\/div><div class=\"fusion-clearfix\"><\/div><\/div><\/div><div class=\"fusion-layout-column fusion_builder_column fusion-builder-column-3 fusion_builder_column_1_1 1_1 fusion-one-full fusion-column-first fusion-column-last\" style=\"margin-top:0px;margin-bottom:20px;\"><div class=\"fusion-column-wrapper fusion-flex-column-wrapper-legacy\" style=\"background-position:left top;background-repeat:no-repeat;-webkit-background-size:cover;-moz-background-size:cover;-o-background-size:cover;background-size:cover;padding: 0px 0px 0px 0px;\"><div class=\"fusion-menu-anchor\" id=\"detailed\"><\/div><div class=\"fusion-text fusion-text-2\" style=\"transform:translate3d(0,0,0);\"><h2>1.Tag Ankunft in Tallinn<\/h2>\n<p>Nacht im Hotel in Tallinn<\/p>\n<h2>2.Tag Stadtf\u00fchrung in Tallinn<\/h2>\n<p>Am Vormittag machen Sie einen gef\u00fchrten Spaziergang durch das mittelalterliche Tallinn. Sie besuchen die wohl intakteste mittelalterliche Stadt Europas mit einem urspr\u00fcnglichen Stra\u00dfensystem aus dem 13. Jahrhundert. Viele H\u00e4user aus dem 15. Jahrhundert stehen noch in ihrer urspr\u00fcnglichen Gr\u00f6\u00dfe und Form, alle wichtigen und repr\u00e4sentativen Regierungsgeb\u00e4ude sowie Kirchen sind unversehrt. W\u00e4hrend der Stadtf\u00fchrung lernen Sie die Tour-App kennen und erhalten Tipps von unserem Stadtf\u00fchrer. Anschlie\u00dfend k\u00f6nnen sie sich den Rest des Tages frei gestalten. Mit Hilfe der Tour-App gibt es die M\u00f6glichkeit eine Wanderung auf Strandpromenade vorzunehmen, das Hafengebiet, die Seefestung oder den Seeflughafen zu erkunden.<\/p>\n<p>Die Nacht verbringen sie im Hotell in Tallinn.<\/p>\n<h2>3.Tag Lahemaa Nationalpark<\/h2>\n<p>Am Morgen des dritten Tages bekommen Sie einen Mietwagen und fahren in den Lahemaa Nationalpark. Lahemaa ist der \u00e4lteste und gr\u00f6\u00dfte Nationalpark in Estland. Er wurde zum Schutz der, von riesigen Findlingen gepr\u00e4gten, K\u00fcstenlandschaften, Hochmoore und taigaartigen W\u00e4lder gegr\u00fcndet. Kulturhighlights des Schutzgebietes sind die, auf die Deutsch-Baltische Geschichte zur\u00fcckgehenden, wundersch\u00f6nen Herrenh\u00e4user und die traditionellen estnischen Fischerh\u00e4user. F\u00fcr Wanderer h\u00e4lt der Nationalpark mehrere l\u00e4ngere und k\u00fcrzere Wanderwege bereit. In unserer Tour-App sind Wanderwege zwischen 1 und 15 km L\u00e4nge verzeichnet, die Sie an der K\u00fcste entlang, durch alte W\u00e4lder, \u00fcbers Hochmoor und zu den Gutsh\u00f6fen f\u00fchren. Sie k\u00f6nnen selber entscheiden wie weit Sie laufen m\u00f6chten und welche Sehensw\u00fcrdigkeiten Sie mehr ansprechen.<\/p>\n<p>Autofahrt von Tallinn nach Lahemaa und zur\u00fcck (je ca. 80km bzw. 1 Stunde Fahrt)<br \/>\nNacht in Tallinn im Hotel<\/p>\n<h2>4.Tag Marimetsa Hochmoor, Inseln Saaremaa und Muhumaa<\/h2>\n<p>Heute geht es weiter auf die Insel Saaremaa. Charakteristisch f\u00fcr die gr\u00f6\u00dfte Insel Estlands sind einsame Str\u00e4nde, bunte Wiesen, Wacholder-Weiden und alte Wehrkirchen. Unterwegs auf Saaremaa sollten Sie sich unbedingt das Marimetsa Hochmoor besichtigen. Der 9 km lange Wanderweg f\u00fchrt durch Fichtenwald, \u00fcbers Hochmoor bis zu den Moorkolken. Dort bietet ein Beobachtungsturm eine hervorragende Aussicht auf diese uralte, weite Landschaft. Von hier k\u00f6nnen sie das Farbspiel der Torfmoose, die Wasseraugen und die verkr\u00fcppelten Kiefern betrachten und fotografieren. Naturliebhaber k\u00f6nnen in diesem extremen Lebensraum einige seltene V\u00f6gel- und Pflanzenarten beobachten. Als sehr urspr\u00fcngliche Landschaft und nat\u00fcrlicher Lebensraum ist das Hochmoor f\u00fcr Besucher ein ganz besonderes Naturerlebnis.\u00a0Am Nachmittag besteht die M\u00f6glichkeit die Nordk\u00fcste von Saaremaa zu entdecken, einen Spaziergang an der Panga Steilk\u00fcste mit wundersch\u00f6nem Blick auf die Ostsee zu genie\u00dfen, den Angla Windm\u00fchlenpark, die Kaali-Meteoritenkrater und die Karja Kirche mit heidnischen Wandbemalungen zu besuchen. Auch hier gibt es sch\u00f6ne Wanderstrecken.<\/p>\n<p>Autofahrt ca 200 km, F\u00e4hr\u00fcberfahrt 30 min.<br \/>\nNacht auf Saaremaa im Hotel oder G\u00e4stehaus.<\/p>\n<h2>5.Tag Saaremaa und Kuressaare<\/h2>\n<p>Auf Saaremaa ist am Vormittag eine Wanderung im Vilsandi Nationalpark auf der Harialaid Halbinsel geplant. Diese je nach Wunsch 6 oder 11 km lange Strecke f\u00fchrt an einsamen Sandstranden entlang zum Leuchtturm.\u00a0Im weiteren Tagesverlauf k\u00f6nnen Sie die Inselhauptstadt Kuressaare erkunden, dort die m\u00e4chtige Bischofsburg besichtigen und in gem\u00fctlichen Stra\u00dfencaf\u00e9s sitzen. Anschlie\u00dfend besteht die M\u00f6glichkeit zur S\u00f5rve Halbinsel zu fahren, den Loode Eichenwald mit seinen Orchideenwiesen zu erkunden, andere Sehensw\u00fcrdigkeiten zu besuchen oder noch mal eine l\u00e4ngere Wanderung vorzunehmen.<\/p>\n<p>Autofahrt ca. 80 km<br \/>\nNacht in Saaremaa im Herrenhaus-Hotel<\/p>\n<h2>6.Tag Fahrt nach Riga \u00fcber die Sommerhauptstadt P\u00e4rnu<\/h2>\n<p>Die Fahrt nach Riga k\u00f6nnen Sie f\u00fcr l\u00e4ngere oder k\u00fcrzere Wanderungen unterbrechen und so das Land noch besser kennenlernen. Besonders Kultur- und Badebegeisterte sollten sich unbedingt Estlands Sommerhauptstadt P\u00e4rnu ansehen. Seichte Sandstr\u00e4nde, sch\u00f6ne Parkanlagen, eine attraktive Altstadt, die lange Mole zwischen Meer und Fluss sind einen Besuch wert. F\u00fcr Naturfreunde ist der Umweg in das Nigula Naturschutzgebiet nicht gro\u00df. Direkt an der Stra\u00dfe nach Riga liegt im Luitemaa Schutzgebiet eine Wanderstrecke in den Sandd\u00fcnen zum Aussichtsturm mit Blick \u00fcber Wald, Moor und Ostsee.\u00a0Den Abend k\u00f6nnen Sie schon in einem von zahllosen Restaurants und Caf\u00e9s in Riga genie\u00dfen.<\/p>\n<p>Autofahrt ca 350 km, F\u00e4hr\u00fcberfahrt 30 min.<br \/>\nNacht in Riga<\/p>\n<h2>7.Tag Riga und Gauja Nationalpark<\/h2>\n<p>Wenn Sie sich nicht schon v\u00f6llig in Riga verliebt haben und den ganzen Tag zwischen Jugendstilbauten verbringen m\u00f6chten, so empfehlen wir Ihnen eine Tagestour in den Gauja Nationalpark. Der Fluss Gauja ist f\u00fcr seine rote Sandsteinfelsen bekannt. Im Nationalpark k\u00f6nnen sie entweder eine Kanutour oder eine Wanderung durch das Urstromtal vornehmen. Im Ligatne Tierpark sind Elche, B\u00e4ren, Eulen und Luchse zu sehen. In ihre \u00a0Tour-App finden Sie mehrere Wanderwege und Sehensw\u00fcrdigkeiten im Gauja Nationalpark sowie in Riga.<\/p>\n<p>Autofahrt ca 80km<br \/>\nNacht in Riga<\/p>\n<h2>8.Tag Palanga und Klaipeda<\/h2>\n<p>Am Vormittag haben Sie noch Zeit Riga zu erkunden. Neben den vielen Sehensw\u00fcrdigkeiten in Riga ist auch der Zentralmarkt einen Besuch wert, er bietet kulinarische Erlaubnisse und viele Kostproben.\u00a0Danach beginnt die Fahrt auf die Kurische Nehrung. Unterwegs machen Sie einen kurzen Badestopp im Strandgebiet von Palanga.\u00a0In Klaipeda geht es mit der F\u00e4hre \u00fcber das Kurische Haff auf die Kurische Nehrung. Der Naturpark Kurische Nehrung steht auf der Liste des UNESCO-Weltkulturerbes. Bevor Sie ihre Unterkunft einchecken, schauen Sie bei der Kormorankolonie vorbei oder wandern durch einen zauberhaften M\u00e4rchenwald mit Holzskulpturen von litauischen K\u00fcnstlern.<\/p>\n<p>Autofahrt 350 km, F\u00e4hrfahrt 15 min.<br \/>\nNacht in Nida im gem\u00fctlichen G\u00e4stehaus<\/p>\n<h2>9.Tag Kurische Nehrung<\/h2>\n<p>Wanderungen \u00fcber Wanderd\u00fcnen auf der 100 km langen und 4 km breiten Landzunge in der Ostsee, die aufgrund des hier urspr\u00fcnglich ans\u00e4ssigen Volkstamms der Kuren den Namen Kurische Nehrung tr\u00e4gt. Aber nicht nur die bis zu 62 m hohen Sandd\u00fcnen, sondern auch das Thomas Mann Haus, das Bernsteinmuseum und die Fischerd\u00f6rfer mit bunten Familienwappen machen die Nehrung zu einem der beliebtesten Reiseziele im ganzen Baltikum. Hier warten Sie breite Sandstr\u00e4nde, wo Sie wunderbar baden und auch Bernstein finden k\u00f6nnen. Mit der Hilfe der Tour-App finden Sie f\u00fcr den Abend auch ein nettes Fischrestaurant.<\/p>\n<p>Nacht in Nida im gem\u00fctlichen G\u00e4stehaus<\/p>\n<h2>10.Tag Fahrt nach Vilnius.<\/h2>\n<p>Nach dem Fr\u00fchst\u00fcck packen Sie die Koffer und fahren los. Noch vor der F\u00e4hrhafen k\u00f6nnen Sie in die Morgenstunden f\u00fcr eine Wanderung auf eine 52 Meter D\u00fcne nutzen. Nach einer kurzen Kaffeepause in Klaipeda geht es Richtung Vilnius (3 Stunden Fahrt). Zum Abend erreichen Sie Vilnius und wenn Sei noch nicht zu m\u00fcde sind, so genie\u00dfen Sie doch ein Glas Wein in der Altstadt.<\/p>\n<p>Nacht in Vilnius im G\u00e4stehaus<\/p>\n<h2>11.Tag Vilnius<\/h2>\n<p>Das Tor der Morgenr\u00f6te bildet den s\u00fcdlichen Eingang zur gr\u00f6\u00dften Altstadt Osteuropas. Die gepflasterte Stra\u00dfe f\u00fchrt an vier Barockkirchen vorbei hinunter zum Rathaus. Auf dem Weg kommen Sie an vielen, auf den ersten Blick unscheinbaren, Hinterh\u00f6fen vorbei. Doch h\u00e4ufig verstecken sich in den Hinterh\u00f6fen romantische Kaffees, die leckeren Kuchen anbieten. Die besten Empfehlungen h\u00e4lt die Tour-App f\u00fcr Sie bereit. Ein Spaziergang hoch zum Gediminas-Turm lohnt sich, von dort oben haben Sie einen hervorragenden Blick \u00fcber die Stadt. Fotografen werden begeistert sein.\u00a0Am Abend genie\u00dfen Sie in einem gem\u00fctlichen Restaurant in der Altstadt litauische Spezialit\u00e4ten und die lebensfrohe Atmosph\u00e4re dieser wundersch\u00f6nen Stadt.<\/p>\n<p>Nacht in Vilnius in G\u00e4stehaus<\/p>\n<h2>12.Tag Abfahrt<\/h2>\n<p>Heute ist der Tag des Abschieds vom Baltikum, bis zum n\u00e4chsten Mal!<\/p>\n<\/div><div class=\"fusion-clearfix\"><\/div><\/div><\/div><div class=\"fusion-layout-column fusion_builder_column fusion-builder-column-4 fusion_builder_column_1_1 1_1 fusion-one-full fusion-column-first fusion-column-last\" style=\"margin-top:0px;margin-bottom:20px;\"><div class=\"fusion-column-wrapper fusion-flex-column-wrapper-legacy\" style=\"background-position:left top;background-repeat:no-repeat;-webkit-background-size:cover;-moz-background-size:cover;-o-background-size:cover;background-size:cover;padding: 0px 0px 0px 0px;\"><div class=\"fusion-menu-anchor\" id=\"price\"><\/div><div class=\"fusion-text fusion-text-3\" style=\"transform:translate3d(0,0,0);\"><h2>Saison<\/h2>\n<p>April bis Oktober<\/p>\n<h2>Preis<\/h2>\n<p>1850\u20ac pro Person bei Belegung in Doppelzimmern, Einzelzimmerzuschlag 330\u20ac<\/p>\n<h2><strong>Leistungen:<\/strong><\/h2>\n<ul>\n<li>\u00dcbernachtungen in Mittelklassehotels und G\u00e4steh\u00e4user mit Fr\u00fchst\u00fcck<\/li>\n<li>Tour-App<\/li>\n<li>Stadtf\u00fchrung in Tallinn und Einweisung in die Tour-App<\/li>\n<li>Mietwagen (Kompaktklasse) an 8 Tagen von Tallinn bis Vilnius<\/li>\n<\/ul>\n<\/div><div class=\"fusion-clearfix\"><\/div><\/div><\/div><\/div><\/div>\n","protected":false},"excerpt":{"rendered":"<p>W\u00e4hrend dieser Reise besuchen Sie die sch\u00f6nsten Naturlandschaften und St\u00e4dte des Baltikums. Es handelt sich um eine Aktivreise, bei der Sie viel Zeit mit Wandern an der frischen Luft verbringen. Wandernd entdecken und erleben Sie so die \u00e4ltesten und gr\u00f6\u00dften Nationalparks Lahemaa und Gauja, die estnische Inselwelt, ausgedehnte Hochmoore, Taigaw\u00e4lder und die Kurische Nehrung. Ebenso besuchen Sie die wichtigsten Sehensw\u00fcrdigkeiten im Baltikum, wie den mittelalterlichen Stadtkern von Tallinn, das Jugendstilviertel von Riga und die nordischen Barockkirchen von Vilnius.<\/p>\n","protected":false},"featured_media":21662,"comment_status":"open","ping_status":"closed","template":"","meta":[],"product_cat":[476,472,473,474,460,453,468],"product_tag":[],"class_list":["post-21720","product","type-product","status-publish","has-post-thumbnail","hentry","product_cat-baltikum","product_cat-estland","product_cat-letland","product_cat-litauen","product_cat-reisen","product_cat-smart-guided-individual-reisen","product_cat-wandern"],"yoast_head":"<!-- This site is optimized with the Yoast SEO plugin v21.8 - https:\/\/yoast.com\/wordpress\/plugins\/seo\/ -->\n<title>Smart-guided Individualreise Wandern im Baltikum 12 Tage - ActivEst<\/title>\n<meta name=\"robots\" content=\"index, follow, max-snippet:-1, max-image-preview:large, max-video-preview:-1\" \/>\n<link rel=\"canonical\" href=\"https:\/\/activest.ee\/toode\/smart-guided-individualreise-wandern-im-baltikum-12-tage\/\" \/>\n<meta property=\"og:locale\" content=\"et_EE\" \/>\n<meta property=\"og:type\" content=\"article\" \/>\n<meta property=\"og:title\" content=\"Smart-guided Individualreise Wandern im Baltikum 12 Tage - ActivEst\" \/>\n<meta property=\"og:description\" content=\"W\u00e4hrend dieser Reise besuchen Sie die sch\u00f6nsten Naturlandschaften und St\u00e4dte des Baltikums. Es handelt sich um eine Aktivreise, bei der Sie viel Zeit mit Wandern an der frischen Luft verbringen. Wandernd entdecken und erleben Sie so die \u00e4ltesten und gr\u00f6\u00dften Nationalparks Lahemaa und Gauja, die estnische Inselwelt, ausgedehnte Hochmoore, Taigaw\u00e4lder und die Kurische Nehrung. Ebenso besuchen Sie die wichtigsten Sehensw\u00fcrdigkeiten im Baltikum, wie den mittelalterlichen Stadtkern von Tallinn, das Jugendstilviertel von Riga und die nordischen Barockkirchen von Vilnius.\" \/>\n<meta property=\"og:url\" content=\"https:\/\/activest.ee\/toode\/smart-guided-individualreise-wandern-im-baltikum-12-tage\/\" \/>\n<meta property=\"og:site_name\" content=\"ActivEst\" \/>\n<meta property=\"article:modified_time\" content=\"2024-09-24T13:55:58+00:00\" \/>\n<meta property=\"og:image\" content=\"https:\/\/activest.ee\/wp-content\/uploads\/2019\/12\/20180618_115751-scaled.jpg\" \/>\n\t<meta property=\"og:image:width\" content=\"2560\" \/>\n\t<meta property=\"og:image:height\" content=\"1920\" \/>\n\t<meta property=\"og:image:type\" content=\"image\/jpeg\" \/>\n<meta name=\"twitter:card\" content=\"summary_large_image\" \/>\n<meta name=\"twitter:label1\" content=\"Est. reading time\" \/>\n\t<meta name=\"twitter:data1\" content=\"9 minutit\" \/>\n<script type=\"application\/ld+json\" class=\"yoast-schema-graph\">{\"@context\":\"https:\/\/schema.org\",\"@graph\":[{\"@type\":\"WebPage\",\"@id\":\"https:\/\/activest.ee\/toode\/smart-guided-individualreise-wandern-im-baltikum-12-tage\/\",\"url\":\"https:\/\/activest.ee\/toode\/smart-guided-individualreise-wandern-im-baltikum-12-tage\/\",\"name\":\"Smart-guided Individualreise Wandern im Baltikum 12 Tage - ActivEst\",\"isPartOf\":{\"@id\":\"https:\/\/activest.ee\/en\/#website\"},\"datePublished\":\"2019-12-18T13:16:29+00:00\",\"dateModified\":\"2024-09-24T13:55:58+00:00\",\"breadcrumb\":{\"@id\":\"https:\/\/activest.ee\/toode\/smart-guided-individualreise-wandern-im-baltikum-12-tage\/#breadcrumb\"},\"inLanguage\":\"et\",\"potentialAction\":[{\"@type\":\"ReadAction\",\"target\":[\"https:\/\/activest.ee\/toode\/smart-guided-individualreise-wandern-im-baltikum-12-tage\/\"]}]},{\"@type\":\"BreadcrumbList\",\"@id\":\"https:\/\/activest.ee\/toode\/smart-guided-individualreise-wandern-im-baltikum-12-tage\/#breadcrumb\",\"itemListElement\":[{\"@type\":\"ListItem\",\"position\":1,\"name\":\"Home\",\"item\":\"https:\/\/activest.ee\/et\/\"},{\"@type\":\"ListItem\",\"position\":2,\"name\":\"Shop\",\"item\":\"https:\/\/www.activest.ee\/et\/shop-2\/\"},{\"@type\":\"ListItem\",\"position\":3,\"name\":\"Smart-guided Individualreise Wandern im Baltikum 12 Tage\"}]},{\"@type\":\"WebSite\",\"@id\":\"https:\/\/activest.ee\/en\/#website\",\"url\":\"https:\/\/activest.ee\/en\/\",\"name\":\"ActivEst\",\"description\":\"Tuurid, perepuhkus, loodusretked, seiklusretked\",\"potentialAction\":[{\"@type\":\"SearchAction\",\"target\":{\"@type\":\"EntryPoint\",\"urlTemplate\":\"https:\/\/activest.ee\/en\/?s={search_term_string}\"},\"query-input\":\"required name=search_term_string\"}],\"inLanguage\":\"et\"}]}<\/script>\n<!-- \/ Yoast SEO plugin. -->","yoast_head_json":{"title":"Smart-guided Individualreise Wandern im Baltikum 12 Tage - ActivEst","robots":{"index":"index","follow":"follow","max-snippet":"max-snippet:-1","max-image-preview":"max-image-preview:large","max-video-preview":"max-video-preview:-1"},"canonical":"https:\/\/activest.ee\/toode\/smart-guided-individualreise-wandern-im-baltikum-12-tage\/","og_locale":"et_EE","og_type":"article","og_title":"Smart-guided Individualreise Wandern im Baltikum 12 Tage - ActivEst","og_description":"W\u00e4hrend dieser Reise besuchen Sie die sch\u00f6nsten Naturlandschaften und St\u00e4dte des Baltikums. Es handelt sich um eine Aktivreise, bei der Sie viel Zeit mit Wandern an der frischen Luft verbringen. Wandernd entdecken und erleben Sie so die \u00e4ltesten und gr\u00f6\u00dften Nationalparks Lahemaa und Gauja, die estnische Inselwelt, ausgedehnte Hochmoore, Taigaw\u00e4lder und die Kurische Nehrung. Ebenso besuchen Sie die wichtigsten Sehensw\u00fcrdigkeiten im Baltikum, wie den mittelalterlichen Stadtkern von Tallinn, das Jugendstilviertel von Riga und die nordischen Barockkirchen von Vilnius.","og_url":"https:\/\/activest.ee\/toode\/smart-guided-individualreise-wandern-im-baltikum-12-tage\/","og_site_name":"ActivEst","article_modified_time":"2024-09-24T13:55:58+00:00","og_image":[{"width":2560,"height":1920,"url":"https:\/\/activest.ee\/wp-content\/uploads\/2019\/12\/20180618_115751-scaled.jpg","type":"image\/jpeg"}],"twitter_card":"summary_large_image","twitter_misc":{"Est. reading time":"9 minutit"},"schema":{"@context":"https:\/\/schema.org","@graph":[{"@type":"WebPage","@id":"https:\/\/activest.ee\/toode\/smart-guided-individualreise-wandern-im-baltikum-12-tage\/","url":"https:\/\/activest.ee\/toode\/smart-guided-individualreise-wandern-im-baltikum-12-tage\/","name":"Smart-guided Individualreise Wandern im Baltikum 12 Tage - ActivEst","isPartOf":{"@id":"https:\/\/activest.ee\/en\/#website"},"datePublished":"2019-12-18T13:16:29+00:00","dateModified":"2024-09-24T13:55:58+00:00","breadcrumb":{"@id":"https:\/\/activest.ee\/toode\/smart-guided-individualreise-wandern-im-baltikum-12-tage\/#breadcrumb"},"inLanguage":"et","potentialAction":[{"@type":"ReadAction","target":["https:\/\/activest.ee\/toode\/smart-guided-individualreise-wandern-im-baltikum-12-tage\/"]}]},{"@type":"BreadcrumbList","@id":"https:\/\/activest.ee\/toode\/smart-guided-individualreise-wandern-im-baltikum-12-tage\/#breadcrumb","itemListElement":[{"@type":"ListItem","position":1,"name":"Home","item":"https:\/\/activest.ee\/et\/"},{"@type":"ListItem","position":2,"name":"Shop","item":"https:\/\/www.activest.ee\/et\/shop-2\/"},{"@type":"ListItem","position":3,"name":"Smart-guided Individualreise Wandern im Baltikum 12 Tage"}]},{"@type":"WebSite","@id":"https:\/\/activest.ee\/en\/#website","url":"https:\/\/activest.ee\/en\/","name":"ActivEst","description":"Tuurid, perepuhkus, loodusretked, seiklusretked","potentialAction":[{"@type":"SearchAction","target":{"@type":"EntryPoint","urlTemplate":"https:\/\/activest.ee\/en\/?s={search_term_string}"},"query-input":"required name=search_term_string"}],"inLanguage":"et"}]}},"_links":{"self":[{"href":"https:\/\/activest.ee\/et\/wp-json\/wp\/v2\/product\/21720","targetHints":{"allow":["GET"]}}],"collection":[{"href":"https:\/\/activest.ee\/et\/wp-json\/wp\/v2\/product"}],"about":[{"href":"https:\/\/activest.ee\/et\/wp-json\/wp\/v2\/types\/product"}],"replies":[{"embeddable":true,"href":"https:\/\/activest.ee\/et\/wp-json\/wp\/v2\/comments?post=21720"}],"wp:featuredmedia":[{"embeddable":true,"href":"https:\/\/activest.ee\/et\/wp-json\/wp\/v2\/media\/21662"}],"wp:attachment":[{"href":"https:\/\/activest.ee\/et\/wp-json\/wp\/v2\/media?parent=21720"}],"wp:term":[{"taxonomy":"product_cat","embeddable":true,"href":"https:\/\/activest.ee\/et\/wp-json\/wp\/v2\/product_cat?post=21720"},{"taxonomy":"product_tag","embeddable":true,"href":"https:\/\/activest.ee\/et\/wp-json\/wp\/v2\/product_tag?post=21720"}],"curies":[{"name":"wp","href":"https:\/\/api.w.org\/{rel}","templated":true}]}}