{"id":21392,"date":"2019-11-21T09:24:36","date_gmt":"2019-11-21T07:24:36","guid":{"rendered":"https:\/\/activest.ee\/?post_type=product&#038;p=21392"},"modified":"2025-12-06T13:48:35","modified_gmt":"2025-12-06T11:48:35","slug":"familienreise","status":"publish","type":"product","link":"https:\/\/activest.ee\/et\/toode\/familienreise\/","title":{"rendered":"B\u00e4ren, Elche und Abenteuer &#8211; Familienreise in Estland 9 Tage"},"content":{"rendered":"<div class=\"fusion-fullwidth fullwidth-box fusion-builder-row-1 nonhundred-percent-fullwidth non-hundred-percent-height-scrolling\" style=\"background-color: rgba(255,255,255,0);background-position: center center;background-repeat: no-repeat;padding-top:0px;padding-right:0px;padding-bottom:0px;padding-left:0px;margin-bottom: 0px;margin-top: 0px;border-width: 0px 0px 0px 0px;border-color:#eae9e9;border-style:solid;\" ><div class=\"fusion-builder-row fusion-row\"><div class=\"fusion-layout-column fusion_builder_column fusion-builder-column-0 fusion_builder_column_1_1 1_1 fusion-one-full fusion-column-first fusion-column-last\" style=\"margin-top:0px;margin-bottom:20px;\"><div class=\"fusion-column-wrapper fusion-flex-column-wrapper-legacy\" style=\"background-position:left top;background-repeat:no-repeat;-webkit-background-size:cover;-moz-background-size:cover;-o-background-size:cover;background-size:cover;padding: 0px 0px 0px 0px;\"><div class=\"fusion-button-wrapper\"><style type=\"text\/css\">.fusion-button.button-1 {border-radius:2px;}<\/style><a class=\"fusion-button button-flat fusion-button-default-size button-default button-1 fusion-button-default-span fusion-button-default-type\" target=\"_self\" href=\"#description\"><span class=\"fusion-button-text\">Reisebeschreibung<\/span><\/a><\/div><div class=\"fusion-button-wrapper\"><style type=\"text\/css\">.fusion-button.button-2 {border-radius:2px;}<\/style><a class=\"fusion-button button-flat fusion-button-default-size button-default button-2 fusion-button-default-span fusion-button-default-type\" target=\"_self\" href=\"#detailed\"><span class=\"fusion-button-text\">Detailbeschreibung<\/span><\/a><\/div><div class=\"fusion-button-wrapper\"><style type=\"text\/css\">.fusion-button.button-3 {border-radius:2px;}<\/style><a class=\"fusion-button button-flat fusion-button-default-size button-default button-3 fusion-button-default-span fusion-button-default-type\" target=\"_self\" href=\"#price\"><span class=\"fusion-button-text\">Termine und Preis<\/span><\/a><\/div><div class=\"fusion-clearfix\"><\/div><\/div><\/div><div class=\"fusion-layout-column fusion_builder_column fusion-builder-column-1 fusion_builder_column_1_1 1_1 fusion-one-full fusion-column-first fusion-column-last\" style=\"margin-top:0px;margin-bottom:20px;\"><div class=\"fusion-column-wrapper fusion-flex-column-wrapper-legacy\" style=\"background-position:left top;background-repeat:no-repeat;-webkit-background-size:cover;-moz-background-size:cover;-o-background-size:cover;background-size:cover;padding: 0px 0px 0px 0px;\"><div class=\"fusion-clearfix\"><\/div><\/div><\/div><div class=\"fusion-layout-column fusion_builder_column fusion-builder-column-2 fusion_builder_column_1_1 1_1 fusion-one-full fusion-column-first fusion-column-last\" style=\"margin-top:0px;margin-bottom:20px;\"><div class=\"fusion-column-wrapper fusion-flex-column-wrapper-legacy\" style=\"background-position:left top;background-repeat:no-repeat;-webkit-background-size:cover;-moz-background-size:cover;-o-background-size:cover;background-size:cover;padding: 0px 0px 0px 0px;\"><div class=\"fusion-menu-anchor\" id=\"description\"><\/div><div class=\"fusion-text fusion-text-1\" style=\"transform:translate3d(0,0,0);\"><h2><strong>H\u00f6hepunkte:<\/strong><\/h2>\n<ul>\n<li>\u00dcbernachtung in einer B\u00e4renbeobachtungsh\u00fctte<\/li>\n<li>Elchsafari<\/li>\n<li>Moorschuhwanderung im Regenmoor und Moorbaden<\/li>\n<li>Kanutour<\/li>\n<li>Bootsfahrt zu einsamen Inseln sowie Robbenb\u00e4nken in kleiner Gruppe<\/li>\n<li>\u00dcbernachtung auf Kleininsel in Zelt<\/li>\n<li>Zarenstadt Haapsalu<\/li>\n<li>Stadtf\u00fchrung in Tallinn<\/li>\n<\/ul>\n<\/div><div class=\"fusion-clearfix\"><\/div><\/div><\/div><div class=\"fusion-layout-column fusion_builder_column fusion-builder-column-3 fusion_builder_column_1_1 1_1 fusion-one-full fusion-column-first fusion-column-last\" style=\"margin-top:0px;margin-bottom:20px;\"><div class=\"fusion-column-wrapper fusion-flex-column-wrapper-legacy\" style=\"background-position:left top;background-repeat:no-repeat;-webkit-background-size:cover;-moz-background-size:cover;-o-background-size:cover;background-size:cover;padding: 0px 0px 0px 0px;\"><div class=\"fusion-menu-anchor\" id=\"detailed\"><\/div><div class=\"fusion-text fusion-text-2\" style=\"transform:translate3d(0,0,0);\"><h2 data-fontsize=\"15\" style=\"--fontSize: 15; line-height: 1.5; --minFontSize: 15;\" data-lineheight=\"22.5px\" class=\"fusion-responsive-typography-calculated\">1. Tag:  Anreise nach Estland<\/h2>\n<p>Der Flug zu dieser Familienreise ist im Reisepreis nicht inkludiert. Wir bieten Ihnen gerne eine passende individuelle Flugverbindung zum tagesaktuellen Preis an, so dass Ihre Fl\u00fcge als Teil der Pauschalreise \u00fcber uns gebucht werden k\u00f6nnen. For Family Reisen fliegt ausschlie\u00dflich mit renommierten Linien- und Charterfluggesellschaften. Zu einigen Gruppenreisen haben wir bei ausgew\u00e4hlten Fluggesellschaften Pl\u00e4tze zu attraktiven Veranstalterpreisen reserviert. Wo keine Platzkontingente vorliegen, suchen wir gerne f\u00fcr Sie die besten Flugverbindungen entsprechend Ihrer Bed\u00fcrfnisse und W\u00fcnsche als Familie.<\/p>\n<p>Heute beginnt unsere Estland for family Reise. Wir werden am Flughafen von unserem deutschsprachigen Reiseleiter abgeholt und in unsere erste Unterkunft gebracht.<\/p>\n<p>Transfer ca. 1,5 Stunden<br \/>\n\u00dcbernachtung: G\u00e4stehaus im Matsalu Nationalpark<br \/>\nVerpflegung: Abendessen<\/p>\n<h2 data-fontsize=\"15\" style=\"--fontSize: 15; line-height: 1.5; --minFontSize: 15;\" data-lineheight=\"22.5px\" class=\"fusion-responsive-typography-calculated\">2. Tag: Hapsalu und Bibersafari<\/h2>\n<p>Wir fahren nach Haapsalu, einem ehemaligen Kurort russischer Zaren. Eigens f\u00fcr den Zaren wurde eine Bahnlinie in die Lagunenstadt gebaut. Heute erinnern der ganz aus Holz gebaute Bahnhof und die alten Dampfloks an diese Zeit. Die Loks k\u00f6nnen nicht nur betrachtet werden, denn das F\u00fchrerhaus ist auch zur Besichtigung freigegeben. Entlang der Lagune, die im Winter zugefroren und f\u00fcr eine Eisstra\u00dfe genutzt wird, wandern wir zur Ordensritterburg, die wir uns ausgiebig anschauen wollen.<\/p>\n<p>Mittags gehen wir zum Sandstrand von Haapsalu. F\u00fcr unsere Kleinen gibt es an der Strandpromenade sch\u00f6ne Spielpl\u00e4tze und im flachen, warmen Wasser k\u00f6nnen wir es uns gut gehen lassen.<\/p>\n<p>Am sp\u00e4ten Nachmittag starten wir zu einer Bibersafari im Matsalu Nationalpark. Mit seinen sch\u00f6nen Strandwiesen, kleinen Inseln, gro\u00dfen Schilfgebieten und abwechslungsreichen K\u00fcsten ist es ein MUSS f\u00fcr jedermann. F\u00fcr Besucher stehen in Matsalu mehrere Wanderwege und Aussichtst\u00fcrme zur Verf\u00fcgung. Auf einem Fischkutter beobachten wir mit etwas Gl\u00fcck Biber, Elche, Otter, viele V\u00f6gel und Flederm\u00e4use.<\/p>\n<p>\u00dcbernachtung: G\u00e4stehaus im Matsalu Nationalpark<br \/>\nVerpflegung: Fr\u00fchst\u00fcck, Abendessen<\/p>\n<h2 data-fontsize=\"15\" style=\"--fontSize: 15; line-height: 1.5; --minFontSize: 15;\" data-lineheight=\"22.5px\" class=\"fusion-responsive-typography-calculated\">3. Tag: Ostseek\u00fcste und Robbenb\u00e4nke<\/h2>\n<p>Am heutigen Tag unserer Familienreise nach Estland wechseln wir unseren Standort und fahren an die sch\u00f6ne Nordwestk\u00fcste Estlands. Etwa 2200 Inseln z\u00e4hlt das kleine Estland. Sie liegen verstreut in der Ostsee und viele von ihnen sind unbewohnt. Zun\u00e4chst fahren wir mit der F\u00e4hre zur gro\u00dfen Insel Hiiumaa. Die F\u00e4hrfahrt ist schon spannend, denn wir fahren ganz langsam durch die flache Ostsee, vorbei an kleinen Inseln, auf denen wir schon die ersten Ringelrobben entdecken k\u00f6nnen. Nach der \u00dcberfahrt geht es weiter mit kleinen Fischkuttern, die uns tiefer in die baltischen Inselwelten und zu den Robbenb\u00e4nken bringen. Die hier lebenden Ringelrobben sind gar nicht scheu und lassen sich leicht vom Boot aus betrachten. Sp\u00e4ter gehen wir an der Insel Saarnaki an Land. Die ganz mit Wacholder bewachsene Insel wurde schon vor Jahrzehnten von ihren Bewohnern verlassen. Ihre H\u00e4user, Scheunen und die eigent\u00fcmliche Windm\u00fchle sind jedoch erhalten geblieben und offen f\u00fcr Entdecker der Insel. Hier scheint die Zeit stehen geblieben zu sein. Wer hat nicht schon immer mal davon getr\u00e4umt auf einer einsamen Insel zu zelten?<\/p>\n<p>Am Abend machen wir gemeinsam ein Lagerfeuer und lassen den Tag Revue passieren. Wer mag kann noch eine Runde Baden gehen, den Sonnenuntergang vom Strand aus genie\u00dfen oder in der Sauna entspannen.<\/p>\n<p>\u00dcbernachtung: auf der Kleininsel Saarnaki<br \/>\nVerpflegung: Fr\u00fchst\u00fcck, Abendessen<\/p>\n<h2 data-fontsize=\"15\" style=\"--fontSize: 15; line-height: 1.5; --minFontSize: 15;\" data-lineheight=\"22.5px\" class=\"fusion-responsive-typography-calculated\">4. Tag: Einsame Insel Saarnaki und Stand-up-Pad\u00addeln<\/h2>\n<p>Am vierten Tag unseres Familienurlaubs haben wir den Vormittag zur freien Verf\u00fcgung. Wer m\u00f6chte, kann sich von unserem Reiseleiter am flachen Strand das Stand-up-Pad\u00addeln beibringen lassen oder die sch\u00f6ne Insel erkunden.<\/p>\n<p>Am Nachmittag holt uns der Skipper wieder ab und schippert uns zur F\u00e4hre, die uns wieder aufs Festland bringt. Dort machen wir uns auf dem Weg zum Soomaa Nationalpark.<\/p>\n<p>Unsere Unterkunft f\u00fcr die n\u00e4chsten drei Tage liegt in diesem atemberaubenden Soomaa Nationalpark.<\/p>\n<p>Das kleine Land Estland verzaubert Reisende nicht nur mit seiner landschaftlichen Vielfalt, sondern auch mit einer tollen Tierwelt. W\u00e4hrend wir durch die Natur streifen, werden wir mit Sicherheit einige Hirsche, Elche, Rehe und weitere Wildtiere des Baltikums entdecken k\u00f6nnen.<\/p>\n<p>Transfer ca. 2 Stunden<br \/>\nVerpflegung: Fr\u00fchst\u00fcck, Abendessen<\/p>\n<h2 data-fontsize=\"15\" style=\"--fontSize: 15; line-height: 1.5; --minFontSize: 15;\" data-lineheight=\"22.5px\" class=\"fusion-responsive-typography-calculated\">5. Tag: Kanutour im Soomaa Nationalpark<\/h2>\n<p>Nach dem Fr\u00fchst\u00fcck machen wir uns auf den Weg zu Europas gr\u00f6\u00dften Regenmoor-Nationalpark Soomaa. Mit seinen gro\u00dfen und nahezu unber\u00fchrten Mooren und nat\u00fcrlich verlaufenden Fl\u00fcssen eins der Highlights von unserer Familienreise.<\/p>\n<p>Die gr\u00f6\u00dfte Besonderheit, die von den einheimischen als f\u00fcnfte Jahreszeit bezeichnet wird, ist die Hochwasserzeit. W\u00e4hrend dieser Zeit kommen die einheimischen nur mit einem Kanu, Kajak oder Einbaumboot voran. Dadurch er\u00f6ffnen sich Sumpfgebiete, die sonst nur im Winter bei Schnee und Eis zug\u00e4nglich sind. Immer noch urig und unber\u00fchrt sind die Fl\u00fcsse, Auen\u00e4cker und Sumpfgebiete. Die Fl\u00fcsse haben viele Sandb\u00e4nke und schl\u00e4ngeln sich in engen Kurven durchs Moor.<\/p>\n<p>Nach unserer Kanutour suchen wir uns ein sch\u00f6nes Pl\u00e4tzchen f\u00fcr ein Picknick.<\/p>\n<p>Am sp\u00e4ten Nachmittag besuchen wir das Naturzentrum des Soomaa Nationalparks. Wir wandern durch den Wald und suchen nach Spuren von Wolfsrudeln, die im Soomaa Naionalpark wohnen.<\/p>\n<p>\u00dcbernachtung: Soomaa Holiday Village o.\u00e4.<br \/>\nVerpflegung: Fr\u00fchst\u00fcck, Abendessen<\/p>\n<h2 data-fontsize=\"15\" style=\"--fontSize: 15; line-height: 1.5; --minFontSize: 15;\" data-lineheight=\"22.5px\" class=\"fusion-responsive-typography-calculated\">6. Tag: Moorschuhwanderung<\/h2>\n<p>Am Vormittag erkunden wir das riesige Hochmoor auf ganz traditionelle Art und Weise. Wir wandern mit Hilfe von Moorschuhen &#8211; die so konstruiert sind, dass wir beim Laufen trotz schwankenden Bodens nicht einsinken k\u00f6nnen. Wir wandern bei kleinem Gew\u00e4sser, sogenannte Moorkolke wo wir im dunklen aber sauberen Wasser baden k\u00f6nnen.<\/p>\n<p>Am Nachmittag stehen Spiel und Spa\u00df im Wasser an, es geht n\u00e4mlich zu spannenden Wasseraktivit\u00e4ten an einem Stausee. Wer m\u00f6chte kann Kanu fahren oder seine Balance beim Stand-up-Paddeling unter Beweis stellen.<\/p>\n<p>Am Abend werden wir unsere tierischen Freunde wie Hirsche, Elche oder auch Rehe bei einer kleinen Wanderung durch den Wald wieder treffen<strong>.<\/strong><\/p>\n<p>\u00dcbernachtung: Soomaa Holiday Village o.\u00e4.<br \/>\nVerpflegung: Fr\u00fchst\u00fcck, Mittagessen<\/p>\n<h2 data-fontsize=\"15\" style=\"--fontSize: 15; line-height: 1.5; --minFontSize: 15;\" data-lineheight=\"22.5px\" class=\"fusion-responsive-typography-calculated\">7. Tag: B\u00e4renbeobachtung in der Taiga<\/h2>\n<p>Heute geht die Fahrt zu einer einfachen B\u00e4renbeobachtungsh\u00fctte, tief in der estnischen Taiga. Hier werden wir die Nacht verbringen und auf B\u00e4ren warten. In Estland leben fast 700 B\u00e4ren.<\/p>\n<p>Die m\u00e4nnlichen B\u00e4ren sind Einzelg\u00e4nger, aber die Weibchen kommen mit ihren Jungen h\u00e4ufiger zur Beobachtungsstelle.<\/p>\n<p>Die besondere Konstruktion der H\u00e4user erm\u00f6glicht Aussichten auf zwei Seiten. Aus dem H\u00fcttenfenster in n\u00f6rdliche Richtung geht der Blick in einen Wald aus Birken und Fichten. Hier sehen wir B\u00e4ren und Marderhunde auf ganz kurzer Distanz.<\/p>\n<p>Aus dem s\u00fcdlichen Fenster sehen wir eine offene Landschaft mit einem weiten Blick auf Wiesen und Weidengeb\u00fcsche. Dort k\u00f6nnen wir Elche oder Biber bestaunen. Die H\u00fctten sind einfach, komfortabel, sauber und gem\u00fctlich f\u00fcr uns eingerichtet. Wir finden dort getrennte Kabinen mit Etagenbetten und eine Trockentoilette.<\/p>\n<p>Ein Naturf\u00fchrer beantwortet all unsere Fragen. Zum Beispiel: Was essen die Tiere, wie bauen sie ihr Winterquartier, wie gehen die B\u00e4ren mit Ihren Jungtieren um?<\/p>\n<p>\u00dcbernachtung: B\u00e4renbeobachtungsh\u00fctte in Alutaguse<br \/>\nVerpflegung: Fr\u00fchst\u00fcck<\/p>\n<h2 data-fontsize=\"15\" style=\"--fontSize: 15; line-height: 1.5; --minFontSize: 15;\" data-lineheight=\"22.5px\" class=\"fusion-responsive-typography-calculated\">8. Tag: Mittelalterliche Stadt Tallinn<\/h2>\n<p>Am Vormittag fahren wir auf unserer Estland for family Reise nach Tallinn und besichtigen dort die historische Altstadt, die sich in ihrem Aussehen seit Jahrhunderten kaum ver\u00e4ndert hat. Die alte Hansestadt hat noch immer das urspr\u00fcngliche Stra\u00dfensystem aus dem 13. bis 15. Jahrhundert. Die meisten H\u00e4user aus dem 14. und 15. Jahrhundert stehen in ihrer urspr\u00fcnglichen Gr\u00f6\u00dfe und Form da. Besonders die Wehrt\u00fcrme, der Marktplatz und die Oberstadt zeigen sich im mittelalterlichen Flair.<\/p>\n<p>Gleich hinter der R\u00fc\u00fctli-Gasse liegt eine Aussichtsplattform mit herrlichem Blick auf den Hafen und die Finnische Bucht.<\/p>\n<p>Transfers: ca. 1,5 Std.<\/p>\n<h2 data-fontsize=\"15\" style=\"--fontSize: 15; line-height: 1.5; --minFontSize: 15;\" data-lineheight=\"22.5px\" class=\"fusion-responsive-typography-calculated\">9. Tag: Heimreise<\/h2>\n<p>Heute endet unsere Familienreise in Estland. Am Vormittag gibt es die Gelegenheit, Tallinn auf eigene Faust zu erkunden, bevor wir am Nachmittag unsere Heimreise antreten und zum Flughafen gebracht werden. Der Flug ist nicht inkludiert, gerne erstellen wir Ihnen ein individuelles Angebot. Wer m\u00f6chte, kann seinen Urlaub gerne verl\u00e4ngern und weiter die sch\u00f6ne Natur von Estland erkunden.<\/p>\n<p>Verpflegung: Fr\u00fchst\u00fcck<\/p>\n<\/div><div class=\"fusion-clearfix\"><\/div><\/div><\/div><div class=\"fusion-layout-column fusion_builder_column fusion-builder-column-4 fusion_builder_column_1_1 1_1 fusion-one-full fusion-column-first fusion-column-last\" style=\"margin-top:0px;margin-bottom:20px;\"><div class=\"fusion-column-wrapper fusion-flex-column-wrapper-legacy\" style=\"background-position:left top;background-repeat:no-repeat;-webkit-background-size:cover;-moz-background-size:cover;-o-background-size:cover;background-size:cover;padding: 0px 0px 0px 0px;\"><div class=\"fusion-menu-anchor\" id=\"price\"><\/div><div class=\"fusion-text fusion-text-3\" style=\"transform:translate3d(0,0,0);\"><h2>Termine 2026:<\/h2>\n<ul>\n<li>23.05.2026 &#8211; 31.05.2026<\/li>\n<li>04.07.2026 &#8211; 12.07.2026<\/li>\n<li><span data-sheets-root=\"1\">18.07.2026 &#8211; 26.07.2026<\/span><\/li>\n<li><span data-sheets-root=\"1\">01.08.2026 &#8211; 09.08.2026<\/span><\/li>\n<li><span data-sheets-root=\"1\">15.08.2026 &#8211; 23.08.2026<\/span><\/li>\n<li><span data-sheets-root=\"1\">21.08.2026 &#8211; 29.08.2026<\/span><\/li>\n<\/ul>\n<h2>Preis 2025<\/h2>\n<p>Kind(6-14) 1399\u20ac; Erwachsene 1799\u20ac inklusive:<\/p>\n<ul>\n<li>6 bis 16 Teilnehmer<\/li>\n<li>Deutsch sprechende, durchg\u00e4ngige Reiseleitung<\/li>\n<li>7 \u00dcbernachtungen in Mittelklassehotels und Gasth\u00e4usern, 1 \u00dcbernachtung in der B\u00e4renbeobachtungsh\u00fctte, 1 Zelt\u00fcbernachtung<\/li>\n<li>Verpflegung laut Programm (F = Fr\u00fchst\u00fcck, M = Mittagessen, A = Abendessen)<\/li>\n<li>Alle Ausfl\u00fcge und Besichtigungen laut Programm inkl. Eintrittsgelder (au\u00dfer optionale Angebote)<\/li>\n<li>Alle Transfers laut Programm in landes\u00fcblichen Reisebussen<\/li>\n<li>1 Gruppentransfer bei Ankunft und Abreise, individuelle Transfers gegen Geb\u00fchr<\/li>\n<\/ul>\n<\/div><div class=\"fusion-clearfix\"><\/div><\/div><\/div><\/div><\/div>\n","protected":false},"excerpt":{"rendered":"<p>F\u00fcr Familieneisen bietet Estland Familienurlaub der besonderen Art. Wir \u00fcbernachten in einer B\u00e4renbeobachtungsh\u00fctte und im Zelt auf einer einsamen Insel. Wir machen Elchsafari, fahren mit Boot zu Ringelrobben und Biber und beobachten Tiere. Wandern mit Moorschuhe auf Hochmoor und baden im Moorsee. Besuchen Ritterburgen\u00a0 und Herrenh\u00e4user sowie die kinderfreundliche Hauptstadt Tallinn.<\/p>\n","protected":false},"featured_media":21407,"comment_status":"open","ping_status":"closed","template":"","meta":[],"product_cat":[472,458,467,466,460,457,468],"product_tag":[],"class_list":["post-21392","product","type-product","status-publish","has-post-thumbnail","hentry","product_cat-estland","product_cat-familienreisen","product_cat-kanu-kajak","product_cat-multiaktivreisen","product_cat-reisen","product_cat-guppenreisen","product_cat-wandern"],"yoast_head":"<!-- This site is optimized with the Yoast SEO plugin v21.8 - https:\/\/yoast.com\/wordpress\/plugins\/seo\/ -->\n<title>B\u00e4ren, Elche und Abenteuer - Familienreise in Estland 9 Tage - ActivEst<\/title>\n<meta name=\"robots\" content=\"index, follow, max-snippet:-1, max-image-preview:large, max-video-preview:-1\" \/>\n<link rel=\"canonical\" href=\"https:\/\/activest.ee\/en\/toode\/familienreise\/\" \/>\n<meta property=\"og:locale\" content=\"et_EE\" \/>\n<meta property=\"og:type\" content=\"article\" \/>\n<meta property=\"og:title\" content=\"B\u00e4ren, Elche und Abenteuer - Familienreise in Estland 9 Tage - ActivEst\" \/>\n<meta property=\"og:description\" content=\"F\u00fcr Familieneisen bietet Estland Familienurlaub der besonderen Art. Wir \u00fcbernachten in einer B\u00e4renbeobachtungsh\u00fctte und im Zelt auf einer einsamen Insel. Wir machen Elchsafari, fahren mit Boot zu Ringelrobben und Biber und beobachten Tiere. Wandern mit Moorschuhe auf Hochmoor und baden im Moorsee. Besuchen Ritterburgen\u00a0 und Herrenh\u00e4user sowie die kinderfreundliche Hauptstadt Tallinn.\" \/>\n<meta property=\"og:url\" content=\"https:\/\/activest.ee\/en\/toode\/familienreise\/\" \/>\n<meta property=\"og:site_name\" content=\"ActivEst\" \/>\n<meta property=\"article:modified_time\" content=\"2025-12-06T11:48:35+00:00\" \/>\n<meta property=\"og:image\" content=\"https:\/\/www.activest.ee\/wp-content\/uploads\/2019\/11\/20180814_122128-1-scaled.jpg\" \/>\n\t<meta property=\"og:image:width\" content=\"2560\" \/>\n\t<meta property=\"og:image:height\" content=\"1920\" \/>\n\t<meta property=\"og:image:type\" content=\"image\/jpeg\" \/>\n<meta name=\"twitter:card\" content=\"summary_large_image\" \/>\n<meta name=\"twitter:label1\" content=\"Est. reading time\" \/>\n\t<meta name=\"twitter:data1\" content=\"9 minutit\" \/>\n<script type=\"application\/ld+json\" class=\"yoast-schema-graph\">{\"@context\":\"https:\/\/schema.org\",\"@graph\":[{\"@type\":\"WebPage\",\"@id\":\"https:\/\/activest.ee\/en\/toode\/familienreise\/\",\"url\":\"https:\/\/activest.ee\/en\/toode\/familienreise\/\",\"name\":\"B\u00e4ren, Elche und Abenteuer - Familienreise in Estland 9 Tage - ActivEst\",\"isPartOf\":{\"@id\":\"https:\/\/activest.ee\/#website\"},\"datePublished\":\"2019-11-21T07:24:36+00:00\",\"dateModified\":\"2025-12-06T11:48:35+00:00\",\"breadcrumb\":{\"@id\":\"https:\/\/activest.ee\/en\/toode\/familienreise\/#breadcrumb\"},\"inLanguage\":\"et\",\"potentialAction\":[{\"@type\":\"ReadAction\",\"target\":[\"https:\/\/activest.ee\/en\/toode\/familienreise\/\"]}]},{\"@type\":\"BreadcrumbList\",\"@id\":\"https:\/\/activest.ee\/en\/toode\/familienreise\/#breadcrumb\",\"itemListElement\":[{\"@type\":\"ListItem\",\"position\":1,\"name\":\"Home\",\"item\":\"https:\/\/www.activest.ee\/et\/\"},{\"@type\":\"ListItem\",\"position\":2,\"name\":\"Shop\",\"item\":\"https:\/\/activest.ee\/et\/shop-2\/\"},{\"@type\":\"ListItem\",\"position\":3,\"name\":\"B\u00e4ren, Elche und Abenteuer &#8211; Familienreise in Estland 9 Tage\"}]},{\"@type\":\"WebSite\",\"@id\":\"https:\/\/activest.ee\/#website\",\"url\":\"https:\/\/activest.ee\/\",\"name\":\"ActivEst\",\"description\":\"Tuurid, perepuhkus, loodusretked, seiklusretked\",\"potentialAction\":[{\"@type\":\"SearchAction\",\"target\":{\"@type\":\"EntryPoint\",\"urlTemplate\":\"https:\/\/activest.ee\/?s={search_term_string}\"},\"query-input\":\"required name=search_term_string\"}],\"inLanguage\":\"et\"}]}<\/script>\n<!-- \/ Yoast SEO plugin. -->","yoast_head_json":{"title":"B\u00e4ren, Elche und Abenteuer - Familienreise in Estland 9 Tage - ActivEst","robots":{"index":"index","follow":"follow","max-snippet":"max-snippet:-1","max-image-preview":"max-image-preview:large","max-video-preview":"max-video-preview:-1"},"canonical":"https:\/\/activest.ee\/en\/toode\/familienreise\/","og_locale":"et_EE","og_type":"article","og_title":"B\u00e4ren, Elche und Abenteuer - Familienreise in Estland 9 Tage - ActivEst","og_description":"F\u00fcr Familieneisen bietet Estland Familienurlaub der besonderen Art. Wir \u00fcbernachten in einer B\u00e4renbeobachtungsh\u00fctte und im Zelt auf einer einsamen Insel. Wir machen Elchsafari, fahren mit Boot zu Ringelrobben und Biber und beobachten Tiere. Wandern mit Moorschuhe auf Hochmoor und baden im Moorsee. Besuchen Ritterburgen\u00a0 und Herrenh\u00e4user sowie die kinderfreundliche Hauptstadt Tallinn.","og_url":"https:\/\/activest.ee\/en\/toode\/familienreise\/","og_site_name":"ActivEst","article_modified_time":"2025-12-06T11:48:35+00:00","og_image":[{"width":2560,"height":1920,"url":"https:\/\/www.activest.ee\/wp-content\/uploads\/2019\/11\/20180814_122128-1-scaled.jpg","type":"image\/jpeg"}],"twitter_card":"summary_large_image","twitter_misc":{"Est. reading time":"9 minutit"},"schema":{"@context":"https:\/\/schema.org","@graph":[{"@type":"WebPage","@id":"https:\/\/activest.ee\/en\/toode\/familienreise\/","url":"https:\/\/activest.ee\/en\/toode\/familienreise\/","name":"B\u00e4ren, Elche und Abenteuer - Familienreise in Estland 9 Tage - ActivEst","isPartOf":{"@id":"https:\/\/activest.ee\/#website"},"datePublished":"2019-11-21T07:24:36+00:00","dateModified":"2025-12-06T11:48:35+00:00","breadcrumb":{"@id":"https:\/\/activest.ee\/en\/toode\/familienreise\/#breadcrumb"},"inLanguage":"et","potentialAction":[{"@type":"ReadAction","target":["https:\/\/activest.ee\/en\/toode\/familienreise\/"]}]},{"@type":"BreadcrumbList","@id":"https:\/\/activest.ee\/en\/toode\/familienreise\/#breadcrumb","itemListElement":[{"@type":"ListItem","position":1,"name":"Home","item":"https:\/\/www.activest.ee\/et\/"},{"@type":"ListItem","position":2,"name":"Shop","item":"https:\/\/activest.ee\/et\/shop-2\/"},{"@type":"ListItem","position":3,"name":"B\u00e4ren, Elche und Abenteuer &#8211; Familienreise in Estland 9 Tage"}]},{"@type":"WebSite","@id":"https:\/\/activest.ee\/#website","url":"https:\/\/activest.ee\/","name":"ActivEst","description":"Tuurid, perepuhkus, loodusretked, seiklusretked","potentialAction":[{"@type":"SearchAction","target":{"@type":"EntryPoint","urlTemplate":"https:\/\/activest.ee\/?s={search_term_string}"},"query-input":"required name=search_term_string"}],"inLanguage":"et"}]}},"_links":{"self":[{"href":"https:\/\/activest.ee\/et\/wp-json\/wp\/v2\/product\/21392","targetHints":{"allow":["GET"]}}],"collection":[{"href":"https:\/\/activest.ee\/et\/wp-json\/wp\/v2\/product"}],"about":[{"href":"https:\/\/activest.ee\/et\/wp-json\/wp\/v2\/types\/product"}],"replies":[{"embeddable":true,"href":"https:\/\/activest.ee\/et\/wp-json\/wp\/v2\/comments?post=21392"}],"wp:featuredmedia":[{"embeddable":true,"href":"https:\/\/activest.ee\/et\/wp-json\/wp\/v2\/media\/21407"}],"wp:attachment":[{"href":"https:\/\/activest.ee\/et\/wp-json\/wp\/v2\/media?parent=21392"}],"wp:term":[{"taxonomy":"product_cat","embeddable":true,"href":"https:\/\/activest.ee\/et\/wp-json\/wp\/v2\/product_cat?post=21392"},{"taxonomy":"product_tag","embeddable":true,"href":"https:\/\/activest.ee\/et\/wp-json\/wp\/v2\/product_tag?post=21392"}],"curies":[{"name":"wp","href":"https:\/\/api.w.org\/{rel}","templated":true}]}}