{"id":21377,"date":"2019-11-22T06:16:23","date_gmt":"2019-11-22T04:16:23","guid":{"rendered":"https:\/\/activest.ee\/?post_type=product&#038;p=21377"},"modified":"2025-10-15T13:48:59","modified_gmt":"2025-10-15T10:48:59","slug":"estland-aktiv","status":"publish","type":"product","link":"https:\/\/activest.ee\/et\/toode\/estland-aktiv\/","title":{"rendered":"Estland Aktiv erleben 11 Tage"},"content":{"rendered":"<div class=\"fusion-fullwidth fullwidth-box fusion-builder-row-1 nonhundred-percent-fullwidth non-hundred-percent-height-scrolling\" style=\"background-color: rgba(255,255,255,0);background-position: center center;background-repeat: no-repeat;padding-top:0px;padding-right:0px;padding-bottom:0px;padding-left:0px;margin-bottom: 0px;margin-top: 0px;border-width: 0px 0px 0px 0px;border-color:#eae9e9;border-style:solid;\" ><div class=\"fusion-builder-row fusion-row\"><div class=\"fusion-layout-column fusion_builder_column fusion-builder-column-0 fusion_builder_column_1_1 1_1 fusion-one-full fusion-column-first fusion-column-last\" style=\"margin-top:0px;margin-bottom:20px;\"><div class=\"fusion-column-wrapper fusion-flex-column-wrapper-legacy\" style=\"background-position:left top;background-repeat:no-repeat;-webkit-background-size:cover;-moz-background-size:cover;-o-background-size:cover;background-size:cover;padding: 0px 0px 0px 0px;\"><div class=\"fusion-button-wrapper\"><style type=\"text\/css\">.fusion-button.button-1 {border-radius:2px;}<\/style><a class=\"fusion-button button-flat fusion-button-default-size button-default button-1 fusion-button-default-span fusion-button-default-type\" target=\"_self\" href=\"#description\"><span class=\"fusion-button-text\">Reisebeschreibung<\/span><\/a><\/div><div class=\"fusion-button-wrapper\"><style type=\"text\/css\">.fusion-button.button-2 {border-radius:2px;}<\/style><a class=\"fusion-button button-flat fusion-button-default-size button-default button-2 fusion-button-default-span fusion-button-default-type\" target=\"_self\" href=\"#detailed\"><span class=\"fusion-button-text\">Detailbeschreibung<\/span><\/a><\/div><div class=\"fusion-button-wrapper\"><style type=\"text\/css\">.fusion-button.button-3 {border-radius:2px;}<\/style><a class=\"fusion-button button-flat fusion-button-default-size button-default button-3 fusion-button-default-span fusion-button-default-type\" target=\"_self\" href=\"#price\"><span class=\"fusion-button-text\">Termine und Preis<\/span><\/a><\/div><div class=\"fusion-clearfix\"><\/div><\/div><\/div><div class=\"fusion-layout-column fusion_builder_column fusion-builder-column-1 fusion_builder_column_1_1 1_1 fusion-one-full fusion-column-first fusion-column-last\" style=\"margin-top:0px;margin-bottom:20px;\"><div class=\"fusion-column-wrapper fusion-flex-column-wrapper-legacy\" style=\"background-position:left top;background-repeat:no-repeat;-webkit-background-size:cover;-moz-background-size:cover;-o-background-size:cover;background-size:cover;padding: 0px 0px 0px 0px;\"><div class=\"fusion-clearfix\"><\/div><\/div><\/div><div class=\"fusion-layout-column fusion_builder_column fusion-builder-column-2 fusion_builder_column_1_1 1_1 fusion-one-full fusion-column-first fusion-column-last\" style=\"margin-top:0px;margin-bottom:20px;\"><div class=\"fusion-column-wrapper fusion-flex-column-wrapper-legacy\" style=\"background-position:left top;background-repeat:no-repeat;-webkit-background-size:cover;-moz-background-size:cover;-o-background-size:cover;background-size:cover;padding: 0px 0px 0px 0px;\"><div class=\"fusion-menu-anchor\" id=\"description\"><\/div><div class=\"fusion-text fusion-text-1\" style=\"transform:translate3d(0,0,0);\"><h2><strong>H\u00f6hepunkte:<\/strong><\/h2>\n<ul>\n<li>Wanderungen im Lahemaa, Soomaa und Vilsandi Nationalparks;<\/li>\n<li>2-t\u00e4gige Kajaktour in Hiiumaa Kleininseln Schutzgebiet;<\/li>\n<li>\u00dcbernachtung in B\u00e4renbeobachtungsh\u00fctte;<\/li>\n<li>Moorschuhe-Wanderung \u00fcber Hochmoor;<\/li>\n<li>Stadtf\u00fchrung und Nacht in Tallinn.<\/li>\n<\/ul>\n<p>Estland besitzt ca. 2300 Inseln und hat eine K\u00fcstenlinie von etwa 4000 km L\u00e4nge. Die Bev\u00f6lkerungsdichte ist niedrig. Verglichen mit der Fl\u00e4che Hollands, wohnen hier lediglich 1,3 Millionen Einwohner. Estland hat 6 Nationalparks und fast 20% des Territoriums steht unter Naturschutz. In den W\u00e4ldern und Mooren, die 2\/3 der Fl\u00e4che des Landes einnehmen, leben ca. \u00a0700 Braunb\u00e4ren und 10\u00a0000 Elche. Die touristische Infrastruktur mit markierten Wanderstrecken, Lagerl\u00e4tzen und ansprechenden Unterk\u00fcnften ist gut ausgebaut.<\/p>\n<\/div><div class=\"fusion-clearfix\"><\/div><\/div><\/div><div class=\"fusion-layout-column fusion_builder_column fusion-builder-column-3 fusion_builder_column_1_1 1_1 fusion-one-full fusion-column-first fusion-column-last\" style=\"margin-top:0px;margin-bottom:20px;\"><div class=\"fusion-column-wrapper fusion-flex-column-wrapper-legacy\" style=\"background-position:left top;background-repeat:no-repeat;-webkit-background-size:cover;-moz-background-size:cover;-o-background-size:cover;background-size:cover;padding: 0px 0px 0px 0px;\"><div class=\"fusion-menu-anchor\" id=\"detailed\"><\/div><div class=\"fusion-text fusion-text-2\" style=\"transform:translate3d(0,0,0);\"><h2><strong>1.Tag: Ankunft in Tallinn und Fahrt nach Hiiumaa.<\/strong><\/h2>\n<p>Ankunft am Flughafen und Fahrt nach Hiiumaa mit dem Kleinbus \/Auto; Dauer: ca. 1,5 Stunden (100 km); \u00dcberfahrt mit der F\u00e4hre ca. 1,5 Stunden.<br \/>\n\u00dcbernachtung auf Hiiumaa in einem G\u00e4stehaus. A<\/p>\n<h2><strong>2-3.Tag: Inselhopping Kajaktour auf Kleininseln Hiiumaa.<\/strong><\/h2>\n<p>Die 43 Inseln im Hiiumaa-Archipelago liegen nah zu einander und bieten Schutz vor Wind und Wellen. Das Meer zwischen den Kleininseln ist flach und warm. Das Gebiet steht wegen dem Vorkommen von Robben, Seev\u00f6geln und der Artenreichen Pflanzenwelt unter Naturschutz. Auf den Inseln, die im 16. Jahrhundert besiedelt wurden, pulsierte noch gegen Ende des vorigen Jahrhunderts in den Fischerd\u00f6rfern und Kneipen ein regsames Leben. Heute sind die Inseln mit extensiv bewirtschaften Wiesen und Wachholderwald bedeckt; die heutigen Einwohner sind Schafe und Ringelrobben. Damit bietet das Gebiet herrliche M\u00f6glichkeiten f\u00fcr mehrt\u00e4gige Kajaktouren. Diese Touren werden in gro\u00dfen und stabilen Zweierkajaks durchgef\u00fchrt. Die Boote sind sowohl f\u00fcr Ge\u00fcbte als auch f\u00fcr Anf\u00e4nger gleicherma\u00dfen geeignet und bieten viel Stauraum. Vor der Tour erhalten Sie selbstverst\u00e4ndlich eine intensive Einweisung. Spezielle Vorkenntnisse oder besondere k\u00f6rperliche Konstitution sind nicht gefordert. Wir beginnen von Hiiumaa und besuchen mehrere Inseln (Saarnaki, Hanikatsi ua). Eine \u00dcberfahrt dauert zwischen 30 Minuten bis 1 Stunde. Auf den Inseln unternehmen wir ausgedehnte Spazierg\u00e4nge, um die Natur zu genie\u00dfen und die Geschichte der Inseln kennen zu lernen. Wir \u00dcbernachten auf K\u00f5rgelaid (auf Deutsch: Hochinsel) auf einem Zeltplatz. K\u00f5rgelaid ist eine ca. 15 Ha gro\u00dfe unbesiedelte private Insel. Am Abend sitzen wir um ein Lagerfeuer, nutzen die M\u00f6glichkeit zu angeln oder das besondere Erlebnis einer Zeltsauna zu genie\u00dfen. In der direkten Umgebung von K\u00f5rgelaid k\u00f6nnen oft Ringelrobben beobachtet werden, die sich auf Steinen ausruhen. Einige dieser neugierigen Tiere n\u00e4hern sich den Menschen, um diese wiederum zu beobachten. Die genaue Route h\u00e4ngt von den Wetterbedingungen ab. Bei Sturm wird ein Teil der Inseltour mit einem Motorboot durchgef\u00fchrt.<br \/>\nMit dem Kajak werden etwa 20 km zur\u00fcckgelegt und zu Fu\u00df ca. 5 km.<br \/>\nDie 2. Nacht verbringen wir wieder in Zelten auf der Kleininsel K\u00f5rgelaid\/Saarnaki. In der 3. Nacht beziehen wir ein G\u00e4stehaus auf Hiiumaa. \u00a0Verpflegung: 2*F, 2*M, A<\/p>\n<h2><strong>4.Tag: Insel Saaremaa<\/strong><\/h2>\n<p>Am Vormittag fahren wir mit der F\u00e4hre von Hiiumaa, zu der gr\u00f6\u00dften estnischen Insel Saaremaa (1 Stunde mit dem Auto und 1 Stunde mit der F\u00e4hre). Am Nachmittag besuchen wir\u00a0die Sehensw\u00fcrdigkeiten von Saaremaa wie die Panga Steilk\u00fcste und unternehmen eine Wanderung entlang der Sandstr\u00e4nde der Halbinsel Harilaid zum Kiipsaare Leuchtturm, der in fr\u00fcheren Zeiten noch komplett auf Land stand. Jetzt steht der Turm \u2013 etwas schief \u2013 im Wasser der Ostsee. Da die dortige K\u00fcste st\u00e4ndig in Bewegung ist, tragen die Wellen den Boden ab, so dass einige Landst\u00fccken bereits vollkommen in der Ostsee verschwunden sind, w\u00e4hrend an anderen Stellen neue Inseln und Landspitzen aufgeworfen werden.<br \/>\nW\u00e4hrend der 3 st\u00fcndigen Wanderung legen wir ca. 13 km zur\u00fcck. Die restlichen ca. 100 km absolvieren wir mit dem Auto.<br \/>\nWir \u00fcbernachten in einem landestypischen Gasthaus zwischen Wachholderw\u00e4ldern und Wiesen. Verpflegung: F<\/p>\n<h2><strong>5.Tag: Wanderung durchs Wasser auf die Insel Vilsandi.<\/strong><\/h2>\n<p>Vilsandi ist die gr\u00f6\u00dfte Insel vom Vilsandi Nationalpark, mit insgesamt 160 Inseln. Zwischen Saaremaa und Vilsandi gibt es eine Kette von Kleininseln, \u00fcber die man zu Fu\u00df Vilsandi erreichen kann. Auf diesem Weg muss man einige Male durch Wasser waten, wobei die tiefste Stelle etwa einen halben Meter betr\u00e4gt. Wir wandern bis zum bekannten Vilsandi Leuchtturm, der oft auf Werbefotos von Estland zu sehen ist. Zur\u00fcck fahren wir mit dem Motorboot.<br \/>\nDer Fu\u00dfweg betr\u00e4gt ca. 15 km, mit dem Boot etwa 8 km.<br \/>\nDie Nacht verbringen wir wieder in einem landestypischen Gasthaus zwischen Wachholderw\u00e4ldern und Wiesen. Verpflegung: F,M<\/p>\n<h2><strong>6.Tag: Fahrt nach Soomaa Nationalpark.<\/strong><\/h2>\n<p>Heute wechseln wir den Standort und fahren zur\u00fcck auf das Festland.\u00a0 Unterwegs besichtigen wir noch die Hauptstadt von Saaremaa Kuressaare und Estlands Sommerhauptstadt P\u00e4rnu. Am Abend erreichen wir Europas gr\u00f6\u00dften Hochmoor Nationalpark Soomaa. Den Abend lassen wir mit einem Besuch einer besonderen Sauna ausklingen, die direkt an einem Flussufer unseres G\u00e4stehauses liegt.<br \/>\nNacht im Gasthaus im Soomaa. Verpflegung: F<\/p>\n<p>Autofahrt etwa 230km, zu Fu\u00df etwa 7km.<\/p>\n<h2><strong>7.Tag: Soomaa Moorwanderung<\/strong><\/h2>\n<p>Das Kursesoo Hochmoor mit 10\u00a0000 Hektar ist das gr\u00f6\u00dfte Regenmoor des Baltikums und eines der gr\u00f6\u00dften in ganz Europa. Die Dicke der Torfschicht betr\u00e4gt etwa 8 Meter und das Moor selbst besteht zu 95% aus Wasser. Im Moor befinden sich ca. 3 Meter tiefe Wasserl\u00f6cher, so genannte Kolke oder Mooraugen, die einen Durchmesser von 40 \u2013 50 Meter haben k\u00f6nnen. Ein Bad im sauberen Moorkolkwasser ist ein unvergessliches Erlebnis, welches wir unbedingt empfehlen k\u00f6nnen. Die Moorschuhe, die wir w\u00e4hrend der Wanderung tragen, vereinfachen das Gehen auf weichem Moorboden um ein Vielfaches. Oft finden Sie in einer Moorlandschaft keine B\u00e4ume oder lediglich vereinzelte Kr\u00fcppelkiefern von 1 \u2013 2 Metern H\u00f6he, die jedoch bereits 100 Jahre alt sein k\u00f6nnen. Im Moor, zwischen den Torffl\u00e4chen, befinden sich sogenannte Moorinseln, wo sich Mineralerde abgelagert hat; dort k\u00f6nnen dann auch gro\u00dfe B\u00e4ume wachsen.\u00a0Diese Fl\u00e4chen sind \u00dcberreste von ehemaligen Seeinseln, die in der letzten Eiszeit entstanden und noch nicht im Torf verschwunden sind. Auf einer gro\u00dfen Moorinsel hatte vor 100 Jahren ein ganzes Dorf mit mehreren H\u00e4usern Platz. Heutzutage stellt es einen bevorzugten Lebensraum f\u00fcr W\u00f6lfe und Steinadler dar. In dieser faszinierenden Umgebung planen wir unser Mittagspicknick. Am sp\u00e4teren Nachmittag werden wir in der Zivilisation zur\u00fcckerwartet.<br \/>\nFu\u00dfwanderung etwa 15 km.<br \/>\n\u00dcbernachtung im Gasthaus im Soomaa Nationalpark. Verpflegung: F,M<\/p>\n<div class=\"video-shortcode\"><iframe title=\"2. Erfrischendes Bad in den Moorseen Estlands\" src=\"https:\/\/player.vimeo.com\/video\/438111748?dnt=1&amp;app_id=122963\" width=\"1100\" height=\"619\" frameborder=\"0\" allow=\"autoplay; fullscreen\" allowfullscreen><\/iframe><\/div>\n<h2><strong>8.Tag: Fahrt nach Osten, \u00dcbernachtung in der B\u00e4renh\u00fctte<\/strong><\/h2>\n<p>Wir fahren weiter nach Alutaguse. Alutaguse ist ein riesiges Moor- und Waldgebiet im Nordosten. Dort lebt die Mehrheit der 700 estnischen Braunb\u00e4ren. Hier, zwischen alten Fichten, Kiefern und Zitterpappeln, haben wir eine recht komfortable Beobachtungsh\u00fctte aufgebaut. Die H\u00fctte ist ausgestattet mit einer Trockentoilette, Etagenbetten und ist gut gegen K\u00e4lte und Ger\u00e4usche isoliert. Die Chance, hier B\u00e4ren zu sehen, ist sehr gut. Neben B\u00e4ren zeigen sich Marderhunde, F\u00fcchse, Wildschweine und verschiedene V\u00f6gel. Selbst Wolf, Elch und Steinadler lassen sich manchmal beobachten.<br \/>\nNacht in der B\u00e4renh\u00fctte. Autofahrt etwa 220 km, Zu Fuss 7 km. Verpflegung: F,A<\/p>\n<h2><strong>9.Tag: Lahemaa Nationalpark<\/strong><\/h2>\n<p>Lahemaa ist das n\u00f6rdlichste und \u00e4lteste Naturschutzgebiet im ganzen Baltikum. Alte Herrenh\u00e4user inmitten taigaartigen W\u00e4lder und sch\u00f6ne Fischerd\u00f6rfer an der nordischen K\u00fcste gilt es zu entdecken. Viele sch\u00f6ne Wanderwege bieten eine gute Gelegenheit, die Gegend von Lahemaa kennenzulernen. Wir wandern\u00a0durch alte W\u00e4lder, entlang der malerischen Ostseek\u00fcste mit vielen riesigen Findlingen der letzten Eiszeit. Besuchen deutsch-baltische Gutsh\u00e4user und das Kapit\u00e4nsdorf K\u00e4smu.<br \/>\nFu\u00dfweg etwa 15 km; Autofahrt 50 km. Verpflegung: F<br \/>\nNacht im Gasthaus in Lahemaa.<\/p>\n<h2><strong>10.Tag: Tallinn, Stadtf\u00fchrung und freie Zeit<\/strong><\/h2>\n<p>Die alte Hansestadt Tallinn\u00a0zeigt noch immer das urspr\u00fcngliche Stra\u00dfensystem aus dem 13. bis 15. Jahrhundert. Die meisten H\u00e4user k\u00f6nnen noch in ihrer urspr\u00fcnglichen Gr\u00f6\u00dfe und Ausstattung bewundert werden. Besonders die Wehrt\u00fcrme, der Marktplatz und die Oberstadt zeigen sich im mittelalterlichen Flair. Gleich hinter der R\u00fc\u00fctli-Gasse liegt eine Aussichtsplattform mit herrlichem Blick auf den Hafen und der Finnischen Bucht. Heutzutage finden Sie in der Altstadt Cafes und Gesch\u00e4fte.\u00a0 Auf unserer Stadtf\u00fchrung erfahren wir auch viel \u00fcber die Zeiten vor der Unabh\u00e4ngigkeit Estlands.<br \/>\nAutofahrt 100 km, Fu\u00dfweg 12 km.<br \/>\nNacht in einem Hotel in Tallinn, F<\/p>\n<h2><strong>11.Tallin Freizeit \/ Transfers zum Flughafen<\/strong><\/h2>\n<p>Freie Zeit in Tallinn, Verpflegung: F<\/p>\n<p>Transfer zum Flugplatz<\/p>\n<\/div><div class=\"fusion-clearfix\"><\/div><\/div><\/div><div class=\"fusion-layout-column fusion_builder_column fusion-builder-column-4 fusion_builder_column_1_1 1_1 fusion-one-full fusion-column-first fusion-column-last\" style=\"margin-top:0px;margin-bottom:20px;\"><div class=\"fusion-column-wrapper fusion-flex-column-wrapper-legacy\" style=\"background-position:left top;background-repeat:no-repeat;-webkit-background-size:cover;-moz-background-size:cover;-o-background-size:cover;background-size:cover;padding: 0px 0px 0px 0px;\"><div class=\"fusion-menu-anchor\" id=\"price\"><\/div><div class=\"fusion-text fusion-text-3\" style=\"transform:translate3d(0,0,0);\"><h2>Termin<\/h2>\n<ul>\n<li>04.07.26 \u2014 15.07.26<\/li>\n<li>08.08.26 \u2014 16.08.26<\/li>\n<\/ul>\n<h2>Preis<\/h2>\n<p>2190\u20ac pro Person im Doppelzimmer und 2390 im Einzelzimmer, inklusive:<\/p>\n<ul>\n<li>\u00dcbernachtungen wie im Programm zumeist mit Zweierbelegung (8 x Landgasthaus oder Mittelklassehotel; 1 x im Zelt; 1 x in B\u00e4renh\u00fctte);<\/li>\n<li>Transfers und Exkursionen im Kleinbus, mit F\u00e4hren und Booten gem\u00e4\u00df Programm;<\/li>\n<li>Verleih von Zelten und Ausr\u00fcstung f\u00fcr 2-t\u00e4gige Kajaktour sowie f\u00fcr Moorwanderung (Moorschuhe);<\/li>\n<li>Verpflegung:10* Fr\u00fchst\u00fcck, 3*Abendessen(davon 2* Outdoor), 4*Mittag(Picknick)<\/li>\n<li>qualifizierte deutsch- und estnischsprachige Reiseleitung.<\/li>\n<\/ul>\n<\/div><div class=\"fusion-clearfix\"><\/div><\/div><\/div><\/div><\/div>\n","protected":false},"excerpt":{"rendered":"<p>W\u00e4hrend dieser Reise besuchen wir 3 Nationalparks und die sch\u00f6nsten Naturlandschaften Estlands. Paddeln mit Kajaks zwischen Kleininseln im Schutzgebiet bei Hiiumaa. Wandern mit Moorschuhen im Soomaa Nationalpark. Spazierg\u00e4nge an einsamen Str\u00e4nden des Vilsandi Nationalpark in Saaremaa und eine Abenteuertour zur Vilsandi Insel. \u00dcbernachten in einer B\u00e4renbeobachtungsh\u00fctte inmitten der Alutaguse B\u00e4renw\u00e4lder. Wanderungen durch taigaartige W\u00e4lder und entlang der nordischen steinigen K\u00fcsten des Lahemaa Nationalpark. Nat\u00fcrlich geh\u00f6rt in unser Programm auch ein Spaziergang durch das mittelalterliche Tallinn, welches heute auch durch modernste elektronische Software Entwicklungen Weltruhm genie\u00dft.<\/p>\n","protected":false},"featured_media":21385,"comment_status":"open","ping_status":"closed","template":"","meta":[],"product_cat":[472,467,466,460,457,468],"product_tag":[],"class_list":["post-21377","product","type-product","status-publish","has-post-thumbnail","hentry","product_cat-estland","product_cat-kanu-kajak","product_cat-multiaktivreisen","product_cat-reisen","product_cat-guppenreisen","product_cat-wandern"],"yoast_head":"<!-- This site is optimized with the Yoast SEO plugin v21.8 - https:\/\/yoast.com\/wordpress\/plugins\/seo\/ -->\n<title>Estland Aktiv erleben 11 Tage - ActivEst<\/title>\n<meta name=\"robots\" content=\"index, follow, max-snippet:-1, max-image-preview:large, max-video-preview:-1\" \/>\n<link rel=\"canonical\" href=\"https:\/\/www.activest.ee\/en\/toode\/estland-aktiv\/\" \/>\n<meta property=\"og:locale\" content=\"et_EE\" \/>\n<meta property=\"og:type\" content=\"article\" \/>\n<meta property=\"og:title\" content=\"Estland Aktiv erleben 11 Tage - ActivEst\" \/>\n<meta property=\"og:description\" content=\"W\u00e4hrend dieser Reise besuchen wir 3 Nationalparks und die sch\u00f6nsten Naturlandschaften Estlands. Paddeln mit Kajaks zwischen Kleininseln im Schutzgebiet bei Hiiumaa. Wandern mit Moorschuhen im Soomaa Nationalpark. Spazierg\u00e4nge an einsamen Str\u00e4nden des Vilsandi Nationalpark in Saaremaa und eine Abenteuertour zur Vilsandi Insel. \u00dcbernachten in einer B\u00e4renbeobachtungsh\u00fctte inmitten der Alutaguse B\u00e4renw\u00e4lder. Wanderungen durch taigaartige W\u00e4lder und entlang der nordischen steinigen K\u00fcsten des Lahemaa Nationalpark. Nat\u00fcrlich geh\u00f6rt in unser Programm auch ein Spaziergang durch das mittelalterliche Tallinn, welches heute auch durch modernste elektronische Software Entwicklungen Weltruhm genie\u00dft.\" \/>\n<meta property=\"og:url\" content=\"https:\/\/www.activest.ee\/en\/toode\/estland-aktiv\/\" \/>\n<meta property=\"og:site_name\" content=\"ActivEst\" \/>\n<meta property=\"article:modified_time\" content=\"2025-10-15T10:48:59+00:00\" \/>\n<meta property=\"og:image\" content=\"https:\/\/www.activest.ee\/wp-content\/uploads\/2019\/11\/Kayaktour-at-Hiiumaa-scaled.jpg\" \/>\n\t<meta property=\"og:image:width\" content=\"2560\" \/>\n\t<meta property=\"og:image:height\" content=\"1707\" \/>\n\t<meta property=\"og:image:type\" content=\"image\/jpeg\" \/>\n<meta name=\"twitter:card\" content=\"summary_large_image\" \/>\n<meta name=\"twitter:label1\" content=\"Est. reading time\" \/>\n\t<meta name=\"twitter:data1\" content=\"9 minutit\" \/>\n<script type=\"application\/ld+json\" class=\"yoast-schema-graph\">{\"@context\":\"https:\/\/schema.org\",\"@graph\":[{\"@type\":\"WebPage\",\"@id\":\"https:\/\/www.activest.ee\/en\/toode\/estland-aktiv\/\",\"url\":\"https:\/\/www.activest.ee\/en\/toode\/estland-aktiv\/\",\"name\":\"Estland Aktiv erleben 11 Tage - ActivEst\",\"isPartOf\":{\"@id\":\"https:\/\/www.activest.ee\/#website\"},\"datePublished\":\"2019-11-22T04:16:23+00:00\",\"dateModified\":\"2025-10-15T10:48:59+00:00\",\"breadcrumb\":{\"@id\":\"https:\/\/www.activest.ee\/en\/toode\/estland-aktiv\/#breadcrumb\"},\"inLanguage\":\"et\",\"potentialAction\":[{\"@type\":\"ReadAction\",\"target\":[\"https:\/\/www.activest.ee\/en\/toode\/estland-aktiv\/\"]}]},{\"@type\":\"BreadcrumbList\",\"@id\":\"https:\/\/www.activest.ee\/en\/toode\/estland-aktiv\/#breadcrumb\",\"itemListElement\":[{\"@type\":\"ListItem\",\"position\":1,\"name\":\"Home\",\"item\":\"https:\/\/www.activest.ee\/et\/\"},{\"@type\":\"ListItem\",\"position\":2,\"name\":\"Shop\",\"item\":\"https:\/\/activest.ee\/et\/shop-2\/\"},{\"@type\":\"ListItem\",\"position\":3,\"name\":\"Estland Aktiv erleben 11 Tage\"}]},{\"@type\":\"WebSite\",\"@id\":\"https:\/\/www.activest.ee\/#website\",\"url\":\"https:\/\/www.activest.ee\/\",\"name\":\"ActivEst\",\"description\":\"Tuurid, perepuhkus, loodusretked, seiklusretked\",\"potentialAction\":[{\"@type\":\"SearchAction\",\"target\":{\"@type\":\"EntryPoint\",\"urlTemplate\":\"https:\/\/www.activest.ee\/?s={search_term_string}\"},\"query-input\":\"required name=search_term_string\"}],\"inLanguage\":\"et\"}]}<\/script>\n<!-- \/ Yoast SEO plugin. -->","yoast_head_json":{"title":"Estland Aktiv erleben 11 Tage - ActivEst","robots":{"index":"index","follow":"follow","max-snippet":"max-snippet:-1","max-image-preview":"max-image-preview:large","max-video-preview":"max-video-preview:-1"},"canonical":"https:\/\/www.activest.ee\/en\/toode\/estland-aktiv\/","og_locale":"et_EE","og_type":"article","og_title":"Estland Aktiv erleben 11 Tage - ActivEst","og_description":"W\u00e4hrend dieser Reise besuchen wir 3 Nationalparks und die sch\u00f6nsten Naturlandschaften Estlands. Paddeln mit Kajaks zwischen Kleininseln im Schutzgebiet bei Hiiumaa. Wandern mit Moorschuhen im Soomaa Nationalpark. Spazierg\u00e4nge an einsamen Str\u00e4nden des Vilsandi Nationalpark in Saaremaa und eine Abenteuertour zur Vilsandi Insel. \u00dcbernachten in einer B\u00e4renbeobachtungsh\u00fctte inmitten der Alutaguse B\u00e4renw\u00e4lder. Wanderungen durch taigaartige W\u00e4lder und entlang der nordischen steinigen K\u00fcsten des Lahemaa Nationalpark. Nat\u00fcrlich geh\u00f6rt in unser Programm auch ein Spaziergang durch das mittelalterliche Tallinn, welches heute auch durch modernste elektronische Software Entwicklungen Weltruhm genie\u00dft.","og_url":"https:\/\/www.activest.ee\/en\/toode\/estland-aktiv\/","og_site_name":"ActivEst","article_modified_time":"2025-10-15T10:48:59+00:00","og_image":[{"width":2560,"height":1707,"url":"https:\/\/www.activest.ee\/wp-content\/uploads\/2019\/11\/Kayaktour-at-Hiiumaa-scaled.jpg","type":"image\/jpeg"}],"twitter_card":"summary_large_image","twitter_misc":{"Est. reading time":"9 minutit"},"schema":{"@context":"https:\/\/schema.org","@graph":[{"@type":"WebPage","@id":"https:\/\/www.activest.ee\/en\/toode\/estland-aktiv\/","url":"https:\/\/www.activest.ee\/en\/toode\/estland-aktiv\/","name":"Estland Aktiv erleben 11 Tage - ActivEst","isPartOf":{"@id":"https:\/\/www.activest.ee\/#website"},"datePublished":"2019-11-22T04:16:23+00:00","dateModified":"2025-10-15T10:48:59+00:00","breadcrumb":{"@id":"https:\/\/www.activest.ee\/en\/toode\/estland-aktiv\/#breadcrumb"},"inLanguage":"et","potentialAction":[{"@type":"ReadAction","target":["https:\/\/www.activest.ee\/en\/toode\/estland-aktiv\/"]}]},{"@type":"BreadcrumbList","@id":"https:\/\/www.activest.ee\/en\/toode\/estland-aktiv\/#breadcrumb","itemListElement":[{"@type":"ListItem","position":1,"name":"Home","item":"https:\/\/www.activest.ee\/et\/"},{"@type":"ListItem","position":2,"name":"Shop","item":"https:\/\/activest.ee\/et\/shop-2\/"},{"@type":"ListItem","position":3,"name":"Estland Aktiv erleben 11 Tage"}]},{"@type":"WebSite","@id":"https:\/\/www.activest.ee\/#website","url":"https:\/\/www.activest.ee\/","name":"ActivEst","description":"Tuurid, perepuhkus, loodusretked, seiklusretked","potentialAction":[{"@type":"SearchAction","target":{"@type":"EntryPoint","urlTemplate":"https:\/\/www.activest.ee\/?s={search_term_string}"},"query-input":"required name=search_term_string"}],"inLanguage":"et"}]}},"_links":{"self":[{"href":"https:\/\/activest.ee\/et\/wp-json\/wp\/v2\/product\/21377","targetHints":{"allow":["GET"]}}],"collection":[{"href":"https:\/\/activest.ee\/et\/wp-json\/wp\/v2\/product"}],"about":[{"href":"https:\/\/activest.ee\/et\/wp-json\/wp\/v2\/types\/product"}],"replies":[{"embeddable":true,"href":"https:\/\/activest.ee\/et\/wp-json\/wp\/v2\/comments?post=21377"}],"wp:featuredmedia":[{"embeddable":true,"href":"https:\/\/activest.ee\/et\/wp-json\/wp\/v2\/media\/21385"}],"wp:attachment":[{"href":"https:\/\/activest.ee\/et\/wp-json\/wp\/v2\/media?parent=21377"}],"wp:term":[{"taxonomy":"product_cat","embeddable":true,"href":"https:\/\/activest.ee\/et\/wp-json\/wp\/v2\/product_cat?post=21377"},{"taxonomy":"product_tag","embeddable":true,"href":"https:\/\/activest.ee\/et\/wp-json\/wp\/v2\/product_tag?post=21377"}],"curies":[{"name":"wp","href":"https:\/\/api.w.org\/{rel}","templated":true}]}}