{"id":21264,"date":"2019-11-04T07:34:53","date_gmt":"2020-11-25T22:00:53","guid":{"rendered":"https:\/\/activest.veebispetsid.com\/toode\/brown-bear-watching\/"},"modified":"2024-10-28T10:10:51","modified_gmt":"2024-10-28T08:10:51","slug":"brown-bear-watching","status":"publish","type":"product","link":"https:\/\/activest.ee\/et\/toode\/brown-bear-watching\/","title":{"rendered":"Braunb\u00e4r Beobachtung und Fotografie"},"content":{"rendered":"<div class=\"fusion-fullwidth fullwidth-box fusion-builder-row-1 nonhundred-percent-fullwidth non-hundred-percent-height-scrolling\" style=\"background-color: rgba(255,255,255,0);background-position: center center;background-repeat: no-repeat;padding-top:0px;padding-right:0px;padding-bottom:0px;padding-left:0px;margin-bottom: 0px;margin-top: 0px;border-width: 0px 0px 0px 0px;border-color:#eae9e9;border-style:solid;\" ><div class=\"fusion-builder-row fusion-row\"><div class=\"fusion-layout-column fusion_builder_column fusion-builder-column-0 fusion_builder_column_1_1 1_1 fusion-one-full fusion-column-first fusion-column-last\" style=\"margin-top:0px;margin-bottom:20px;\"><div class=\"fusion-column-wrapper fusion-flex-column-wrapper-legacy\" style=\"background-position:left top;background-repeat:no-repeat;-webkit-background-size:cover;-moz-background-size:cover;-o-background-size:cover;background-size:cover;padding: 0px 0px 0px 0px;\"><div class=\"fusion-button-wrapper\"><style type=\"text\/css\">.fusion-button.button-1 {border-radius:2px;}<\/style><a class=\"fusion-button button-flat fusion-button-default-size button-default button-1 fusion-button-default-span fusion-button-default-type\" target=\"_self\" href=\"#description\"><span class=\"fusion-button-text\">Tourbeschreibung<\/span><\/a><\/div><div class=\"fusion-button-wrapper\"><style type=\"text\/css\">.fusion-button.button-2 {border-radius:2px;}<\/style><a class=\"fusion-button button-flat fusion-button-default-size button-default button-2 fusion-button-default-span fusion-button-default-type\" target=\"_self\" href=\"#price\"><span class=\"fusion-button-text\">Preise<\/span><\/a><\/div><div class=\"fusion-clearfix\"><\/div><\/div><\/div><div class=\"fusion-layout-column fusion_builder_column fusion-builder-column-1 fusion_builder_column_1_1 1_1 fusion-one-full fusion-column-first fusion-column-last\" style=\"margin-top:0px;margin-bottom:20px;\"><div class=\"fusion-column-wrapper fusion-flex-column-wrapper-legacy\" style=\"background-position:left top;background-repeat:no-repeat;-webkit-background-size:cover;-moz-background-size:cover;-o-background-size:cover;background-size:cover;padding: 0px 0px 0px 0px;\"><div class=\"fusion-menu-anchor\" id=\"description\"><\/div><div class=\"fusion-text fusion-text-1\" style=\"transform:translate3d(0,0,0);\"><div>\n<p>Etwa<strong>\u00a0700 B\u00e4ren<\/strong> streifen durch die endlosen W\u00e4lder und unwegsamen Moore von Estland. In Alutaguse, im Osten des Landes, zwischen Peipussee und Lahemaa-Nationalpark, leben die meisten B\u00e4ren. Hier, mitten in den W\u00e4lder haben wir eine recht komfortable zwei Beobachtungsh\u00fctten aufgebaut.<\/p>\n<p>Die besondere Konstruktion der H\u00e4user erm\u00f6glicht Aussichten auf\u00a0<strong>zwei Seiten<\/strong>, in zwei ganz verschiedene sehr reizvolle Landschaften: Aus den n\u00f6rdlichen H\u00fcttenfenstern geht der Blick in einen\u00a0<strong>dichten Taiga-Wald<\/strong>\u00a0aus Birken und Fichten. Hier sind\u00a0<strong>B\u00e4ren und Marderhunde<\/strong>\u00a0auf kurzen Distanzen zu sehen. Verschiedene Vogelarten, wie der Grauspecht oder der Nordische Kleiber besuchen eigens f\u00fcr sie errichtete Futterpl\u00e4tze.<\/p>\n<p>Aus den s\u00fcdlichen Fenstern blickt man auf eine ganz offene Landschaft mit einem breiten\u00a0<strong>Bachlauf, Wiesen und Weidengeb\u00fcschen<\/strong>. \u00a0Manchmal zeigen sich Elche \u00a0oder \u00a0Biber schwimmen auf nur wenigen Metern Distanz vorbei. Des \u00d6fteren l\u00e4sst sich der imposante Steinadler aus dem nahen Regenmoor blicken oder ein Habichtskauz sitzt in der D\u00e4mmerung auf einer Birke hinter dem Bachlauf. Zu den seltenen G\u00e4sten z\u00e4hlen Wolf, Luchs und Fischotter.<\/p>\n<p>Die H\u00fctten sind einfach, aber komfortabel, sauber und gem\u00fctlich. Es gibt getrennte Kabinen mit Etagenbetten und eine Trockentoilette. F\u00fcr Fotografen sind eigens Fotoluken eingebaut.<\/p>\n<p><b>Hinweis:\u00a0<\/b>Die zwei H\u00fctten sind in 90 Minuten Autofahrt von Tallinn, Estlands Hauptstadt aus erreichbar und eine bieten Platz maximal 9 Personen pro H\u00fctte. Der Aufenthalt in den H\u00fctten ist auf den Zeitraum zwischen 17:00 im Fr\u00fchling bzw. 16:00 im Herbst Uhr abends bis 8:00 Uhr morgens festgelegt.<strong> Die B\u00e4renbeobachtung ist ausdr\u00fccklich auch f\u00fcr Familien mit Kindern geeignet.<\/strong><\/p>\n<p><b>Kleidung:\u00a0<\/b>Warme, bequeme Kleidung und festes Schuhwerk<\/p>\n<\/div>\n<p>Schauen Sie den Beitrage den franz\u00f6sische TV 2 Sendung\u00a0 \u2013 <a title=\"http:\/\/bit.ly\/2AW08bx\" href=\"http:\/\/bit.ly\/2AW08bx\">http:\/\/bit.ly\/2AW08bx-2<\/a><\/p>\n<p>und lesen Sie Bewertungen aus <a href=\"https:\/\/www.tripadvisor.com\/At\/\/www.tripadvisor.com\/Attraction_Review-g2194951-d4307475-Reviews-Natourest-Tudu_Laane_Viru_County.html#REVIEWS\">TripAdvisor\u00a0<\/a><\/p>\n<p><iframe src=\"https:\/\/www.youtube.com\/embed\/HtIC5EN6PfU\" width=\"100%\" height=\"500\" frameborder=\"0\" allowfullscreen=\"allowfullscreen\" data-mce-fragment=\"1\"><\/iframe><\/p>\n<\/div><div class=\"fusion-clearfix\"><\/div><\/div><\/div><div class=\"fusion-layout-column fusion_builder_column fusion-builder-column-2 fusion_builder_column_1_1 1_1 fusion-one-full fusion-column-first fusion-column-last\" style=\"margin-top:0px;margin-bottom:20px;\"><div class=\"fusion-column-wrapper fusion-flex-column-wrapper-legacy\" style=\"background-position:left top;background-repeat:no-repeat;-webkit-background-size:cover;-moz-background-size:cover;-o-background-size:cover;background-size:cover;padding: 0px 0px 0px 0px;\"><div class=\"fusion-clearfix\"><\/div><\/div><\/div><div class=\"fusion-layout-column fusion_builder_column fusion-builder-column-3 fusion_builder_column_1_1 1_1 fusion-one-full fusion-column-first fusion-column-last\" style=\"margin-top:0px;margin-bottom:20px;\"><div class=\"fusion-column-wrapper fusion-flex-column-wrapper-legacy\" style=\"background-position:left top;background-repeat:no-repeat;-webkit-background-size:cover;-moz-background-size:cover;-o-background-size:cover;background-size:cover;padding: 0px 0px 0px 0px;\"><div class=\"fusion-menu-anchor\" id=\"price\"><\/div><div class=\"fusion-text fusion-text-2\" style=\"transform:translate3d(0,0,0);\"><h4><\/h4>\n<h4>Saison:<\/h4>\n<p>T\u00e4glich April &#8211; Oktober<\/p>\n<h4><strong>Preise:<\/strong><\/h4>\n<p>135 EUR pro Erwachsene,<\/p>\n<p>80 EUR pro Kind,<\/p>\n<p>325 EUR pro Familie (2 Erwachsene, 3 Kinder),<\/p>\n<p>790 EUR f\u00fcr Gruppen bis zu 9 Personen.<\/p>\n<p>Mindestteilnehmerzahl: 1 Person<\/p>\n<p>Maximale Teilnehmerzahl: 18 Personen<\/p>\n<h4><strong>Leistungen<\/strong><\/h4>\n<ul>\n<li>Nacht in der Braunb\u00e4r Beobachtungh\u00fctte<\/li>\n<li>Schlafs\u00e4cke und Kissen in der H\u00fctte<\/li>\n<\/ul>\n<\/div><div class=\"fusion-button-wrapper\"><style type=\"text\/css\">.fusion-button.button-3 {border-radius:2px;}<\/style><a class=\"fusion-button button-flat fusion-button-default-size button-default button-3 fusion-button-default-span fusion-button-default-type\" target=\"_self\" href=\"https:\/\/hotels.cloudbeds.com\/en\/reservation\/I9ZwGz#checkin=2024-05-01&amp;checkout=2024-05-02\"><span class=\"fusion-button-text\">Gleich Online buchen<\/span><\/a><\/div><div class=\"fusion-clearfix\"><\/div><\/div><\/div><\/div><\/div>\n","protected":false},"excerpt":{"rendered":"<p>Sie \u00fcbernachten in Wildlife Beobachtungsh\u00fctten von Alutaguse, wo sehr gute Chancen bestehen, einige der 900 estnischen Braunb\u00e4ren zu beobachten. Neben B\u00e4ren k\u00f6nnen Marderhunde, Elche, Reh, andere S\u00e4ugetiere und die verschiedensten V\u00f6gel beobachtet werden.<\/p>\n","protected":false},"featured_media":20660,"comment_status":"open","ping_status":"closed","template":"","meta":[],"product_cat":[472,457],"product_tag":[],"class_list":["post-21264","product","type-product","status-publish","has-post-thumbnail","hentry","product_cat-estland","product_cat-guppenreisen"],"yoast_head":"<!-- This site is optimized with the Yoast SEO plugin v21.8 - https:\/\/yoast.com\/wordpress\/plugins\/seo\/ -->\n<title>Braunb\u00e4r Beobachtung und Fotografie - ActivEst<\/title>\n<meta name=\"robots\" content=\"index, follow, max-snippet:-1, max-image-preview:large, max-video-preview:-1\" \/>\n<link rel=\"canonical\" href=\"https:\/\/activest.ee\/toode\/brown-bear-watching\/\" \/>\n<meta property=\"og:locale\" content=\"et_EE\" \/>\n<meta property=\"og:type\" content=\"article\" \/>\n<meta property=\"og:title\" content=\"Braunb\u00e4r Beobachtung und Fotografie - ActivEst\" \/>\n<meta property=\"og:description\" content=\"Sie \u00fcbernachten in Wildlife Beobachtungsh\u00fctten von Alutaguse, wo sehr gute Chancen bestehen, einige der 900 estnischen Braunb\u00e4ren zu beobachten. Neben B\u00e4ren k\u00f6nnen Marderhunde, Elche, Reh, andere S\u00e4ugetiere und die verschiedensten V\u00f6gel beobachtet werden.\" \/>\n<meta property=\"og:url\" content=\"https:\/\/activest.ee\/toode\/brown-bear-watching\/\" \/>\n<meta property=\"og:site_name\" content=\"ActivEst\" \/>\n<meta property=\"article:modified_time\" content=\"2024-10-28T08:10:51+00:00\" \/>\n<meta property=\"og:image\" content=\"https:\/\/activest.ee\/wp-content\/uploads\/2019\/11\/karu_karu-1024x681.jpg\" \/>\n\t<meta property=\"og:image:width\" content=\"1024\" \/>\n\t<meta property=\"og:image:height\" content=\"681\" \/>\n\t<meta property=\"og:image:type\" content=\"image\/jpeg\" \/>\n<meta name=\"twitter:card\" content=\"summary_large_image\" \/>\n<meta name=\"twitter:label1\" content=\"Est. reading time\" \/>\n\t<meta name=\"twitter:data1\" content=\"5 minutit\" \/>\n<script type=\"application\/ld+json\" class=\"yoast-schema-graph\">{\"@context\":\"https:\/\/schema.org\",\"@graph\":[{\"@type\":\"WebPage\",\"@id\":\"https:\/\/activest.ee\/toode\/brown-bear-watching\/\",\"url\":\"https:\/\/activest.ee\/toode\/brown-bear-watching\/\",\"name\":\"Braunb\u00e4r Beobachtung und Fotografie - ActivEst\",\"isPartOf\":{\"@id\":\"https:\/\/activest.ee\/#website\"},\"datePublished\":\"2020-11-25T22:00:53+00:00\",\"dateModified\":\"2024-10-28T08:10:51+00:00\",\"breadcrumb\":{\"@id\":\"https:\/\/activest.ee\/toode\/brown-bear-watching\/#breadcrumb\"},\"inLanguage\":\"et\",\"potentialAction\":[{\"@type\":\"ReadAction\",\"target\":[\"https:\/\/activest.ee\/toode\/brown-bear-watching\/\"]}]},{\"@type\":\"BreadcrumbList\",\"@id\":\"https:\/\/activest.ee\/toode\/brown-bear-watching\/#breadcrumb\",\"itemListElement\":[{\"@type\":\"ListItem\",\"position\":1,\"name\":\"Home\",\"item\":\"https:\/\/www.activest.ee\/et\/\"},{\"@type\":\"ListItem\",\"position\":2,\"name\":\"Shop\",\"item\":\"https:\/\/activest.ee\/et\/shop-2\/\"},{\"@type\":\"ListItem\",\"position\":3,\"name\":\"Braunb\u00e4r Beobachtung und Fotografie\"}]},{\"@type\":\"WebSite\",\"@id\":\"https:\/\/activest.ee\/#website\",\"url\":\"https:\/\/activest.ee\/\",\"name\":\"ActivEst\",\"description\":\"Tuurid, perepuhkus, loodusretked, seiklusretked\",\"potentialAction\":[{\"@type\":\"SearchAction\",\"target\":{\"@type\":\"EntryPoint\",\"urlTemplate\":\"https:\/\/activest.ee\/?s={search_term_string}\"},\"query-input\":\"required name=search_term_string\"}],\"inLanguage\":\"et\"}]}<\/script>\n<!-- \/ Yoast SEO plugin. -->","yoast_head_json":{"title":"Braunb\u00e4r Beobachtung und Fotografie - ActivEst","robots":{"index":"index","follow":"follow","max-snippet":"max-snippet:-1","max-image-preview":"max-image-preview:large","max-video-preview":"max-video-preview:-1"},"canonical":"https:\/\/activest.ee\/toode\/brown-bear-watching\/","og_locale":"et_EE","og_type":"article","og_title":"Braunb\u00e4r Beobachtung und Fotografie - ActivEst","og_description":"Sie \u00fcbernachten in Wildlife Beobachtungsh\u00fctten von Alutaguse, wo sehr gute Chancen bestehen, einige der 900 estnischen Braunb\u00e4ren zu beobachten. Neben B\u00e4ren k\u00f6nnen Marderhunde, Elche, Reh, andere S\u00e4ugetiere und die verschiedensten V\u00f6gel beobachtet werden.","og_url":"https:\/\/activest.ee\/toode\/brown-bear-watching\/","og_site_name":"ActivEst","article_modified_time":"2024-10-28T08:10:51+00:00","og_image":[{"width":1024,"height":681,"url":"https:\/\/activest.ee\/wp-content\/uploads\/2019\/11\/karu_karu-1024x681.jpg","type":"image\/jpeg"}],"twitter_card":"summary_large_image","twitter_misc":{"Est. reading time":"5 minutit"},"schema":{"@context":"https:\/\/schema.org","@graph":[{"@type":"WebPage","@id":"https:\/\/activest.ee\/toode\/brown-bear-watching\/","url":"https:\/\/activest.ee\/toode\/brown-bear-watching\/","name":"Braunb\u00e4r Beobachtung und Fotografie - ActivEst","isPartOf":{"@id":"https:\/\/activest.ee\/#website"},"datePublished":"2020-11-25T22:00:53+00:00","dateModified":"2024-10-28T08:10:51+00:00","breadcrumb":{"@id":"https:\/\/activest.ee\/toode\/brown-bear-watching\/#breadcrumb"},"inLanguage":"et","potentialAction":[{"@type":"ReadAction","target":["https:\/\/activest.ee\/toode\/brown-bear-watching\/"]}]},{"@type":"BreadcrumbList","@id":"https:\/\/activest.ee\/toode\/brown-bear-watching\/#breadcrumb","itemListElement":[{"@type":"ListItem","position":1,"name":"Home","item":"https:\/\/www.activest.ee\/et\/"},{"@type":"ListItem","position":2,"name":"Shop","item":"https:\/\/activest.ee\/et\/shop-2\/"},{"@type":"ListItem","position":3,"name":"Braunb\u00e4r Beobachtung und Fotografie"}]},{"@type":"WebSite","@id":"https:\/\/activest.ee\/#website","url":"https:\/\/activest.ee\/","name":"ActivEst","description":"Tuurid, perepuhkus, loodusretked, seiklusretked","potentialAction":[{"@type":"SearchAction","target":{"@type":"EntryPoint","urlTemplate":"https:\/\/activest.ee\/?s={search_term_string}"},"query-input":"required name=search_term_string"}],"inLanguage":"et"}]}},"_links":{"self":[{"href":"https:\/\/activest.ee\/et\/wp-json\/wp\/v2\/product\/21264","targetHints":{"allow":["GET"]}}],"collection":[{"href":"https:\/\/activest.ee\/et\/wp-json\/wp\/v2\/product"}],"about":[{"href":"https:\/\/activest.ee\/et\/wp-json\/wp\/v2\/types\/product"}],"replies":[{"embeddable":true,"href":"https:\/\/activest.ee\/et\/wp-json\/wp\/v2\/comments?post=21264"}],"wp:featuredmedia":[{"embeddable":true,"href":"https:\/\/activest.ee\/et\/wp-json\/wp\/v2\/media\/20660"}],"wp:attachment":[{"href":"https:\/\/activest.ee\/et\/wp-json\/wp\/v2\/media?parent=21264"}],"wp:term":[{"taxonomy":"product_cat","embeddable":true,"href":"https:\/\/activest.ee\/et\/wp-json\/wp\/v2\/product_cat?post=21264"},{"taxonomy":"product_tag","embeddable":true,"href":"https:\/\/activest.ee\/et\/wp-json\/wp\/v2\/product_tag?post=21264"}],"curies":[{"name":"wp","href":"https:\/\/api.w.org\/{rel}","templated":true}]}}