{"id":22305,"date":"2021-02-04T13:10:47","date_gmt":"2021-02-04T11:10:47","guid":{"rendered":"https:\/\/activest.ee\/?page_id=22305"},"modified":"2024-11-12T10:40:51","modified_gmt":"2024-11-12T08:40:51","slug":"meist","status":"publish","type":"page","link":"https:\/\/activest.ee\/et\/meist\/","title":{"rendered":"Meist"},"content":{"rendered":"<div class=\"fusion-fullwidth fullwidth-box fusion-builder-row-1 fusion-flex-container nonhundred-percent-fullwidth non-hundred-percent-height-scrolling\" style=\"background-color: rgba(255,255,255,0);background-position: center center;background-repeat: no-repeat;border-width: 0px 0px 0px 0px;border-color:#eae9e9;border-style:solid;\" ><div class=\"fusion-builder-row fusion-row fusion-flex-align-items-flex-start\" style=\"max-width:1144px;margin-left: calc(-4% \/ 2 );margin-right: calc(-4% \/ 2 );\"><div class=\"fusion-layout-column fusion_builder_column fusion-builder-column-0 fusion_builder_column_1_1 1_1 fusion-flex-column\"><div class=\"fusion-column-wrapper fusion-flex-justify-content-flex-start fusion-content-layout-column\" style=\"background-position:left top;background-repeat:no-repeat;-webkit-background-size:cover;-moz-background-size:cover;-o-background-size:cover;background-size:cover;padding: 0px 0px 0px 0px;\"><style type=\"text\/css\">@media only screen and (max-width:1024px) {.fusion-title.fusion-title-1{margin-top:0px!important;margin-bottom:31px!important;}}<\/style><div class=\"fusion-title title fusion-title-1 fusion-title-center fusion-title-text fusion-title-size-one\" style=\"font-size:23px;margin-top:0px;margin-bottom:31px;\"><div class=\"title-sep-container title-sep-container-left\"><div class=\"title-sep sep-single sep-solid\" style=\"border-color:#f4f4f4;\"><\/div><\/div><h1 class=\"title-heading-center\" style=\"margin:0;font-size:1em;color:#ff9800;\">KES ME OLEME?<\/h1><div class=\"title-sep-container title-sep-container-right\"><div class=\"title-sep sep-single sep-solid\" style=\"border-color:#f4f4f4;\"><\/div><\/div><\/div><div class=\"fusion-text fusion-text-1\" style=\"transform:translate3d(0,0,0);\"><div class=\"plain\">\n<div class=\"plain_line\" style=\"text-align: center;\"><span style=\"color: #000000;\">Aeg ja juhus ei saa midagi teha nende jaoks, kes ei soovi midagi teha enda heaks.<\/span><\/div>\n<div><\/div>\n<div class=\"plain_line\" style=\"text-align: center;\"><\/div>\n<div class=\"plain_line\" style=\"text-align: center;\"><span style=\"color: #000000;\">Kui teha asju kirega kujuneb Sinu hobist Sulle t\u00f6\u00f6:<\/span><\/div>\n<div class=\"plain_line\" style=\"text-align: center;\"><span style=\"color: #000000;\">Soov matkata ja looduses liikuda on saatnud k\u00f5iki ActivEsti tegijaid aegade algusest peale.<\/span><\/div>\n<div class=\"plain_line\" style=\"text-align: center;\"><span style=\"color: #000000;\">N\u00e4iteks sel ajal kui eakaaslased \u00fclikoolis eksameid tegid vallutasime meie<\/span><\/div>\n<div class=\"plain_line\" style=\"text-align: center;\"><span style=\"color: #000000;\">k\u00f5igi teiste tippude k\u00f5rval Elbruse ja v\u00f5itsime mitte ainult V\u00f5handu maratoni vaid tulime ka lennukalt Eesti meistriks kajakis\u00f5idus.<\/span><\/div>\n<div class=\"plain_line\" style=\"text-align: center;\"><span style=\"color: #000000;\">Matkakorraldamise k\u00f5rval on meile sama oluline loomavaatlusreisid ja looduse tutvustamine laiemalt.<\/span><\/div>\n<div class=\"plain_line\" style=\"text-align: center;\"><span style=\"color: #000000;\">Loodushariduse on omandanud aja jooksul k\u00f5ik meie giidid ja osanikud. Oma teadmisi soovime jagada k\u00f5igi teekaaslastega ja alati \u00f5pime midagi lisaks.<\/span><\/div>\n<div class=\"plain_line\" style=\"text-align: center;\"><span style=\"color: #000000;\">Meile on algusest peale selge, et kui \u00fcldse midagi teha, siis ainult seda, mida peetakse v\u00f5imatuks.<\/span><\/div>\n<div class=\"plain_line\" style=\"text-align: center;\"><span style=\"color: #000000;\">Ja nii olemegi v\u00f5imalikuks teinud palju elu\u00e4gedaid retki maal ja merel, koristanud pr\u00fcgi Aasia randades ja Soomaa j\u00f5gedel,<\/span><\/div>\n<div class=\"plain_line\" style=\"text-align: center;\"><span style=\"color: #000000;\">p\u00e4\u00e4stund kilpkonnapoegi, ostnud Alutagusel looduse kaitsmiseks metsa, hoidnud p\u00e4randkooslusi laidudel, matkanud \u00fcle mere, j\u00e4\u00e4, soode ja l\u00e4bi metsade ning ja turninud m\u00e4gede tippudes.<\/span><\/div>\n<div class=\"plain_line\" style=\"text-align: center;\"><span style=\"color: #000000;\">Teeme seda ikka ja j\u00e4lle, olete oodatud \u00fchinema.<\/span><\/div>\n<\/div>\n<\/div><style type=\"text\/css\">@media only screen and (max-width:1024px) {.fusion-title.fusion-title-2{margin-top:0px!important;margin-bottom:31px!important;}}<\/style><div class=\"fusion-title title fusion-title-2 fusion-title-center fusion-title-text fusion-title-size-one\" style=\"font-size:23px;margin-top:0px;margin-bottom:31px;\"><div class=\"title-sep-container title-sep-container-left\"><div class=\"title-sep sep-single sep-solid\" style=\"border-color:#f4f4f4;\"><\/div><\/div><h1 class=\"title-heading-center\" style=\"margin:0;font-size:1em;color:#ff9800;\"><p style=\"text-align: center;\">Triin Asi<\/p><\/h1><div class=\"title-sep-container title-sep-container-right\"><div class=\"title-sep sep-single sep-solid\" style=\"border-color:#f4f4f4;\"><\/div><\/div><\/div><div class=\"fusion-text fusion-text-2\" style=\"transform:translate3d(0,0,0);\"><p><a href=\"https:\/\/activest.ee\/wp-content\/uploads\/2020\/10\/mina.png\"><img decoding=\"async\" class=\"aligncenter wp-image-22054 size-medium\" src=\"https:\/\/activest.ee\/wp-content\/uploads\/2020\/10\/mina-204x300.png\" alt=\"\" width=\"204\" height=\"300\" srcset=\"https:\/\/activest.ee\/wp-content\/uploads\/2020\/10\/mina-200x294.png 200w, https:\/\/activest.ee\/wp-content\/uploads\/2020\/10\/mina-204x300.png 204w, https:\/\/activest.ee\/wp-content\/uploads\/2020\/10\/mina-400x587.png 400w, https:\/\/activest.ee\/wp-content\/uploads\/2020\/10\/mina.png 447w\" sizes=\"(max-width: 204px) 100vw, 204px\" \/><\/a><\/p>\n<p style=\"text-align: center;\">Giid<\/p>\n<p style=\"text-align: center;\"><a href=\"mailto:triin@activest.ee\">triin@activest.ee<\/a><\/p>\n<p style=\"text-align: center;\">+372 50 162 22<\/p>\n<p style=\"text-align: center;\">Eesti keel, saksa keel, inglise keel, prantsuse keel<\/p>\n<\/div><style type=\"text\/css\">@media only screen and (max-width:1024px) {.fusion-title.fusion-title-3{margin-top:0px!important;margin-bottom:31px!important;}}<\/style><div class=\"fusion-title title fusion-title-3 fusion-title-center fusion-title-text fusion-title-size-one\" style=\"font-size:23px;margin-top:0px;margin-bottom:31px;\"><div class=\"title-sep-container title-sep-container-left\"><div class=\"title-sep sep-single sep-solid\" style=\"border-color:#f4f4f4;\"><\/div><\/div><h1 class=\"title-heading-center\" style=\"margin:0;font-size:1em;color:#ff9800;\"><p style=\"text-align: center;\">Bert R\u00e4hni<\/p><\/h1><div class=\"title-sep-container title-sep-container-right\"><div class=\"title-sep sep-single sep-solid\" style=\"border-color:#f4f4f4;\"><\/div><\/div><\/div><div class=\"fusion-text fusion-text-3\" style=\"transform:translate3d(0,0,0);\"><p style=\"text-align: center;\"><a href=\"https:\/\/activest.ee\/wp-content\/uploads\/2019\/12\/IMG_5584-scaled.jpg\"><img decoding=\"async\" class=\"alignnone wp-image-21628 size-medium\" src=\"https:\/\/activest.ee\/wp-content\/uploads\/2019\/12\/IMG_5584-300x200.jpg\" alt=\"\" width=\"300\" height=\"200\" srcset=\"https:\/\/activest.ee\/wp-content\/uploads\/2019\/12\/IMG_5584-200x133.jpg 200w, https:\/\/activest.ee\/wp-content\/uploads\/2019\/12\/IMG_5584-300x200.jpg 300w, https:\/\/activest.ee\/wp-content\/uploads\/2019\/12\/IMG_5584-400x267.jpg 400w, https:\/\/activest.ee\/wp-content\/uploads\/2019\/12\/IMG_5584-600x400.jpg 600w, https:\/\/activest.ee\/wp-content\/uploads\/2019\/12\/IMG_5584-700x467.jpg 700w, https:\/\/activest.ee\/wp-content\/uploads\/2019\/12\/IMG_5584-768x512.jpg 768w, https:\/\/activest.ee\/wp-content\/uploads\/2019\/12\/IMG_5584-800x533.jpg 800w, https:\/\/activest.ee\/wp-content\/uploads\/2019\/12\/IMG_5584-1024x683.jpg 1024w, https:\/\/activest.ee\/wp-content\/uploads\/2019\/12\/IMG_5584-1200x800.jpg 1200w, https:\/\/activest.ee\/wp-content\/uploads\/2019\/12\/IMG_5584-1536x1024.jpg 1536w\" sizes=\"(max-width: 300px) 100vw, 300px\" \/><\/a><\/p>\n<p style=\"text-align: center;\">Giid<\/p>\n<p style=\"text-align: center;\"><a href=\"mailto:triin@activest.ee\">bert@activest.ee<\/a><\/p>\n<p style=\"text-align: center;\">+372 51 371 41<\/p>\n<p style=\"text-align: center;\">Eesti keel, saksa keel, inglise keel<\/p>\n<\/div><style type=\"text\/css\">@media only screen and (max-width:1024px) {.fusion-title.fusion-title-4{margin-top:0px!important;margin-bottom:31px!important;}}<\/style><div class=\"fusion-title title fusion-title-4 fusion-title-center fusion-title-text fusion-title-size-one\" style=\"font-size:23px;margin-top:0px;margin-bottom:31px;\"><div class=\"title-sep-container title-sep-container-left\"><div class=\"title-sep sep-single sep-solid\" style=\"border-color:#f4f4f4;\"><\/div><\/div><h1 class=\"title-heading-center\" style=\"margin:0;font-size:1em;color:#ff9800;\"><p style=\"text-align: center;\">Maria Kolk<\/p><\/h1><div class=\"title-sep-container title-sep-container-right\"><div class=\"title-sep sep-single sep-solid\" style=\"border-color:#f4f4f4;\"><\/div><\/div><\/div><div class=\"fusion-text fusion-text-4\" style=\"transform:translate3d(0,0,0);\"><p><a href=\"https:\/\/activest.ee\/wp-content\/uploads\/2024\/11\/20241111_152121-scaled.jpg\"><img decoding=\"async\" class=\"size-medium wp-image-23292 aligncenter\" src=\"https:\/\/www.activest.ee\/wp-content\/uploads\/2024\/11\/20241111_152121-300x286.jpg\" alt=\"\" width=\"300\" height=\"286\" srcset=\"https:\/\/activest.ee\/wp-content\/uploads\/2024\/11\/20241111_152121-200x190.jpg 200w, https:\/\/activest.ee\/wp-content\/uploads\/2024\/11\/20241111_152121-300x286.jpg 300w, https:\/\/activest.ee\/wp-content\/uploads\/2024\/11\/20241111_152121-400x381.jpg 400w, https:\/\/activest.ee\/wp-content\/uploads\/2024\/11\/20241111_152121-600x571.jpg 600w, https:\/\/activest.ee\/wp-content\/uploads\/2024\/11\/20241111_152121-700x666.jpg 700w, https:\/\/activest.ee\/wp-content\/uploads\/2024\/11\/20241111_152121-768x731.jpg 768w, https:\/\/activest.ee\/wp-content\/uploads\/2024\/11\/20241111_152121-800x761.jpg 800w, https:\/\/activest.ee\/wp-content\/uploads\/2024\/11\/20241111_152121-1024x975.jpg 1024w, https:\/\/activest.ee\/wp-content\/uploads\/2024\/11\/20241111_152121-1200x1142.jpg 1200w, https:\/\/activest.ee\/wp-content\/uploads\/2024\/11\/20241111_152121-1536x1462.jpg 1536w, https:\/\/activest.ee\/wp-content\/uploads\/2024\/11\/20241111_152121-scaled.jpg 2560w\" sizes=\"(max-width: 300px) 100vw, 300px\" \/><\/a><\/p>\n<p style=\"text-align: center;\">Tootejuht, b\u00fcroojuht<\/p>\n<p style=\"text-align: center;\"><a href=\"mailto:maria@natourest.ee\">maria@natourest.ee<\/a><\/p>\n<p style=\"text-align: center;\">+372 50 300 82<\/p>\n<p style=\"text-align: center;\">Inglise keel, eesti keel<\/p>\n<\/div><style type=\"text\/css\">@media only screen and (max-width:1024px) {.fusion-title.fusion-title-5{margin-top:0px!important;margin-bottom:31px!important;}}<\/style><div class=\"fusion-title title fusion-title-5 fusion-title-center fusion-title-text fusion-title-size-one\" style=\"font-size:23px;margin-top:0px;margin-bottom:31px;\"><div class=\"title-sep-container title-sep-container-left\"><div class=\"title-sep sep-single sep-solid\" style=\"border-color:#f4f4f4;\"><\/div><\/div><h1 class=\"title-heading-center\" style=\"margin:0;font-size:1em;color:#ff9800;\"><p style=\"text-align: center;\">Peep<\/p><\/h1><div class=\"title-sep-container title-sep-container-right\"><div class=\"title-sep sep-single sep-solid\" style=\"border-color:#f4f4f4;\"><\/div><\/div><\/div><div class=\"fusion-text fusion-text-5\" style=\"transform:translate3d(0,0,0);\"><p style=\"text-align: center;\"><a href=\"https:\/\/activest.ee\/wp-content\/uploads\/2019\/11\/Zugvogelfest_2019_M_Raeder_14-1.jpg\"><img decoding=\"async\" class=\"alignnone wp-image-21519 size-medium\" src=\"https:\/\/activest.ee\/wp-content\/uploads\/2019\/11\/Zugvogelfest_2019_M_Raeder_14-1-242x300.jpg\" alt=\"\" width=\"242\" height=\"300\" srcset=\"https:\/\/activest.ee\/wp-content\/uploads\/2019\/11\/Zugvogelfest_2019_M_Raeder_14-1-200x248.jpg 200w, https:\/\/activest.ee\/wp-content\/uploads\/2019\/11\/Zugvogelfest_2019_M_Raeder_14-1-242x300.jpg 242w, https:\/\/activest.ee\/wp-content\/uploads\/2019\/11\/Zugvogelfest_2019_M_Raeder_14-1-400x496.jpg 400w, https:\/\/activest.ee\/wp-content\/uploads\/2019\/11\/Zugvogelfest_2019_M_Raeder_14-1.jpg 449w\" sizes=\"(max-width: 242px) 100vw, 242px\" \/><\/a><\/p>\n<p style=\"text-align: center;\">Giid<\/p>\n<p style=\"text-align: center;\"><a href=\"mailto:peep@natourest.ee\">peep@natourest.ee<\/a><\/p>\n<p style=\"text-align: center;\">+372 52 718 39<\/p>\n<p style=\"text-align: center;\">Eesti keel, saksa keel, inglise keel<\/p>\n<\/div><style type=\"text\/css\">@media only screen and (max-width:1024px) {.fusion-title.fusion-title-6{margin-top:0px!important;margin-bottom:31px!important;}}<\/style><div class=\"fusion-title title fusion-title-6 fusion-title-center fusion-title-text fusion-title-size-one\" style=\"font-size:23px;margin-top:0px;margin-bottom:31px;\"><div class=\"title-sep-container title-sep-container-left\"><div class=\"title-sep sep-single sep-solid\" style=\"border-color:#f4f4f4;\"><\/div><\/div><h1 class=\"title-heading-center\" style=\"margin:0;font-size:1em;color:#ff9800;\"><p style=\"text-align: center;\">T\u00f5nis<\/p><\/h1><div class=\"title-sep-container title-sep-container-right\"><div class=\"title-sep sep-single sep-solid\" style=\"border-color:#f4f4f4;\"><\/div><\/div><\/div><div class=\"fusion-text fusion-text-6\" style=\"transform:translate3d(0,0,0);\"><p style=\"text-align: center;\"><a href=\"https:\/\/activest.ee\/wp-content\/uploads\/2024\/11\/tonster.jpg\"><img decoding=\"async\" class=\"alignnone size-medium wp-image-23304\" src=\"https:\/\/www.activest.ee\/wp-content\/uploads\/2024\/11\/tonster-300x200.jpg\" alt=\"\" width=\"300\" height=\"200\" srcset=\"https:\/\/activest.ee\/wp-content\/uploads\/2024\/11\/tonster-200x133.jpg 200w, https:\/\/activest.ee\/wp-content\/uploads\/2024\/11\/tonster-300x200.jpg 300w, https:\/\/activest.ee\/wp-content\/uploads\/2024\/11\/tonster-400x267.jpg 400w, https:\/\/activest.ee\/wp-content\/uploads\/2024\/11\/tonster-600x400.jpg 600w, https:\/\/activest.ee\/wp-content\/uploads\/2024\/11\/tonster-700x467.jpg 700w, https:\/\/activest.ee\/wp-content\/uploads\/2024\/11\/tonster-768x512.jpg 768w, https:\/\/activest.ee\/wp-content\/uploads\/2024\/11\/tonster-800x533.jpg 800w, https:\/\/activest.ee\/wp-content\/uploads\/2024\/11\/tonster-1024x683.jpg 1024w, https:\/\/activest.ee\/wp-content\/uploads\/2024\/11\/tonster-1200x800.jpg 1200w, https:\/\/activest.ee\/wp-content\/uploads\/2024\/11\/tonster-1536x1024.jpg 1536w, https:\/\/activest.ee\/wp-content\/uploads\/2024\/11\/tonster.jpg 2048w\" sizes=\"(max-width: 300px) 100vw, 300px\" \/><\/a><\/p>\n<p style=\"text-align: center;\">Giid<\/p>\n<p style=\"text-align: center;\">Eesti keel, inglise keel, saksa keel<\/p>\n<\/div><style type=\"text\/css\">@media only screen and (max-width:1024px) {.fusion-title.fusion-title-7{margin-top:0px!important;margin-bottom:31px!important;}}<\/style><div class=\"fusion-title title fusion-title-7 fusion-title-center fusion-title-text fusion-title-size-one\" style=\"font-size:23px;margin-top:0px;margin-bottom:31px;\"><div class=\"title-sep-container title-sep-container-left\"><div class=\"title-sep sep-single sep-solid\" style=\"border-color:#f4f4f4;\"><\/div><\/div><h1 class=\"title-heading-center\" style=\"margin:0;font-size:1em;color:#ff9800;\"><p style=\"text-align: center;\">Tiit<\/p><\/h1><div class=\"title-sep-container title-sep-container-right\"><div class=\"title-sep sep-single sep-solid\" style=\"border-color:#f4f4f4;\"><\/div><\/div><\/div><div class=\"fusion-text fusion-text-7\" style=\"transform:translate3d(0,0,0);\"><p style=\"text-align: center;\"><a href=\"https:\/\/activest.ee\/wp-content\/uploads\/2019\/12\/Tiit-Taimla.jpg\"><img decoding=\"async\" class=\"alignnone wp-image-21639 size-medium\" src=\"https:\/\/activest.ee\/wp-content\/uploads\/2019\/12\/Tiit-Taimla-300x225.jpg\" alt=\"\" width=\"300\" height=\"225\" srcset=\"https:\/\/activest.ee\/wp-content\/uploads\/2019\/12\/Tiit-Taimla-200x150.jpg 200w, https:\/\/activest.ee\/wp-content\/uploads\/2019\/12\/Tiit-Taimla-300x225.jpg 300w, https:\/\/activest.ee\/wp-content\/uploads\/2019\/12\/Tiit-Taimla-400x300.jpg 400w, https:\/\/activest.ee\/wp-content\/uploads\/2019\/12\/Tiit-Taimla-600x450.jpg 600w, https:\/\/activest.ee\/wp-content\/uploads\/2019\/12\/Tiit-Taimla-700x525.jpg 700w, https:\/\/activest.ee\/wp-content\/uploads\/2019\/12\/Tiit-Taimla-768x576.jpg 768w, https:\/\/activest.ee\/wp-content\/uploads\/2019\/12\/Tiit-Taimla-800x600.jpg 800w, https:\/\/activest.ee\/wp-content\/uploads\/2019\/12\/Tiit-Taimla-1024x768.jpg 1024w, https:\/\/activest.ee\/wp-content\/uploads\/2019\/12\/Tiit-Taimla.jpg 1080w\" sizes=\"(max-width: 300px) 100vw, 300px\" \/><\/a><\/p>\n<p style=\"text-align: center;\">Giid<\/p>\n<p style=\"text-align: center;\">Eesti keel, inglise keel, saksa keel<\/p>\n<\/div><\/div><\/div><style type=\"text\/css\">.fusion-body .fusion-builder-column-0{width:100% !important;margin-top : 0px;margin-bottom : 0px;}.fusion-builder-column-0 > .fusion-column-wrapper {padding-top : 0px !important;padding-right : 0px !important;margin-right : 1.92%;padding-bottom : 0px !important;padding-left : 0px !important;margin-left : 1.92%;}@media only screen and (max-width:1024px) {.fusion-body .fusion-builder-column-0{width:100% !important;}.fusion-builder-column-0 > .fusion-column-wrapper {margin-right : 1.92%;margin-left : 1.92%;}}@media only screen and (max-width:640px) {.fusion-body .fusion-builder-column-0{width:100% !important;}.fusion-builder-column-0 > .fusion-column-wrapper {margin-right : 1.92%;margin-left : 1.92%;}}<\/style><\/div><style type=\"text\/css\">.fusion-body .fusion-flex-container.fusion-builder-row-1{ padding-top : 0px;margin-top : 0px;padding-right : 0px;padding-bottom : 0px;margin-bottom : 0px;padding-left : 0px;}<\/style><\/div>\n","protected":false},"excerpt":{"rendered":"","protected":false},"author":6,"featured_media":0,"parent":0,"menu_order":0,"comment_status":"closed","ping_status":"closed","template":"","meta":{"footnotes":""},"class_list":["post-22305","page","type-page","status-publish","hentry"],"yoast_head":"<!-- This site is optimized with the Yoast SEO plugin v21.8 - https:\/\/yoast.com\/wordpress\/plugins\/seo\/ -->\n<title>Meist - ActivEst<\/title>\n<meta name=\"robots\" content=\"index, follow, max-snippet:-1, max-image-preview:large, max-video-preview:-1\" \/>\n<link rel=\"canonical\" href=\"https:\/\/www.activest.ee\/et\/meist\/\" \/>\n<meta property=\"og:locale\" content=\"et_EE\" \/>\n<meta property=\"og:type\" content=\"article\" \/>\n<meta property=\"og:title\" content=\"Meist - ActivEst\" \/>\n<meta property=\"og:url\" content=\"https:\/\/www.activest.ee\/et\/meist\/\" \/>\n<meta property=\"og:site_name\" content=\"ActivEst\" \/>\n<meta property=\"article:modified_time\" content=\"2024-11-12T08:40:51+00:00\" \/>\n<meta property=\"og:image\" content=\"https:\/\/activest.ee\/wp-content\/uploads\/2020\/10\/mina-204x300.png\" \/>\n<meta name=\"twitter:card\" content=\"summary_large_image\" \/>\n<meta name=\"twitter:label1\" content=\"Est. reading time\" \/>\n\t<meta name=\"twitter:data1\" content=\"5 minutit\" \/>\n<script type=\"application\/ld+json\" class=\"yoast-schema-graph\">{\"@context\":\"https:\/\/schema.org\",\"@graph\":[{\"@type\":\"WebPage\",\"@id\":\"https:\/\/www.activest.ee\/et\/meist\/\",\"url\":\"https:\/\/www.activest.ee\/et\/meist\/\",\"name\":\"Meist - ActivEst\",\"isPartOf\":{\"@id\":\"https:\/\/activest.ee\/en\/#website\"},\"datePublished\":\"2021-02-04T11:10:47+00:00\",\"dateModified\":\"2024-11-12T08:40:51+00:00\",\"breadcrumb\":{\"@id\":\"https:\/\/www.activest.ee\/et\/meist\/#breadcrumb\"},\"inLanguage\":\"et\",\"potentialAction\":[{\"@type\":\"ReadAction\",\"target\":[\"https:\/\/www.activest.ee\/et\/meist\/\"]}]},{\"@type\":\"BreadcrumbList\",\"@id\":\"https:\/\/www.activest.ee\/et\/meist\/#breadcrumb\",\"itemListElement\":[{\"@type\":\"ListItem\",\"position\":1,\"name\":\"Home\",\"item\":\"https:\/\/www.activest.ee\/et\/\"},{\"@type\":\"ListItem\",\"position\":2,\"name\":\"Meist\"}]},{\"@type\":\"WebSite\",\"@id\":\"https:\/\/activest.ee\/en\/#website\",\"url\":\"https:\/\/activest.ee\/en\/\",\"name\":\"ActivEst\",\"description\":\"Tuurid, perepuhkus, loodusretked, seiklusretked\",\"potentialAction\":[{\"@type\":\"SearchAction\",\"target\":{\"@type\":\"EntryPoint\",\"urlTemplate\":\"https:\/\/activest.ee\/en\/?s={search_term_string}\"},\"query-input\":\"required name=search_term_string\"}],\"inLanguage\":\"et\"}]}<\/script>\n<!-- \/ Yoast SEO plugin. -->","yoast_head_json":{"title":"Meist - ActivEst","robots":{"index":"index","follow":"follow","max-snippet":"max-snippet:-1","max-image-preview":"max-image-preview:large","max-video-preview":"max-video-preview:-1"},"canonical":"https:\/\/www.activest.ee\/et\/meist\/","og_locale":"et_EE","og_type":"article","og_title":"Meist - ActivEst","og_url":"https:\/\/www.activest.ee\/et\/meist\/","og_site_name":"ActivEst","article_modified_time":"2024-11-12T08:40:51+00:00","og_image":[{"url":"https:\/\/activest.ee\/wp-content\/uploads\/2020\/10\/mina-204x300.png"}],"twitter_card":"summary_large_image","twitter_misc":{"Est. reading time":"5 minutit"},"schema":{"@context":"https:\/\/schema.org","@graph":[{"@type":"WebPage","@id":"https:\/\/www.activest.ee\/et\/meist\/","url":"https:\/\/www.activest.ee\/et\/meist\/","name":"Meist - ActivEst","isPartOf":{"@id":"https:\/\/activest.ee\/en\/#website"},"datePublished":"2021-02-04T11:10:47+00:00","dateModified":"2024-11-12T08:40:51+00:00","breadcrumb":{"@id":"https:\/\/www.activest.ee\/et\/meist\/#breadcrumb"},"inLanguage":"et","potentialAction":[{"@type":"ReadAction","target":["https:\/\/www.activest.ee\/et\/meist\/"]}]},{"@type":"BreadcrumbList","@id":"https:\/\/www.activest.ee\/et\/meist\/#breadcrumb","itemListElement":[{"@type":"ListItem","position":1,"name":"Home","item":"https:\/\/www.activest.ee\/et\/"},{"@type":"ListItem","position":2,"name":"Meist"}]},{"@type":"WebSite","@id":"https:\/\/activest.ee\/en\/#website","url":"https:\/\/activest.ee\/en\/","name":"ActivEst","description":"Tuurid, perepuhkus, loodusretked, seiklusretked","potentialAction":[{"@type":"SearchAction","target":{"@type":"EntryPoint","urlTemplate":"https:\/\/activest.ee\/en\/?s={search_term_string}"},"query-input":"required name=search_term_string"}],"inLanguage":"et"}]}},"_links":{"self":[{"href":"https:\/\/activest.ee\/et\/wp-json\/wp\/v2\/pages\/22305","targetHints":{"allow":["GET"]}}],"collection":[{"href":"https:\/\/activest.ee\/et\/wp-json\/wp\/v2\/pages"}],"about":[{"href":"https:\/\/activest.ee\/et\/wp-json\/wp\/v2\/types\/page"}],"author":[{"embeddable":true,"href":"https:\/\/activest.ee\/et\/wp-json\/wp\/v2\/users\/6"}],"replies":[{"embeddable":true,"href":"https:\/\/activest.ee\/et\/wp-json\/wp\/v2\/comments?post=22305"}],"version-history":[{"count":5,"href":"https:\/\/activest.ee\/et\/wp-json\/wp\/v2\/pages\/22305\/revisions"}],"predecessor-version":[{"id":23307,"href":"https:\/\/activest.ee\/et\/wp-json\/wp\/v2\/pages\/22305\/revisions\/23307"}],"wp:attachment":[{"href":"https:\/\/activest.ee\/et\/wp-json\/wp\/v2\/media?parent=22305"}],"curies":[{"name":"wp","href":"https:\/\/api.w.org\/{rel}","templated":true}]}}