{"id":23316,"date":"2024-11-25T14:49:14","date_gmt":"2024-11-25T12:49:14","guid":{"rendered":"https:\/\/activest.ee\/?post_type=product&#038;p=23316"},"modified":"2024-11-26T11:09:01","modified_gmt":"2024-11-26T09:09:01","slug":"wintererlebnis-in-lettland-7-tage-selbstfahrerreise","status":"publish","type":"product","link":"https:\/\/activest.ee\/en\/toode\/wintererlebnis-in-lettland-7-tage-selbstfahrerreise\/","title":{"rendered":"Wintererlebnis in Lettland 7 Tage Selbstfahrerreise"},"content":{"rendered":"<div class=\"fusion-fullwidth fullwidth-box fusion-builder-row-1 nonhundred-percent-fullwidth non-hundred-percent-height-scrolling\" style=\"background-color: rgba(255,255,255,0);background-position: center center;background-repeat: no-repeat;padding-top:0px;padding-right:0px;padding-bottom:0px;padding-left:0px;margin-bottom: 0px;margin-top: 0px;border-width: 0px 0px 0px 0px;border-color:#eae9e9;border-style:solid;\" ><div class=\"fusion-builder-row fusion-row\"><div class=\"fusion-layout-column fusion_builder_column fusion-builder-column-0 fusion_builder_column_1_1 1_1 fusion-one-full fusion-column-first fusion-column-last\" style=\"margin-top:0px;margin-bottom:20px;\"><div class=\"fusion-column-wrapper fusion-flex-column-wrapper-legacy\" style=\"background-position:left top;background-repeat:no-repeat;-webkit-background-size:cover;-moz-background-size:cover;-o-background-size:cover;background-size:cover;padding: 0px 0px 0px 0px;\"><div class=\"fusion-button-wrapper\"><style type=\"text\/css\">.fusion-button.button-1 {border-radius:2px;}<\/style><a class=\"fusion-button button-flat fusion-button-default-size button-default button-1 fusion-button-default-span fusion-button-default-type\" target=\"_self\" href=\"#description\"><span class=\"fusion-button-text\">Reisebeschreibung<\/span><\/a><\/div><div class=\"fusion-button-wrapper\"><style type=\"text\/css\">.fusion-button.button-2 {border-radius:2px;}<\/style><a class=\"fusion-button button-flat fusion-button-default-size button-default button-2 fusion-button-default-span fusion-button-default-type\" target=\"_self\" href=\"#detailed\"><span class=\"fusion-button-text\">Detailbeschreibung<\/span><\/a><\/div><div class=\"fusion-button-wrapper\"><style type=\"text\/css\">.fusion-button.button-3 {border-radius:2px;}<\/style><a class=\"fusion-button button-flat fusion-button-default-size button-default button-3 fusion-button-default-span fusion-button-default-type\" target=\"_self\" href=\"#price\"><span class=\"fusion-button-text\">Termine und Preis<\/span><\/a><\/div><div class=\"fusion-clearfix\"><\/div><\/div><\/div><div class=\"fusion-layout-column fusion_builder_column fusion-builder-column-1 fusion_builder_column_1_1 1_1 fusion-one-full fusion-column-first fusion-column-last\" style=\"margin-top:0px;margin-bottom:20px;\"><div class=\"fusion-column-wrapper fusion-flex-column-wrapper-legacy\" style=\"background-position:left top;background-repeat:no-repeat;-webkit-background-size:cover;-moz-background-size:cover;-o-background-size:cover;background-size:cover;padding: 0px 0px 0px 0px;\"><div class=\"fusion-clearfix\"><\/div><\/div><\/div><div class=\"fusion-layout-column fusion_builder_column fusion-builder-column-2 fusion_builder_column_1_1 1_1 fusion-one-full fusion-column-first fusion-column-last\" style=\"margin-top:0px;margin-bottom:20px;\"><div class=\"fusion-column-wrapper fusion-flex-column-wrapper-legacy\" style=\"background-position:left top;background-repeat:no-repeat;-webkit-background-size:cover;-moz-background-size:cover;-o-background-size:cover;background-size:cover;padding: 0px 0px 0px 0px;\"><div class=\"fusion-menu-anchor\" id=\"description\"><\/div><div class=\"fusion-text fusion-text-1\" style=\"transform:translate3d(0,0,0);\"><h2>H\u00f6hepunkte:<\/h2>\n<ul>\n<li>Die Altstadt von Riga;<\/li>\n<li>der gr\u00f6\u00dfte Nationalpark Lettlands \u2013 der Gauja-Nationalpark;<\/li>\n<li>das pr\u00e4chtige Schloss Rundale;<\/li>\n<li>das romantische Kuldiga;<\/li>\n<li>eine Schneeschuhwanderung im Kemeri-Moor.<\/li>\n<\/ul>\n<\/div><div class=\"fusion-clearfix\"><\/div><\/div><\/div><div class=\"fusion-layout-column fusion_builder_column fusion-builder-column-3 fusion_builder_column_1_1 1_1 fusion-one-full fusion-column-first fusion-column-last\" style=\"margin-top:0px;margin-bottom:20px;\"><div class=\"fusion-column-wrapper fusion-flex-column-wrapper-legacy\" style=\"background-position:left top;background-repeat:no-repeat;-webkit-background-size:cover;-moz-background-size:cover;-o-background-size:cover;background-size:cover;padding: 0px 0px 0px 0px;\"><div class=\"fusion-menu-anchor\" id=\"detailed\"><\/div><div class=\"fusion-text fusion-text-2\" style=\"transform:translate3d(0,0,0);\"><h2>1.Tag &#8211; Wilkommen in Riga<\/h2>\n<p>Willkommen in Riga! Nehmen Sie Ihren Mietwagen am Flughafen Riga in Empfang und checken Sie im Hotel ein.<\/p>\n<p><strong>\u00dcbernachtung:<\/strong> Riga im AC Hotel Riga by Marriott**** oder \u00e4hnlich.<\/p>\n<h2>2.Tag &#8211; Riga<\/h2>\n<p>Riga, 1201 vom deutschen Bischof Albert gegr\u00fcndet, ist die gr\u00f6\u00dfte der drei baltischen Hauptst\u00e4dte und bietet ein wahres Kaleidoskop architektonischer Stile. Machen Sie eine gef\u00fchrte Stadttour zu Fu\u00df und entdecken Sie die ber\u00fchmtesten Jugendstilgeb\u00e4ude in der Alberta- und Elisabethstra\u00dfe sowie die Altstadt mit dem Rigaer Schloss und den Drei Br\u00fcdern, den \u00e4ltesten Wohnh\u00e4usern der Stadt.<\/p>\n<p>Besuchen Sie den Zentralmarkt von Riga, einen der gr\u00f6\u00dften \u00fcberdachten M\u00e4rkte Europas. Probieren Sie ger\u00e4uchertes Fleisch, eingelegtes Gem\u00fcse, lettisches Brot, saisonale Spezialit\u00e4ten und vieles mehr. Der Markt wurde 1930 er\u00f6ffnet und befindet sich in f\u00fcnf ehemaligen Zeppelin-Lufthallen.<\/p>\n<p><strong>Inklusive Mahlzeiten:<\/strong> Fr\u00fchst\u00fcck<\/p>\n<p><strong>\u00dcbernachtung:<\/strong> Riga im AC Hotel Riga by Marriott**** oder \u00e4hnlich.<\/p>\n<h2>3.Tag &#8211; Gauja Nationalpark<\/h2>\n<p>Am Morgen fahren Sie in das Herz des Gauja-Nationalparks und nach Sigulda, das auch als \u201eKlein-Schweiz Lettlands\u201c bekannt ist. In Sigulda besuchen Sie die Bobbahn und erleben eine Soft-Bob-Fahrt. Bei dieser Fahrt gleiten Sie durch 16 Kurven \u00fcber eine Strecke von 1200 Metern. Dieses Erlebnis verspricht einen Adrenalinkick, den Sie so schnell nicht vergessen werden.<\/p>\n<p>Das n\u00e4chste Abenteuer erwartet Sie im Schlossviertel von Sigulda. Interessieren Sie sich f\u00fcr mittelalterliche Architektur und Geschichte? Dann besuchen Sie die mittelalterliche Burg Sigulda oder das Turaida-Museum. Bevorzugen Sie hingegen die Geschichte des 19. und 20. Jahrhunderts, nationale Romantik und Kunstausstellungen? Dann sollten Sie Zeit einplanen, um das Neue Schloss Sigulda zu erkunden. Besteigen Sie unbedingt den Turm, der einen herrlichen Blick auf das Gauja-Tal und die umliegenden Burgen bietet. In einem der historischen Geb\u00e4ude k\u00f6nnen Sie an einem Workshop zur Herstellung von Spazierst\u00f6cken teilnehmen. Die Tradition der Spazierstockherstellung in Sigulda reicht \u00fcber 200 Jahre zur\u00fcck. Bereits im 19. Jahrhundert stand in Reisef\u00fchrern: \u201eEin Spazierstock kann bei einem Jungen f\u00fcr einen Spaziergang durch die Schluchten von Sigulda gekauft werden.\u201c<\/p>\n<p><strong>Inklusive Mahlzeiten:<\/strong> Fr\u00fchst\u00fcck<\/p>\n<p><strong>\u00dcbernachtung:<\/strong> Sigulda im Sigulda Hotel*** oder \u00e4hnlich.<\/p>\n<p><strong>Autofahrt:<\/strong> ca 50 km<\/p>\n<h2>4.Tag &#8211; Rundale Schloss<\/h2>\n<p>Nach dem Fr\u00fchst\u00fcck fahren Sie zum Schloss Rundale und tauchen auf einer gef\u00fchrten Tour in das sch\u00f6nste Schloss Lettlands ein. Das Schloss Rundale ist wie eine Zeitkapsel des 18. Jahrhunderts \u2013 ein wundersch\u00f6n erhaltenes und restauriertes Ensemble barocker Architektur. Es wurde vom italienischen Architekten Francesco Bartolomeo Rastrelli entworfen, der auch f\u00fcr die russischen Zaren die Winter- und Zarskoje-Selo-Pal\u00e4ste schuf. Danach Weiterfahrt nach Kuldiga.<\/p>\n<p><strong>Inklusive Mahlzeiten:<\/strong> Fr\u00fchst\u00fcck<\/p>\n<p><strong>\u00dcbernachtung:<\/strong> Kuldiga im Jekaba Seta Hotel*** oder \u00e4hnlich.<\/p>\n<p><strong>Autofahrt:\u00a0<\/strong>ca 300 km<\/p>\n<h2>5.Tag &#8211; Die romantischste Stadt in Lettland: Kuldiga<\/h2>\n<p>Kuldiga ist ein architektonisches Juwel! Unternehmen Sie eine gef\u00fchrte Stadttour zu Fu\u00df und erleben Sie die romantische Mischung aus Kuldig\u0101s Architektur, kleinen verwinkelten Stra\u00dfen und Kan\u00e4len. Das Herz der Stadt ist der Fluss Venta und der Ventas Rumba, der breiteste Wasserfall Europas. Entdecken Sie diesen charmanten Ort in aller Ruhe. Am Nachmittag steht Ihnen freie Zeit zur Verf\u00fcgung.<\/p>\n<p><strong>Inklusive Mahlzeiten:<\/strong> Fr\u00fchst\u00fcck<\/p>\n<p><strong>\u00dcbernachtung:<\/strong> Kuldiga im Jekaba Seta Hotel*** oder \u00e4hnlich.<\/p>\n<h2>6.Tag &#8211; Schneeschuhtour im Kemeri Nationalpark<\/h2>\n<p>Am Morgen erkunden Sie den Kemeri-Nationalpark bei einer gef\u00fchrten Schneeschuhwanderung. Die Stadt Kemeri war einst eines der beliebtesten Resorts der gesamten Sowjetunion und hat bis heute ihren Charme bewahrt. Kemeri ist bekannt f\u00fcr seine Schwefelwasserquellen und gro\u00dfen Moorgebiete. Nach der Tour geht es weiter nach Jurmala. Die bekannteste lettische Kurstadt Jurmala erstreckt sich 30 km entlang der K\u00fcste. G\u00f6nnen Sie sich eine Auszeit am Sandstrand von Jurmala und genie\u00dfen Sie einen ruhigen Spaziergang entlang der Kiefernw\u00e4lder und D\u00fcnen.<\/p>\n<p><strong>Inklusive Mahlzeiten:<\/strong> Fr\u00fchst\u00fcck<\/p>\n<p><strong>\u00dcbernachtung:<\/strong> Jurmala im Kurshi Hotel &amp; Spa**** oder \u00e4hnlich.<\/p>\n<p><strong>Autofahrt: <\/strong>ca 90 km<\/p>\n<h2>7.Tag &#8211; Abreise aus Riga<\/h2>\n<p>Am Abreisetag geben Sie den Mietwagen am Flughafen Riga zur\u00fcck.<\/p>\n<p><strong>Inklusive Mahlzeiten:<\/strong> Fr\u00fchst\u00fcck<\/p>\n<\/div><div class=\"fusion-clearfix\"><\/div><\/div><\/div><div class=\"fusion-layout-column fusion_builder_column fusion-builder-column-4 fusion_builder_column_1_1 1_1 fusion-one-full fusion-column-first fusion-column-last\" style=\"margin-top:0px;margin-bottom:20px;\"><div class=\"fusion-column-wrapper fusion-flex-column-wrapper-legacy\" style=\"background-position:left top;background-repeat:no-repeat;-webkit-background-size:cover;-moz-background-size:cover;-o-background-size:cover;background-size:cover;padding: 0px 0px 0px 0px;\"><div class=\"fusion-menu-anchor\" id=\"price\"><\/div><div class=\"fusion-text fusion-text-3\" style=\"transform:translate3d(0,0,0);\"><h2 class=\"fusion-responsive-typography-calculated\" style=\"--fontsize: 15; line-height: 1.5; --minfontsize: 15;\" data-fontsize=\"15\" data-lineheight=\"22.5px\">Preis<\/h2>\n<p>1280 \u20ac per Person im DZ<\/p>\n<ul>\n<li>6 \u00dcbernachtungen gem\u00e4\u00df Programm in zentral gelegenen 3-Sterne-\/4-Sterne-Hotels;<\/li>\n<li>Mietwagen (z. B. VW Polo oder \u00e4hnlich) f\u00fcr 7 Tage;<\/li>\n<li>Stadtrundg\u00e4nge in Riga und Kuldiga;<\/li>\n<li>Soft-Bob-Fahrt auf der Bobbahn in Sigulda;<\/li>\n<li>Schneeschuhwanderung im Nationalpark Kemeri;<\/li>\n<li>F\u00fchrung im Schloss Rundale.<\/li>\n<\/ul>\n<h2><\/h2>\n<\/div><div class=\"fusion-clearfix\"><\/div><\/div><\/div><\/div><\/div>\n","protected":false},"excerpt":{"rendered":"<p>Diese Reise f\u00fchrt Sie zu den sch\u00f6nsten Sehensw\u00fcrdigkeiten Lettlands. Der Winter ist eine gute Zeit, Lettland zu besuchen, da das Land meist von sauberem, wei\u00dfem Schnee bedeckt ist und die sonst \u00fcberf\u00fcllten Orte relativ menschenleer sind. So k\u00f6nnen Sie in aller Ruhe Kultur und Landschaft genie\u00dfen.<\/p>\n","protected":false},"featured_media":23350,"comment_status":"open","ping_status":"closed","template":"","meta":[],"product_cat":[473,460,468,470],"product_tag":[],"class_list":["post-23316","product","type-product","status-publish","has-post-thumbnail","hentry","product_cat-letland","product_cat-reisen","product_cat-wandern","product_cat-winter"],"yoast_head":"<!-- This site is optimized with the Yoast SEO plugin v21.8 - https:\/\/yoast.com\/wordpress\/plugins\/seo\/ -->\n<title>Wintererlebnis in Lettland 7 Tage Selbstfahrerreise - ActivEst<\/title>\n<meta name=\"robots\" content=\"index, follow, max-snippet:-1, max-image-preview:large, max-video-preview:-1\" \/>\n<link rel=\"canonical\" href=\"https:\/\/activest.ee\/en\/toode\/wintererlebnis-in-lettland-7-tage-selbstfahrerreise\/\" \/>\n<meta property=\"og:locale\" content=\"en_US\" \/>\n<meta property=\"og:type\" content=\"article\" \/>\n<meta property=\"og:title\" content=\"Wintererlebnis in Lettland 7 Tage Selbstfahrerreise - ActivEst\" \/>\n<meta property=\"og:description\" content=\"Diese Reise f\u00fchrt Sie zu den sch\u00f6nsten Sehensw\u00fcrdigkeiten Lettlands. Der Winter ist eine gute Zeit, Lettland zu besuchen, da das Land meist von sauberem, wei\u00dfem Schnee bedeckt ist und die sonst \u00fcberf\u00fcllten Orte relativ menschenleer sind. So k\u00f6nnen Sie in aller Ruhe Kultur und Landschaft genie\u00dfen.\" \/>\n<meta property=\"og:url\" content=\"https:\/\/activest.ee\/en\/toode\/wintererlebnis-in-lettland-7-tage-selbstfahrerreise\/\" \/>\n<meta property=\"og:site_name\" content=\"ActivEst\" \/>\n<meta property=\"article:modified_time\" content=\"2024-11-26T09:09:01+00:00\" \/>\n<meta property=\"og:image\" content=\"https:\/\/activest.ee\/wp-content\/uploads\/2024\/11\/52679895016_68354b2318_c.jpg\" \/>\n\t<meta property=\"og:image:width\" content=\"800\" \/>\n\t<meta property=\"og:image:height\" content=\"599\" \/>\n\t<meta property=\"og:image:type\" content=\"image\/jpeg\" \/>\n<meta name=\"twitter:card\" content=\"summary_large_image\" \/>\n<meta name=\"twitter:label1\" content=\"Est. reading time\" \/>\n\t<meta name=\"twitter:data1\" content=\"6 minutes\" \/>\n<script type=\"application\/ld+json\" class=\"yoast-schema-graph\">{\"@context\":\"https:\/\/schema.org\",\"@graph\":[{\"@type\":\"WebPage\",\"@id\":\"https:\/\/activest.ee\/en\/toode\/wintererlebnis-in-lettland-7-tage-selbstfahrerreise\/\",\"url\":\"https:\/\/activest.ee\/en\/toode\/wintererlebnis-in-lettland-7-tage-selbstfahrerreise\/\",\"name\":\"Wintererlebnis in Lettland 7 Tage Selbstfahrerreise - ActivEst\",\"isPartOf\":{\"@id\":\"https:\/\/activest.ee\/#website\"},\"datePublished\":\"2024-11-25T12:49:14+00:00\",\"dateModified\":\"2024-11-26T09:09:01+00:00\",\"breadcrumb\":{\"@id\":\"https:\/\/activest.ee\/en\/toode\/wintererlebnis-in-lettland-7-tage-selbstfahrerreise\/#breadcrumb\"},\"inLanguage\":\"en-US\",\"potentialAction\":[{\"@type\":\"ReadAction\",\"target\":[\"https:\/\/activest.ee\/en\/toode\/wintererlebnis-in-lettland-7-tage-selbstfahrerreise\/\"]}]},{\"@type\":\"BreadcrumbList\",\"@id\":\"https:\/\/activest.ee\/en\/toode\/wintererlebnis-in-lettland-7-tage-selbstfahrerreise\/#breadcrumb\",\"itemListElement\":[{\"@type\":\"ListItem\",\"position\":1,\"name\":\"Home\",\"item\":\"https:\/\/www.activest.ee\/en\/\"},{\"@type\":\"ListItem\",\"position\":2,\"name\":\"Shop\",\"item\":\"https:\/\/www.activest.ee\/en\/shop-2\/\"},{\"@type\":\"ListItem\",\"position\":3,\"name\":\"Wintererlebnis in Lettland 7 Tage Selbstfahrerreise\"}]},{\"@type\":\"WebSite\",\"@id\":\"https:\/\/activest.ee\/#website\",\"url\":\"https:\/\/activest.ee\/\",\"name\":\"ActivEst\",\"description\":\"Reisen, Familienreisen, Naturreisen, Abenteurreisen\",\"potentialAction\":[{\"@type\":\"SearchAction\",\"target\":{\"@type\":\"EntryPoint\",\"urlTemplate\":\"https:\/\/activest.ee\/?s={search_term_string}\"},\"query-input\":\"required name=search_term_string\"}],\"inLanguage\":\"en-US\"}]}<\/script>\n<!-- \/ Yoast SEO plugin. -->","yoast_head_json":{"title":"Wintererlebnis in Lettland 7 Tage Selbstfahrerreise - ActivEst","robots":{"index":"index","follow":"follow","max-snippet":"max-snippet:-1","max-image-preview":"max-image-preview:large","max-video-preview":"max-video-preview:-1"},"canonical":"https:\/\/activest.ee\/en\/toode\/wintererlebnis-in-lettland-7-tage-selbstfahrerreise\/","og_locale":"en_US","og_type":"article","og_title":"Wintererlebnis in Lettland 7 Tage Selbstfahrerreise - ActivEst","og_description":"Diese Reise f\u00fchrt Sie zu den sch\u00f6nsten Sehensw\u00fcrdigkeiten Lettlands. Der Winter ist eine gute Zeit, Lettland zu besuchen, da das Land meist von sauberem, wei\u00dfem Schnee bedeckt ist und die sonst \u00fcberf\u00fcllten Orte relativ menschenleer sind. So k\u00f6nnen Sie in aller Ruhe Kultur und Landschaft genie\u00dfen.","og_url":"https:\/\/activest.ee\/en\/toode\/wintererlebnis-in-lettland-7-tage-selbstfahrerreise\/","og_site_name":"ActivEst","article_modified_time":"2024-11-26T09:09:01+00:00","og_image":[{"width":800,"height":599,"url":"https:\/\/activest.ee\/wp-content\/uploads\/2024\/11\/52679895016_68354b2318_c.jpg","type":"image\/jpeg"}],"twitter_card":"summary_large_image","twitter_misc":{"Est. reading time":"6 minutes"},"schema":{"@context":"https:\/\/schema.org","@graph":[{"@type":"WebPage","@id":"https:\/\/activest.ee\/en\/toode\/wintererlebnis-in-lettland-7-tage-selbstfahrerreise\/","url":"https:\/\/activest.ee\/en\/toode\/wintererlebnis-in-lettland-7-tage-selbstfahrerreise\/","name":"Wintererlebnis in Lettland 7 Tage Selbstfahrerreise - ActivEst","isPartOf":{"@id":"https:\/\/activest.ee\/#website"},"datePublished":"2024-11-25T12:49:14+00:00","dateModified":"2024-11-26T09:09:01+00:00","breadcrumb":{"@id":"https:\/\/activest.ee\/en\/toode\/wintererlebnis-in-lettland-7-tage-selbstfahrerreise\/#breadcrumb"},"inLanguage":"en-US","potentialAction":[{"@type":"ReadAction","target":["https:\/\/activest.ee\/en\/toode\/wintererlebnis-in-lettland-7-tage-selbstfahrerreise\/"]}]},{"@type":"BreadcrumbList","@id":"https:\/\/activest.ee\/en\/toode\/wintererlebnis-in-lettland-7-tage-selbstfahrerreise\/#breadcrumb","itemListElement":[{"@type":"ListItem","position":1,"name":"Home","item":"https:\/\/www.activest.ee\/en\/"},{"@type":"ListItem","position":2,"name":"Shop","item":"https:\/\/www.activest.ee\/en\/shop-2\/"},{"@type":"ListItem","position":3,"name":"Wintererlebnis in Lettland 7 Tage Selbstfahrerreise"}]},{"@type":"WebSite","@id":"https:\/\/activest.ee\/#website","url":"https:\/\/activest.ee\/","name":"ActivEst","description":"Reisen, Familienreisen, Naturreisen, Abenteurreisen","potentialAction":[{"@type":"SearchAction","target":{"@type":"EntryPoint","urlTemplate":"https:\/\/activest.ee\/?s={search_term_string}"},"query-input":"required name=search_term_string"}],"inLanguage":"en-US"}]}},"_links":{"self":[{"href":"https:\/\/activest.ee\/en\/wp-json\/wp\/v2\/product\/23316","targetHints":{"allow":["GET"]}}],"collection":[{"href":"https:\/\/activest.ee\/en\/wp-json\/wp\/v2\/product"}],"about":[{"href":"https:\/\/activest.ee\/en\/wp-json\/wp\/v2\/types\/product"}],"replies":[{"embeddable":true,"href":"https:\/\/activest.ee\/en\/wp-json\/wp\/v2\/comments?post=23316"}],"wp:featuredmedia":[{"embeddable":true,"href":"https:\/\/activest.ee\/en\/wp-json\/wp\/v2\/media\/23350"}],"wp:attachment":[{"href":"https:\/\/activest.ee\/en\/wp-json\/wp\/v2\/media?parent=23316"}],"wp:term":[{"taxonomy":"product_cat","embeddable":true,"href":"https:\/\/activest.ee\/en\/wp-json\/wp\/v2\/product_cat?post=23316"},{"taxonomy":"product_tag","embeddable":true,"href":"https:\/\/activest.ee\/en\/wp-json\/wp\/v2\/product_tag?post=23316"}],"curies":[{"name":"wp","href":"https:\/\/api.w.org\/{rel}","templated":true}]}}