{"id":23194,"date":"2023-10-31T14:32:31","date_gmt":"2023-10-31T12:32:31","guid":{"rendered":"https:\/\/activest.ee\/?post_type=product&#038;p=23194"},"modified":"2023-10-31T15:16:34","modified_gmt":"2023-10-31T13:16:34","slug":"estnische-highlights-12-taegige-mietwagenrundreise-durch-estland","status":"publish","type":"product","link":"https:\/\/activest.ee\/en\/toode\/estnische-highlights-12-taegige-mietwagenrundreise-durch-estland\/","title":{"rendered":"ESTNISCHE HIGHLIGHTS &#8211; 12-T\u00c4GIGE MIETWAGENRUNDREISE DURCH ESTLAND"},"content":{"rendered":"<div class=\"fusion-fullwidth fullwidth-box fusion-builder-row-1 nonhundred-percent-fullwidth non-hundred-percent-height-scrolling\" style=\"background-color: rgba(255,255,255,0);background-position: center center;background-repeat: no-repeat;padding-top:0px;padding-right:0px;padding-bottom:0px;padding-left:0px;margin-bottom: 0px;margin-top: 0px;border-width: 0px 0px 0px 0px;border-color:#eae9e9;border-style:solid;\" ><div class=\"fusion-builder-row fusion-row\"><div class=\"fusion-layout-column fusion_builder_column fusion-builder-column-0 fusion_builder_column_1_1 1_1 fusion-one-full fusion-column-first fusion-column-last\" style=\"margin-top:0px;margin-bottom:20px;\"><div class=\"fusion-column-wrapper fusion-flex-column-wrapper-legacy\" style=\"background-position:left top;background-repeat:no-repeat;-webkit-background-size:cover;-moz-background-size:cover;-o-background-size:cover;background-size:cover;padding: 0px 0px 0px 0px;\"><div class=\"fusion-button-wrapper\"><style type=\"text\/css\">.fusion-button.button-1 {border-radius:2px;}<\/style><a class=\"fusion-button button-flat fusion-button-default-size button-default button-1 fusion-button-default-span fusion-button-default-type\" target=\"_self\" href=\"#description\"><span class=\"fusion-button-text\">Reisebeschreibung<\/span><\/a><\/div><div class=\"fusion-button-wrapper\"><style type=\"text\/css\">.fusion-button.button-2 {border-radius:2px;}<\/style><a class=\"fusion-button button-flat fusion-button-default-size button-default button-2 fusion-button-default-span fusion-button-default-type\" target=\"_self\" href=\"#detailed\"><span class=\"fusion-button-text\">Detailbeschreibung<\/span><\/a><\/div><div class=\"fusion-button-wrapper\"><style type=\"text\/css\">.fusion-button.button-3 {border-radius:2px;}<\/style><a class=\"fusion-button button-flat fusion-button-default-size button-default button-3 fusion-button-default-span fusion-button-default-type\" target=\"_self\" href=\"#price\"><span class=\"fusion-button-text\">Termine und Preis<\/span><\/a><\/div><div class=\"fusion-clearfix\"><\/div><\/div><\/div><div class=\"fusion-layout-column fusion_builder_column fusion-builder-column-1 fusion_builder_column_1_1 1_1 fusion-one-full fusion-column-first fusion-column-last\" style=\"margin-top:0px;margin-bottom:20px;\"><div class=\"fusion-column-wrapper fusion-flex-column-wrapper-legacy\" style=\"background-position:left top;background-repeat:no-repeat;-webkit-background-size:cover;-moz-background-size:cover;-o-background-size:cover;background-size:cover;padding: 0px 0px 0px 0px;\"><div class=\"fusion-clearfix\"><\/div><\/div><\/div><div class=\"fusion-layout-column fusion_builder_column fusion-builder-column-2 fusion_builder_column_1_1 1_1 fusion-one-full fusion-column-first fusion-column-last\" style=\"margin-top:0px;margin-bottom:20px;\"><div class=\"fusion-column-wrapper fusion-flex-column-wrapper-legacy\" style=\"background-position:left top;background-repeat:no-repeat;-webkit-background-size:cover;-moz-background-size:cover;-o-background-size:cover;background-size:cover;padding: 0px 0px 0px 0px;\"><div class=\"fusion-menu-anchor\" id=\"description\"><\/div><div class=\"fusion-text fusion-text-1\" style=\"transform:translate3d(0,0,0);\"><\/div><div class=\"fusion-clearfix\"><\/div><\/div><\/div><div class=\"fusion-layout-column fusion_builder_column fusion-builder-column-3 fusion_builder_column_1_1 1_1 fusion-one-full fusion-column-first fusion-column-last\" style=\"margin-top:0px;margin-bottom:20px;\"><div class=\"fusion-column-wrapper fusion-flex-column-wrapper-legacy\" style=\"background-position:left top;background-repeat:no-repeat;-webkit-background-size:cover;-moz-background-size:cover;-o-background-size:cover;background-size:cover;padding: 0px 0px 0px 0px;\"><div class=\"fusion-menu-anchor\" id=\"detailed\"><\/div><div class=\"fusion-text fusion-text-2\" style=\"transform:translate3d(0,0,0);\"><h2>1.Tag Anreise<\/h2>\n<p>Flug nach Tallinn und individueller Transfer zum Hotel in Tallinn.<\/p>\n<p>Nacht im Hotel in Tallinn<\/p>\n<h2>2.Tag Tallinn<\/h2>\n<p>Die Hauptstadt von Estland pr\u00e4sentiert sich mit historischen Bauten und hohen Stadtmauern.<\/p>\n<p>Nacht in Tallinn.<\/p>\n<h2>3.Tag Lahemaa Nationalpark<\/h2>\n<p>Nach \u00dcbernahme Ihres Mietwagens verlassen Sie Tallinn. Die Fahrt zum Fischerd\u00f6rfchen Altja wird zum entspannenden Vergn\u00fcgen.<\/p>\n<p>Autofahrt von Tallinn nach Lahemaa und zur\u00fcck (je ca. 100km bzw. 1 Stunde Fahrt)<\/p>\n<p>2\u00a0 \u00dcbernachtungen in Lahemaa NP<\/p>\n<h2>4.Tag Lahemaa Nationalpark<\/h2>\n<p>Im K\u00fcstendorf V\u00f5su l\u00e4dt ein Traumstrand mit wei\u00dfem, feinen Sand und warmem Wasser zum Baden ein.<\/p>\n<h2>5.Tag Soomaa Nationalpark<\/h2>\n<p>Heute geht es \u00fcber Viljandi Richtung\u00a0 in die Soomaa NP.<\/p>\n<p>P\u00e4rnu hat ein elegantes Seebad und ist ideal f\u00fcr Strand- und Wellness-Fans.<\/p>\n<p>Autofahrt ca. 200 km<\/p>\n<p>2 \u00dcbernachtung im Soomaa NP oder P\u00e4rnu<\/p>\n<h2>6.Tag Moorwanderung im Soomaa NP<\/h2>\n<p>Optional: Zeit f\u00fcr eine gro\u00dfartige Moorwanderung! Wer mehr \u00fcber die Pflanzen- und Tierwelt erfahren m\u00f6chte, hat Wanderungen mit einem Guide (Buchung im Voraus:\u00a0 95 eur per Person).<\/p>\n<h2>7.Tag Zeit zum Flanieren<\/h2>\n<p>Die Altstadt von P\u00e4rnu sowie die Kurviertel laden mit ihren anmutigen H\u00e4usern zum Spazieren ein,\u00a0 viele Cafes locken mit lokalen K\u00f6stlichkeiten.<\/p>\n<h2>8.Tag Insel Muhumaa<\/h2>\n<p>Sie verlassen P\u00e4rnu, um in Virtsu mit der F\u00e4hre auf die kleine Insel Muhu zu \u00fcbersetzen. Hier ticken die Uhren sp\u00fcrbar langsamer. Muhu Insel lohnt sich &#8211; das Fischerdorf Koguva und die Katharinen Kirche. Weiterfahrt in das Gutshaus Loona.<\/p>\n<p>2 \u00dcbernachtungen im Loona Herrenhaus.<\/p>\n<p>Autofahrt 350 km, F\u00e4hrfahrt 15 min.<\/p>\n<h2>9.Tag Insel Leben<\/h2>\n<p>Saaremaa: Kuressaare Bischofschloss, Windm\u00fchlen von Angla und Meteoritenkrater in Kaali. Beschaulichkeit und Naturverbundenheit sind bis heute die wesentlichen Merkmale der Inselbewohner.<\/p>\n<h2>10.Tag Haapsalu<\/h2>\n<p>Zur\u00fcck auf das Festland. Kurstadt Haapsalu: Kinderliterturzentrum von Ilon Wikland, Promenade, Bischofschloss.<\/p>\n<p>2 \u00dcbernachtungen\u00a0 im Gasthaus in Haapsalu oder Matsalu NP<\/p>\n<p>Autofahrt 120km.<\/p>\n<h2>11.Tag Matsalu Nationalpark<\/h2>\n<p>Fischerd\u00f6rfer Kideva und Puise, Wanderwege und Besucherzentrum in Matsalu NP.<\/p>\n<h2>12.Tag Abfahrt<\/h2>\n<p>Fahrt zum Flughafen und R\u00fcckflug<\/p>\n<\/div><div class=\"fusion-clearfix\"><\/div><\/div><\/div><div class=\"fusion-layout-column fusion_builder_column fusion-builder-column-4 fusion_builder_column_1_1 1_1 fusion-one-full fusion-column-first fusion-column-last\" style=\"margin-top:0px;margin-bottom:20px;\"><div class=\"fusion-column-wrapper fusion-flex-column-wrapper-legacy\" style=\"background-position:left top;background-repeat:no-repeat;-webkit-background-size:cover;-moz-background-size:cover;-o-background-size:cover;background-size:cover;padding: 0px 0px 0px 0px;\"><div class=\"fusion-menu-anchor\" id=\"price\"><\/div><div class=\"fusion-text fusion-text-3\" style=\"transform:translate3d(0,0,0);\"><h2>Saison<\/h2>\n<p>April bis Oktober<\/p>\n<h2>Preis<\/h2>\n<p>1590\u20ac pro Person bei Belegung in Doppelzimmern.<\/p>\n<h2><strong>Leistungen:<\/strong><\/h2>\n<ul>\n<li>10 Tage Mietwagen Kat. K (ab 3 Pers. Kat. C) inkl. unlimitierter km, Versicherung,<\/li>\n<li>\u00dcbernahmegeb\u00fchr und Taxen<\/li>\n<li>\u00a02 \u00dcbernachtungen im 4*Hotel, inkl. Fr\u00fchst\u00fcck, 5 \u00dcbernachtungen im G\u00e4stehaus, 4 \u00dcbernachtungen im Herrenhaus<br \/>\noder Privathotel jeweils inklusive Fr\u00fchst\u00fcck<\/li>\n<li>Stadtbesichtigung in Tallinn<\/li>\n<li>Briefing und Einf\u00fchrung zum Reise App<\/li>\n<\/ul>\n<\/div><div class=\"fusion-clearfix\"><\/div><\/div><\/div><\/div><\/div>\n","protected":false},"excerpt":{"rendered":"<h2>Highlights:<\/h2>\n<ul>\n<li>Hauptstadt Tallinn<\/li>\n<li>Lahemaa-Nationalpark<\/li>\n<li>Estnische Inselwelt<\/li>\n<li>Unterk\u00fcnfte mit pers\u00f6nlichem Flair<\/li>\n<li>kurze Strecken<\/li>\n<li>faszinierende Naturerlebnisse<\/li>\n<\/ul>\n","protected":false},"featured_media":23210,"comment_status":"open","ping_status":"closed","template":"","meta":[],"product_cat":[472,460,453],"product_tag":[],"class_list":["post-23194","product","type-product","status-publish","has-post-thumbnail","hentry","product_cat-estland","product_cat-reisen","product_cat-smart-guided-individual-reisen"],"yoast_head":"<!-- This site is optimized with the Yoast SEO plugin v21.8 - https:\/\/yoast.com\/wordpress\/plugins\/seo\/ -->\n<title>ESTNISCHE HIGHLIGHTS - 12-T\u00c4GIGE MIETWAGENRUNDREISE DURCH ESTLAND - ActivEst<\/title>\n<meta name=\"robots\" content=\"index, follow, max-snippet:-1, max-image-preview:large, max-video-preview:-1\" \/>\n<link rel=\"canonical\" href=\"https:\/\/www.activest.ee\/toode\/estnische-highlights-12-taegige-mietwagenrundreise-durch-estland\/\" \/>\n<meta property=\"og:locale\" content=\"en_US\" \/>\n<meta property=\"og:type\" content=\"article\" \/>\n<meta property=\"og:title\" content=\"ESTNISCHE HIGHLIGHTS - 12-T\u00c4GIGE MIETWAGENRUNDREISE DURCH ESTLAND - ActivEst\" \/>\n<meta property=\"og:description\" content=\"Highlights:   Hauptstadt Tallinn  Lahemaa-Nationalpark  Estnische Inselwelt  Unterk\u00fcnfte mit pers\u00f6nlichem Flair  kurze Strecken  faszinierende Naturerlebnisse\" \/>\n<meta property=\"og:url\" content=\"https:\/\/www.activest.ee\/toode\/estnische-highlights-12-taegige-mietwagenrundreise-durch-estland\/\" \/>\n<meta property=\"og:site_name\" content=\"ActivEst\" \/>\n<meta property=\"article:modified_time\" content=\"2023-10-31T13:16:34+00:00\" \/>\n<meta property=\"og:image\" content=\"https:\/\/www.activest.ee\/wp-content\/uploads\/2023\/10\/UTF-8jarv.jpg\" \/>\n\t<meta property=\"og:image:width\" content=\"1080\" \/>\n\t<meta property=\"og:image:height\" content=\"1440\" \/>\n\t<meta property=\"og:image:type\" content=\"image\/jpeg\" \/>\n<meta name=\"twitter:card\" content=\"summary_large_image\" \/>\n<meta name=\"twitter:label1\" content=\"Est. reading time\" \/>\n\t<meta name=\"twitter:data1\" content=\"5 minutes\" \/>\n<script type=\"application\/ld+json\" class=\"yoast-schema-graph\">{\"@context\":\"https:\/\/schema.org\",\"@graph\":[{\"@type\":\"WebPage\",\"@id\":\"https:\/\/www.activest.ee\/toode\/estnische-highlights-12-taegige-mietwagenrundreise-durch-estland\/\",\"url\":\"https:\/\/www.activest.ee\/toode\/estnische-highlights-12-taegige-mietwagenrundreise-durch-estland\/\",\"name\":\"ESTNISCHE HIGHLIGHTS - 12-T\u00c4GIGE MIETWAGENRUNDREISE DURCH ESTLAND - ActivEst\",\"isPartOf\":{\"@id\":\"https:\/\/www.activest.ee\/#website\"},\"datePublished\":\"2023-10-31T12:32:31+00:00\",\"dateModified\":\"2023-10-31T13:16:34+00:00\",\"breadcrumb\":{\"@id\":\"https:\/\/www.activest.ee\/toode\/estnische-highlights-12-taegige-mietwagenrundreise-durch-estland\/#breadcrumb\"},\"inLanguage\":\"en-US\",\"potentialAction\":[{\"@type\":\"ReadAction\",\"target\":[\"https:\/\/www.activest.ee\/toode\/estnische-highlights-12-taegige-mietwagenrundreise-durch-estland\/\"]}]},{\"@type\":\"BreadcrumbList\",\"@id\":\"https:\/\/www.activest.ee\/toode\/estnische-highlights-12-taegige-mietwagenrundreise-durch-estland\/#breadcrumb\",\"itemListElement\":[{\"@type\":\"ListItem\",\"position\":1,\"name\":\"Home\",\"item\":\"https:\/\/activest.ee\/en\/\"},{\"@type\":\"ListItem\",\"position\":2,\"name\":\"Shop\",\"item\":\"https:\/\/www.activest.ee\/en\/shop-2\/\"},{\"@type\":\"ListItem\",\"position\":3,\"name\":\"ESTNISCHE HIGHLIGHTS &#8211; 12-T\u00c4GIGE MIETWAGENRUNDREISE DURCH ESTLAND\"}]},{\"@type\":\"WebSite\",\"@id\":\"https:\/\/www.activest.ee\/#website\",\"url\":\"https:\/\/www.activest.ee\/\",\"name\":\"ActivEst\",\"description\":\"Reisen, Familienreisen, Naturreisen, Abenteurreisen\",\"potentialAction\":[{\"@type\":\"SearchAction\",\"target\":{\"@type\":\"EntryPoint\",\"urlTemplate\":\"https:\/\/www.activest.ee\/?s={search_term_string}\"},\"query-input\":\"required name=search_term_string\"}],\"inLanguage\":\"en-US\"}]}<\/script>\n<!-- \/ Yoast SEO plugin. -->","yoast_head_json":{"title":"ESTNISCHE HIGHLIGHTS - 12-T\u00c4GIGE MIETWAGENRUNDREISE DURCH ESTLAND - ActivEst","robots":{"index":"index","follow":"follow","max-snippet":"max-snippet:-1","max-image-preview":"max-image-preview:large","max-video-preview":"max-video-preview:-1"},"canonical":"https:\/\/www.activest.ee\/toode\/estnische-highlights-12-taegige-mietwagenrundreise-durch-estland\/","og_locale":"en_US","og_type":"article","og_title":"ESTNISCHE HIGHLIGHTS - 12-T\u00c4GIGE MIETWAGENRUNDREISE DURCH ESTLAND - ActivEst","og_description":"Highlights:   Hauptstadt Tallinn  Lahemaa-Nationalpark  Estnische Inselwelt  Unterk\u00fcnfte mit pers\u00f6nlichem Flair  kurze Strecken  faszinierende Naturerlebnisse","og_url":"https:\/\/www.activest.ee\/toode\/estnische-highlights-12-taegige-mietwagenrundreise-durch-estland\/","og_site_name":"ActivEst","article_modified_time":"2023-10-31T13:16:34+00:00","og_image":[{"width":1080,"height":1440,"url":"https:\/\/www.activest.ee\/wp-content\/uploads\/2023\/10\/UTF-8jarv.jpg","type":"image\/jpeg"}],"twitter_card":"summary_large_image","twitter_misc":{"Est. reading time":"5 minutes"},"schema":{"@context":"https:\/\/schema.org","@graph":[{"@type":"WebPage","@id":"https:\/\/www.activest.ee\/toode\/estnische-highlights-12-taegige-mietwagenrundreise-durch-estland\/","url":"https:\/\/www.activest.ee\/toode\/estnische-highlights-12-taegige-mietwagenrundreise-durch-estland\/","name":"ESTNISCHE HIGHLIGHTS - 12-T\u00c4GIGE MIETWAGENRUNDREISE DURCH ESTLAND - ActivEst","isPartOf":{"@id":"https:\/\/www.activest.ee\/#website"},"datePublished":"2023-10-31T12:32:31+00:00","dateModified":"2023-10-31T13:16:34+00:00","breadcrumb":{"@id":"https:\/\/www.activest.ee\/toode\/estnische-highlights-12-taegige-mietwagenrundreise-durch-estland\/#breadcrumb"},"inLanguage":"en-US","potentialAction":[{"@type":"ReadAction","target":["https:\/\/www.activest.ee\/toode\/estnische-highlights-12-taegige-mietwagenrundreise-durch-estland\/"]}]},{"@type":"BreadcrumbList","@id":"https:\/\/www.activest.ee\/toode\/estnische-highlights-12-taegige-mietwagenrundreise-durch-estland\/#breadcrumb","itemListElement":[{"@type":"ListItem","position":1,"name":"Home","item":"https:\/\/activest.ee\/en\/"},{"@type":"ListItem","position":2,"name":"Shop","item":"https:\/\/www.activest.ee\/en\/shop-2\/"},{"@type":"ListItem","position":3,"name":"ESTNISCHE HIGHLIGHTS &#8211; 12-T\u00c4GIGE MIETWAGENRUNDREISE DURCH ESTLAND"}]},{"@type":"WebSite","@id":"https:\/\/www.activest.ee\/#website","url":"https:\/\/www.activest.ee\/","name":"ActivEst","description":"Reisen, Familienreisen, Naturreisen, Abenteurreisen","potentialAction":[{"@type":"SearchAction","target":{"@type":"EntryPoint","urlTemplate":"https:\/\/www.activest.ee\/?s={search_term_string}"},"query-input":"required name=search_term_string"}],"inLanguage":"en-US"}]}},"_links":{"self":[{"href":"https:\/\/activest.ee\/en\/wp-json\/wp\/v2\/product\/23194","targetHints":{"allow":["GET"]}}],"collection":[{"href":"https:\/\/activest.ee\/en\/wp-json\/wp\/v2\/product"}],"about":[{"href":"https:\/\/activest.ee\/en\/wp-json\/wp\/v2\/types\/product"}],"replies":[{"embeddable":true,"href":"https:\/\/activest.ee\/en\/wp-json\/wp\/v2\/comments?post=23194"}],"wp:featuredmedia":[{"embeddable":true,"href":"https:\/\/activest.ee\/en\/wp-json\/wp\/v2\/media\/23210"}],"wp:attachment":[{"href":"https:\/\/activest.ee\/en\/wp-json\/wp\/v2\/media?parent=23194"}],"wp:term":[{"taxonomy":"product_cat","embeddable":true,"href":"https:\/\/activest.ee\/en\/wp-json\/wp\/v2\/product_cat?post=23194"},{"taxonomy":"product_tag","embeddable":true,"href":"https:\/\/activest.ee\/en\/wp-json\/wp\/v2\/product_tag?post=23194"}],"curies":[{"name":"wp","href":"https:\/\/api.w.org\/{rel}","templated":true}]}}