{"id":23175,"date":"2023-09-28T13:40:21","date_gmt":"2023-09-28T10:40:21","guid":{"rendered":"https:\/\/activest.ee\/?post_type=product&#038;p=23175"},"modified":"2025-01-14T12:10:04","modified_gmt":"2025-01-14T10:10:04","slug":"schnee-und-sauna-winterabenteuer-in-estland-5-tage","status":"publish","type":"product","link":"https:\/\/activest.ee\/en\/toode\/schnee-und-sauna-winterabenteuer-in-estland-5-tage\/","title":{"rendered":"Winter Spirit &#8211; Winterabenteuer in Estland 6 Tage"},"content":{"rendered":"<div class=\"fusion-fullwidth fullwidth-box fusion-builder-row-1 nonhundred-percent-fullwidth non-hundred-percent-height-scrolling\" style=\"background-color: rgba(255,255,255,0);background-position: center center;background-repeat: no-repeat;padding-top:0px;padding-right:0px;padding-bottom:0px;padding-left:0px;margin-bottom: 0px;margin-top: 0px;border-width: 0px 0px 0px 0px;border-color:#eae9e9;border-style:solid;\" ><div class=\"fusion-builder-row fusion-row\"><div class=\"fusion-layout-column fusion_builder_column fusion-builder-column-0 fusion_builder_column_1_1 1_1 fusion-one-full fusion-column-first fusion-column-last\" style=\"margin-top:0px;margin-bottom:20px;\"><div class=\"fusion-column-wrapper fusion-flex-column-wrapper-legacy\" style=\"background-position:left top;background-repeat:no-repeat;-webkit-background-size:cover;-moz-background-size:cover;-o-background-size:cover;background-size:cover;padding: 0px 0px 0px 0px;\"><div class=\"fusion-button-wrapper\"><style type=\"text\/css\">.fusion-button.button-1 {border-radius:2px;}<\/style><a class=\"fusion-button button-flat fusion-button-default-size button-default button-1 fusion-button-default-span fusion-button-default-type\" target=\"_self\" href=\"#description\"><span class=\"fusion-button-text\">Reisebeschreibung<\/span><\/a><\/div><div class=\"fusion-button-wrapper\"><style type=\"text\/css\">.fusion-button.button-2 {border-radius:2px;}<\/style><a class=\"fusion-button button-flat fusion-button-default-size button-default button-2 fusion-button-default-span fusion-button-default-type\" target=\"_self\" href=\"#detailed\"><span class=\"fusion-button-text\">Detailbeschreibung<\/span><\/a><\/div><div class=\"fusion-button-wrapper\"><style type=\"text\/css\">.fusion-button.button-3 {border-radius:2px;}<\/style><a class=\"fusion-button button-flat fusion-button-default-size button-default button-3 fusion-button-default-span fusion-button-default-type\" target=\"_self\" href=\"#price\"><span class=\"fusion-button-text\">Termine und Preis<\/span><\/a><\/div><div class=\"fusion-clearfix\"><\/div><\/div><\/div><div class=\"fusion-layout-column fusion_builder_column fusion-builder-column-1 fusion_builder_column_1_1 1_1 fusion-one-full fusion-column-first fusion-column-last\" style=\"margin-top:0px;margin-bottom:20px;\"><div class=\"fusion-column-wrapper fusion-flex-column-wrapper-legacy\" style=\"background-position:left top;background-repeat:no-repeat;-webkit-background-size:cover;-moz-background-size:cover;-o-background-size:cover;background-size:cover;padding: 0px 0px 0px 0px;\"><div class=\"fusion-clearfix\"><\/div><\/div><\/div><div class=\"fusion-layout-column fusion_builder_column fusion-builder-column-2 fusion_builder_column_1_1 1_1 fusion-one-full fusion-column-first fusion-column-last\" style=\"margin-top:0px;margin-bottom:20px;\"><div class=\"fusion-column-wrapper fusion-flex-column-wrapper-legacy\" style=\"background-position:left top;background-repeat:no-repeat;-webkit-background-size:cover;-moz-background-size:cover;-o-background-size:cover;background-size:cover;padding: 0px 0px 0px 0px;\"><div class=\"fusion-menu-anchor\" id=\"description\"><\/div><div class=\"fusion-text fusion-text-1\" style=\"transform:translate3d(0,0,0);\"><ul>\n<li>Erkunden Sie die m\u00e4rchenhafte Altstadt Tallinn und wandern Sie bei Nacht mit Laternen durch das Winterwunderland des Lahemaa-Nationalparks<\/li>\n<\/ul>\n<ul>\n<li>Erleben Sie den besten estnischen Winterspa\u00df \u2013 indem Sie mit Fatbikes und Tretschlitten durch verschneite Waldwege fahren<\/li>\n<\/ul>\n<ul>\n<li>Lassen Sie Dampf ab, w\u00e4hrend Sie zwischen Whirlpools, Eisl\u00f6chern und traditionellen Saunen entspannen \u2013 ein UNESCO-Weltkulturerbe<\/li>\n<\/ul>\n<ul>\n<li>Schlafen Sie in einem gem\u00fctlichen Herrenhaus aus dem 16. Jahrhundert, einem der charaktervollsten historischen Hotels Europas, am eisigen Ufer des Flusses Mustoja<\/li>\n<\/ul>\n<\/div><div class=\"fusion-clearfix\"><\/div><\/div><\/div><div class=\"fusion-layout-column fusion_builder_column fusion-builder-column-3 fusion_builder_column_1_1 1_1 fusion-one-full fusion-column-first fusion-column-last\" style=\"margin-top:0px;margin-bottom:20px;\"><div class=\"fusion-column-wrapper fusion-flex-column-wrapper-legacy\" style=\"background-position:left top;background-repeat:no-repeat;-webkit-background-size:cover;-moz-background-size:cover;-o-background-size:cover;background-size:cover;padding: 0px 0px 0px 0px;\"><div class=\"fusion-menu-anchor\" id=\"detailed\"><\/div><div class=\"fusion-text fusion-text-2\" style=\"transform:translate3d(0,0,0);\"><h2>1. Tag &#8211; Wilkommen in Tallinn<\/h2>\n<p>Landen Sie am Flughafen Tallinn und begeben Sie sich dann zu Ihrem zentralgelegenen Hotel. \u00a0Am Abend lernen Sie Ihre Reiseleitung und die Gruppe bei einem gemeinsamen Abendessen in der Altstadt kennen. \u00dcbernachtung im Hotel.<\/p>\n<p>Die Nacht verbringen sie in Tallinn in einem Hotel.<\/p>\n<h2>2. Tag &#8211; Tallinn im Winterkleid<\/h2>\n<div class=\"mb-5 aspect-video\">Heute erleben Sie eine F\u00fchrung durch die zum UNESCO-Weltkulturerbe geh\u00f6rende Altstadt von Tallinn. Die Estnische Hauptstadt ist zu jeder Jahreszeit ein magischer Ort, insbesondere aber der Winter verleiht ihr ein m\u00e4rchenhaftes Antlitz. W\u00e4rmen Sie sich unterwegs bei einem traditionellen Gl\u00fchwein auf und genie\u00dfen Sie die hiesige Winterstimmung. Ihre Reiseleitung nimmt Sie mit auf eine Zeitreise durch die spannende Geschichte Estlands und Tallinns und Sie erfahren viel Wissenswertes \u00fcber die Kultur und Traditionen des Landes. Der Nachmittag steht Ihnen f\u00fcr individuelle Erkundungen zur Verf\u00fcgung. Es lohnt zum Beispiel ein Spaziergang im K\u00fcnstlerviertel oder ein Besuch im eindrucksvollen Maritimmuseum.<\/div>\n<div><\/div>\n<div class=\"mb-5 aspect-video\">\u00dcbernachtung wie am Vortag.<\/div>\n<div><\/div>\n<h2><strong>3. Tag &#8211; Fatbike und\u00a0 Iglusauna<\/strong><\/h2>\n<p>Verabschieden Sie sich von den Lichtern der Stadt und machen Sie sich auf den Weg zum Lahemaa-Nationalpark, einem der gr\u00f6\u00dften und wichtigsten Waldreservate Europas. Unterwegs halten Sie im Naturschutzgebiet P\u00f5hja-K\u00f5rvemaa an und unternehmen eine aufregende Fatbike-Fahrt \u00fcber verschneite Waldwege. Die Strecken sind relativ flach und gut markiert, so dass es ein einmaliges Erlebnis wird,auch wenn Sie noch nie zuvor ein Fatbike gefahren sind. Anschlie\u00dfend genie\u00dfen Sie ein einzigartiges Iglu-Sauna-Erlebnis auf dem See \u2013 und f\u00fcr ganz Mutige ein erfrischendes Bad im Eis! Die n\u00e4chsten zwei N\u00e4chte verbringen Sie in einem gem\u00fctlichen, luxuri\u00f6sen Herrenhaus mit Spa, eingebettet zwischen frostigen Feldern und einem alten urspr\u00fcnglichen Wald. Am Abend erleben Sie dieses Winterwunderland bei einer kurzen Wanderung mit Laternen durch den kalten Forst.<\/p>\n<p>Die Nacht im Lahemaa.<\/p>\n<h2>4. Tag &#8211; <strong>Schneeschuh Wanderung<\/strong><\/h2>\n<p>Beginnen Sie den Tag mit einer optional belebenden hei\u00dfen Sauna oder einer Spa-Behandlung im Hotel, ziehen Sie dann Ihre Schneeschuhe an und begeben Sie sich tief in die Wildnis des Lahemaa-Nationalparks. Mit Schneeschuhen durch stille, schneebedeckte W\u00e4lder \u2013 Ausschau halten nach Spuren von Elchen, W\u00f6lfen und Luchsen. Machen Sie Halt an einem unber\u00fchrten, malerischen Ort und w\u00e4rmen Sie sich mit einer warmen Mahlzeit und Getr\u00e4nken auf, die am Lagerfeuer zubereitet werden. Heute Nachmittag kehren Sie nach Tallinn zur\u00fcck und machen unterwegs einen kurzen Stopp zum Besuch des beeindruckenden J\u00e4gala-Wasserfalls. Mit einer H\u00f6he von etwa acht Metern und einer Breite von mehr als 50 Metern ist dies der breiteste nat\u00fcrliche Wasserfall Estlands \u2013 und im Winter ein wahres Spektakel, wenn das Wasser teilweise gefroren und riesige eisige Stalaktiten entstehen. Zur\u00fcck in der Stadt haben Sie Zeit sich frisch zu machen, bevor Sie zu einem letzten feierlichen Abschiedsessen und einer letzten Nacht in Tallinn aufbrechen \u2013 die Einheimischen sagen, die Wodka-Verkostung sei ein Muss!<\/p>\n<p>Die Nacht im Lahemaa Nationalpark.<\/p>\n<h2>5. Tag &#8211; <strong>Kick &#8211; sledding and Rauchsauna &#8211; UNESCO Weltkulturerbe<\/strong><\/h2>\n<p>Moore und S\u00fcmpfe sind die wahren Sch\u00e4tze Estlands, da sie die \u00e4lteste organische Landschaft des Landes sind \u2013 einige davon sind bis zu 10.000 Jahre alt. Diese einzigartige Umgebung ist das ganze Jahr \u00fcber beeindruckend aber wenn man sie im Winter erkundet, ist sie unbeschreiblich sch\u00f6n. Entdecken Sie mit Hilfe Ihres erfahrenen Guides Spuren von Wildtieren im Schnee und mit etwas Gl\u00fcck treffen Sie sogar auf scheue Elche, Luchse oder F\u00fcchse.<\/p>\n<p>Heute Nachmittag erleben Sie zwei weitere beliebte estnische Winterbesch\u00e4ftigungen: Fahren Sie lautlos auf Tretschlitten durch den Schnee und erleben Sie anschlie\u00dfend das erfrischende, zum UNESCO-Weltkulturerbe geh\u00f6rende, Erlebnis der Rauchsauna, bei der Sie sich mit Honig einreiben und Ihre Haut mit Birkenzweigen \u201epeitschen\u201c. Kr\u00f6nen Sie dieses authentische Wellness-Erlebnis mit einem entspannenden Sprung in den Whirlpool. Zur\u00fcck in Ihrem komfortablen Hotel genie\u00dfen Sie anschlie\u00dfend eine entspannte Nacht.<\/p>\n<p>Die Nacht verbringen sie in Tallinn in einem Hotel.<\/p>\n<h2>6.Tag &#8211; <strong>Auf Wiedersehen Estland<\/strong><\/h2>\n<p>Nach vier Tagen voller Abenteuer und Entspannung ist es Zeit, erfrischt und gest\u00e4rkt die Heimreise anzutreten.\u00a0 Es ist Zeit, N\u00e4gemiseni (bis bald!) zu sagen und sich auf den Weg zum Flughafen zu machen.<\/p>\n<\/div><div class=\"fusion-clearfix\"><\/div><\/div><\/div><div class=\"fusion-layout-column fusion_builder_column fusion-builder-column-4 fusion_builder_column_1_1 1_1 fusion-one-full fusion-column-first fusion-column-last\" style=\"margin-top:0px;margin-bottom:20px;\"><div class=\"fusion-column-wrapper fusion-flex-column-wrapper-legacy\" style=\"background-position:left top;background-repeat:no-repeat;-webkit-background-size:cover;-moz-background-size:cover;-o-background-size:cover;background-size:cover;padding: 0px 0px 0px 0px;\"><div class=\"fusion-menu-anchor\" id=\"price\"><\/div><div class=\"fusion-text fusion-text-3\" style=\"transform:translate3d(0,0,0);\"><h2 class=\"fusion-responsive-typography-calculated\" style=\"--fontsize: 15; line-height: 1.5; --minfontsize: 15;\" data-fontsize=\"15\" data-lineheight=\"22.5px\">Termin:<\/h2>\n<ul>\n<li>10.12.2025 &#8211; 15.12.2025<\/li>\n<li>30.12.2025 &#8211; 04.01.2026<\/li>\n<\/ul>\n<h2 class=\"fusion-responsive-typography-calculated\" style=\"--fontsize: 15; line-height: 1.5; --minfontsize: 15;\" data-fontsize=\"15\" data-lineheight=\"22.5px\">Preis<\/h2>\n<p>1380\u20ac per Person im DZ<\/p>\n<ul>\n<li>Erfahrener deutschsprachiger Naturguide<\/li>\n<li>Unterkunft: 2 N\u00e4chte in einem Hotel im Zentrum von Tallinn und 2 N\u00e4chte in einem luxuri\u00f6sen Herrenhaus mit Spa<\/li>\n<li>Alle Fr\u00fchst\u00fccke, 3 Mittagessen und 1 Abendessen<\/li>\n<li>Alle Transfers zwischen den Aktivit\u00e4ten<\/li>\n<li>(Transfers zum und vom Flughafen sind nicht inbegriffen)<\/li>\n<li>Komplette Ausr\u00fcstung f\u00fcr die inkludierten Winteraktivit\u00e4ten<\/li>\n<\/ul>\n<h2><strong>Kleingruppe 6-16 Personen<\/strong><\/h2>\n<\/div><div class=\"fusion-clearfix\"><\/div><\/div><\/div><\/div><\/div>\n","protected":false},"excerpt":{"rendered":"","protected":false},"featured_media":22053,"comment_status":"open","ping_status":"closed","template":"","meta":[],"product_cat":[472,466,460,468,470],"product_tag":[],"class_list":["post-23175","product","type-product","status-publish","has-post-thumbnail","hentry","product_cat-estland","product_cat-multiaktivreisen","product_cat-reisen","product_cat-wandern","product_cat-winter"],"yoast_head":"<!-- This site is optimized with the Yoast SEO plugin v21.8 - https:\/\/yoast.com\/wordpress\/plugins\/seo\/ -->\n<title>Winter Spirit - Winterabenteuer in Estland 6 Tage - ActivEst<\/title>\n<meta name=\"robots\" content=\"index, follow, max-snippet:-1, max-image-preview:large, max-video-preview:-1\" \/>\n<link rel=\"canonical\" href=\"https:\/\/www.activest.ee\/en\/toode\/schnee-und-sauna-winterabenteuer-in-estland-5-tage\/\" \/>\n<meta property=\"og:locale\" content=\"en_US\" \/>\n<meta property=\"og:type\" content=\"article\" \/>\n<meta property=\"og:title\" content=\"Winter Spirit - Winterabenteuer in Estland 6 Tage - ActivEst\" \/>\n<meta property=\"og:url\" content=\"https:\/\/www.activest.ee\/en\/toode\/schnee-und-sauna-winterabenteuer-in-estland-5-tage\/\" \/>\n<meta property=\"og:site_name\" content=\"ActivEst\" \/>\n<meta property=\"article:modified_time\" content=\"2025-01-14T10:10:04+00:00\" \/>\n<meta property=\"og:image\" content=\"https:\/\/www.activest.ee\/wp-content\/uploads\/2020\/10\/mina.png\" \/>\n\t<meta property=\"og:image:width\" content=\"447\" \/>\n\t<meta property=\"og:image:height\" content=\"656\" \/>\n\t<meta property=\"og:image:type\" content=\"image\/png\" \/>\n<meta name=\"twitter:card\" content=\"summary_large_image\" \/>\n<meta name=\"twitter:label1\" content=\"Est. reading time\" \/>\n\t<meta name=\"twitter:data1\" content=\"8 minutes\" \/>\n<script type=\"application\/ld+json\" class=\"yoast-schema-graph\">{\"@context\":\"https:\/\/schema.org\",\"@graph\":[{\"@type\":\"WebPage\",\"@id\":\"https:\/\/www.activest.ee\/en\/toode\/schnee-und-sauna-winterabenteuer-in-estland-5-tage\/\",\"url\":\"https:\/\/www.activest.ee\/en\/toode\/schnee-und-sauna-winterabenteuer-in-estland-5-tage\/\",\"name\":\"Winter Spirit - Winterabenteuer in Estland 6 Tage - ActivEst\",\"isPartOf\":{\"@id\":\"https:\/\/activest.ee\/#website\"},\"datePublished\":\"2023-09-28T10:40:21+00:00\",\"dateModified\":\"2025-01-14T10:10:04+00:00\",\"breadcrumb\":{\"@id\":\"https:\/\/www.activest.ee\/en\/toode\/schnee-und-sauna-winterabenteuer-in-estland-5-tage\/#breadcrumb\"},\"inLanguage\":\"en-US\",\"potentialAction\":[{\"@type\":\"ReadAction\",\"target\":[\"https:\/\/www.activest.ee\/en\/toode\/schnee-und-sauna-winterabenteuer-in-estland-5-tage\/\"]}]},{\"@type\":\"BreadcrumbList\",\"@id\":\"https:\/\/www.activest.ee\/en\/toode\/schnee-und-sauna-winterabenteuer-in-estland-5-tage\/#breadcrumb\",\"itemListElement\":[{\"@type\":\"ListItem\",\"position\":1,\"name\":\"Home\",\"item\":\"https:\/\/www.activest.ee\/en\/\"},{\"@type\":\"ListItem\",\"position\":2,\"name\":\"Shop\",\"item\":\"https:\/\/www.activest.ee\/en\/shop-2\/\"},{\"@type\":\"ListItem\",\"position\":3,\"name\":\"Winter Spirit &#8211; Winterabenteuer in Estland 6 Tage\"}]},{\"@type\":\"WebSite\",\"@id\":\"https:\/\/activest.ee\/#website\",\"url\":\"https:\/\/activest.ee\/\",\"name\":\"ActivEst\",\"description\":\"Reisen, Familienreisen, Naturreisen, Abenteurreisen\",\"potentialAction\":[{\"@type\":\"SearchAction\",\"target\":{\"@type\":\"EntryPoint\",\"urlTemplate\":\"https:\/\/activest.ee\/?s={search_term_string}\"},\"query-input\":\"required name=search_term_string\"}],\"inLanguage\":\"en-US\"}]}<\/script>\n<!-- \/ Yoast SEO plugin. -->","yoast_head_json":{"title":"Winter Spirit - Winterabenteuer in Estland 6 Tage - ActivEst","robots":{"index":"index","follow":"follow","max-snippet":"max-snippet:-1","max-image-preview":"max-image-preview:large","max-video-preview":"max-video-preview:-1"},"canonical":"https:\/\/www.activest.ee\/en\/toode\/schnee-und-sauna-winterabenteuer-in-estland-5-tage\/","og_locale":"en_US","og_type":"article","og_title":"Winter Spirit - Winterabenteuer in Estland 6 Tage - ActivEst","og_url":"https:\/\/www.activest.ee\/en\/toode\/schnee-und-sauna-winterabenteuer-in-estland-5-tage\/","og_site_name":"ActivEst","article_modified_time":"2025-01-14T10:10:04+00:00","og_image":[{"width":447,"height":656,"url":"https:\/\/www.activest.ee\/wp-content\/uploads\/2020\/10\/mina.png","type":"image\/png"}],"twitter_card":"summary_large_image","twitter_misc":{"Est. reading time":"8 minutes"},"schema":{"@context":"https:\/\/schema.org","@graph":[{"@type":"WebPage","@id":"https:\/\/www.activest.ee\/en\/toode\/schnee-und-sauna-winterabenteuer-in-estland-5-tage\/","url":"https:\/\/www.activest.ee\/en\/toode\/schnee-und-sauna-winterabenteuer-in-estland-5-tage\/","name":"Winter Spirit - Winterabenteuer in Estland 6 Tage - ActivEst","isPartOf":{"@id":"https:\/\/activest.ee\/#website"},"datePublished":"2023-09-28T10:40:21+00:00","dateModified":"2025-01-14T10:10:04+00:00","breadcrumb":{"@id":"https:\/\/www.activest.ee\/en\/toode\/schnee-und-sauna-winterabenteuer-in-estland-5-tage\/#breadcrumb"},"inLanguage":"en-US","potentialAction":[{"@type":"ReadAction","target":["https:\/\/www.activest.ee\/en\/toode\/schnee-und-sauna-winterabenteuer-in-estland-5-tage\/"]}]},{"@type":"BreadcrumbList","@id":"https:\/\/www.activest.ee\/en\/toode\/schnee-und-sauna-winterabenteuer-in-estland-5-tage\/#breadcrumb","itemListElement":[{"@type":"ListItem","position":1,"name":"Home","item":"https:\/\/www.activest.ee\/en\/"},{"@type":"ListItem","position":2,"name":"Shop","item":"https:\/\/www.activest.ee\/en\/shop-2\/"},{"@type":"ListItem","position":3,"name":"Winter Spirit &#8211; Winterabenteuer in Estland 6 Tage"}]},{"@type":"WebSite","@id":"https:\/\/activest.ee\/#website","url":"https:\/\/activest.ee\/","name":"ActivEst","description":"Reisen, Familienreisen, Naturreisen, Abenteurreisen","potentialAction":[{"@type":"SearchAction","target":{"@type":"EntryPoint","urlTemplate":"https:\/\/activest.ee\/?s={search_term_string}"},"query-input":"required name=search_term_string"}],"inLanguage":"en-US"}]}},"_links":{"self":[{"href":"https:\/\/activest.ee\/en\/wp-json\/wp\/v2\/product\/23175","targetHints":{"allow":["GET"]}}],"collection":[{"href":"https:\/\/activest.ee\/en\/wp-json\/wp\/v2\/product"}],"about":[{"href":"https:\/\/activest.ee\/en\/wp-json\/wp\/v2\/types\/product"}],"replies":[{"embeddable":true,"href":"https:\/\/activest.ee\/en\/wp-json\/wp\/v2\/comments?post=23175"}],"wp:featuredmedia":[{"embeddable":true,"href":"https:\/\/activest.ee\/en\/wp-json\/wp\/v2\/media\/22053"}],"wp:attachment":[{"href":"https:\/\/activest.ee\/en\/wp-json\/wp\/v2\/media?parent=23175"}],"wp:term":[{"taxonomy":"product_cat","embeddable":true,"href":"https:\/\/activest.ee\/en\/wp-json\/wp\/v2\/product_cat?post=23175"},{"taxonomy":"product_tag","embeddable":true,"href":"https:\/\/activest.ee\/en\/wp-json\/wp\/v2\/product_tag?post=23175"}],"curies":[{"name":"wp","href":"https:\/\/api.w.org\/{rel}","templated":true}]}}