{"id":22917,"date":"2021-12-01T07:10:32","date_gmt":"2021-12-01T05:10:32","guid":{"rendered":"https:\/\/activest.ee\/?post_type=product&#038;p=22917"},"modified":"2024-11-14T12:59:22","modified_gmt":"2024-11-14T10:59:22","slug":"schneeschuhwanderung-im-hochmoor-in-lahemaa-nationalpark","status":"publish","type":"product","link":"https:\/\/activest.ee\/en\/toode\/schneeschuhwanderung-im-hochmoor-in-lahemaa-nationalpark\/","title":{"rendered":"Schneeschuhwanderung im Lahemaa Nationalpark"},"content":{"rendered":"<div class=\"fusion-fullwidth fullwidth-box fusion-builder-row-1 nonhundred-percent-fullwidth non-hundred-percent-height-scrolling\" style=\"background-color: rgba(255,255,255,0);background-position: center center;background-repeat: no-repeat;padding-top:0px;padding-right:0px;padding-bottom:0px;padding-left:0px;margin-bottom: 0px;margin-top: 0px;border-width: 0px 0px 0px 0px;border-color:#eae9e9;border-style:solid;\" ><div class=\"fusion-builder-row fusion-row\"><div class=\"fusion-layout-column fusion_builder_column fusion-builder-column-0 fusion_builder_column_1_1 1_1 fusion-one-full fusion-column-first fusion-column-last\" style=\"margin-top:0px;margin-bottom:20px;\"><div class=\"fusion-column-wrapper fusion-flex-column-wrapper-legacy\" style=\"background-position:left top;background-repeat:no-repeat;-webkit-background-size:cover;-moz-background-size:cover;-o-background-size:cover;background-size:cover;padding: 0px 0px 0px 0px;\"><div class=\"fusion-button-wrapper\"><style type=\"text\/css\">.fusion-button.button-1 {border-radius:2px;}<\/style><a class=\"fusion-button button-flat fusion-button-default-size button-default button-1 fusion-button-default-span fusion-button-default-type\" target=\"_self\" href=\"#description\"><span class=\"fusion-button-text\">Beschreibung<\/span><\/a><\/div><div class=\"fusion-button-wrapper\"><style type=\"text\/css\">.fusion-button.button-2 {border-radius:2px;}<\/style><a class=\"fusion-button button-flat fusion-button-default-size button-default button-2 fusion-button-default-span fusion-button-default-type\" target=\"_self\" href=\"#price\"><span class=\"fusion-button-text\">Preise und Termine<\/span><\/a><\/div><div class=\"fusion-clearfix\"><\/div><\/div><\/div><div class=\"fusion-layout-column fusion_builder_column fusion-builder-column-1 fusion_builder_column_1_1 1_1 fusion-one-full fusion-column-first fusion-column-last\" style=\"margin-top:0px;margin-bottom:20px;\"><div class=\"fusion-column-wrapper fusion-flex-column-wrapper-legacy\" style=\"background-position:left top;background-repeat:no-repeat;-webkit-background-size:cover;-moz-background-size:cover;-o-background-size:cover;background-size:cover;padding: 0px 0px 0px 0px;\"><div class=\"fusion-menu-anchor\" id=\"description\"><\/div><div class=\"fusion-text fusion-text-1\" style=\"transform:translate3d(0,0,0);\"><p>Im Winter helfen uns Schneeschuhe, Orte zu erreichen, die sonst kaum betreten werden. Ein erfahrener Guide gibt zu Beginn eine kurze Einf\u00fchrung und f\u00fchrt uns dann in die Wildnis. Keine Ger\u00e4usche, kein Stress \u2013 nur pure Natur. Wahrscheinlich werden wir auf Spuren von Wildtieren treffen, denn im Lahemaa leben Elche, Luchse, W\u00f6lfe, Rehe, Hasen und andere Tiere. Unterwegs machen wir eine Pause und genie\u00dfen eine Tasse hei\u00dfen Tee. Neben der Schneeschuhwanderung besuchen wir auch die bekannteste Sehensw\u00fcrdigkeit des Lahemaa, das Gutshaus Palmse, und h\u00f6ren seine Geschichte.<\/p>\n<p>Inklusive Transport ab Tallinn dauert die Tour etwa 6-7 Stunden. Das Mittagessen k\u00f6nnen wir in einem Bistro in Lahemaa genie\u00dfen.<\/p>\n<\/div><div class=\"fusion-clearfix\"><\/div><\/div><\/div><div class=\"fusion-layout-column fusion_builder_column fusion-builder-column-2 fusion_builder_column_1_1 1_1 fusion-one-full fusion-column-first fusion-column-last\" style=\"margin-top:0px;margin-bottom:20px;\"><div class=\"fusion-column-wrapper fusion-flex-column-wrapper-legacy\" style=\"background-position:left top;background-repeat:no-repeat;-webkit-background-size:cover;-moz-background-size:cover;-o-background-size:cover;background-size:cover;padding: 0px 0px 0px 0px;\"><div class=\"fusion-clearfix\"><\/div><\/div><\/div><div class=\"fusion-layout-column fusion_builder_column fusion-builder-column-3 fusion_builder_column_1_1 1_1 fusion-one-full fusion-column-first fusion-column-last\" style=\"margin-top:0px;margin-bottom:20px;\"><div class=\"fusion-column-wrapper fusion-flex-column-wrapper-legacy\" style=\"background-position:left top;background-repeat:no-repeat;-webkit-background-size:cover;-moz-background-size:cover;-o-background-size:cover;background-size:cover;padding: 0px 0px 0px 0px;\"><div class=\"fusion-menu-anchor\" id=\"price\"><\/div><div class=\"fusion-text fusion-text-2\" style=\"transform:translate3d(0,0,0);\"><h4>Saison:<\/h4>\n<p>T\u00e4glich im Winter.<\/p>\n<h4><strong>Preise:<\/strong><\/h4>\n<ul>\n<li>Mit 1 Person 320\u20ac<\/li>\n<li>Mit 2-3 Personen 170\u20ac pro Person<\/li>\n<li>Mit 4-5 Personen 95\u20ac pro Person<\/li>\n<li>Ab 6 Personen 85\u20ac pro Person<\/li>\n<li>F\u00fcr Kinder und Gruppen Erm\u00e4\u00dfigungen<\/li>\n<\/ul>\n<p><strong>Leistungen<\/strong><\/p>\n<ul>\n<li>Transport von und bis Tallinn<\/li>\n<li>Wanderf\u00fchrer<\/li>\n<li>Leihgeb\u00fchr f\u00fcr Schneeschuhe<\/li>\n<\/ul>\n<\/div><div class=\"fusion-clearfix\"><\/div><\/div><\/div><\/div><\/div>\n","protected":false},"excerpt":{"rendered":"<p>Diese Tour bringt Sie zu den Natur- und Kulturjuwelen des Lahemaa-Nationalparks \u2013 wir wandern durch einen Winterm\u00e4rchenwald und \u00fcber gefrorene Moore bis zu Palmse Herrenhaus.<\/p>\n","protected":false},"featured_media":22607,"comment_status":"open","ping_status":"closed","template":"","meta":[],"product_cat":[476,472,458,460,449,468,470],"product_tag":[],"class_list":["post-22917","product","type-product","status-publish","has-post-thumbnail","hentry","product_cat-baltikum","product_cat-estland","product_cat-familienreisen","product_cat-reisen","product_cat-braun-baer-touren","product_cat-wandern","product_cat-winter"],"yoast_head":"<!-- This site is optimized with the Yoast SEO plugin v21.8 - https:\/\/yoast.com\/wordpress\/plugins\/seo\/ -->\n<title>Schneeschuhwanderung im Lahemaa Nationalpark - ActivEst<\/title>\n<meta name=\"robots\" content=\"index, follow, max-snippet:-1, max-image-preview:large, max-video-preview:-1\" \/>\n<link rel=\"canonical\" href=\"https:\/\/www.activest.ee\/toode\/schneeschuhwanderung-im-hochmoor-in-lahemaa-nationalpark\/\" \/>\n<meta property=\"og:locale\" content=\"en_US\" \/>\n<meta property=\"og:type\" content=\"article\" \/>\n<meta property=\"og:title\" content=\"Schneeschuhwanderung im Lahemaa Nationalpark - ActivEst\" \/>\n<meta property=\"og:description\" content=\"Diese Tour bringt Sie zu den Natur- und Kulturjuwelen des Lahemaa-Nationalparks \u2013 wir wandern durch einen Winterm\u00e4rchenwald und \u00fcber gefrorene Moore bis zu Palmse Herrenhaus.\" \/>\n<meta property=\"og:url\" content=\"https:\/\/www.activest.ee\/toode\/schneeschuhwanderung-im-hochmoor-in-lahemaa-nationalpark\/\" \/>\n<meta property=\"og:site_name\" content=\"ActivEst\" \/>\n<meta property=\"article:modified_time\" content=\"2024-11-14T10:59:22+00:00\" \/>\n<meta property=\"og:image\" content=\"https:\/\/www.activest.ee\/wp-content\/uploads\/2019\/11\/20210131_105231.jpg\" \/>\n\t<meta property=\"og:image:width\" content=\"1794\" \/>\n\t<meta property=\"og:image:height\" content=\"716\" \/>\n\t<meta property=\"og:image:type\" content=\"image\/jpeg\" \/>\n<meta name=\"twitter:card\" content=\"summary_large_image\" \/>\n<meta name=\"twitter:label1\" content=\"Est. reading time\" \/>\n\t<meta name=\"twitter:data1\" content=\"3 minutes\" \/>\n<script type=\"application\/ld+json\" class=\"yoast-schema-graph\">{\"@context\":\"https:\/\/schema.org\",\"@graph\":[{\"@type\":\"WebPage\",\"@id\":\"https:\/\/www.activest.ee\/toode\/schneeschuhwanderung-im-hochmoor-in-lahemaa-nationalpark\/\",\"url\":\"https:\/\/www.activest.ee\/toode\/schneeschuhwanderung-im-hochmoor-in-lahemaa-nationalpark\/\",\"name\":\"Schneeschuhwanderung im Lahemaa Nationalpark - ActivEst\",\"isPartOf\":{\"@id\":\"https:\/\/activest.ee\/#website\"},\"datePublished\":\"2021-12-01T05:10:32+00:00\",\"dateModified\":\"2024-11-14T10:59:22+00:00\",\"breadcrumb\":{\"@id\":\"https:\/\/www.activest.ee\/toode\/schneeschuhwanderung-im-hochmoor-in-lahemaa-nationalpark\/#breadcrumb\"},\"inLanguage\":\"en-US\",\"potentialAction\":[{\"@type\":\"ReadAction\",\"target\":[\"https:\/\/www.activest.ee\/toode\/schneeschuhwanderung-im-hochmoor-in-lahemaa-nationalpark\/\"]}]},{\"@type\":\"BreadcrumbList\",\"@id\":\"https:\/\/www.activest.ee\/toode\/schneeschuhwanderung-im-hochmoor-in-lahemaa-nationalpark\/#breadcrumb\",\"itemListElement\":[{\"@type\":\"ListItem\",\"position\":1,\"name\":\"Home\",\"item\":\"https:\/\/www.activest.ee\/en\/\"},{\"@type\":\"ListItem\",\"position\":2,\"name\":\"Shop\",\"item\":\"https:\/\/www.activest.ee\/en\/shop-2\/\"},{\"@type\":\"ListItem\",\"position\":3,\"name\":\"Schneeschuhwanderung im Lahemaa Nationalpark\"}]},{\"@type\":\"WebSite\",\"@id\":\"https:\/\/activest.ee\/#website\",\"url\":\"https:\/\/activest.ee\/\",\"name\":\"ActivEst\",\"description\":\"Reisen, Familienreisen, Naturreisen, Abenteurreisen\",\"potentialAction\":[{\"@type\":\"SearchAction\",\"target\":{\"@type\":\"EntryPoint\",\"urlTemplate\":\"https:\/\/activest.ee\/?s={search_term_string}\"},\"query-input\":\"required name=search_term_string\"}],\"inLanguage\":\"en-US\"}]}<\/script>\n<!-- \/ Yoast SEO plugin. -->","yoast_head_json":{"title":"Schneeschuhwanderung im Lahemaa Nationalpark - ActivEst","robots":{"index":"index","follow":"follow","max-snippet":"max-snippet:-1","max-image-preview":"max-image-preview:large","max-video-preview":"max-video-preview:-1"},"canonical":"https:\/\/www.activest.ee\/toode\/schneeschuhwanderung-im-hochmoor-in-lahemaa-nationalpark\/","og_locale":"en_US","og_type":"article","og_title":"Schneeschuhwanderung im Lahemaa Nationalpark - ActivEst","og_description":"Diese Tour bringt Sie zu den Natur- und Kulturjuwelen des Lahemaa-Nationalparks \u2013 wir wandern durch einen Winterm\u00e4rchenwald und \u00fcber gefrorene Moore bis zu Palmse Herrenhaus.","og_url":"https:\/\/www.activest.ee\/toode\/schneeschuhwanderung-im-hochmoor-in-lahemaa-nationalpark\/","og_site_name":"ActivEst","article_modified_time":"2024-11-14T10:59:22+00:00","og_image":[{"width":1794,"height":716,"url":"https:\/\/www.activest.ee\/wp-content\/uploads\/2019\/11\/20210131_105231.jpg","type":"image\/jpeg"}],"twitter_card":"summary_large_image","twitter_misc":{"Est. reading time":"3 minutes"},"schema":{"@context":"https:\/\/schema.org","@graph":[{"@type":"WebPage","@id":"https:\/\/www.activest.ee\/toode\/schneeschuhwanderung-im-hochmoor-in-lahemaa-nationalpark\/","url":"https:\/\/www.activest.ee\/toode\/schneeschuhwanderung-im-hochmoor-in-lahemaa-nationalpark\/","name":"Schneeschuhwanderung im Lahemaa Nationalpark - ActivEst","isPartOf":{"@id":"https:\/\/activest.ee\/#website"},"datePublished":"2021-12-01T05:10:32+00:00","dateModified":"2024-11-14T10:59:22+00:00","breadcrumb":{"@id":"https:\/\/www.activest.ee\/toode\/schneeschuhwanderung-im-hochmoor-in-lahemaa-nationalpark\/#breadcrumb"},"inLanguage":"en-US","potentialAction":[{"@type":"ReadAction","target":["https:\/\/www.activest.ee\/toode\/schneeschuhwanderung-im-hochmoor-in-lahemaa-nationalpark\/"]}]},{"@type":"BreadcrumbList","@id":"https:\/\/www.activest.ee\/toode\/schneeschuhwanderung-im-hochmoor-in-lahemaa-nationalpark\/#breadcrumb","itemListElement":[{"@type":"ListItem","position":1,"name":"Home","item":"https:\/\/www.activest.ee\/en\/"},{"@type":"ListItem","position":2,"name":"Shop","item":"https:\/\/www.activest.ee\/en\/shop-2\/"},{"@type":"ListItem","position":3,"name":"Schneeschuhwanderung im Lahemaa Nationalpark"}]},{"@type":"WebSite","@id":"https:\/\/activest.ee\/#website","url":"https:\/\/activest.ee\/","name":"ActivEst","description":"Reisen, Familienreisen, Naturreisen, Abenteurreisen","potentialAction":[{"@type":"SearchAction","target":{"@type":"EntryPoint","urlTemplate":"https:\/\/activest.ee\/?s={search_term_string}"},"query-input":"required name=search_term_string"}],"inLanguage":"en-US"}]}},"_links":{"self":[{"href":"https:\/\/activest.ee\/en\/wp-json\/wp\/v2\/product\/22917","targetHints":{"allow":["GET"]}}],"collection":[{"href":"https:\/\/activest.ee\/en\/wp-json\/wp\/v2\/product"}],"about":[{"href":"https:\/\/activest.ee\/en\/wp-json\/wp\/v2\/types\/product"}],"replies":[{"embeddable":true,"href":"https:\/\/activest.ee\/en\/wp-json\/wp\/v2\/comments?post=22917"}],"wp:featuredmedia":[{"embeddable":true,"href":"https:\/\/activest.ee\/en\/wp-json\/wp\/v2\/media\/22607"}],"wp:attachment":[{"href":"https:\/\/activest.ee\/en\/wp-json\/wp\/v2\/media?parent=22917"}],"wp:term":[{"taxonomy":"product_cat","embeddable":true,"href":"https:\/\/activest.ee\/en\/wp-json\/wp\/v2\/product_cat?post=22917"},{"taxonomy":"product_tag","embeddable":true,"href":"https:\/\/activest.ee\/en\/wp-json\/wp\/v2\/product_tag?post=22917"}],"curies":[{"name":"wp","href":"https:\/\/api.w.org\/{rel}","templated":true}]}}