{"id":22863,"date":"2021-10-23T14:03:29","date_gmt":"2021-10-23T11:03:29","guid":{"rendered":"https:\/\/activest.ee\/?post_type=product&#038;p=22863"},"modified":"2025-10-15T12:49:21","modified_gmt":"2025-10-15T09:49:21","slug":"naturreise-baeren-elche-vogelzug-und-ringelrobben","status":"publish","type":"product","link":"https:\/\/activest.ee\/en\/toode\/naturreise-baeren-elche-vogelzug-und-ringelrobben\/","title":{"rendered":"Naturreise B\u00e4ren, Elche, Vogelzug und Ringelrobben"},"content":{"rendered":"<div class=\"fusion-fullwidth fullwidth-box fusion-builder-row-1 nonhundred-percent-fullwidth non-hundred-percent-height-scrolling\" style=\"background-color: rgba(255,255,255,0);background-position: center center;background-repeat: no-repeat;padding-top:0px;padding-right:0px;padding-bottom:0px;padding-left:0px;margin-bottom: 0px;margin-top: 0px;border-width: 0px 0px 0px 0px;border-color:#eae9e9;border-style:solid;\" ><div class=\"fusion-builder-row fusion-row\"><div class=\"fusion-layout-column fusion_builder_column fusion-builder-column-0 fusion_builder_column_1_1 1_1 fusion-one-full fusion-column-first fusion-column-last\" style=\"margin-top:0px;margin-bottom:20px;\"><div class=\"fusion-column-wrapper fusion-flex-column-wrapper-legacy\" style=\"background-position:left top;background-repeat:no-repeat;-webkit-background-size:cover;-moz-background-size:cover;-o-background-size:cover;background-size:cover;padding: 0px 0px 0px 0px;\"><div class=\"fusion-button-wrapper\"><style type=\"text\/css\">.fusion-button.button-1 {border-radius:2px;}<\/style><a class=\"fusion-button button-flat fusion-button-default-size button-default button-1 fusion-button-default-span fusion-button-default-type\" target=\"_self\" href=\"#description\"><span class=\"fusion-button-text\">Reisebeschreibung<\/span><\/a><\/div><div class=\"fusion-button-wrapper\"><style type=\"text\/css\">.fusion-button.button-2 {border-radius:2px;}<\/style><a class=\"fusion-button button-flat fusion-button-default-size button-default button-2 fusion-button-default-span fusion-button-default-type\" target=\"_self\" href=\"#detailed\"><span class=\"fusion-button-text\">Detailbeschreibung<\/span><\/a><\/div><div class=\"fusion-button-wrapper\"><style type=\"text\/css\">.fusion-button.button-3 {border-radius:2px;}<\/style><a class=\"fusion-button button-flat fusion-button-default-size button-default button-3 fusion-button-default-span fusion-button-default-type\" target=\"_self\" href=\"#price\"><span class=\"fusion-button-text\">Termine und Preis<\/span><\/a><\/div><div class=\"fusion-clearfix\"><\/div><\/div><\/div><div class=\"fusion-layout-column fusion_builder_column fusion-builder-column-1 fusion_builder_column_1_1 1_1 fusion-one-full fusion-column-first fusion-column-last\" style=\"margin-top:0px;margin-bottom:20px;\"><div class=\"fusion-column-wrapper fusion-flex-column-wrapper-legacy\" style=\"background-position:left top;background-repeat:no-repeat;-webkit-background-size:cover;-moz-background-size:cover;-o-background-size:cover;background-size:cover;padding: 0px 0px 0px 0px;\"><div class=\"fusion-clearfix\"><\/div><\/div><\/div><div class=\"fusion-layout-column fusion_builder_column fusion-builder-column-2 fusion_builder_column_1_1 1_1 fusion-one-full fusion-column-first fusion-column-last\" style=\"margin-top:0px;margin-bottom:20px;\"><div class=\"fusion-column-wrapper fusion-flex-column-wrapper-legacy\" style=\"background-position:left top;background-repeat:no-repeat;-webkit-background-size:cover;-moz-background-size:cover;-o-background-size:cover;background-size:cover;padding: 0px 0px 0px 0px;\"><div class=\"fusion-menu-anchor\" id=\"description\"><\/div><div class=\"fusion-text fusion-text-1\" style=\"transform:translate3d(0,0,0);\"><h2><strong>H\u00f6hepunkte:<\/strong><\/h2>\n<ul>\n<li>Braunb\u00e4renbeobachtung in ihrer nat\u00fcrlichen Umgebung<\/li>\n<li>Elchtour an den Brunftpl\u00e4tzen<\/li>\n<li>Ringelrobbentour auf der Ostsee<\/li>\n<li>Vieltausendfacher Vogelzug<\/li>\n<li>Atemberaubende Regenmoore, alte W\u00e4lder und menschenleere K\u00fcsten<\/li>\n<li>Moorwanderung auf Hochmoor<\/li>\n<li>Stadtf\u00fchrung in Tallinn<\/li>\n<\/ul>\n<p>Das kleine Estland ist in seiner landschaftlichen Vielfalt und einer faszinierenden Tier- und Pflanzenwelt in Europa einzigartig. Riesige Regenmoore breiten sich neben orchideenreichen Wacholderheiden aus. In den W\u00e4ldern der \u201eWestern Taiga\u201c streifen Elch, Wolf und Braunb\u00e4r umher. Vor der unbebauten Ostseek\u00fcste liegen unz\u00e4hlige, vielfach unbewohnte Inseln. \u00a0Sie sind Heimat von seltenen Ringelrobben und Drehscheibe des europ\u00e4ischen Vogelzuges mit Kranichen, nordischen G\u00e4nsen und Schw\u00e4nen. Viele dieser Arten wollen wir aus n\u00e4chster N\u00e4he sehen, h\u00f6ren oder ihre Spuren entdecken. Auf dieser Reise besuchen wir die wichtigsten Schutzgebiete Estlands, wie den Lahemaa- und den Matsalu Nationalpark. Wir \u00fcbernachten in einer komfortablen B\u00e4renbeobachtungsh\u00fctte. Wir sind unterwegs zu Fu\u00df in den W\u00e4ldern oder im Hochmoor.\u00a0 Wir fahren im Kutter auf der Ostsee von Insel zu Insel und um die Ringelrobben zu sehen. Erfahren wollen wir auch etwas \u00fcber die Geschichte des Baltikums. So besuchen wir Herrenhaus, Bischofsburg und nat\u00fcrlich spazieren wir durch das mittelalterliche Tallinn.<\/p>\n<\/div><div class=\"fusion-clearfix\"><\/div><\/div><\/div><div class=\"fusion-layout-column fusion_builder_column fusion-builder-column-3 fusion_builder_column_1_1 1_1 fusion-one-full fusion-column-first fusion-column-last\" style=\"margin-top:0px;margin-bottom:20px;\"><div class=\"fusion-column-wrapper fusion-flex-column-wrapper-legacy\" style=\"background-position:left top;background-repeat:no-repeat;-webkit-background-size:cover;-moz-background-size:cover;-o-background-size:cover;background-size:cover;padding: 0px 0px 0px 0px;\"><div class=\"fusion-menu-anchor\" id=\"detailed\"><\/div><div class=\"fusion-text fusion-text-2\" style=\"transform:translate3d(0,0,0);\"><h2><strong>1. Tag:\u00a0Anreise &#8211; Tallinn &#8211; Matsalu <\/strong><\/h2>\n<p>Nach Ankunft in Tallinn fahren wir zun\u00e4chst an die Westk\u00fcste bis zum Matsalu-Nationalpark. Hier beziehen wir ein G\u00e4stehaus in einer traumhaften Umgebung nur unweit der Ostsee. Mit zahlreichen der K\u00fcste vorgelagerten Inseln und dem Oberlauf des Flusses Kasari ist er ein wichtiges Vogelschutzgebiet. Im Herbst und Fr\u00fchling rasten hier u.a. tausende Wei\u00dfwangen- und Bl\u00e4\u00dfg\u00e4nse. Bei einer Wanderung lassen sich auch Elche sichten, die im Mai hier reichlich junges Gr\u00fcn und ab September ihre Brunftpl\u00e4tze finden.<\/p>\n<p>3 \u00dcbernachtungen im Tuulingu, Altm\u00f5isa oder Puise Guest House, im Matsalu Nationalpark.\u00a0A, Fahrt ca 100 km, 1,5 Stunden<\/p>\n<h2><strong>2. Tag: Robbentour auf der Ostsee, Inselwanderung und Vogelzug\u00a0<\/strong><\/h2>\n<p>\u00dcberfahrt mit der F\u00e4hre nach Hiiumaa (Dauer ca. 1 Std.), Estlands zweitgr\u00f6\u00dfter Insel. Sie haben gute Chancen Prachttaucher, Eis-, Samt-, Trauer und Bergenten zu beobachten. Manchmal sehen Sie auf einer kleinen Insel nahe der Fahrrinne schon Kegelrobben. Bei der Weiterfahrt mit einem Motorboot zu vorgelagerten Kleininseln sollten Sie die hier heimische Ostsee-Ringelrobben zu Gesicht bekommen. Sie schauen neugierig aus dem Wasser oder liegen in der flachen See auf Steinen. Nach dem Besuch einer unbewohnten Kleininsel Saarnaki, wo wir die historischen Bauernh\u00f6fe und die umliegenden Wacholderw\u00e4lder anschauen, R\u00fcckkehr nach Matsalu. F\/M\/A<\/p>\n<h2><strong>3. Tag: Elchsafari, Lagunenstadt Haapsalu, Kap P\u00f5\u00f5saspea und W\u00f6lfe bei Leidissoo<\/strong><\/h2>\n<p>Fr\u00fcher Start (ca. 06:00 Uhr) zur Sumpflandschaft des Kasari-Deltas. Im Delta des kleinen Flusses Kasari darf nicht gejagt werden. So ist eine Beobachtung der gewaltigen Elche sehr wahrscheinlich. Sie sind auf Naturpfaden durch Auenwiesen und Schilfgebiete unterwegs. Im Fr\u00fchjahr und Herbst ziehen hier nicht nur Unmassen nordischer G\u00e4nse, sondern auch Schw\u00e4ne und Kraniche durch, welche sich gut beobachten lassen. Am Nachmittag lernen Sie die Lagunenstadt Haapsalu kennen. Der ehemalige Kurort russischer Zaren pflegt seit vielen Jahren eine St\u00e4dtepartnerschaft mit Rendsburg. Bemerkenswert das m\u00e4chtige Bischofsschloss und die historische Strandpromenade sowie die Altstadt mit Rathaus, Jugendstil-Holzbahnhof, verwinkelten Gassen und Holzh\u00e4usern. Am Nachmittag besichtigen wir dem Kap P\u00f5\u00f5saspea, die beste Stelle in Estaland f\u00fcr Beobachtnung von arktischen Wasservogelzug.\u00a0 Gegen Abend machen Sie eine Exkursion in die Umgebung des Leidissoo-Moores, Lebensraum f\u00fcr Auerhahn, Sperlings- und Habichtskauz. Eventuell h\u00f6ren Sie aus den umliegenden W\u00e4ldern auch W\u00f6lfe heulen, wenn sich Jungtiere mit ihren Eltern verst\u00e4ndigen. F\/A<\/p>\n<h2><strong>4. Tag: Braunb\u00e4ren im Alutaguse,\u00a0<\/strong><\/h2>\n<p>Fahrt nach nordosten dauert etwa 3 Stundne und danach k\u00f6nnen alle, die es w\u00fcnschen, einen ganz besonderen Ausflug machen: Es geht zu den Braunb\u00e4ren! Fahrt zum nord\u00f6stlich gelegenen Alutaguse-Nationalpark, j\u00fcngst (2018) gegr\u00fcndet mit umfangreichen Moor- und Waldfl\u00e4chen. Hier leben um die 400 Braunb\u00e4ren, fast die H\u00e4lfte des estnischen B\u00e4renbestandes. Auf einer kleinen Wanderung suchen Sie nach B\u00e4renspuren, Krallenspuren auf B\u00e4ume und Winternest bevor Sie eine komfortablen B\u00e4ren-Beobachtungsh\u00fctte mit Etagenbetten, Trockentoilette und Fotoluken beziehen. Von hier aus k\u00f6nnen Sie gut gesch\u00fctzt Braunb\u00e4ren Marderhunde und F\u00fcchse, gelegentlich Elche, Biber und manchmal sogar W\u00f6lfe beobachten. Neben S\u00e4ugetiere zeigen sich unterschiedliche Meisen, helle nordische Kleiber sowie Spechte und Eulen.Wer die B\u00e4ren nicht so intensiv beobachten m\u00f6chte, kann wahlweise im Hotel bleiben (dies muss bei Buchung angegeben werden). 1 \u00dcbernachtung in der B\u00e4ren-Beobachtungsh\u00fctte F\/A<\/p>\n<h2><strong>5. Tag: Auer-, Birk-, und Haselhuhn, Nordische K\u00fcste im Lahemaa Nationalpark<\/strong><strong style=\"font-size: 16px;\">\u00a0<\/strong><\/h2>\n<p>Am Morgen nach Lahemaa fahren wir durch Alutaguse W\u00e4lder wo wir gute Chance Auer-, Birk und Haselh\u00fchner zu sehen haben. Nach reichaltigen Fr\u00fchst\u00fcck in Rakvere fahren wir weiter nach Lahemaa Nationalpark.<\/p>\n<p>Schon im 1971 gegr\u00fcndete Lahemaa ist der \u00e4lteste und gr\u00f6\u00dfte Nationalpark Estlands. Hier finden wir die gesch\u00fctzten nordischen Strandlandschaften mit riesigen Findlingen, Hochmooren und Taiga-artigen W\u00e4lder vor. Als Kulturhighlight des Schutzgebietes und einem guten Einblick in die Deutsch-Baltische Geschichte erleben wir bei einem Besuch der wundersch\u00f6nen Herrenh\u00e4user und der traditionellen estnischen Fischerh\u00e4user. F\u00fcr Naturfreunde sind im Lahemaa Nationalpark mehrere Ansichtst\u00fcrme und Naturpfade eingerichtet.<\/p>\n<p>Am Nachmittag machen wir Spaziergang an der Finnischen Meeresbusen, denen K\u00fcste entlang ziehen die V\u00f6gel wie Mittels\u00e4ger, Eiderenten, Ringelg\u00e4nse Sing- und Zwergschw\u00e4ne nach Nord-Russland.<\/p>\n<p>Im Lahemaa NP \u00fcbernachten wir im Sillaallika Gasthaus oder im Sagadi Gutshaushotel 2 N\u00e4chte. F\/A<\/p>\n<h2><strong>6. Tag: Hochmoor, Spechte und Eulen im Taigawald<\/strong><\/h2>\n<p>Lahemaa z\u00e4hlt man auch einen den gr\u00f6ssten Europas gr\u00f6ssten Waldschutzgebiete. Am Vormitag wandern wir durch Taiga-Urwald mit viele abgebrochene Baumst\u00e4mme und Totholz. Wir machen viele Pausen, h\u00f6ren und schauen, weil unsere Ziel ist Waldv\u00f6gel vor allem Dreizehen-, Grau- und Weissr\u00fcckenspecht bestimmen.<\/p>\n<p>Am Nachmittag steht Hochmoor-Besuch im Programm. Die Hochmoore sind teils zehntausend Jahre alte Naturlandschaften, die mit einer bis zu 7 m dicken Torfschicht und einem Wassergehalt bis zu 95% aufwarten. Zwischen den Bonsai-Kiefern befinden sich kleine Seen mit klarem Wasser. Vogelarten Goldregenpfeifer, Regenbrachvogel, Steinadler, Raubw\u00fcrger\u00a0 und Pflanzen Sumpfporst, Rosmarinheide kommen hier vor.<\/p>\n<p>Am Abend fahren wir wieder in Taigawald weil im Lahemaa wegen ausreichende Habitaten sehru gut Bestant von Habichts-, Sperlings- und Rauhfussk\u00e4uze wohnt. Neben Eulen sind hier auch Elche und sogar Luchse zu Hause.\u00a0 Obwohl wenigst eine von benannten Eulen wollen wir wirklich gut beobachten, halten wir unsere Augen und Ohren auf f\u00fcr alle m\u00f6gliche \u00dcberrasschungen. F\/A<\/p>\n<h2><strong>7. Tag:\u00a0Mittelalterliches Tallinn\u00a0<\/strong><\/h2>\n<p>Heute fahren wir nach Tallinn, Estlands Hauptstadt. Unser Hotel liegt direkt in der Altstadt. Am Nachmittag treffen wir uns zu einer zweist\u00fcndigen F\u00fchrung. Sie geht durch die wohl intakteste mittelalterliche Stadt Europas, mit einem urspr\u00fcnglichen Stra\u00dfensystem aus dem 13. Jahrhundert. Viele H\u00e4user aus dem 15. Jahrhundert stehen noch in ihrer urspr\u00fcnglichen Gr\u00f6\u00dfe und Form, alle wichtigen und repr\u00e4sentativen Regierungsgeb\u00e4ude sowie Kirchen sind unversehrt. Nacht im Hotel in Tallinn. F<\/p>\n<h2><strong>8. Tag:\u00a0Tallinn &#8211; R\u00fcckreise\u00a0<\/strong><\/h2>\n<p>Am Vormittag ist noch Zeit f\u00fcr einen individuellen Stadtbummel. Am Nachmittag werden Sie zum Flughafen gebracht und treten von hier aus den R\u00fcckflug nach Hause an.<\/p>\n<h2><\/h2>\n<\/div><div class=\"fusion-clearfix\"><\/div><\/div><\/div><div class=\"fusion-layout-column fusion_builder_column fusion-builder-column-4 fusion_builder_column_1_1 1_1 fusion-one-full fusion-column-first fusion-column-last\" style=\"margin-top:0px;margin-bottom:20px;\"><div class=\"fusion-column-wrapper fusion-flex-column-wrapper-legacy\" style=\"background-position:left top;background-repeat:no-repeat;-webkit-background-size:cover;-moz-background-size:cover;-o-background-size:cover;background-size:cover;padding: 0px 0px 0px 0px;\"><div class=\"fusion-menu-anchor\" id=\"price\"><\/div><div class=\"fusion-text fusion-text-3\" style=\"transform:translate3d(0,0,0);\"><h2>Termine 2026:<\/h2>\n<ul>\n<li>25.04.-02.05.2026<\/li>\n<li>16.05.-23.05.2026<\/li>\n<li>19.09.-26.09.2026<\/li>\n<\/ul>\n<h2>Preis 2026<\/h2>\n<p>1790\u20ac pro Person im DZ, inklusive:<\/p>\n<ul>\n<li>Gruppe 5-8 Personen<\/li>\n<li>8 Tage mit 6 \u00dcbernachtungen in Doppelzimmern in Mittelklassehotels und Gasth\u00e4usern<\/li>\n<li>1 Nacht in B\u00e4renh\u00fctte<\/li>\n<li>7 Fr\u00fchst\u00fccks, 1 Mittagessen als Lunchpaket, 6 Abendessen<\/li>\n<li>deutschsprachige Reiseleitung vor Ort<\/li>\n<li>Alle Transferfahrten vor Ort im Kleinbus<\/li>\n<li>F\u00e4hrtickets zur Insel Hiiumaa<\/li>\n<li>Bootstour auf der Ostsee<\/li>\n<li>Einzelzimmerzuschlag 240\u20ac<\/li>\n<\/ul>\n<\/div><div class=\"fusion-clearfix\"><\/div><\/div><\/div><\/div><\/div>\n","protected":false},"excerpt":{"rendered":"<p>Im Fr\u00fchling kommen etwa <strong>1000 Braunb\u00e4ren<\/strong> in Estland von Winterquartieren aus und sind aktiv auf Nahrungssuche. Die <strong>10 000 Elche<\/strong> ziehen aus den Mooren heraus frische Grass fressen. <strong>Hundertausende von Zugv\u00f6gel<\/strong> fliegen von S\u00fcden nach Nordischen Nestgebiete. Aber auch die Standv\u00f6gel wie <strong>Auerh\u00fchne<\/strong> und <strong>Habichtskauze<\/strong> sind nach lange winter wieder sichtbar.\u00a0 <strong>Ringelrobben<\/strong> liegen auf Steine und genissen Fr\u00fchlingssonne. Im Herbst wiederholt sich alles umgegehrt. B\u00e4ren bereiten f\u00fcr Winter vor und sind sichtbar, Elche haben Paarungszeit und Zugv\u00f6gel ziehen zur\u00fcck nach s\u00fcden. Sogar Standv\u00f6gel werden wegen Herbst wieder aktiv. <strong>Das Ziel dieser Reise ist es, B\u00e4ren, Elche, Ringelrobben, Eulen, Auerh\u00fchner, Birkh\u00fchner zu sehen und den massiven Vogelzug zu genie\u00dfen<\/strong>.<\/p>\n","protected":false},"featured_media":21046,"comment_status":"open","ping_status":"closed","template":"","meta":[],"product_cat":[472,460,457],"product_tag":[],"class_list":["post-22863","product","type-product","status-publish","has-post-thumbnail","hentry","product_cat-estland","product_cat-reisen","product_cat-guppenreisen"],"yoast_head":"<!-- This site is optimized with the Yoast SEO plugin v21.8 - https:\/\/yoast.com\/wordpress\/plugins\/seo\/ -->\n<title>Naturreise B\u00e4ren, Elche, Vogelzug und Ringelrobben - ActivEst<\/title>\n<meta name=\"robots\" content=\"index, follow, max-snippet:-1, max-image-preview:large, max-video-preview:-1\" \/>\n<link rel=\"canonical\" href=\"https:\/\/www.activest.ee\/et\/toode\/naturreise-baeren-elche-vogelzug-und-ringelrobben\/\" \/>\n<meta property=\"og:locale\" content=\"en_US\" \/>\n<meta property=\"og:type\" content=\"article\" \/>\n<meta property=\"og:title\" content=\"Naturreise B\u00e4ren, Elche, Vogelzug und Ringelrobben - ActivEst\" \/>\n<meta property=\"og:description\" content=\"Im Fr\u00fchling kommen etwa 1000 Braunb\u00e4ren in Estland von Winterquartieren aus und sind aktiv auf Nahrungssuche. Die 10 000 Elche ziehen aus den Mooren heraus frische Grass fressen. Hundertausende von Zugv\u00f6gel fliegen von S\u00fcden nach Nordischen Nestgebiete. Aber auch die Standv\u00f6gel wie Auerh\u00fchne und Habichtskauze sind nach lange winter wieder sichtbar.\u00a0 Ringelrobben liegen auf Steine und genissen Fr\u00fchlingssonne. Im Herbst wiederholt sich alles umgegehrt. B\u00e4ren bereiten f\u00fcr Winter vor und sind sichtbar, Elche haben Paarungszeit und Zugv\u00f6gel ziehen zur\u00fcck nach s\u00fcden. Sogar Standv\u00f6gel werden wegen Herbst wieder aktiv. Das Ziel dieser Reise ist es, B\u00e4ren, Elche, Ringelrobben, Eulen, Auerh\u00fchner, Birkh\u00fchner zu sehen und den massiven Vogelzug zu genie\u00dfen.\" \/>\n<meta property=\"og:url\" content=\"https:\/\/www.activest.ee\/et\/toode\/naturreise-baeren-elche-vogelzug-und-ringelrobben\/\" \/>\n<meta property=\"og:site_name\" content=\"ActivEst\" \/>\n<meta property=\"article:modified_time\" content=\"2025-10-15T09:49:21+00:00\" \/>\n<meta property=\"og:image\" content=\"https:\/\/www.activest.ee\/wp-content\/uploads\/2019\/11\/12jj0527225.jpg\" \/>\n\t<meta property=\"og:image:width\" content=\"800\" \/>\n\t<meta property=\"og:image:height\" content=\"533\" \/>\n\t<meta property=\"og:image:type\" content=\"image\/jpeg\" \/>\n<meta name=\"twitter:card\" content=\"summary_large_image\" \/>\n<meta name=\"twitter:label1\" content=\"Est. reading time\" \/>\n\t<meta name=\"twitter:data1\" content=\"8 minutes\" \/>\n<script type=\"application\/ld+json\" class=\"yoast-schema-graph\">{\"@context\":\"https:\/\/schema.org\",\"@graph\":[{\"@type\":\"WebPage\",\"@id\":\"https:\/\/www.activest.ee\/et\/toode\/naturreise-baeren-elche-vogelzug-und-ringelrobben\/\",\"url\":\"https:\/\/www.activest.ee\/et\/toode\/naturreise-baeren-elche-vogelzug-und-ringelrobben\/\",\"name\":\"Naturreise B\u00e4ren, Elche, Vogelzug und Ringelrobben - ActivEst\",\"isPartOf\":{\"@id\":\"https:\/\/activest.ee\/#website\"},\"datePublished\":\"2021-10-23T11:03:29+00:00\",\"dateModified\":\"2025-10-15T09:49:21+00:00\",\"breadcrumb\":{\"@id\":\"https:\/\/www.activest.ee\/et\/toode\/naturreise-baeren-elche-vogelzug-und-ringelrobben\/#breadcrumb\"},\"inLanguage\":\"en-US\",\"potentialAction\":[{\"@type\":\"ReadAction\",\"target\":[\"https:\/\/www.activest.ee\/et\/toode\/naturreise-baeren-elche-vogelzug-und-ringelrobben\/\"]}]},{\"@type\":\"BreadcrumbList\",\"@id\":\"https:\/\/www.activest.ee\/et\/toode\/naturreise-baeren-elche-vogelzug-und-ringelrobben\/#breadcrumb\",\"itemListElement\":[{\"@type\":\"ListItem\",\"position\":1,\"name\":\"Home\",\"item\":\"https:\/\/www.activest.ee\/en\/\"},{\"@type\":\"ListItem\",\"position\":2,\"name\":\"Shop\",\"item\":\"https:\/\/www.activest.ee\/en\/shop-2\/\"},{\"@type\":\"ListItem\",\"position\":3,\"name\":\"Naturreise B\u00e4ren, Elche, Vogelzug und Ringelrobben\"}]},{\"@type\":\"WebSite\",\"@id\":\"https:\/\/activest.ee\/#website\",\"url\":\"https:\/\/activest.ee\/\",\"name\":\"ActivEst\",\"description\":\"Reisen, Familienreisen, Naturreisen, Abenteurreisen\",\"potentialAction\":[{\"@type\":\"SearchAction\",\"target\":{\"@type\":\"EntryPoint\",\"urlTemplate\":\"https:\/\/activest.ee\/?s={search_term_string}\"},\"query-input\":\"required name=search_term_string\"}],\"inLanguage\":\"en-US\"}]}<\/script>\n<!-- \/ Yoast SEO plugin. -->","yoast_head_json":{"title":"Naturreise B\u00e4ren, Elche, Vogelzug und Ringelrobben - ActivEst","robots":{"index":"index","follow":"follow","max-snippet":"max-snippet:-1","max-image-preview":"max-image-preview:large","max-video-preview":"max-video-preview:-1"},"canonical":"https:\/\/www.activest.ee\/et\/toode\/naturreise-baeren-elche-vogelzug-und-ringelrobben\/","og_locale":"en_US","og_type":"article","og_title":"Naturreise B\u00e4ren, Elche, Vogelzug und Ringelrobben - ActivEst","og_description":"Im Fr\u00fchling kommen etwa 1000 Braunb\u00e4ren in Estland von Winterquartieren aus und sind aktiv auf Nahrungssuche. Die 10 000 Elche ziehen aus den Mooren heraus frische Grass fressen. Hundertausende von Zugv\u00f6gel fliegen von S\u00fcden nach Nordischen Nestgebiete. Aber auch die Standv\u00f6gel wie Auerh\u00fchne und Habichtskauze sind nach lange winter wieder sichtbar.\u00a0 Ringelrobben liegen auf Steine und genissen Fr\u00fchlingssonne. Im Herbst wiederholt sich alles umgegehrt. B\u00e4ren bereiten f\u00fcr Winter vor und sind sichtbar, Elche haben Paarungszeit und Zugv\u00f6gel ziehen zur\u00fcck nach s\u00fcden. Sogar Standv\u00f6gel werden wegen Herbst wieder aktiv. Das Ziel dieser Reise ist es, B\u00e4ren, Elche, Ringelrobben, Eulen, Auerh\u00fchner, Birkh\u00fchner zu sehen und den massiven Vogelzug zu genie\u00dfen.","og_url":"https:\/\/www.activest.ee\/et\/toode\/naturreise-baeren-elche-vogelzug-und-ringelrobben\/","og_site_name":"ActivEst","article_modified_time":"2025-10-15T09:49:21+00:00","og_image":[{"width":800,"height":533,"url":"https:\/\/www.activest.ee\/wp-content\/uploads\/2019\/11\/12jj0527225.jpg","type":"image\/jpeg"}],"twitter_card":"summary_large_image","twitter_misc":{"Est. reading time":"8 minutes"},"schema":{"@context":"https:\/\/schema.org","@graph":[{"@type":"WebPage","@id":"https:\/\/www.activest.ee\/et\/toode\/naturreise-baeren-elche-vogelzug-und-ringelrobben\/","url":"https:\/\/www.activest.ee\/et\/toode\/naturreise-baeren-elche-vogelzug-und-ringelrobben\/","name":"Naturreise B\u00e4ren, Elche, Vogelzug und Ringelrobben - ActivEst","isPartOf":{"@id":"https:\/\/activest.ee\/#website"},"datePublished":"2021-10-23T11:03:29+00:00","dateModified":"2025-10-15T09:49:21+00:00","breadcrumb":{"@id":"https:\/\/www.activest.ee\/et\/toode\/naturreise-baeren-elche-vogelzug-und-ringelrobben\/#breadcrumb"},"inLanguage":"en-US","potentialAction":[{"@type":"ReadAction","target":["https:\/\/www.activest.ee\/et\/toode\/naturreise-baeren-elche-vogelzug-und-ringelrobben\/"]}]},{"@type":"BreadcrumbList","@id":"https:\/\/www.activest.ee\/et\/toode\/naturreise-baeren-elche-vogelzug-und-ringelrobben\/#breadcrumb","itemListElement":[{"@type":"ListItem","position":1,"name":"Home","item":"https:\/\/www.activest.ee\/en\/"},{"@type":"ListItem","position":2,"name":"Shop","item":"https:\/\/www.activest.ee\/en\/shop-2\/"},{"@type":"ListItem","position":3,"name":"Naturreise B\u00e4ren, Elche, Vogelzug und Ringelrobben"}]},{"@type":"WebSite","@id":"https:\/\/activest.ee\/#website","url":"https:\/\/activest.ee\/","name":"ActivEst","description":"Reisen, Familienreisen, Naturreisen, Abenteurreisen","potentialAction":[{"@type":"SearchAction","target":{"@type":"EntryPoint","urlTemplate":"https:\/\/activest.ee\/?s={search_term_string}"},"query-input":"required name=search_term_string"}],"inLanguage":"en-US"}]}},"_links":{"self":[{"href":"https:\/\/activest.ee\/en\/wp-json\/wp\/v2\/product\/22863","targetHints":{"allow":["GET"]}}],"collection":[{"href":"https:\/\/activest.ee\/en\/wp-json\/wp\/v2\/product"}],"about":[{"href":"https:\/\/activest.ee\/en\/wp-json\/wp\/v2\/types\/product"}],"replies":[{"embeddable":true,"href":"https:\/\/activest.ee\/en\/wp-json\/wp\/v2\/comments?post=22863"}],"wp:featuredmedia":[{"embeddable":true,"href":"https:\/\/activest.ee\/en\/wp-json\/wp\/v2\/media\/21046"}],"wp:attachment":[{"href":"https:\/\/activest.ee\/en\/wp-json\/wp\/v2\/media?parent=22863"}],"wp:term":[{"taxonomy":"product_cat","embeddable":true,"href":"https:\/\/activest.ee\/en\/wp-json\/wp\/v2\/product_cat?post=22863"},{"taxonomy":"product_tag","embeddable":true,"href":"https:\/\/activest.ee\/en\/wp-json\/wp\/v2\/product_tag?post=22863"}],"curies":[{"name":"wp","href":"https:\/\/api.w.org\/{rel}","templated":true}]}}