{"id":22122,"date":"2020-11-25T17:11:44","date_gmt":"2020-11-25T15:11:44","guid":{"rendered":"https:\/\/activest.ee\/?post_type=product&#038;p=22122"},"modified":"2020-11-26T16:50:53","modified_gmt":"2020-11-26T14:50:53","slug":"fahrradtour-tallinn-lahemaa-nationalpark-5-tage","status":"publish","type":"product","link":"https:\/\/www.activest.ee\/en\/toode\/fahrradtour-tallinn-lahemaa-nationalpark-5-tage\/","title":{"rendered":"Fahrradtour Tallinn &#8211; Lahemaa Nationalpark 5 Tage"},"content":{"rendered":"<div class=\"fusion-fullwidth fullwidth-box fusion-builder-row-1 nonhundred-percent-fullwidth non-hundred-percent-height-scrolling\" style=\"background-color: rgba(255,255,255,0);background-position: center center;background-repeat: no-repeat;padding-top:0px;padding-right:0px;padding-bottom:0px;padding-left:0px;margin-bottom: 0px;margin-top: 0px;border-width: 0px 0px 0px 0px;border-color:#eae9e9;border-style:solid;\" ><div class=\"fusion-builder-row fusion-row\"><div class=\"fusion-layout-column fusion_builder_column fusion-builder-column-0 fusion_builder_column_1_1 1_1 fusion-one-full fusion-column-first fusion-column-last\" style=\"margin-top:0px;margin-bottom:20px;\"><div class=\"fusion-column-wrapper fusion-flex-column-wrapper-legacy\" style=\"background-position:left top;background-repeat:no-repeat;-webkit-background-size:cover;-moz-background-size:cover;-o-background-size:cover;background-size:cover;padding: 0px 0px 0px 0px;\"><div class=\"fusion-button-wrapper\"><style type=\"text\/css\">.fusion-button.button-1 {border-radius:2px;}<\/style><a class=\"fusion-button button-flat fusion-button-default-size button-default button-1 fusion-button-default-span fusion-button-default-type\" target=\"_self\" href=\"#description\"><span class=\"fusion-button-text\">Reisebeschreibung<\/span><\/a><\/div><div class=\"fusion-button-wrapper\"><style type=\"text\/css\">.fusion-button.button-2 {border-radius:2px;}<\/style><a class=\"fusion-button button-flat fusion-button-default-size button-default button-2 fusion-button-default-span fusion-button-default-type\" target=\"_self\" href=\"#detailed\"><span class=\"fusion-button-text\">Detailbeschreibung<\/span><\/a><\/div><div class=\"fusion-button-wrapper\"><style type=\"text\/css\">.fusion-button.button-3 {border-radius:2px;}<\/style><a class=\"fusion-button button-flat fusion-button-default-size button-default button-3 fusion-button-default-span fusion-button-default-type\" target=\"_self\" href=\"#price\"><span class=\"fusion-button-text\">Termine und Preis<\/span><\/a><\/div><div class=\"fusion-clearfix\"><\/div><\/div><\/div><div class=\"fusion-layout-column fusion_builder_column fusion-builder-column-1 fusion_builder_column_1_1 1_1 fusion-one-full fusion-column-first fusion-column-last\" style=\"margin-top:0px;margin-bottom:20px;\"><div class=\"fusion-column-wrapper fusion-flex-column-wrapper-legacy\" style=\"background-position:left top;background-repeat:no-repeat;-webkit-background-size:cover;-moz-background-size:cover;-o-background-size:cover;background-size:cover;padding: 0px 0px 0px 0px;\"><div class=\"fusion-text fusion-text-1\" style=\"transform:translate3d(0,0,0);\"><\/div><div class=\"fusion-clearfix\"><\/div><\/div><\/div><div class=\"fusion-layout-column fusion_builder_column fusion-builder-column-2 fusion_builder_column_1_1 1_1 fusion-one-full fusion-column-first fusion-column-last\" style=\"margin-top:0px;margin-bottom:20px;\"><div class=\"fusion-column-wrapper fusion-flex-column-wrapper-legacy\" style=\"background-position:left top;background-repeat:no-repeat;-webkit-background-size:cover;-moz-background-size:cover;-o-background-size:cover;background-size:cover;padding: 0px 0px 0px 0px;\"><div class=\"fusion-menu-anchor\" id=\"description\"><\/div><div class=\"fusion-text fusion-text-2\" style=\"transform:translate3d(0,0,0);\"><p><span style=\"font-weight: 400;\">Diese Tour\u00a0 k\u00f6nnen Sie buchen mit Anreise (per Rad) aus Tallinn oder direkt aus Lahemaa. Im gem\u00fctlichen Gasthaus in V\u00f5su sind Sie begr\u00fc\u00dft von einem nette estnische Familie.\u00a0<\/span><span style=\"font-weight: 400;\">In Lahemaa finden Sie Sandstr\u00e4nde, malerische Moore, Kiefernw\u00e4lder, Klippen und Fl\u00fcsse, die erstaunliche Stra\u00dfen durch die Landschaft erkunden. Dar\u00fcber hinaus geografische und architektonische Denkm\u00e4ler. Detaillierte Routenbeschreibung und Informationen \u00fcber Sehensw\u00fcrdigkeiten finden Sie mit einem pers\u00f6nlichen Tour App die Sie in Ihren Handy runterladen k\u00f6nnen.<\/span><\/p>\n<\/div><div class=\"fusion-clearfix\"><\/div><\/div><\/div><div class=\"fusion-layout-column fusion_builder_column fusion-builder-column-3 fusion_builder_column_1_1 1_1 fusion-one-full fusion-column-first fusion-column-last\" style=\"margin-top:0px;margin-bottom:20px;\"><div class=\"fusion-column-wrapper fusion-flex-column-wrapper-legacy\" style=\"background-position:left top;background-repeat:no-repeat;-webkit-background-size:cover;-moz-background-size:cover;-o-background-size:cover;background-size:cover;padding: 0px 0px 0px 0px;\"><div class=\"fusion-menu-anchor\" id=\"detailed\"><\/div><div class=\"fusion-text fusion-text-3\" style=\"transform:translate3d(0,0,0);\"><h2>Tag 1: Radtour nach Valkla.<\/h2>\n<p>Distanz: 42 km<\/p>\n<p>Heute nach dem Fr\u00fchst\u00fcck radeln Sie aus Tallinn raus, bis die Stadt Maardu auf einer Fahrradstra\u00dfe liegt. Der Botanische Garten Tallinn und der Fernsehturm verlassen Tallinn. Die Stra\u00dfe f\u00fchrt Sie dann in die Kleinstadt Maardu und weiter nach J\u00f5el\u00e4htme mit eine mittelalterliche Kirche. Estlands m\u00e4chtigster Wasserfall in J\u00e4gala ist auf dem Weg. \u00dcbernachten Sie in Valkla in einem G\u00e4stehaus am Strand.<br \/>\nOder Transfer direkt aus Tallinn in die Lahemaa Nationalpark<\/p>\n<h2>Tag 2. Radtour nach Palmse.<\/h2>\n<p>Distanz: 47 km<\/p>\n<p>Sie haben zwei Routen, um fortzufahren. Man bringt Sie nah ans Meer mit Sandstr\u00e4nden, toller Aussicht und Wanderweg zum drittgr\u00f6\u00dften Felsbrocken Estlands &#8211; Majakivi (Hausstein). Die andere Route f\u00fchrt Sie zu Estlands bekanntestem Naturschutzgebiet Viru Hochmoor. Weiter geht es nach Badeort V\u00f5su, wo eine nettes Gasthaus f\u00fcr Sie gebucht ist.<br \/>\n3 \u00dcbernachtungen in V\u00f5su<\/p>\n<h2>Tag 3: Fischerd\u00f6rfer Altja, Ostseek\u00fcste, Vihula Manor und Sagadi Manor<\/h2>\n<p>Distanz: 45 km<\/p>\n<p>Vom Sommer Dort V\u00f5su aus k\u00f6nnen Sie direkt nach Vihula radeln oder die Sehensw\u00fcrdigkeiten von Lahemaa besuchen: das Fischerdorf Altja l\u00e4dt ein zu einem Strandspaziergang zwischen Fischerboote und gro\u00dfe Findlingsteine und auf einem der Wanderwege in Oandu k\u00f6nnen Sie 2 Stunden durch den Taiga Urwald wandern. Das Sagadi Manor und das Estland Forest Museum lohnt sich zu Besuch. Unterwegs finden Sie ein weiteres Gutshof Vihula Manor mit sch\u00f6nen NaturSPA. Die Vihula-Route f\u00fchrt zum Meer und das Badestrand wartet auf Sie. \u00dcbernachtung in V\u00f5su<\/p>\n<h2>Tag 4: Rad Fahren nach Vihasoo, Viinistu Kunstimuuseum, P\u00e4rispea Cap<\/h2>\n<p>Distanz: 48 km<\/p>\n<p>Fahrrad Tour zum Kapit\u00e4nsdorf in K\u00e4smu, mit alte Kapelle und sch\u00f6nen Holzh\u00e4user, weiter geht es zum Landspitze P\u00e4rispea und K\u00fcstendorf Viinistu mit dem Kunstmuseum, wo Sie vor allem estnische Malerei von bekanntesten estnischen Malern finden k\u00f6nnen. R\u00fcckweg direkt nach V\u00f5su oder eine Runde durch die Sowjet Stadt Loksa. \u00dcbernachtung in V\u00f5su.<\/p>\n<h2>Tag 5: R\u00fcckfahrt nach Tallinn oder Verl\u00e4ngerung in der Lahemaa Nationalpark<\/h2>\n<\/div><div class=\"fusion-clearfix\"><\/div><\/div><\/div><div class=\"fusion-layout-column fusion_builder_column fusion-builder-column-4 fusion_builder_column_1_1 1_1 fusion-one-full fusion-column-first fusion-column-last\" style=\"margin-top:0px;margin-bottom:20px;\"><div class=\"fusion-column-wrapper fusion-flex-column-wrapper-legacy\" style=\"background-position:left top;background-repeat:no-repeat;-webkit-background-size:cover;-moz-background-size:cover;-o-background-size:cover;background-size:cover;padding: 0px 0px 0px 0px;\"><div class=\"fusion-menu-anchor\" id=\"price\"><\/div><div class=\"fusion-text fusion-text-4\" style=\"transform:translate3d(0,0,0);\"><h2>Preis<\/h2>\n<p>290\u20ac pro Person, inklusive:<\/p>\n<ul>\n<li>4 \u00dcbernachtungen im Gasthaus mit Fr\u00fchst\u00fcck in Ferienort V\u00f5su;<\/li>\n<li>(oder andere Unterkunft in Ihre Auswahl );<\/li>\n<li>Routenplaner day-by-day mit TourApp und Fahrkarten;<\/li>\n<li>24 Stunden Service Telefon.<\/li>\n<\/ul>\n<h2>Zubuchbar:<\/h2>\n<ul>\n<li><span style=\"font-weight: 400;\">Fahrradmiete ca. 60 eur per Tag;<\/span><\/li>\n<li>Gep\u00e4cktransport\u00a0 Transfer aus Tallinn 120 eur per Strecke.<\/li>\n<\/ul>\n<\/div><div class=\"fusion-clearfix\"><\/div><\/div><\/div><\/div><\/div>\n","protected":false},"excerpt":{"rendered":"<p><span style=\"font-weight: 400;\">Der Lahemaa-Nationalpark ist der \u00e4lteste und sch\u00f6nste Nationalpark in Estland und alle wichtigsten Sehensw\u00fcrdigkeiten sind mit dem Fahrrad erreichbar. W\u00e4hrend 5-t\u00e4gige Naturreise besuchen Sie Fischerdorf Altja, deutsch-baltische Herrenh\u00e4user Sagadi und Palmse sowie Kapit\u00e4nsdorf K\u00e4smu.<\/span><\/p>\n","protected":false},"featured_media":22168,"comment_status":"open","ping_status":"closed","template":"","meta":[],"product_cat":[472,478,460],"product_tag":[],"class_list":["post-22122","product","type-product","status-publish","has-post-thumbnail","hentry","product_cat-estland","product_cat-radreisen","product_cat-reisen"],"yoast_head":"<!-- This site is optimized with the Yoast SEO plugin v21.8 - https:\/\/yoast.com\/wordpress\/plugins\/seo\/ -->\n<title>Fahrradtour Tallinn - Lahemaa Nationalpark 5 Tage - ActivEst<\/title>\n<meta name=\"robots\" content=\"index, follow, max-snippet:-1, max-image-preview:large, max-video-preview:-1\" \/>\n<link rel=\"canonical\" href=\"https:\/\/activest.ee\/toode\/fahrradtour-tallinn-lahemaa-nationalpark-5-tage\/\" \/>\n<meta property=\"og:locale\" content=\"en_US\" \/>\n<meta property=\"og:type\" content=\"article\" \/>\n<meta property=\"og:title\" content=\"Fahrradtour Tallinn - Lahemaa Nationalpark 5 Tage - ActivEst\" \/>\n<meta property=\"og:description\" content=\"Der Lahemaa-Nationalpark ist der \u00e4lteste und sch\u00f6nste Nationalpark in Estland und alle wichtigsten Sehensw\u00fcrdigkeiten sind mit dem Fahrrad erreichbar. W\u00e4hrend 5-t\u00e4gige Naturreise besuchen Sie Fischerdorf Altja, deutsch-baltische Herrenh\u00e4user Sagadi und Palmse sowie Kapit\u00e4nsdorf K\u00e4smu.\" \/>\n<meta property=\"og:url\" content=\"https:\/\/activest.ee\/toode\/fahrradtour-tallinn-lahemaa-nationalpark-5-tage\/\" \/>\n<meta property=\"og:site_name\" content=\"ActivEst\" \/>\n<meta property=\"article:modified_time\" content=\"2020-11-26T14:50:53+00:00\" \/>\n<meta property=\"og:image\" content=\"https:\/\/activest.ee\/wp-content\/uploads\/2020\/11\/muhurattaga-scaled.jpg\" \/>\n\t<meta property=\"og:image:width\" content=\"2560\" \/>\n\t<meta property=\"og:image:height\" content=\"1920\" \/>\n\t<meta property=\"og:image:type\" content=\"image\/jpeg\" \/>\n<meta name=\"twitter:card\" content=\"summary_large_image\" \/>\n<meta name=\"twitter:label1\" content=\"Est. reading time\" \/>\n\t<meta name=\"twitter:data1\" content=\"10 minutes\" \/>\n<script type=\"application\/ld+json\" class=\"yoast-schema-graph\">{\"@context\":\"https:\/\/schema.org\",\"@graph\":[{\"@type\":\"WebPage\",\"@id\":\"https:\/\/activest.ee\/toode\/fahrradtour-tallinn-lahemaa-nationalpark-5-tage\/\",\"url\":\"https:\/\/activest.ee\/toode\/fahrradtour-tallinn-lahemaa-nationalpark-5-tage\/\",\"name\":\"Fahrradtour Tallinn - Lahemaa Nationalpark 5 Tage - ActivEst\",\"isPartOf\":{\"@id\":\"https:\/\/www.activest.ee\/#website\"},\"datePublished\":\"2020-11-25T15:11:44+00:00\",\"dateModified\":\"2020-11-26T14:50:53+00:00\",\"breadcrumb\":{\"@id\":\"https:\/\/activest.ee\/toode\/fahrradtour-tallinn-lahemaa-nationalpark-5-tage\/#breadcrumb\"},\"inLanguage\":\"en-US\",\"potentialAction\":[{\"@type\":\"ReadAction\",\"target\":[\"https:\/\/activest.ee\/toode\/fahrradtour-tallinn-lahemaa-nationalpark-5-tage\/\"]}]},{\"@type\":\"BreadcrumbList\",\"@id\":\"https:\/\/activest.ee\/toode\/fahrradtour-tallinn-lahemaa-nationalpark-5-tage\/#breadcrumb\",\"itemListElement\":[{\"@type\":\"ListItem\",\"position\":1,\"name\":\"Home\",\"item\":\"https:\/\/activest.ee\/en\/\"},{\"@type\":\"ListItem\",\"position\":2,\"name\":\"Shop\",\"item\":\"https:\/\/www.activest.ee\/en\/shop-2\/\"},{\"@type\":\"ListItem\",\"position\":3,\"name\":\"Fahrradtour Tallinn &#8211; Lahemaa Nationalpark 5 Tage\"}]},{\"@type\":\"WebSite\",\"@id\":\"https:\/\/www.activest.ee\/#website\",\"url\":\"https:\/\/www.activest.ee\/\",\"name\":\"ActivEst\",\"description\":\"Reisen, Familienreisen, Naturreisen, Abenteurreisen\",\"potentialAction\":[{\"@type\":\"SearchAction\",\"target\":{\"@type\":\"EntryPoint\",\"urlTemplate\":\"https:\/\/www.activest.ee\/?s={search_term_string}\"},\"query-input\":\"required name=search_term_string\"}],\"inLanguage\":\"en-US\"}]}<\/script>\n<!-- \/ Yoast SEO plugin. -->","yoast_head_json":{"title":"Fahrradtour Tallinn - Lahemaa Nationalpark 5 Tage - ActivEst","robots":{"index":"index","follow":"follow","max-snippet":"max-snippet:-1","max-image-preview":"max-image-preview:large","max-video-preview":"max-video-preview:-1"},"canonical":"https:\/\/activest.ee\/toode\/fahrradtour-tallinn-lahemaa-nationalpark-5-tage\/","og_locale":"en_US","og_type":"article","og_title":"Fahrradtour Tallinn - Lahemaa Nationalpark 5 Tage - ActivEst","og_description":"Der Lahemaa-Nationalpark ist der \u00e4lteste und sch\u00f6nste Nationalpark in Estland und alle wichtigsten Sehensw\u00fcrdigkeiten sind mit dem Fahrrad erreichbar. W\u00e4hrend 5-t\u00e4gige Naturreise besuchen Sie Fischerdorf Altja, deutsch-baltische Herrenh\u00e4user Sagadi und Palmse sowie Kapit\u00e4nsdorf K\u00e4smu.","og_url":"https:\/\/activest.ee\/toode\/fahrradtour-tallinn-lahemaa-nationalpark-5-tage\/","og_site_name":"ActivEst","article_modified_time":"2020-11-26T14:50:53+00:00","og_image":[{"width":2560,"height":1920,"url":"https:\/\/activest.ee\/wp-content\/uploads\/2020\/11\/muhurattaga-scaled.jpg","type":"image\/jpeg"}],"twitter_card":"summary_large_image","twitter_misc":{"Est. reading time":"10 minutes"},"schema":{"@context":"https:\/\/schema.org","@graph":[{"@type":"WebPage","@id":"https:\/\/activest.ee\/toode\/fahrradtour-tallinn-lahemaa-nationalpark-5-tage\/","url":"https:\/\/activest.ee\/toode\/fahrradtour-tallinn-lahemaa-nationalpark-5-tage\/","name":"Fahrradtour Tallinn - Lahemaa Nationalpark 5 Tage - ActivEst","isPartOf":{"@id":"https:\/\/www.activest.ee\/#website"},"datePublished":"2020-11-25T15:11:44+00:00","dateModified":"2020-11-26T14:50:53+00:00","breadcrumb":{"@id":"https:\/\/activest.ee\/toode\/fahrradtour-tallinn-lahemaa-nationalpark-5-tage\/#breadcrumb"},"inLanguage":"en-US","potentialAction":[{"@type":"ReadAction","target":["https:\/\/activest.ee\/toode\/fahrradtour-tallinn-lahemaa-nationalpark-5-tage\/"]}]},{"@type":"BreadcrumbList","@id":"https:\/\/activest.ee\/toode\/fahrradtour-tallinn-lahemaa-nationalpark-5-tage\/#breadcrumb","itemListElement":[{"@type":"ListItem","position":1,"name":"Home","item":"https:\/\/activest.ee\/en\/"},{"@type":"ListItem","position":2,"name":"Shop","item":"https:\/\/www.activest.ee\/en\/shop-2\/"},{"@type":"ListItem","position":3,"name":"Fahrradtour Tallinn &#8211; Lahemaa Nationalpark 5 Tage"}]},{"@type":"WebSite","@id":"https:\/\/www.activest.ee\/#website","url":"https:\/\/www.activest.ee\/","name":"ActivEst","description":"Reisen, Familienreisen, Naturreisen, Abenteurreisen","potentialAction":[{"@type":"SearchAction","target":{"@type":"EntryPoint","urlTemplate":"https:\/\/www.activest.ee\/?s={search_term_string}"},"query-input":"required name=search_term_string"}],"inLanguage":"en-US"}]}},"_links":{"self":[{"href":"https:\/\/www.activest.ee\/en\/wp-json\/wp\/v2\/product\/22122","targetHints":{"allow":["GET"]}}],"collection":[{"href":"https:\/\/www.activest.ee\/en\/wp-json\/wp\/v2\/product"}],"about":[{"href":"https:\/\/www.activest.ee\/en\/wp-json\/wp\/v2\/types\/product"}],"replies":[{"embeddable":true,"href":"https:\/\/www.activest.ee\/en\/wp-json\/wp\/v2\/comments?post=22122"}],"wp:featuredmedia":[{"embeddable":true,"href":"https:\/\/www.activest.ee\/en\/wp-json\/wp\/v2\/media\/22168"}],"wp:attachment":[{"href":"https:\/\/www.activest.ee\/en\/wp-json\/wp\/v2\/media?parent=22122"}],"wp:term":[{"taxonomy":"product_cat","embeddable":true,"href":"https:\/\/www.activest.ee\/en\/wp-json\/wp\/v2\/product_cat?post=22122"},{"taxonomy":"product_tag","embeddable":true,"href":"https:\/\/www.activest.ee\/en\/wp-json\/wp\/v2\/product_tag?post=22122"}],"curies":[{"name":"wp","href":"https:\/\/api.w.org\/{rel}","templated":true}]}}