{"id":22118,"date":"2020-11-25T14:37:39","date_gmt":"2020-11-25T12:37:39","guid":{"rendered":"https:\/\/activest.ee\/?post_type=product&#038;p=22118"},"modified":"2020-11-26T12:41:23","modified_gmt":"2020-11-26T10:41:23","slug":"familienreise-estland-naturreise-und-urlaubsfeeling-an-der-ostsee-leuchtuerme-windmuehlen-und-moorwanderungen-8-tage","status":"publish","type":"product","link":"https:\/\/www.activest.ee\/en\/toode\/familienreise-estland-naturreise-und-urlaubsfeeling-an-der-ostsee-leuchtuerme-windmuehlen-und-moorwanderungen-8-tage\/","title":{"rendered":"Familienreise Estland &#8211; Naturreise und Urlaubsfeeling an der Ostsee: Leucht\u00fcrme, Windm\u00fchlen und Moorwanderungen 8 Tage"},"content":{"rendered":"<div class=\"fusion-fullwidth fullwidth-box fusion-builder-row-1 nonhundred-percent-fullwidth non-hundred-percent-height-scrolling\" style=\"background-color: rgba(255,255,255,0);background-position: center center;background-repeat: no-repeat;padding-top:0px;padding-right:0px;padding-bottom:0px;padding-left:0px;margin-bottom: 0px;margin-top: 0px;border-width: 0px 0px 0px 0px;border-color:#eae9e9;border-style:solid;\" ><div class=\"fusion-builder-row fusion-row\"><div class=\"fusion-layout-column fusion_builder_column fusion-builder-column-0 fusion_builder_column_1_1 1_1 fusion-one-full fusion-column-first fusion-column-last\" style=\"margin-top:0px;margin-bottom:20px;\"><div class=\"fusion-column-wrapper fusion-flex-column-wrapper-legacy\" style=\"background-position:left top;background-repeat:no-repeat;-webkit-background-size:cover;-moz-background-size:cover;-o-background-size:cover;background-size:cover;padding: 0px 0px 0px 0px;\"><div class=\"fusion-button-wrapper\"><style type=\"text\/css\">.fusion-button.button-1 {border-radius:2px;}<\/style><a class=\"fusion-button button-flat fusion-button-default-size button-default button-1 fusion-button-default-span fusion-button-default-type\" target=\"_self\" href=\"#description\"><span class=\"fusion-button-text\">Reisebeschreibung<\/span><\/a><\/div><div class=\"fusion-button-wrapper\"><style type=\"text\/css\">.fusion-button.button-2 {border-radius:2px;}<\/style><a class=\"fusion-button button-flat fusion-button-default-size button-default button-2 fusion-button-default-span fusion-button-default-type\" target=\"_self\" href=\"#detailed\"><span class=\"fusion-button-text\">Detailbeschreibung<\/span><\/a><\/div><div class=\"fusion-button-wrapper\"><style type=\"text\/css\">.fusion-button.button-3 {border-radius:2px;}<\/style><a class=\"fusion-button button-flat fusion-button-default-size button-default button-3 fusion-button-default-span fusion-button-default-type\" target=\"_self\" href=\"#price\"><span class=\"fusion-button-text\">Termine und Preis<\/span><\/a><\/div><div class=\"fusion-clearfix\"><\/div><\/div><\/div><div class=\"fusion-layout-column fusion_builder_column fusion-builder-column-1 fusion_builder_column_1_1 1_1 fusion-one-full fusion-column-first fusion-column-last\" style=\"margin-top:0px;margin-bottom:20px;\"><div class=\"fusion-column-wrapper fusion-flex-column-wrapper-legacy\" style=\"background-position:left top;background-repeat:no-repeat;-webkit-background-size:cover;-moz-background-size:cover;-o-background-size:cover;background-size:cover;padding: 0px 0px 0px 0px;\"><div class=\"fusion-text fusion-text-1\" style=\"transform:translate3d(0,0,0);\"><\/div><div class=\"fusion-clearfix\"><\/div><\/div><\/div><div class=\"fusion-layout-column fusion_builder_column fusion-builder-column-2 fusion_builder_column_1_1 1_1 fusion-one-full fusion-column-first fusion-column-last\" style=\"margin-top:0px;margin-bottom:20px;\"><div class=\"fusion-column-wrapper fusion-flex-column-wrapper-legacy\" style=\"background-position:left top;background-repeat:no-repeat;-webkit-background-size:cover;-moz-background-size:cover;-o-background-size:cover;background-size:cover;padding: 0px 0px 0px 0px;\"><div class=\"fusion-menu-anchor\" id=\"description\"><\/div><div class=\"fusion-text fusion-text-2\" style=\"transform:translate3d(0,0,0);\"><h2><strong>H\u00f6hepunkte:<\/strong><\/h2>\n<ul>\n<li>viel individuelle Freiheit kombiniert mit dem Komfort einer Gruppenreise;<\/li>\n<li>deutschsprachige Reiseleitung;<\/li>\n<li>besondere Kombination von Natur und Kultur;<\/li>\n<li>mittelalterliche Burgen und m\u00e4rchenhafte Schl\u00f6sser;<\/li>\n<li>weite Str\u00e4nde mit Badegelegenheit;<\/li>\n<li>tolle Vielfalt zwischen historischen St\u00e4dten und eindrucksvoller Natur.<\/li>\n<\/ul>\n<p>Gleich am Anfang der Reise Spazieren wir durch die weltber\u00fchmte Altstadt von Tallinn. Die estnische Hauptstadt ist eine der \u00e4ltesten St\u00e4dte Nordeuropas und zugleich auch eine der sch\u00f6nsten und spannendsten. Die Urspr\u00fcnge Tallinns reichen bis in das 13. Jahrhundert zur\u00fcck! In der Altstadt k\u00f6nnen wir auch heute noch viele der mittelalterlichen Bauten bewundern , denn der historische Kern, innerhalb der hohen Stadtmauern, ist fast vollst\u00e4ndig erhalten geblieben.<\/p>\n<p>W\u00e4hrend dieser Reise sind wir auf der viertgr\u00f6\u00dften Ostseeinsel, Saaremaa, unterwegs. Dort verbringen wir Zeit an einsamen Str\u00e4nden, welche perfekte Gelegenheiten zum Baden und Wandern bieten. Wir besichtigen die au\u00dfergew\u00f6hnliche Inselhauptstadt und ihre historische Burg. Wir \u00fcbernachten in der Alutaguse Region, in einer Wildtierbeobachtungsh\u00fctte, wo die Chancen, einen freilebenden estnischen Braunb\u00e4ren und andere spannende Waldtiere zu sehen, sehr gut stehen. Im Lahemaa Nationalpark steht Baden in einem Hochmoor, eine Wanderung durch einen Taigawald und der Besuch des historischen Kapit\u00e4nsdorf von K\u00e4smu auf dem Programm.<\/p>\n<\/div><div class=\"fusion-clearfix\"><\/div><\/div><\/div><div class=\"fusion-layout-column fusion_builder_column fusion-builder-column-3 fusion_builder_column_1_1 1_1 fusion-one-full fusion-column-first fusion-column-last\" style=\"margin-top:0px;margin-bottom:20px;\"><div class=\"fusion-column-wrapper fusion-flex-column-wrapper-legacy\" style=\"background-position:left top;background-repeat:no-repeat;-webkit-background-size:cover;-moz-background-size:cover;-o-background-size:cover;background-size:cover;padding: 0px 0px 0px 0px;\"><div class=\"fusion-menu-anchor\" id=\"detailed\"><\/div><div class=\"fusion-text fusion-text-3\" style=\"transform:translate3d(0,0,0);\"><h2>1. Tag:\u00a0 Anreise nach Estland<\/h2>\n<p><span style=\"font-weight: 400;\">Anreise am Flughafen. Ankunft und Abendessen in einem Hotel in Tallinn.<\/span><\/p>\n<h2>2. Tag:\u00a0<b>Stadtf\u00fchrung in Tallinn<\/b><\/h2>\n<p><span style=\"font-weight: 400;\">Am Vormittag werden wir die estnische Hauptstadt Tallinn kennenlernen: den Domberg, ein Kalkberg der als Wahrzeichen der Stadt gilt,\u00a0 mit dem Ritterorden Schloss und der\u00a0 Domkirche, sowie die b\u00fcrgerliche Unterstadt mit dem Rathaus.<\/span><span style=\"font-weight: 400;\"> Ein Spaziergang durch die engen G\u00e4sschen ist wie eine Reise in die Vergangenheit, auf der wir jede\u00a0 Menge \u00fcber die geheimnisvolle Geschichte der Stadt erfahren k\u00f6nnen. Im Marzipanmuseum h\u00f6ren sowohl kleine als auch gro\u00dfe Besucher interessante Geschichten \u00fcber Marzipan und dessen Geschichte. Ein leckeres Marzipan-Probe geh\u00f6rt nat\u00fcrlich dazu.<\/span><\/p>\n<p><span style=\"font-weight: 400;\">Der Nachmittag ist die Frage: Badestrand in Pirita oder Park Katharinental mit tollem Kaffee und Kuchen?\u00a0<\/span><\/p>\n<p><i><span style=\"font-weight: 400;\">\u00dcbernachtung im G\u00e4stehaus in Tallinn<\/span><\/i><\/p>\n<h2>3. Tag: <b>Lahemaa Nationalpark<\/b><\/h2>\n<p><span style=\"font-weight: 400;\">Am Vormittag verlassen wir die Hauptstadt und fahren in den Nationalpark Lahemaa.<\/span><\/p>\n<p><span style=\"font-weight: 400;\">Unterwegs begeben wir uns auf eine abenteuerliche Moorwanderung mit Badegelegenheit in einem Moorsee &#8211; wir geniessen eine SPA mitten in der Natur!\u00a0 Das Kapit\u00e4nsdorf von K\u00e4smu an der Ostsee ist besonders einladend f\u00fcr Kinder zum Spielen.<\/span><\/p>\n<p><i><span style=\"font-weight: 400;\">\u00dcbernachtung im G\u00e4stehaus im Lahemaa NP<\/span><\/i><\/p>\n<h2>4. Tag: <b>B\u00e4renbeobachtung in Alutaguse<\/b><\/h2>\n<p><span style=\"font-weight: 400;\">Heute geht die Fahrt zu einer einfachen B\u00e4renbeobachtungsh\u00fctte, tief in der estnischen Taiga. Hier verbringen wir die Nacht und warten auf B\u00e4ren und andere interessante Tiere. In Estland leben fast 700 B\u00e4ren. Aus dem Fenster sehen wir eine offene Landschaft mit einem weiten Blick auf Wiesen und Weidengeb\u00fcsche. Dort k\u00f6nnen wir Elche oder Biber beobachten. Die H\u00fctten sind einfach, komfortabel, sauber und gem\u00fctlich f\u00fcr uns eingerichtet. Es befinden sich\u00a0 dort getrennte Kabinen mit Etagenbetten. <\/span><span style=\"font-weight: 400;\">Ein Naturf\u00fchrer beantwortet alle unsere Fragen. Zum Beispiel: was essen die Tiere und wie gehen die B\u00e4ren mit Ihren Jungtieren um.<\/span><\/p>\n<p><i><span style=\"font-weight: 400;\">\u00dcbernachtung in der B\u00e4renh\u00fctte.<\/span><\/i><\/p>\n<h2>5. Tag: <b>Estnische Inselwelt mit Leuchtt\u00fcrmen und Windm\u00fchlen<\/b><\/h2>\n<p>Nach der spannenden Nacht in der B\u00e4renh\u00fctte fr\u00fchst\u00fccken wir in der Stadt Rakvere. Ein Blick auf das Burg und wir fahren zu den Inselgebieten weiter. Mit der F\u00e4hre \u00fcbers Ostsee und wir sind erstmals auf dem Insel Muhu, die durch ihre romantischen Fischerd\u00f6rfer und Windm\u00fchlen bekannt ist. Ebenso ist ein wiedererweckter heidnischer Brauch bemerkenswert \u2013 das Streichen und Verzieren von T\u00fcren mit magischen Symbolen.<br \/>\nDrei \u00dcbernachtungen auf der Insel Saaremaa.<\/p>\n<h2>6. Tag: <b>Inselhauptstadt Kuressaare<\/b><\/h2>\n<p><span style=\"font-weight: 400;\">Am Vormittag k\u00f6nnen wir die Bischofsburg in Kuressaare anschauen oder im Kurpark ein Eis essen. Die unber\u00fchrte Natur l\u00e4sst sich je nach Lust und Laune zu Fu\u00df, mit dem Rad oder auch hoch zu Ross durchstreifen. Ruhige Buchten laden zum Baden und Faulenzen am Strand ein. Wer sportlich ist, kann mit Stand-up-paddle Strand entlang rudeln. Nachmittag geh\u00f6rt Ihnen!<\/span><\/p>\n<p><i><span style=\"font-weight: 400;\">\u00dcbernachtung auf dem Insel Saaremaa<\/span><\/i><\/p>\n<h2>7. Tag: <b>Strandwanderung mit Badepausen und Leuchtt\u00fcrmer<\/b><\/h2>\n<p><span style=\"font-weight: 400;\">Zum Reisemen\u00fc eines Naturfreundes geh\u00f6ren der Krater von Kaali, der Besuch des ersten wissenschaftlich bewiesenen Meteoritenkraters in Europa, und sowohl ein Spaziergang auf der Steilk\u00fcste von Panga. Halbinsel S\u00f5rve finden Sie nicht nur ein Leuchtturm aber ein ganzes Museum f\u00fcr die Leuchtt\u00fcrme in der Welt.<\/span><\/p>\n<p><i><span style=\"font-weight: 400;\">\u00dcbernachtung auf dem Insel Saaremaa<\/span><\/i><\/p>\n<h2>8. Tag: <b>R\u00fcckfahrt oder Verl\u00e4ngerung in P\u00e4rnu\/Tallinn<\/b><\/h2>\n<p><span style=\"font-weight: 400;\">Transfer zum Flughafen in Tallinn<\/span><\/p>\n<\/div><div class=\"fusion-clearfix\"><\/div><\/div><\/div><div class=\"fusion-layout-column fusion_builder_column fusion-builder-column-4 fusion_builder_column_1_1 1_1 fusion-one-full fusion-column-first fusion-column-last\" style=\"margin-top:0px;margin-bottom:20px;\"><div class=\"fusion-column-wrapper fusion-flex-column-wrapper-legacy\" style=\"background-position:left top;background-repeat:no-repeat;-webkit-background-size:cover;-moz-background-size:cover;-o-background-size:cover;background-size:cover;padding: 0px 0px 0px 0px;\"><div class=\"fusion-menu-anchor\" id=\"price\"><\/div><div class=\"fusion-text fusion-text-4\" style=\"transform:translate3d(0,0,0);\"><h2>Termine:<\/h2>\n<h2>Preis<\/h2>\n<p>Kind(6-14) 860\u20ac; Erwachsene 1090\u20ac inklusive:<\/p>\n<ul>\n<li>6 bis 16 Teilnehmer;<\/li>\n<li>Deutsch sprechende, durchg\u00e4ngige Reiseleitung;<\/li>\n<li>6 \u00dcbernachtungen in Mittelklassehotels und Gasth\u00e4usern;<\/li>\n<li>1 \u00dcbernachtung in der B\u00e4renbeobachtung H\u00fctte mit Schlafsack;<\/li>\n<li>Picknick in der B\u00e4renh\u00fctte;<\/li>\n<li>Willkommen-Essen am ersten Abend in Tallinn;<\/li>\n<li>Marzipan Probe im Marzipan Museum;<\/li>\n<li>Alle Ausfl\u00fcge und Besichtigungen laut Programm (ohne Eintrittsgelder);<\/li>\n<li>Transport laut Programm in landes\u00fcblichen Reisebussen (ohne Flughafentransfer);<\/li>\n<li>F\u00e4hr\u00fcberfahrt auf den Inselgebiet.<\/li>\n<\/ul>\n<\/div><div class=\"fusion-clearfix\"><\/div><\/div><\/div><\/div><\/div>\n","protected":false},"excerpt":{"rendered":"<p><span style=\"font-weight: 400;\">Estland das kleinste und n\u00f6rdlichste von den drei Baltischen Staaten ist durch sein sicheres, ruhiges aber gleichzeitig auch hochmodernes Leben ideal f\u00fcr Familienurlaube. Unber\u00fchrte vielf\u00e4ltige Naturlandschaften, gut pr\u00e4sentierte interessante Geschichte und innovative E-L\u00f6sungen bieten zahlreiche Enteckungsm\u00f6glichkeiten f\u00fcr alle Familien mit Kindern. <\/span><\/p>\n","protected":false},"featured_media":22125,"comment_status":"open","ping_status":"closed","template":"","meta":[],"product_cat":[472,458,466,460,457,468],"product_tag":[],"class_list":["post-22118","product","type-product","status-publish","has-post-thumbnail","hentry","product_cat-estland","product_cat-familienreisen","product_cat-multiaktivreisen","product_cat-reisen","product_cat-guppenreisen","product_cat-wandern"],"yoast_head":"<!-- This site is optimized with the Yoast SEO plugin v21.8 - https:\/\/yoast.com\/wordpress\/plugins\/seo\/ -->\n<title>Familienreise Estland - Naturreise und Urlaubsfeeling an der Ostsee: Leucht\u00fcrme, Windm\u00fchlen und Moorwanderungen 8 Tage - ActivEst<\/title>\n<meta name=\"robots\" content=\"index, follow, max-snippet:-1, max-image-preview:large, max-video-preview:-1\" \/>\n<link rel=\"canonical\" href=\"https:\/\/activest.ee\/en\/toode\/familienreise-estland-naturreise-und-urlaubsfeeling-an-der-ostsee-leuchtuerme-windmuehlen-und-moorwanderungen-8-tage\/\" \/>\n<meta property=\"og:locale\" content=\"en_US\" \/>\n<meta property=\"og:type\" content=\"article\" \/>\n<meta property=\"og:title\" content=\"Familienreise Estland - Naturreise und Urlaubsfeeling an der Ostsee: Leucht\u00fcrme, Windm\u00fchlen und Moorwanderungen 8 Tage - ActivEst\" \/>\n<meta property=\"og:description\" content=\"Estland das kleinste und n\u00f6rdlichste von den drei Baltischen Staaten ist durch sein sicheres, ruhiges aber gleichzeitig auch hochmodernes Leben ideal f\u00fcr Familienurlaube. Unber\u00fchrte vielf\u00e4ltige Naturlandschaften, gut pr\u00e4sentierte interessante Geschichte und innovative E-L\u00f6sungen bieten zahlreiche Enteckungsm\u00f6glichkeiten f\u00fcr alle Familien mit Kindern.\" \/>\n<meta property=\"og:url\" content=\"https:\/\/activest.ee\/en\/toode\/familienreise-estland-naturreise-und-urlaubsfeeling-an-der-ostsee-leuchtuerme-windmuehlen-und-moorwanderungen-8-tage\/\" \/>\n<meta property=\"og:site_name\" content=\"ActivEst\" \/>\n<meta property=\"article:modified_time\" content=\"2020-11-26T10:41:23+00:00\" \/>\n<meta property=\"og:image\" content=\"https:\/\/activest.ee\/wp-content\/uploads\/2020\/11\/lapstuletorn.jpg\" \/>\n\t<meta property=\"og:image:width\" content=\"533\" \/>\n\t<meta property=\"og:image:height\" content=\"799\" \/>\n\t<meta property=\"og:image:type\" content=\"image\/jpeg\" \/>\n<meta name=\"twitter:card\" content=\"summary_large_image\" \/>\n<meta name=\"twitter:label1\" content=\"Est. reading time\" \/>\n\t<meta name=\"twitter:data1\" content=\"11 minutes\" \/>\n<script type=\"application\/ld+json\" class=\"yoast-schema-graph\">{\"@context\":\"https:\/\/schema.org\",\"@graph\":[{\"@type\":\"WebPage\",\"@id\":\"https:\/\/activest.ee\/en\/toode\/familienreise-estland-naturreise-und-urlaubsfeeling-an-der-ostsee-leuchtuerme-windmuehlen-und-moorwanderungen-8-tage\/\",\"url\":\"https:\/\/activest.ee\/en\/toode\/familienreise-estland-naturreise-und-urlaubsfeeling-an-der-ostsee-leuchtuerme-windmuehlen-und-moorwanderungen-8-tage\/\",\"name\":\"Familienreise Estland - Naturreise und Urlaubsfeeling an der Ostsee: Leucht\u00fcrme, Windm\u00fchlen und Moorwanderungen 8 Tage - ActivEst\",\"isPartOf\":{\"@id\":\"https:\/\/activest.ee\/en\/#website\"},\"datePublished\":\"2020-11-25T12:37:39+00:00\",\"dateModified\":\"2020-11-26T10:41:23+00:00\",\"breadcrumb\":{\"@id\":\"https:\/\/activest.ee\/en\/toode\/familienreise-estland-naturreise-und-urlaubsfeeling-an-der-ostsee-leuchtuerme-windmuehlen-und-moorwanderungen-8-tage\/#breadcrumb\"},\"inLanguage\":\"en-US\",\"potentialAction\":[{\"@type\":\"ReadAction\",\"target\":[\"https:\/\/activest.ee\/en\/toode\/familienreise-estland-naturreise-und-urlaubsfeeling-an-der-ostsee-leuchtuerme-windmuehlen-und-moorwanderungen-8-tage\/\"]}]},{\"@type\":\"BreadcrumbList\",\"@id\":\"https:\/\/activest.ee\/en\/toode\/familienreise-estland-naturreise-und-urlaubsfeeling-an-der-ostsee-leuchtuerme-windmuehlen-und-moorwanderungen-8-tage\/#breadcrumb\",\"itemListElement\":[{\"@type\":\"ListItem\",\"position\":1,\"name\":\"Home\",\"item\":\"https:\/\/activest.ee\/en\/\"},{\"@type\":\"ListItem\",\"position\":2,\"name\":\"Shop\",\"item\":\"https:\/\/activest.ee\/en\/shop-2\/\"},{\"@type\":\"ListItem\",\"position\":3,\"name\":\"Familienreise Estland &#8211; Naturreise und Urlaubsfeeling an der Ostsee: Leucht\u00fcrme, Windm\u00fchlen und Moorwanderungen 8 Tage\"}]},{\"@type\":\"WebSite\",\"@id\":\"https:\/\/activest.ee\/en\/#website\",\"url\":\"https:\/\/activest.ee\/en\/\",\"name\":\"ActivEst\",\"description\":\"Reisen, Familienreisen, Naturreisen, Abenteurreisen\",\"potentialAction\":[{\"@type\":\"SearchAction\",\"target\":{\"@type\":\"EntryPoint\",\"urlTemplate\":\"https:\/\/activest.ee\/en\/?s={search_term_string}\"},\"query-input\":\"required name=search_term_string\"}],\"inLanguage\":\"en-US\"}]}<\/script>\n<!-- \/ Yoast SEO plugin. -->","yoast_head_json":{"title":"Familienreise Estland - Naturreise und Urlaubsfeeling an der Ostsee: Leucht\u00fcrme, Windm\u00fchlen und Moorwanderungen 8 Tage - ActivEst","robots":{"index":"index","follow":"follow","max-snippet":"max-snippet:-1","max-image-preview":"max-image-preview:large","max-video-preview":"max-video-preview:-1"},"canonical":"https:\/\/activest.ee\/en\/toode\/familienreise-estland-naturreise-und-urlaubsfeeling-an-der-ostsee-leuchtuerme-windmuehlen-und-moorwanderungen-8-tage\/","og_locale":"en_US","og_type":"article","og_title":"Familienreise Estland - Naturreise und Urlaubsfeeling an der Ostsee: Leucht\u00fcrme, Windm\u00fchlen und Moorwanderungen 8 Tage - ActivEst","og_description":"Estland das kleinste und n\u00f6rdlichste von den drei Baltischen Staaten ist durch sein sicheres, ruhiges aber gleichzeitig auch hochmodernes Leben ideal f\u00fcr Familienurlaube. Unber\u00fchrte vielf\u00e4ltige Naturlandschaften, gut pr\u00e4sentierte interessante Geschichte und innovative E-L\u00f6sungen bieten zahlreiche Enteckungsm\u00f6glichkeiten f\u00fcr alle Familien mit Kindern.","og_url":"https:\/\/activest.ee\/en\/toode\/familienreise-estland-naturreise-und-urlaubsfeeling-an-der-ostsee-leuchtuerme-windmuehlen-und-moorwanderungen-8-tage\/","og_site_name":"ActivEst","article_modified_time":"2020-11-26T10:41:23+00:00","og_image":[{"width":533,"height":799,"url":"https:\/\/activest.ee\/wp-content\/uploads\/2020\/11\/lapstuletorn.jpg","type":"image\/jpeg"}],"twitter_card":"summary_large_image","twitter_misc":{"Est. reading time":"11 minutes"},"schema":{"@context":"https:\/\/schema.org","@graph":[{"@type":"WebPage","@id":"https:\/\/activest.ee\/en\/toode\/familienreise-estland-naturreise-und-urlaubsfeeling-an-der-ostsee-leuchtuerme-windmuehlen-und-moorwanderungen-8-tage\/","url":"https:\/\/activest.ee\/en\/toode\/familienreise-estland-naturreise-und-urlaubsfeeling-an-der-ostsee-leuchtuerme-windmuehlen-und-moorwanderungen-8-tage\/","name":"Familienreise Estland - Naturreise und Urlaubsfeeling an der Ostsee: Leucht\u00fcrme, Windm\u00fchlen und Moorwanderungen 8 Tage - ActivEst","isPartOf":{"@id":"https:\/\/activest.ee\/en\/#website"},"datePublished":"2020-11-25T12:37:39+00:00","dateModified":"2020-11-26T10:41:23+00:00","breadcrumb":{"@id":"https:\/\/activest.ee\/en\/toode\/familienreise-estland-naturreise-und-urlaubsfeeling-an-der-ostsee-leuchtuerme-windmuehlen-und-moorwanderungen-8-tage\/#breadcrumb"},"inLanguage":"en-US","potentialAction":[{"@type":"ReadAction","target":["https:\/\/activest.ee\/en\/toode\/familienreise-estland-naturreise-und-urlaubsfeeling-an-der-ostsee-leuchtuerme-windmuehlen-und-moorwanderungen-8-tage\/"]}]},{"@type":"BreadcrumbList","@id":"https:\/\/activest.ee\/en\/toode\/familienreise-estland-naturreise-und-urlaubsfeeling-an-der-ostsee-leuchtuerme-windmuehlen-und-moorwanderungen-8-tage\/#breadcrumb","itemListElement":[{"@type":"ListItem","position":1,"name":"Home","item":"https:\/\/activest.ee\/en\/"},{"@type":"ListItem","position":2,"name":"Shop","item":"https:\/\/activest.ee\/en\/shop-2\/"},{"@type":"ListItem","position":3,"name":"Familienreise Estland &#8211; Naturreise und Urlaubsfeeling an der Ostsee: Leucht\u00fcrme, Windm\u00fchlen und Moorwanderungen 8 Tage"}]},{"@type":"WebSite","@id":"https:\/\/activest.ee\/en\/#website","url":"https:\/\/activest.ee\/en\/","name":"ActivEst","description":"Reisen, Familienreisen, Naturreisen, Abenteurreisen","potentialAction":[{"@type":"SearchAction","target":{"@type":"EntryPoint","urlTemplate":"https:\/\/activest.ee\/en\/?s={search_term_string}"},"query-input":"required name=search_term_string"}],"inLanguage":"en-US"}]}},"_links":{"self":[{"href":"https:\/\/www.activest.ee\/en\/wp-json\/wp\/v2\/product\/22118","targetHints":{"allow":["GET"]}}],"collection":[{"href":"https:\/\/www.activest.ee\/en\/wp-json\/wp\/v2\/product"}],"about":[{"href":"https:\/\/www.activest.ee\/en\/wp-json\/wp\/v2\/types\/product"}],"replies":[{"embeddable":true,"href":"https:\/\/www.activest.ee\/en\/wp-json\/wp\/v2\/comments?post=22118"}],"wp:featuredmedia":[{"embeddable":true,"href":"https:\/\/www.activest.ee\/en\/wp-json\/wp\/v2\/media\/22125"}],"wp:attachment":[{"href":"https:\/\/www.activest.ee\/en\/wp-json\/wp\/v2\/media?parent=22118"}],"wp:term":[{"taxonomy":"product_cat","embeddable":true,"href":"https:\/\/www.activest.ee\/en\/wp-json\/wp\/v2\/product_cat?post=22118"},{"taxonomy":"product_tag","embeddable":true,"href":"https:\/\/www.activest.ee\/en\/wp-json\/wp\/v2\/product_tag?post=22118"}],"curies":[{"name":"wp","href":"https:\/\/api.w.org\/{rel}","templated":true}]}}