{"id":22024,"date":"2020-09-22T15:19:52","date_gmt":"2020-09-22T12:19:52","guid":{"rendered":"https:\/\/activest.ee\/?post_type=product&#038;p=22024"},"modified":"2021-10-23T13:25:35","modified_gmt":"2021-10-23T10:25:35","slug":"slow-down-reise-in-estland","status":"publish","type":"product","link":"https:\/\/activest.ee\/en\/toode\/slow-down-reise-in-estland\/","title":{"rendered":"Slow Down in Estland 5 Tage"},"content":{"rendered":"<div class=\"fusion-fullwidth fullwidth-box fusion-builder-row-1 nonhundred-percent-fullwidth non-hundred-percent-height-scrolling\" style=\"background-color: rgba(255,255,255,0);background-position: center center;background-repeat: no-repeat;padding-top:0px;padding-right:0px;padding-bottom:0px;padding-left:0px;margin-bottom: 0px;margin-top: 0px;border-width: 0px 0px 0px 0px;border-color:#eae9e9;border-style:solid;\" ><div class=\"fusion-builder-row fusion-row\"><div class=\"fusion-layout-column fusion_builder_column fusion-builder-column-0 fusion_builder_column_1_1 1_1 fusion-one-full fusion-column-first fusion-column-last\" style=\"margin-top:0px;margin-bottom:20px;\"><div class=\"fusion-column-wrapper fusion-flex-column-wrapper-legacy\" style=\"background-position:left top;background-repeat:no-repeat;-webkit-background-size:cover;-moz-background-size:cover;-o-background-size:cover;background-size:cover;padding: 0px 0px 0px 0px;\"><div class=\"fusion-button-wrapper\"><style type=\"text\/css\">.fusion-button.button-1 {border-radius:2px;}<\/style><a class=\"fusion-button button-flat fusion-button-default-size button-default button-1 fusion-button-default-span fusion-button-default-type\" target=\"_self\" href=\"#description\"><span class=\"fusion-button-text\">Reisebeschreibung<\/span><\/a><\/div><div class=\"fusion-button-wrapper\"><style type=\"text\/css\">.fusion-button.button-2 {border-radius:2px;}<\/style><a class=\"fusion-button button-flat fusion-button-default-size button-default button-2 fusion-button-default-span fusion-button-default-type\" target=\"_self\" href=\"#detailed\"><span class=\"fusion-button-text\">Detailbeschreibung<\/span><\/a><\/div><div class=\"fusion-button-wrapper\"><style type=\"text\/css\">.fusion-button.button-3 {border-radius:2px;}<\/style><a class=\"fusion-button button-flat fusion-button-default-size button-default button-3 fusion-button-default-span fusion-button-default-type\" target=\"_self\" href=\"#price\"><span class=\"fusion-button-text\">Termine und Preis<\/span><\/a><\/div><div class=\"fusion-clearfix\"><\/div><\/div><\/div><div class=\"fusion-layout-column fusion_builder_column fusion-builder-column-1 fusion_builder_column_1_1 1_1 fusion-one-full fusion-column-first fusion-column-last\" style=\"margin-top:0px;margin-bottom:20px;\"><div class=\"fusion-column-wrapper fusion-flex-column-wrapper-legacy\" style=\"background-position:left top;background-repeat:no-repeat;-webkit-background-size:cover;-moz-background-size:cover;-o-background-size:cover;background-size:cover;padding: 0px 0px 0px 0px;\"><div class=\"fusion-text fusion-text-1\" style=\"transform:translate3d(0,0,0);\"><\/div><div class=\"fusion-clearfix\"><\/div><\/div><\/div><div class=\"fusion-layout-column fusion_builder_column fusion-builder-column-2 fusion_builder_column_1_1 1_1 fusion-one-full fusion-column-first fusion-column-last\" style=\"margin-top:0px;margin-bottom:20px;\"><div class=\"fusion-column-wrapper fusion-flex-column-wrapper-legacy\" style=\"background-position:left top;background-repeat:no-repeat;-webkit-background-size:cover;-moz-background-size:cover;-o-background-size:cover;background-size:cover;padding: 0px 0px 0px 0px;\"><div class=\"fusion-menu-anchor\" id=\"description\"><\/div><div class=\"fusion-text fusion-text-2\" style=\"transform:translate3d(0,0,0);\"><\/div><div class=\"fusion-clearfix\"><\/div><\/div><\/div><div class=\"fusion-layout-column fusion_builder_column fusion-builder-column-3 fusion_builder_column_1_1 1_1 fusion-one-full fusion-column-first fusion-column-last\" style=\"margin-top:0px;margin-bottom:20px;\"><div class=\"fusion-column-wrapper fusion-flex-column-wrapper-legacy\" style=\"background-position:left top;background-repeat:no-repeat;-webkit-background-size:cover;-moz-background-size:cover;-o-background-size:cover;background-size:cover;padding: 0px 0px 0px 0px;\"><div class=\"fusion-menu-anchor\" id=\"detailed\"><\/div><div class=\"fusion-text fusion-text-3\" style=\"transform:translate3d(0,0,0);\"><h2>1.Tag Ankunft in Tallinn.<\/h2>\n<p>Schon am ersten Nachmittag machen wir zusammen einen Spaziergang \u00fcber stolprigen Strassen durch die mittelalterliche Altstadt mit Kaufmanns Residenzen und Gildeh\u00e4user und geniessen anschlie\u00dflich in einem landestypischen Lokal unseren Abendessen.<br \/>\n\u00dcbernachtung in Tallinn<\/p>\n<h2>2.Tag Tallinn und romantische Landid\u00fclle<\/h2>\n<p>Nach dem Fr\u00fchst\u00fcck starten wir auf den Domberg mit<br \/>\nmittelalterlichen Ordensritterburg und estnischen Parlament, dann geht es durch enge Gassen Gilde H\u00e4usern vorbei bis aufs Rathausplatz mit gotischen Rathaus. Nach eine Kaffeepause mit Verkostung Tallinner Marzipan, geht es Richtung K\u00fcste. Am Waldrande wartet uns ein romantisches Landgut mit dem Abendessen.<br \/>\nWer noch Lust hat, kann einen Spaziergang zum Ostsee machen.<br \/>\n3 \u00dcbernachtungen in Altm\u00f5isa Gasthaus<\/p>\n<h2>3.Tag in Wildniss<\/h2>\n<p>Heute bleiben wir in Wildnis und wandern durch Hochmoorgebiete und am Ende des Weges steht ein hoher Aussichtsturm mit h\u00f6lzerner Plattform.Im Hochmoor Marimetsa sehen Sie sowohl Niedermoor, \u00dcbergangsmoor als auch Hochmoor und auch die Vogel- und Pflanzenwelt ist sehr artenreich.<br \/>\nNachdem Wanderung kochen wir selbst auf dem Lagerfeuer eine Waldk\u00fcche mit estnischen Spezialit\u00e4ten. Wie schmeckt Kama?<br \/>\nAm Abend sitzen wir ins Boot und fahren durch Kassari Flussdelta um zu sehen ob da Elche oder Biber unterwegs sind.<\/p>\n<h2>4.Tag in Kurstadt Haapsalu: Relaxa SPA<\/h2>\n<p>Eine ruhige und sympathische Stadt mit Bischofsburg und sch\u00f6nen Kurh\u00e4usern, die auf eine lange Geschichte als Heilbad zur\u00fcckblickt. Haapsalu war einst ein beliebtes Sommerferien Ziel der russischen Aristokratie. An der romantischen Promenade am Ufer liegt der Kursaal, eines der sch\u00f6nsten Holzgeb\u00e4ude in ganz Estland. Hier finden Sie auch eine fest etablierte Spa-Kultur. Zu unsere Estland Reise geh\u00f6rt nat\u00fcrlich ein Saunabesuch mit Grillabend.<\/p>\n<h2>5.Tag: Auf Wiedersehen Estland<\/h2>\n<p>Genie\u00dfen sie Ihren Fr\u00fchst\u00fcck nachher geht es Richtung Flughafen oder buchen Sie eine Verl\u00e4ngerung in der Nationalpark Matsalu.<\/p>\n<\/div><div class=\"fusion-clearfix\"><\/div><\/div><\/div><div class=\"fusion-layout-column fusion_builder_column fusion-builder-column-4 fusion_builder_column_1_1 1_1 fusion-one-full fusion-column-first fusion-column-last\" style=\"margin-top:0px;margin-bottom:20px;\"><div class=\"fusion-column-wrapper fusion-flex-column-wrapper-legacy\" style=\"background-position:left top;background-repeat:no-repeat;-webkit-background-size:cover;-moz-background-size:cover;-o-background-size:cover;background-size:cover;padding: 0px 0px 0px 0px;\"><div class=\"fusion-menu-anchor\" id=\"price\"><\/div><div class=\"fusion-text fusion-text-4\" style=\"transform:translate3d(0,0,0);\"><h3>Termine:<\/h3>\n<h3>Preis<\/h3>\n<p><span style=\"font-weight: 400;\">790 eur per Person in DZ\u00a0<\/span><\/p>\n<p><span style=\"font-weight: 400;\">150 eur\u00a0 Zuschlag f\u00fcr EZ<\/span><\/p>\n<h3>Inklusive Leistungen<\/h3>\n<ul>\n<li style=\"font-weight: 400;\"><span style=\"font-weight: 400;\">Marzipan Zimmer in Tallinn und ein Marktbesuch<\/span><\/li>\n<li style=\"font-weight: 400;\"><span style=\"font-weight: 400;\">Besuch der Ratsapotheke mit Kostprobe von Klarett<\/span><\/li>\n<li style=\"font-weight: 400;\"><span style=\"font-weight: 400;\">Bootsfahrt in Kassari Fluss-Delta<\/span><\/li>\n<li style=\"font-weight: 400;\"><span style=\"font-weight: 400;\">Kochkurs in Waldk\u00fcche mit gemeinsamem Essen\u00a0<\/span><\/li>\n<li style=\"font-weight: 400;\"><span style=\"font-weight: 400;\">Moorwanderung im Marimetsa mit Moorbaden<\/span><\/li>\n<li style=\"font-weight: 400;\"><span style=\"font-weight: 400;\">Saunabesuch<\/span><\/li>\n<li style=\"font-weight: 400;\"><span style=\"font-weight: 400;\">Grillabend<\/span><\/li>\n<\/ul>\n<h3><strong>Noch mehr M\u00f6glichkeiten:\u00a0\u00a0<\/strong><\/h3>\n<ul>\n<li><span style=\"font-weight: 400;\">Besuch der Jazzklub am Abend (15 eur per person),\u00a0<\/span><\/li>\n<li><span style=\"font-weight: 400;\">Verkostung der Sparkling-Wein und Marmeladen beim \u00f6rtlichen Bauern (200 eur per Gruppe)<\/span><\/li>\n<\/ul>\n<\/div><div class=\"fusion-clearfix\"><\/div><\/div><\/div><\/div><\/div>\n","protected":false},"excerpt":{"rendered":"<p><span style=\"font-weight: 400;\">Starke Akzente dieser Reise liegen auf dem modernen Lebensstil und Erholung, z.B. die modernster \u00d6ko-K\u00fcche von hohem Kaliber, die Tatsache, dass Estland komplett digitalisiert ist und die Menschen doch naturverbunden. Die Stadt Tallinn schafft es, die alte Ordensburg- und Hansestadt am baltischen Meer, den Spagat, einerseits traditionell gewichtige Historie und andererseits hippe Sp\u00e4tmoderne zu repr\u00e4sentieren. Diese Reise in eine gute Kombination von Kultur, Natur und Erholung. Auch die landestypische K\u00fcche spielt w\u00e4hrend der Reise eine wichtige Rolle &#8211; die Esten lieben es frisch, nat\u00fcrlich und regional.<\/span><\/p>\n","protected":false},"featured_media":22025,"comment_status":"open","ping_status":"closed","template":"","meta":[],"product_cat":[472,460,469],"product_tag":[],"class_list":["post-22024","product","type-product","status-publish","has-post-thumbnail","hentry","product_cat-estland","product_cat-reisen","product_cat-slow-down"],"yoast_head":"<!-- This site is optimized with the Yoast SEO plugin v21.8 - https:\/\/yoast.com\/wordpress\/plugins\/seo\/ -->\n<title>Slow Down in Estland 5 Tage - ActivEst<\/title>\n<meta name=\"robots\" content=\"index, follow, max-snippet:-1, max-image-preview:large, max-video-preview:-1\" \/>\n<link rel=\"canonical\" href=\"https:\/\/activest.ee\/en\/toode\/slow-down-reise-in-estland\/\" \/>\n<meta property=\"og:locale\" content=\"en_US\" \/>\n<meta property=\"og:type\" content=\"article\" \/>\n<meta property=\"og:title\" content=\"Slow Down in Estland 5 Tage - ActivEst\" \/>\n<meta property=\"og:description\" content=\"Starke Akzente dieser Reise liegen auf dem modernen Lebensstil und Erholung, z.B. die modernster \u00d6ko-K\u00fcche von hohem Kaliber, die Tatsache, dass Estland komplett digitalisiert ist und die Menschen doch naturverbunden. Die Stadt Tallinn schafft es, die alte Ordensburg- und Hansestadt am baltischen Meer, den Spagat, einerseits traditionell gewichtige Historie und andererseits hippe Sp\u00e4tmoderne zu repr\u00e4sentieren. Diese Reise in eine gute Kombination von Kultur, Natur und Erholung. Auch die landestypische K\u00fcche spielt w\u00e4hrend der Reise eine wichtige Rolle - die Esten lieben es frisch, nat\u00fcrlich und regional.\" \/>\n<meta property=\"og:url\" content=\"https:\/\/activest.ee\/en\/toode\/slow-down-reise-in-estland\/\" \/>\n<meta property=\"og:site_name\" content=\"ActivEst\" \/>\n<meta property=\"article:modified_time\" content=\"2021-10-23T10:25:35+00:00\" \/>\n<meta property=\"og:image\" content=\"https:\/\/activest.ee\/wp-content\/uploads\/2020\/09\/besee1.jpg\" \/>\n\t<meta property=\"og:image:width\" content=\"1080\" \/>\n\t<meta property=\"og:image:height\" content=\"1080\" \/>\n\t<meta property=\"og:image:type\" content=\"image\/jpeg\" \/>\n<meta name=\"twitter:card\" content=\"summary_large_image\" \/>\n<meta name=\"twitter:label1\" content=\"Est. reading time\" \/>\n\t<meta name=\"twitter:data1\" content=\"9 minutes\" \/>\n<script type=\"application\/ld+json\" class=\"yoast-schema-graph\">{\"@context\":\"https:\/\/schema.org\",\"@graph\":[{\"@type\":\"WebPage\",\"@id\":\"https:\/\/activest.ee\/en\/toode\/slow-down-reise-in-estland\/\",\"url\":\"https:\/\/activest.ee\/en\/toode\/slow-down-reise-in-estland\/\",\"name\":\"Slow Down in Estland 5 Tage - ActivEst\",\"isPartOf\":{\"@id\":\"https:\/\/www.activest.ee\/#website\"},\"datePublished\":\"2020-09-22T12:19:52+00:00\",\"dateModified\":\"2021-10-23T10:25:35+00:00\",\"breadcrumb\":{\"@id\":\"https:\/\/activest.ee\/en\/toode\/slow-down-reise-in-estland\/#breadcrumb\"},\"inLanguage\":\"en-US\",\"potentialAction\":[{\"@type\":\"ReadAction\",\"target\":[\"https:\/\/activest.ee\/en\/toode\/slow-down-reise-in-estland\/\"]}]},{\"@type\":\"BreadcrumbList\",\"@id\":\"https:\/\/activest.ee\/en\/toode\/slow-down-reise-in-estland\/#breadcrumb\",\"itemListElement\":[{\"@type\":\"ListItem\",\"position\":1,\"name\":\"Home\",\"item\":\"https:\/\/activest.ee\/en\/\"},{\"@type\":\"ListItem\",\"position\":2,\"name\":\"Shop\",\"item\":\"https:\/\/www.activest.ee\/en\/shop-2\/\"},{\"@type\":\"ListItem\",\"position\":3,\"name\":\"Slow Down in Estland 5 Tage\"}]},{\"@type\":\"WebSite\",\"@id\":\"https:\/\/www.activest.ee\/#website\",\"url\":\"https:\/\/www.activest.ee\/\",\"name\":\"ActivEst\",\"description\":\"Reisen, Familienreisen, Naturreisen, Abenteurreisen\",\"potentialAction\":[{\"@type\":\"SearchAction\",\"target\":{\"@type\":\"EntryPoint\",\"urlTemplate\":\"https:\/\/www.activest.ee\/?s={search_term_string}\"},\"query-input\":\"required name=search_term_string\"}],\"inLanguage\":\"en-US\"}]}<\/script>\n<!-- \/ Yoast SEO plugin. -->","yoast_head_json":{"title":"Slow Down in Estland 5 Tage - ActivEst","robots":{"index":"index","follow":"follow","max-snippet":"max-snippet:-1","max-image-preview":"max-image-preview:large","max-video-preview":"max-video-preview:-1"},"canonical":"https:\/\/activest.ee\/en\/toode\/slow-down-reise-in-estland\/","og_locale":"en_US","og_type":"article","og_title":"Slow Down in Estland 5 Tage - ActivEst","og_description":"Starke Akzente dieser Reise liegen auf dem modernen Lebensstil und Erholung, z.B. die modernster \u00d6ko-K\u00fcche von hohem Kaliber, die Tatsache, dass Estland komplett digitalisiert ist und die Menschen doch naturverbunden. Die Stadt Tallinn schafft es, die alte Ordensburg- und Hansestadt am baltischen Meer, den Spagat, einerseits traditionell gewichtige Historie und andererseits hippe Sp\u00e4tmoderne zu repr\u00e4sentieren. Diese Reise in eine gute Kombination von Kultur, Natur und Erholung. Auch die landestypische K\u00fcche spielt w\u00e4hrend der Reise eine wichtige Rolle - die Esten lieben es frisch, nat\u00fcrlich und regional.","og_url":"https:\/\/activest.ee\/en\/toode\/slow-down-reise-in-estland\/","og_site_name":"ActivEst","article_modified_time":"2021-10-23T10:25:35+00:00","og_image":[{"width":1080,"height":1080,"url":"https:\/\/activest.ee\/wp-content\/uploads\/2020\/09\/besee1.jpg","type":"image\/jpeg"}],"twitter_card":"summary_large_image","twitter_misc":{"Est. reading time":"9 minutes"},"schema":{"@context":"https:\/\/schema.org","@graph":[{"@type":"WebPage","@id":"https:\/\/activest.ee\/en\/toode\/slow-down-reise-in-estland\/","url":"https:\/\/activest.ee\/en\/toode\/slow-down-reise-in-estland\/","name":"Slow Down in Estland 5 Tage - ActivEst","isPartOf":{"@id":"https:\/\/www.activest.ee\/#website"},"datePublished":"2020-09-22T12:19:52+00:00","dateModified":"2021-10-23T10:25:35+00:00","breadcrumb":{"@id":"https:\/\/activest.ee\/en\/toode\/slow-down-reise-in-estland\/#breadcrumb"},"inLanguage":"en-US","potentialAction":[{"@type":"ReadAction","target":["https:\/\/activest.ee\/en\/toode\/slow-down-reise-in-estland\/"]}]},{"@type":"BreadcrumbList","@id":"https:\/\/activest.ee\/en\/toode\/slow-down-reise-in-estland\/#breadcrumb","itemListElement":[{"@type":"ListItem","position":1,"name":"Home","item":"https:\/\/activest.ee\/en\/"},{"@type":"ListItem","position":2,"name":"Shop","item":"https:\/\/www.activest.ee\/en\/shop-2\/"},{"@type":"ListItem","position":3,"name":"Slow Down in Estland 5 Tage"}]},{"@type":"WebSite","@id":"https:\/\/www.activest.ee\/#website","url":"https:\/\/www.activest.ee\/","name":"ActivEst","description":"Reisen, Familienreisen, Naturreisen, Abenteurreisen","potentialAction":[{"@type":"SearchAction","target":{"@type":"EntryPoint","urlTemplate":"https:\/\/www.activest.ee\/?s={search_term_string}"},"query-input":"required name=search_term_string"}],"inLanguage":"en-US"}]}},"_links":{"self":[{"href":"https:\/\/activest.ee\/en\/wp-json\/wp\/v2\/product\/22024","targetHints":{"allow":["GET"]}}],"collection":[{"href":"https:\/\/activest.ee\/en\/wp-json\/wp\/v2\/product"}],"about":[{"href":"https:\/\/activest.ee\/en\/wp-json\/wp\/v2\/types\/product"}],"replies":[{"embeddable":true,"href":"https:\/\/activest.ee\/en\/wp-json\/wp\/v2\/comments?post=22024"}],"wp:featuredmedia":[{"embeddable":true,"href":"https:\/\/activest.ee\/en\/wp-json\/wp\/v2\/media\/22025"}],"wp:attachment":[{"href":"https:\/\/activest.ee\/en\/wp-json\/wp\/v2\/media?parent=22024"}],"wp:term":[{"taxonomy":"product_cat","embeddable":true,"href":"https:\/\/activest.ee\/en\/wp-json\/wp\/v2\/product_cat?post=22024"},{"taxonomy":"product_tag","embeddable":true,"href":"https:\/\/activest.ee\/en\/wp-json\/wp\/v2\/product_tag?post=22024"}],"curies":[{"name":"wp","href":"https:\/\/api.w.org\/{rel}","templated":true}]}}