{"id":21939,"date":"2020-09-17T12:11:02","date_gmt":"2020-09-17T09:11:02","guid":{"rendered":"https:\/\/activest.ee\/?post_type=product&#038;p=21939"},"modified":"2025-10-15T12:53:20","modified_gmt":"2025-10-15T09:53:20","slug":"estlands-inseln-im-aufwind","status":"publish","type":"product","link":"https:\/\/activest.ee\/en\/toode\/estlands-inseln-im-aufwind\/","title":{"rendered":"Estlands Inseln im Aufwind 9 Tage"},"content":{"rendered":"<div class=\"fusion-fullwidth fullwidth-box fusion-builder-row-1 nonhundred-percent-fullwidth non-hundred-percent-height-scrolling\" style=\"background-color: rgba(255,255,255,0);background-position: center center;background-repeat: no-repeat;padding-top:0px;padding-right:0px;padding-bottom:0px;padding-left:0px;margin-bottom: 0px;margin-top: 0px;border-width: 0px 0px 0px 0px;border-color:#eae9e9;border-style:solid;\" ><div class=\"fusion-builder-row fusion-row\"><div class=\"fusion-layout-column fusion_builder_column fusion-builder-column-0 fusion_builder_column_1_1 1_1 fusion-one-full fusion-column-first fusion-column-last\" style=\"margin-top:0px;margin-bottom:20px;\"><div class=\"fusion-column-wrapper fusion-flex-column-wrapper-legacy\" style=\"background-position:left top;background-repeat:no-repeat;-webkit-background-size:cover;-moz-background-size:cover;-o-background-size:cover;background-size:cover;padding: 0px 0px 0px 0px;\"><div class=\"fusion-button-wrapper\"><style type=\"text\/css\">.fusion-button.button-1 {border-radius:2px;}<\/style><a class=\"fusion-button button-flat fusion-button-default-size button-default button-1 fusion-button-default-span fusion-button-default-type\" target=\"_self\" href=\"#description\"><span class=\"fusion-button-text\">Reisebeschreibung<\/span><\/a><\/div><div class=\"fusion-button-wrapper\"><style type=\"text\/css\">.fusion-button.button-2 {border-radius:2px;}<\/style><a class=\"fusion-button button-flat fusion-button-default-size button-default button-2 fusion-button-default-span fusion-button-default-type\" target=\"_self\" href=\"#detailed\"><span class=\"fusion-button-text\">Detailbeschreibung<\/span><\/a><\/div><div class=\"fusion-button-wrapper\"><style type=\"text\/css\">.fusion-button.button-3 {border-radius:2px;}<\/style><a class=\"fusion-button button-flat fusion-button-default-size button-default button-3 fusion-button-default-span fusion-button-default-type\" target=\"_self\" href=\"#price\"><span class=\"fusion-button-text\">Termine und Preis<\/span><\/a><\/div><div class=\"fusion-clearfix\"><\/div><\/div><\/div><div class=\"fusion-layout-column fusion_builder_column fusion-builder-column-1 fusion_builder_column_1_1 1_1 fusion-one-full fusion-column-first fusion-column-last\" style=\"margin-top:0px;margin-bottom:20px;\"><div class=\"fusion-column-wrapper fusion-flex-column-wrapper-legacy\" style=\"background-position:left top;background-repeat:no-repeat;-webkit-background-size:cover;-moz-background-size:cover;-o-background-size:cover;background-size:cover;padding: 0px 0px 0px 0px;\"><div class=\"fusion-clearfix\"><\/div><\/div><\/div><div class=\"fusion-layout-column fusion_builder_column fusion-builder-column-2 fusion_builder_column_1_1 1_1 fusion-one-full fusion-column-first fusion-column-last\" style=\"margin-top:0px;margin-bottom:20px;\"><div class=\"fusion-column-wrapper fusion-flex-column-wrapper-legacy\" style=\"background-position:left top;background-repeat:no-repeat;-webkit-background-size:cover;-moz-background-size:cover;-o-background-size:cover;background-size:cover;padding: 0px 0px 0px 0px;\"><div class=\"fusion-menu-anchor\" id=\"description\"><\/div><div class=\"fusion-text fusion-text-1\" style=\"transform:translate3d(0,0,0);\"><p>Insgesamt hat Estland etwa 2200 Inseln , die meisten wenig besiedelt und mit einer F\u00fclle naturbelassener, menschenleerer Landschaften gesegnet: Sandstr\u00e4nde, Nadelw\u00e4lder und einsame Leuchtt\u00fcrme. Die drei gr\u00f6\u00dften Inseln Saaremaa, Hiiumaa und Muhu sind bewohnt, seit 1991 wieder frei zug\u00e4nglich und Ziel dieser Reise. Doch Sie werden auch zwei kleine, unbewohnte Ostsee-Inseln aufsuchen, auf denen die Natur das Geschehen bestimmt.<\/p>\n<h2>Zu Fu\u00df, per Rad und Kajak zu Bekanntem und Verstecktem<\/h2>\n<p>Sie erleben einen Mix aus verschiedenen Aktivit\u00e4ten, wobei Sie Bekanntes und \u2013 selbst f\u00fcr manch Einheimischen \u2013 Verstecktes dieser eindrucksvollen Inselwelt entdecken. Und dabei ist die Ostsee allgegenw\u00e4rtig: Ob bei einer Hochmoor-Wanderung, beim Spaziergang zum Kurhaus in Haapsalu, w\u00e4hrend der Radtouren durch bunte Holzhausd\u00f6rfer, entlang eines Strandes zum \u00e4ltesten Leuchtturm oder durch weitl\u00e4ufige W\u00e4lder zu einem aus der Zeit der \u201eDeutschen Ritter\u201c stammenden Wall.<\/p>\n<h2>Eine Nacht auf einer \u201eRobinson-Insel\u201c<\/h2>\n<p>Besonders hautnah erleben Sie die Ostsee w\u00e4hrend einer 2-t\u00e4gigen Kajaktour zu einer kleinen, unbewohnten Insel. Wie Robinson landen Sie an, schlagen Ihr Zelt auf, bauen eine Strandsauna und entfachen ein Lagerfeuer. Mit etwas Gl\u00fcck k\u00f6nnen Sie dabei Robben beobachten, die Sie als neue Inselbewohner aus geringer Entfernung be\u00e4ugen \u2013 ein einmaliges Erlebnis!<\/p>\n<p>Hier ein auf unserer ersten Auslands-Neustart-Reise im Juni 2020 entstandenes kleines Video:<\/p>\n<h2>Die Inseln Hiiumaa, Saaremaa und Muhu im Aufwind<\/h2>\n<p>Zu Fu\u00df und per Rad entdecken Sie eine einzigartige Natur. Wie aus dem Dornr\u00f6schenschlaf sind kleine Caf\u00e9s und Restaurants erwacht. Einige der besten K\u00f6che des Landes haben sich auf diese Inseln zur\u00fcckgezogen und fr\u00f6nen der sogenannten \u201eneuen K\u00fcche\u201c. Genie\u00dfen Sie traditionelle und \u00fcberraschend moderne Gerichte mit viel Herz sowie handgebraute, wundervoll schmeckende Biere! Statt im Zelt n\u00e4chtigen Sie in netten Landhotels und lassen die Reise auf Muhu enden, da \u201ewo sich die Zeit erholt\u201c \u2026<\/p>\n<div class=\"video-shortcode\"><iframe title=\"Aktivurlaub in Estland - long\" src=\"https:\/\/player.vimeo.com\/video\/440300048?dnt=1&amp;app_id=122963\" width=\"1100\" height=\"619\" frameborder=\"0\" allow=\"autoplay; fullscreen\" allowfullscreen><\/iframe><\/div>\n<\/div><div class=\"fusion-clearfix\"><\/div><\/div><\/div><div class=\"fusion-layout-column fusion_builder_column fusion-builder-column-3 fusion_builder_column_1_1 1_1 fusion-one-full fusion-column-first fusion-column-last\" style=\"margin-top:0px;margin-bottom:20px;\"><div class=\"fusion-column-wrapper fusion-flex-column-wrapper-legacy\" style=\"background-position:left top;background-repeat:no-repeat;-webkit-background-size:cover;-moz-background-size:cover;-o-background-size:cover;background-size:cover;padding: 0px 0px 0px 0px;\"><div class=\"fusion-menu-anchor\" id=\"detailed\"><\/div><div class=\"fusion-text fusion-text-2\" style=\"transform:translate3d(0,0,0);\"><h2><strong>1. Tag, Samstag: Anreise nach Tallinn, Altstadtspaziergang<\/strong><\/h2>\n<p>Reiseauftakt ist ein gemeinsamer Abendspaziergang durch die Altstadt von Tallinn mit dem &#8220;schulz aktiv-Begr\u00fc\u00dfungsessen&#8221; in einem speziell ausgesuchten Restaurant. Tallinn, im fr\u00fchen Mittelalter gegr\u00fcndet, bietet heute eine aufregende Mischung aus Alt und Neu. Die Altstadt ist eines der weltweit am besten erhaltenen Stadtzentren aus der Hansezeit. Im Kontrast dazu ist Tallinn auch die Stadt, die weltweit als erste das Zeitalter von Mobile Parking und E-Wahlen er\u00f6ffnete.<br \/>\n\u00dcbernachtung in einem Hotel in Tallinn (-\/-\/A)<br \/>\nSpaziergang 3-5 km, Gehzeit ca. 2 h<\/p>\n<h2><strong>2. Tag, Sonntag: Hochmoorwanderung, Kurstadt Haapsalu und \u00dcberfahrt auf Hiiuma<\/strong><\/h2>\n<p>Vom Fr\u00fchst\u00fccksbuffet im Hotel gest\u00e4rkt, starten Sie gem\u00fctlich in den Tag. Gegen 8:45 k\u00f6nnen Sie Ihr Gep\u00e4ck am Fahrzeug bereitstellen, gg. 9 Uhr erfolgt die Fahrt Richtung Haapsalu zum Marimetsa-Hochmoor. Diese Wanderung ist etwas Besonderes. Die Hochmoore sind teils zehntausend Jahre alte Naturlandschaften, die mit einer bis zu 7 m dicken Torfschicht und einem Wassergehalt bis zu 95% aufwarten. Erstaunlicherweise kann man diese Moore auch gut abseits der angelegten Bretterwege begehen. Sie entdecken das Moor auf bereitgestellten \u201eMoorschuhen\u201c (\u00e4hnlicher Aufbau wie Schneeschuhe) aus einer ganz neuen Perspektive!<br \/>\nZwischen den Bonsai-Kiefern befinden sich kleine Seen mit klarem Wasser. Es wird gesagt, wer einmal hier badet, w\u00fcrde gleich 5 Jahre j\u00fcnger werden&#8230; Am Nachmittag besichtigen Sie frisch und verj\u00fcngt die Kurstadt Haapsalu, in der 1825 bereits russische Zaren die bis heute fest etablierte Spa-Kultur hochleben lie\u00dfen. Hier spazieren Sie auf Pflastersteingassen vorbei an pittoresken Stra\u00dfencaf\u00e9s bis zur Strandpromenade, k\u00f6nnen sich einen guten Kaffee im ehemaligen Kurhaus g\u00f6nnen und besuchen den ehemaligen Zarenbahnhof.<br \/>\nAm Abend setzen Sie mit einer der modernsten F\u00e4hren Europas auf Estlands zweitgr\u00f6\u00dfte Insel Hiiumaa \u00fcber. \u00dcbernachtung im Gasthaus (F\/M\/-)<br \/>\nMoorwanderung: 5-10 km je nach Gruppenkondition, Gehzeit ca. 2-3 Std.<br \/>\nTransferfahrt: 130 km, ca. Auto 1,5 h; F\u00e4hr\u00fcberfahrt<\/p>\n<h2><strong>3.-4. Tag Mo\/ Di: Mit Kajaks zwischen den Inseln; Camp auf einer &#8220;Robinson-Insel&#8221;<\/strong><\/h2>\n<p>Kurze Fahrt zum Ablegeplatz. Kajak-Einweisung durch den Guide. Die Ostsee ist hier zum einen durch die umliegenden Inseln relativ gesch\u00fctzt, zum anderen ist sie nicht all zu tief, was eine h\u00f6here Wassertemperatur als im offenem Gew\u00e4sser bewirkt. Das Wasser erreicht durch den l\u00e4ngeren Sonnenschein bereits im Juni etwa 20 \u00b0C. Das sch\u00e4tzen nicht nur Robben mit ihren Jungtieren, sondern dies bietet ebenfalls ideale Voraussetzungen f\u00fcr Erkundungen per Kajak, wobei Sie der Ostsee ganz nah sind. Einige der kleinen Inseln sind heute gr\u00f6\u00dftenteils verlassen; Natur und Schafe haben die Herrschaft \u00fcbernommen. Sie paddeln mit gro\u00dfen und stabilen Doppelkajaks und legen einen Stopp auf den nah beieinander liegenden Inseln ein, wo Sie auf verlassene H\u00e4user treffen.<br \/>\nSchlie\u00dflich erreichen Sie eine unbewohnte Kleininsel mit einem privaten, rustikalen Campplatz. Am Lagerfeuer sitzend schauen Sie auf das Meer, entdecken mit etwas Gl\u00fcck Robben und springen von der selbst errichteten Zeltsauna in die Ostsee. Nach diesem Robinson-Erlebnis paddeln Sie am n\u00e4chsten Tag wieder zur\u00fcck auf die Hauptinsel Hiiumaa.<br \/>\nErste \u00dcbernachtung im 2-Personen-Zelt; zweite \u00dcbernachtung im Gasthaus auf Hiiumaa; (2x F\/M und 1x A)<\/p>\n<p>Das Programm dieser beiden Tage und die L\u00e4nge der einzelnen Touren sind stark vom Wetter abh\u00e4ngig. Geplant ist es, ca. 27 km mit den Kajaks zur\u00fcckzulegen und eine Wanderung von ca. 2-3 km zu unternehmen. Kurzfristige witterungsbedingte \u00c4nderungen bleiben vorbehalten.<\/p>\n<h2><strong>5. Tag Mittwoch: Naturinsel Hiiumaa \u2013 Fahrradtour entlang einsamer Sandstr\u00e4nde zum \u00e4ltesten Leuchtturm der Ostsee<\/strong><\/h2>\n<p>Heute fahren Sie mit den R\u00e4dern entlang der Halbinsel K\u00f5pu. Mehr als 50 km Sandstrand und kaum befahrende Stra\u00dfen durch endlose Nadelw\u00e4lder sind f\u00fcr eine\u00a0 Fahrradtour wie geschaffen. Aber nicht nur die unber\u00fchrte Natur, sondern auch einige Kulturhighlights erwarten Sie in der Wildnis. Sie steigen auf den \u00e4ltesten Leuchtturm der Ostsee und baden an einsamen Sandstr\u00e4nden, wo immer sich eine Gelegenheit bietet. Die Insel Hiiumaa war fr\u00fcher die nordwestlichste Spitze des sowjetischen Imperiums und somit ein gesperrtes Gebiet mit versteckten Milit\u00e4ranlagen und weitl\u00e4ufigen unbewohnten Naturlandschaften. Heute sind Wander- und Radwege angelegt, die zu kleinen Orten ans Meer f\u00fchren. W\u00e4hrend der Tour bleibt Zeit zur Einkehr in kleinen, liebevoll gef\u00fchrten Caf\u00e9s. Sie werden begeistert sein von den von engagierten jungen Erwachsenen neu er\u00f6ffneten idyllischen Caf\u00e9s und Unterk\u00fcnften.<br \/>\nAm sp\u00e4teren Nachmittag setzen Sie mit der F\u00e4hre nach Saaremaa, Estlands gr\u00f6\u00dfter Insel, \u00fcber. Die heutige \u00dcbernachtung in einem ehemaligen Deutsch-Baltischen Herrenhaus gibt einen guten und interessanten Hintergrund, sich mit den deutschen Einfl\u00fcssen in der baltischen Geschichte vertraut zu machen.<br \/>\n\u00dcbernachtung auf Saaremaa im Herrenhaushotel (F\/-\/-)<br \/>\nFahrradtour ca. 30 km, Fahrzeit ca. 4 h<br \/>\nTransferfahrt: ca. 200 km, ca. 2,5 h Auto und 1 h F\u00e4hre<\/p>\n<h2><strong>6. Tag Donnerstag: Fu\u00dfwanderung zur Nationalpark-Insel Vilsandi \u00a0<\/strong><\/h2>\n<p>Das heutige Ziel ist der nahgelegen Vilsandi Nationalpark, ein Vogel- und K\u00fcstenlandschaftsschutzgebiet, das sich \u00fcber mehrere Kleininseln erstreckt. Um diese zu erreichen, waten Sie Kn\u00f6chel- bis Kniehoch durch das relativ warme Ostseewasser. Ihr eigentliche Ziel ist der Leuchtturm Vilsandi auf der gr\u00f6\u00dften Insel, ein bekanntes Fotomotiv, das oft als Werbebild f\u00fcr Estland-Reisen genutzt wird. Aber auch Kalksteinklippen und Seev\u00f6gel wollen w\u00e4hrend der Wanderung und Badeg\u00e4nge bestaunt werden. Mit dem Motorboot fahren Sie zur\u00fcck zum Stellplatz der Fahrzeuge.<br \/>\nDas Programm ist auch an diesem Tag stark vom Wetter abh\u00e4ngig, die Wasserh\u00f6he kann je nach einfallenden Wind nach unten oder nach oben r\u00fccken.<br \/>\n\u00dcbernachtung auf Saaremaa im Herrenhaushotel (F\/M\/-)<br \/>\nWanderung: ca. 15 km, Gehzeit 7 h<\/p>\n<h2><strong>7. Tag Freitag: Saaremaa, Hauptstadt Kuressaare und Bischofsburg<\/strong><\/h2>\n<p>Am Vormittag stehen die wichtigsten Sehensw\u00fcrdigkeiten von Saaremaa im Programm. Sie spazieren auf die 21m hohe Steilk\u00fcste \u201ePanga\u201c und bestaunen einen weiten Blick \u00fcber das Meer. Sie besichtigen den 4000 Jahre alten Kaali-Meteoritenkrater, um den sich bis heute Mythen in der Bev\u00f6lkerung Saaremaas erhalten. Die Erde soll hier aus Entsetzen \u00fcber eine Geschwisterhochzeit die Traukirche vom Erdboden verschlungen haben. Eine andere Fabel erw\u00e4hnt einen Gutsbesitzer, der nach einem s\u00fcndhaften Gelage samt Hof und der gesamten Meute verschluckt worden sein soll.<br \/>\nAnschlie\u00dfend Fahrt zur Inselhauptstadt Kuressaare mit Besuch der Bischofsburg. Eine alte Tradition erlebt gerade hier eine neue Renaissance: das Bierbrauen. Schon in den Vortagen konnten Sie verschiedene neue und alte Biersorten genie\u00dfen &#8211; heute haben Sie bei einer kleinen Degustation die M\u00f6glichkeit, Ihren Favoriten auszuw\u00e4hlen. \u00dcber einen kleinen Damm erreichen Sie die kleine, vor allem durch Wachholder gepr\u00e4gte Insel Muhu.<br \/>\n\u00dcbernachtung auf Muhumaa im Gasthaus (F\/-\/-)<br \/>\nZu Fuss ca. 3-4 km, Gehzeit: 1-1,5 h<br \/>\nTransferfahrt: ca. 100 km, ca. 1,5 h<\/p>\n<h2><strong>8. Tag Samstag: Fahrradtour auf der Insel Muhu<\/strong><\/h2>\n<p>Der Slogan der Insel Muhu ist: \u201eOrt, wo sich die Zeit erholt\u201c\u201c. Und es ist wahr. Ruhige enge Strassen f\u00fchren durch traditionelle Fischerd\u00f6rfer und schl\u00e4ngeln sich zwischen charakteristischen Steinmauern, bunten Wiesen und Wacholderweiden. Immer wieder f\u00fchrt der Weg zu flachen oder teilweise steilen Str\u00e4nden, die zum Baden und Verweilen einladen. Alte Bauerh\u00e4user sind hier geschmackvoll aufpoliert, umgeben von weiten G\u00e4rten. F\u00fcr aktive Urlauber l\u00e4sst Muhu sich am besten per Fahrrad entdecken. Sie radeln entlang kleiner Wege und besuchen das Dorfmuseum Koguva wo Sie die traditionelle Lebensweise der Muhuer kennenlernen. Mittagessen k\u00f6nnen Sie im Fischrestaurant im kleinen Hafen von Koguva. Am Abend lassen Sie beim Abschlussabendessen die Reise ausklingen.<br \/>\n\u00dcbernachtung auf Muhumaa im Gasthaus (F\/-\/A)<br \/>\nFahrradtour ca. 40 km, Fahrzeit ca. 4-6 h (mehrere Stopps)<\/p>\n<h2><strong>9. Tag Sonntag: Abreise von Tallinn oder individuelle Verl\u00e4ngerung<\/strong><\/h2>\n<p>Nach dem Fr\u00fchst\u00fcck endet Ihre Reise in die Inselwelten Estlands. Kurze Fahrt zum F\u00e4hrhafen, \u00dcberfahrt aufs Festland und Fahrt zur\u00fcck zum Flughafen nach Tallinn. (F\/-\/-)<br \/>\nTransferfahrt: 160 km, Auto ca. 2 h, F\u00e4hre: 30 min<\/p>\n<\/div><div class=\"fusion-clearfix\"><\/div><\/div><\/div><div class=\"fusion-layout-column fusion_builder_column fusion-builder-column-4 fusion_builder_column_1_1 1_1 fusion-one-full fusion-column-first fusion-column-last\" style=\"margin-top:0px;margin-bottom:20px;\"><div class=\"fusion-column-wrapper fusion-flex-column-wrapper-legacy\" style=\"background-position:left top;background-repeat:no-repeat;-webkit-background-size:cover;-moz-background-size:cover;-o-background-size:cover;background-size:cover;padding: 0px 0px 0px 0px;\"><div class=\"fusion-menu-anchor\" id=\"price\"><\/div><div class=\"fusion-text fusion-text-3\" style=\"transform:translate3d(0,0,0);\"><h2>Termine<\/h2>\n<ul>\n<li>13.06.26 \u2014 21.06.26<\/li>\n<li>04.07.26 \u2014 12.07.26<\/li>\n<li>08.08.26 \u2014 16.08.26<\/li>\n<li>22.08.26 \u2014 30.08.26<\/li>\n<\/ul>\n<h2>Preis<\/h2>\n<p>1920\u20ac pro Person, inklusive:<\/p>\n<ul>\n<li>Leistungen (ab Hotel Tallinn\/ an Flughafen Tallinn)<\/li>\n<li>Alle Fahrten lt. Programm im privaten Kleinbus<\/li>\n<li>Flughafen-Gruppentransfer am Abreisetag (Abfahrtszeiten siehe Beschreibung unter Hinweise)<\/li>\n<li>7 \u00dcbernachtungen in Mittelklassehotels und Gasth\u00e4usern im DZ mit DU\/WC, 1 \u00dcbernachtung im gestellten 2-Pers.-Zelt mit Isomatte auf einfacher<\/li>\n<li>Campstelle ohne flie\u00dfend Wasser mit einfacher Toilette<\/li>\n<li>8x Fr\u00fchst\u00fcck, 4x Mittag, 3x Abendbrot (davon 1x F, 4x M, 1x A als Outdoor-Essen)<\/li>\n<li>Bereitstellung von Moorschuhen, 2er-Kajak mit Spritzdecke und Paddel, Fahrrad, 2-Personen-Zelt, Isomatte, Schlafsack<\/li>\n<li>Alle Aktivit\u00e4ten lt. Programm<\/li>\n<li>Verkostung handgebrauter Biere<\/li>\n<li>\u00d6rtliche, Deutsch sprechende Reiseleitung<\/li>\n<\/ul>\n<\/div><div class=\"fusion-clearfix\"><\/div><\/div><\/div><\/div><\/div>\n","protected":false},"excerpt":{"rendered":"<ul>\n<li>Zu Fu\u00df, per Kajak und per Rad auf Estlands verborgenen Inseln<\/li>\n<li>Von Tallinn \u00fcber Haapsalu auf die Inseln Hiiuma, Saaremaa und Muhu<\/li>\n<li>2-t\u00e4giger Kajakausflug mit 1 Zelt\u00fcbernachtung und Lagerfeuer auf &#8220;Robinson-Insel&#8221;<\/li>\n<li>\u00dcbernachten im gestellten Zelt (1x), in Landhotels und im Herrenhaus<\/li>\n<\/ul>\n","protected":false},"featured_media":21951,"comment_status":"open","ping_status":"closed","template":"","meta":[],"product_cat":[472,467,466,460,468],"product_tag":[],"class_list":["post-21939","product","type-product","status-publish","has-post-thumbnail","hentry","product_cat-estland","product_cat-kanu-kajak","product_cat-multiaktivreisen","product_cat-reisen","product_cat-wandern"],"yoast_head":"<!-- This site is optimized with the Yoast SEO plugin v21.8 - https:\/\/yoast.com\/wordpress\/plugins\/seo\/ -->\n<title>Estlands Inseln im Aufwind 9 Tage - ActivEst<\/title>\n<meta name=\"robots\" content=\"index, follow, max-snippet:-1, max-image-preview:large, max-video-preview:-1\" \/>\n<link rel=\"canonical\" href=\"https:\/\/activest.ee\/et\/toode\/estlands-inseln-im-aufwind\/\" \/>\n<meta property=\"og:locale\" content=\"en_US\" \/>\n<meta property=\"og:type\" content=\"article\" \/>\n<meta property=\"og:title\" content=\"Estlands Inseln im Aufwind 9 Tage - ActivEst\" \/>\n<meta property=\"og:description\" content=\"Zu Fu\u00df, per Kajak und per Rad auf Estlands verborgenen Inseln  Von Tallinn \u00fcber Haapsalu auf die Inseln Hiiuma, Saaremaa und Muhu  2-t\u00e4giger Kajakausflug mit 1 Zelt\u00fcbernachtung und Lagerfeuer auf &quot;Robinson-Insel&quot;  \u00dcbernachten im gestellten Zelt (1x), in Landhotels und im Herrenhaus\" \/>\n<meta property=\"og:url\" content=\"https:\/\/activest.ee\/et\/toode\/estlands-inseln-im-aufwind\/\" \/>\n<meta property=\"og:site_name\" content=\"ActivEst\" \/>\n<meta property=\"article:modified_time\" content=\"2025-10-15T09:53:20+00:00\" \/>\n<meta property=\"og:image\" content=\"https:\/\/activest.ee\/wp-content\/uploads\/2020\/09\/20200620_154426-scaled.jpg\" \/>\n\t<meta property=\"og:image:width\" content=\"2560\" \/>\n\t<meta property=\"og:image:height\" content=\"1920\" \/>\n\t<meta property=\"og:image:type\" content=\"image\/jpeg\" \/>\n<meta name=\"twitter:card\" content=\"summary_large_image\" \/>\n<meta name=\"twitter:label1\" content=\"Est. reading time\" \/>\n\t<meta name=\"twitter:data1\" content=\"10 minutes\" \/>\n<script type=\"application\/ld+json\" class=\"yoast-schema-graph\">{\"@context\":\"https:\/\/schema.org\",\"@graph\":[{\"@type\":\"WebPage\",\"@id\":\"https:\/\/activest.ee\/et\/toode\/estlands-inseln-im-aufwind\/\",\"url\":\"https:\/\/activest.ee\/et\/toode\/estlands-inseln-im-aufwind\/\",\"name\":\"Estlands Inseln im Aufwind 9 Tage - ActivEst\",\"isPartOf\":{\"@id\":\"https:\/\/www.activest.ee\/#website\"},\"datePublished\":\"2020-09-17T09:11:02+00:00\",\"dateModified\":\"2025-10-15T09:53:20+00:00\",\"breadcrumb\":{\"@id\":\"https:\/\/activest.ee\/et\/toode\/estlands-inseln-im-aufwind\/#breadcrumb\"},\"inLanguage\":\"en-US\",\"potentialAction\":[{\"@type\":\"ReadAction\",\"target\":[\"https:\/\/activest.ee\/et\/toode\/estlands-inseln-im-aufwind\/\"]}]},{\"@type\":\"BreadcrumbList\",\"@id\":\"https:\/\/activest.ee\/et\/toode\/estlands-inseln-im-aufwind\/#breadcrumb\",\"itemListElement\":[{\"@type\":\"ListItem\",\"position\":1,\"name\":\"Home\",\"item\":\"https:\/\/activest.ee\/en\/\"},{\"@type\":\"ListItem\",\"position\":2,\"name\":\"Shop\",\"item\":\"https:\/\/www.activest.ee\/en\/shop-2\/\"},{\"@type\":\"ListItem\",\"position\":3,\"name\":\"Estlands Inseln im Aufwind 9 Tage\"}]},{\"@type\":\"WebSite\",\"@id\":\"https:\/\/www.activest.ee\/#website\",\"url\":\"https:\/\/www.activest.ee\/\",\"name\":\"ActivEst\",\"description\":\"Reisen, Familienreisen, Naturreisen, Abenteurreisen\",\"potentialAction\":[{\"@type\":\"SearchAction\",\"target\":{\"@type\":\"EntryPoint\",\"urlTemplate\":\"https:\/\/www.activest.ee\/?s={search_term_string}\"},\"query-input\":\"required name=search_term_string\"}],\"inLanguage\":\"en-US\"}]}<\/script>\n<!-- \/ Yoast SEO plugin. -->","yoast_head_json":{"title":"Estlands Inseln im Aufwind 9 Tage - ActivEst","robots":{"index":"index","follow":"follow","max-snippet":"max-snippet:-1","max-image-preview":"max-image-preview:large","max-video-preview":"max-video-preview:-1"},"canonical":"https:\/\/activest.ee\/et\/toode\/estlands-inseln-im-aufwind\/","og_locale":"en_US","og_type":"article","og_title":"Estlands Inseln im Aufwind 9 Tage - ActivEst","og_description":"Zu Fu\u00df, per Kajak und per Rad auf Estlands verborgenen Inseln  Von Tallinn \u00fcber Haapsalu auf die Inseln Hiiuma, Saaremaa und Muhu  2-t\u00e4giger Kajakausflug mit 1 Zelt\u00fcbernachtung und Lagerfeuer auf \"Robinson-Insel\"  \u00dcbernachten im gestellten Zelt (1x), in Landhotels und im Herrenhaus","og_url":"https:\/\/activest.ee\/et\/toode\/estlands-inseln-im-aufwind\/","og_site_name":"ActivEst","article_modified_time":"2025-10-15T09:53:20+00:00","og_image":[{"width":2560,"height":1920,"url":"https:\/\/activest.ee\/wp-content\/uploads\/2020\/09\/20200620_154426-scaled.jpg","type":"image\/jpeg"}],"twitter_card":"summary_large_image","twitter_misc":{"Est. reading time":"10 minutes"},"schema":{"@context":"https:\/\/schema.org","@graph":[{"@type":"WebPage","@id":"https:\/\/activest.ee\/et\/toode\/estlands-inseln-im-aufwind\/","url":"https:\/\/activest.ee\/et\/toode\/estlands-inseln-im-aufwind\/","name":"Estlands Inseln im Aufwind 9 Tage - ActivEst","isPartOf":{"@id":"https:\/\/www.activest.ee\/#website"},"datePublished":"2020-09-17T09:11:02+00:00","dateModified":"2025-10-15T09:53:20+00:00","breadcrumb":{"@id":"https:\/\/activest.ee\/et\/toode\/estlands-inseln-im-aufwind\/#breadcrumb"},"inLanguage":"en-US","potentialAction":[{"@type":"ReadAction","target":["https:\/\/activest.ee\/et\/toode\/estlands-inseln-im-aufwind\/"]}]},{"@type":"BreadcrumbList","@id":"https:\/\/activest.ee\/et\/toode\/estlands-inseln-im-aufwind\/#breadcrumb","itemListElement":[{"@type":"ListItem","position":1,"name":"Home","item":"https:\/\/activest.ee\/en\/"},{"@type":"ListItem","position":2,"name":"Shop","item":"https:\/\/www.activest.ee\/en\/shop-2\/"},{"@type":"ListItem","position":3,"name":"Estlands Inseln im Aufwind 9 Tage"}]},{"@type":"WebSite","@id":"https:\/\/www.activest.ee\/#website","url":"https:\/\/www.activest.ee\/","name":"ActivEst","description":"Reisen, Familienreisen, Naturreisen, Abenteurreisen","potentialAction":[{"@type":"SearchAction","target":{"@type":"EntryPoint","urlTemplate":"https:\/\/www.activest.ee\/?s={search_term_string}"},"query-input":"required name=search_term_string"}],"inLanguage":"en-US"}]}},"_links":{"self":[{"href":"https:\/\/activest.ee\/en\/wp-json\/wp\/v2\/product\/21939","targetHints":{"allow":["GET"]}}],"collection":[{"href":"https:\/\/activest.ee\/en\/wp-json\/wp\/v2\/product"}],"about":[{"href":"https:\/\/activest.ee\/en\/wp-json\/wp\/v2\/types\/product"}],"replies":[{"embeddable":true,"href":"https:\/\/activest.ee\/en\/wp-json\/wp\/v2\/comments?post=21939"}],"wp:featuredmedia":[{"embeddable":true,"href":"https:\/\/activest.ee\/en\/wp-json\/wp\/v2\/media\/21951"}],"wp:attachment":[{"href":"https:\/\/activest.ee\/en\/wp-json\/wp\/v2\/media?parent=21939"}],"wp:term":[{"taxonomy":"product_cat","embeddable":true,"href":"https:\/\/activest.ee\/en\/wp-json\/wp\/v2\/product_cat?post=21939"},{"taxonomy":"product_tag","embeddable":true,"href":"https:\/\/activest.ee\/en\/wp-json\/wp\/v2\/product_tag?post=21939"}],"curies":[{"name":"wp","href":"https:\/\/api.w.org\/{rel}","templated":true}]}}