{"id":21913,"date":"2020-04-12T11:52:52","date_gmt":"2020-04-12T08:52:52","guid":{"rendered":"https:\/\/activest.ee\/?post_type=product&#038;p=21913"},"modified":"2025-02-12T07:57:43","modified_gmt":"2025-02-12T05:57:43","slug":"inselhopping-mit-dem-seekajak-bei-hiiumaa-2-tage","status":"publish","type":"product","link":"https:\/\/activest.ee\/en\/toode\/inselhopping-mit-dem-seekajak-bei-hiiumaa-2-tage\/","title":{"rendered":"Inselhopping mit dem Seekajak bei Hiiumaa 2 Tage"},"content":{"rendered":"<div class=\"fusion-fullwidth fullwidth-box fusion-builder-row-1 nonhundred-percent-fullwidth non-hundred-percent-height-scrolling\" style=\"background-color: rgba(255,255,255,0);background-position: center center;background-repeat: no-repeat;padding-top:0px;padding-right:0px;padding-bottom:0px;padding-left:0px;margin-bottom: 0px;margin-top: 0px;border-width: 0px 0px 0px 0px;border-color:#eae9e9;border-style:solid;\" ><div class=\"fusion-builder-row fusion-row\"><div class=\"fusion-layout-column fusion_builder_column fusion-builder-column-0 fusion_builder_column_1_1 1_1 fusion-one-full fusion-column-first fusion-column-last\" style=\"margin-top:0px;margin-bottom:20px;\"><div class=\"fusion-column-wrapper fusion-flex-column-wrapper-legacy\" style=\"background-position:left top;background-repeat:no-repeat;-webkit-background-size:cover;-moz-background-size:cover;-o-background-size:cover;background-size:cover;padding: 0px 0px 0px 0px;\"><div class=\"fusion-button-wrapper\"><style type=\"text\/css\">.fusion-button.button-1 {border-radius:2px;}<\/style><a class=\"fusion-button button-flat fusion-button-default-size button-default button-1 fusion-button-default-span fusion-button-default-type\" target=\"_self\" href=\"#description\"><span class=\"fusion-button-text\">Beschreibung<\/span><\/a><\/div><div class=\"fusion-button-wrapper\"><style type=\"text\/css\">.fusion-button.button-2 {border-radius:2px;}<\/style><a class=\"fusion-button button-flat fusion-button-default-size button-default button-2 fusion-button-default-span fusion-button-default-type\" target=\"_self\" href=\"#price\"><span class=\"fusion-button-text\">Preise und Termine<\/span><\/a><\/div><div class=\"fusion-clearfix\"><\/div><\/div><\/div><div class=\"fusion-layout-column fusion_builder_column fusion-builder-column-1 fusion_builder_column_1_1 1_1 fusion-one-full fusion-column-first fusion-column-last\" style=\"margin-top:0px;margin-bottom:20px;\"><div class=\"fusion-column-wrapper fusion-flex-column-wrapper-legacy\" style=\"background-position:left top;background-repeat:no-repeat;-webkit-background-size:cover;-moz-background-size:cover;-o-background-size:cover;background-size:cover;padding: 0px 0px 0px 0px;\"><div class=\"fusion-menu-anchor\" id=\"description\"><\/div><div class=\"fusion-text fusion-text-1\" style=\"transform:translate3d(0,0,0);\"><p>Die gro\u00dfen Inseln Hiumaa und Saaremaa schirmen einen Teil des Meeres ab und bieten<br \/>\nSchutz vor Wind und Wellen. Die Meeresenge heisst V\u00e4inameri, in dem sich zahlreiche kleine Eilande befinden, die zumeist nur von <strong>Robben<\/strong> und <strong>V\u00f6geln<\/strong> bewohnt werden. Einige dieser Inseln lernen wir auf unserer 2-t\u00e4gigen, auf Hiiumaa beginnenden Kajaktour kennen. Auf den Inseln, die im 16. Jahrhundert besiedelt wurden, pulsierte fr\u00fcher das Leben \u2013 es gab hier <strong>Fischerh\u00e4user<\/strong> und <strong>Kneipen<\/strong>. Heute sind die Inseln mit extensiv bewirtschaften <strong>Wiesen<\/strong> und <strong>Wachholderwald bedeckt<\/strong>.<\/p>\n<p>Wir beginnen von Hiiumaa aus und besuchen mehrere Inseln (Saarnaki, Hanikatsi und andere). <strong>Eine \u00dcberfahrt dauert jeweils etwa eine halbe bis ganze Stunde<\/strong>. Auf den Inseln machen wir dann <strong>kleine Wanderungen<\/strong> und k\u00f6nnen dort die herrliche Natur genie\u00dfen. Auch \u00fcber die Geschichte der Inseln gibt es vor Ort Wissenswertes zu Erfahren. Am Abend erreichen wir eine unbewohnte <strong>15 Hektar gro\u00dfe Kleininsel K\u00f5rgelaid<\/strong> (zu Deutsch: Hochinsel) mit einem <strong>privaten, rustikalen Campplatz<\/strong>. Am Abend sitzen wir <strong>am Lagerfeuer<\/strong> und <strong>springen von der selbst errichteten Zeltsauna in die Ostsee<\/strong>.<\/p>\n<p>Die genaue Route h\u00e4ngt von den jeweiligen Wetterbedingungen ab. Die zur\u00fcckzulegenden Distanzen pro Tag sind ca 12 Kilometer.<\/p>\n<div class=\"video-shortcode\"><iframe title=\"3. Spannende Kajaktour in der Inselwelt Estlands\" src=\"https:\/\/player.vimeo.com\/video\/438112714?dnt=1&amp;app_id=122963\" width=\"1100\" height=\"619\" frameborder=\"0\" allow=\"autoplay; fullscreen\" allowfullscreen><\/iframe><\/div>\n<div class=\"video-shortcode\"><iframe title=\"4. Saunaromantik auf einer einsamen Insel in Estland\" src=\"https:\/\/player.vimeo.com\/video\/438113701?dnt=1&amp;app_id=122963\" width=\"1100\" height=\"619\" frameborder=\"0\" allow=\"autoplay; fullscreen\" allowfullscreen><\/iframe><\/div>\n<\/div><div class=\"fusion-clearfix\"><\/div><\/div><\/div><div class=\"fusion-layout-column fusion_builder_column fusion-builder-column-2 fusion_builder_column_1_1 1_1 fusion-one-full fusion-column-first fusion-column-last\" style=\"margin-top:0px;margin-bottom:20px;\"><div class=\"fusion-column-wrapper fusion-flex-column-wrapper-legacy\" style=\"background-position:left top;background-repeat:no-repeat;-webkit-background-size:cover;-moz-background-size:cover;-o-background-size:cover;background-size:cover;padding: 0px 0px 0px 0px;\"><div class=\"fusion-clearfix\"><\/div><\/div><\/div><div class=\"fusion-layout-column fusion_builder_column fusion-builder-column-3 fusion_builder_column_1_1 1_1 fusion-one-full fusion-column-first fusion-column-last\" style=\"margin-top:0px;margin-bottom:20px;\"><div class=\"fusion-column-wrapper fusion-flex-column-wrapper-legacy\" style=\"background-position:left top;background-repeat:no-repeat;-webkit-background-size:cover;-moz-background-size:cover;-o-background-size:cover;background-size:cover;padding: 0px 0px 0px 0px;\"><div class=\"fusion-menu-anchor\" id=\"price\"><\/div><div class=\"fusion-text fusion-text-2\" style=\"transform:translate3d(0,0,0);\"><h4>Saison:<\/h4>\n<p>Juni-August<\/p>\n<h4><strong>Preise:<\/strong><\/h4>\n<ul>\n<li>Mit 2 Personen 550\u20ac pro Person<\/li>\n<li>Mit 3 Personen 440\u20ac pro Person<\/li>\n<li>Mit 4 Personen 360\u20ac pro Person<\/li>\n<li>Mit 5 Personen 330\u20ac pro Person<\/li>\n<li>Ab\u00a0 6 Personen 290\u20ac pro Person<\/li>\n<li>F\u00fcr Kinder und Gruppen Erm\u00e4\u00dfigungen<\/li>\n<\/ul>\n<p><strong>Leistungen:<\/strong><\/p>\n<ul>\n<li>Verleih von Zelten und Schlafs\u00e4cke;<\/li>\n<li>Verleih von Kajaks und Ausr\u00fcstung;<\/li>\n<li>Verpflegung: Fr\u00fchst\u00fcck, Abendessen, 2*Mittag;<\/li>\n<li>qualifizierte deutsch- und estnischsprachige Reiseleitung.<\/li>\n<\/ul>\n<\/div><div class=\"fusion-clearfix\"><\/div><\/div><\/div><\/div><\/div>\n","protected":false},"excerpt":{"rendered":"<p><span style=\"font-weight: 400;\">Die 43 Inseln des Hiiumaa-Archipelagos liegen nah beieinander. Das Meer zwischen den Kleininseln ist flach und erw\u00e4rmt sich im Sommer schnell. Das Gebiet steht unter Naturschutz, um die f\u00fcr Robben, Seev\u00f6gel und f\u00fcr die artenreiche Pflanzenwelt hervorragenden Lebensbedingungen zu erhalten. Auf der Kajaktour sind wir in gro\u00dfen und stabilen Zweierkajaks unterwegs. Die Kajaks sind f\u00fcr Anf\u00e4nger geeignet und besitzen viel Stauraum. Zu Beginn gibt es eine Einweisung f\u00fcr alle Teilnehmer, Kajakerfahrung und eine spezielle k\u00f6rperliche Kondition sind nicht n\u00f6tig.<\/span><\/p>\n","protected":false},"featured_media":21156,"comment_status":"open","ping_status":"closed","template":"","meta":[],"product_cat":[472,467,460,449],"product_tag":[],"class_list":["post-21913","product","type-product","status-publish","has-post-thumbnail","hentry","product_cat-estland","product_cat-kanu-kajak","product_cat-reisen","product_cat-braun-baer-touren"],"yoast_head":"<!-- This site is optimized with the Yoast SEO plugin v21.8 - https:\/\/yoast.com\/wordpress\/plugins\/seo\/ -->\n<title>Inselhopping mit dem Seekajak bei Hiiumaa 2 Tage - ActivEst<\/title>\n<meta name=\"robots\" content=\"index, follow, max-snippet:-1, max-image-preview:large, max-video-preview:-1\" \/>\n<link rel=\"canonical\" href=\"https:\/\/activest.ee\/en\/toode\/inselhopping-mit-dem-seekajak-bei-hiiumaa-2-tage\/\" \/>\n<meta property=\"og:locale\" content=\"en_US\" \/>\n<meta property=\"og:type\" content=\"article\" \/>\n<meta property=\"og:title\" content=\"Inselhopping mit dem Seekajak bei Hiiumaa 2 Tage - ActivEst\" \/>\n<meta property=\"og:description\" content=\"Die 43 Inseln des Hiiumaa-Archipelagos liegen nah beieinander. Das Meer zwischen den Kleininseln ist flach und erw\u00e4rmt sich im Sommer schnell. Das Gebiet steht unter Naturschutz, um die f\u00fcr Robben, Seev\u00f6gel und f\u00fcr die artenreiche Pflanzenwelt hervorragenden Lebensbedingungen zu erhalten. Auf der Kajaktour sind wir in gro\u00dfen und stabilen Zweierkajaks unterwegs. Die Kajaks sind f\u00fcr Anf\u00e4nger geeignet und besitzen viel Stauraum. Zu Beginn gibt es eine Einweisung f\u00fcr alle Teilnehmer, Kajakerfahrung und eine spezielle k\u00f6rperliche Kondition sind nicht n\u00f6tig.\" \/>\n<meta property=\"og:url\" content=\"https:\/\/activest.ee\/en\/toode\/inselhopping-mit-dem-seekajak-bei-hiiumaa-2-tage\/\" \/>\n<meta property=\"og:site_name\" content=\"ActivEst\" \/>\n<meta property=\"article:modified_time\" content=\"2025-02-12T05:57:43+00:00\" \/>\n<meta property=\"og:image\" content=\"https:\/\/www.activest.ee\/wp-content\/uploads\/2019\/11\/IMG_9608.jpg\" \/>\n\t<meta property=\"og:image:width\" content=\"800\" \/>\n\t<meta property=\"og:image:height\" content=\"533\" \/>\n\t<meta property=\"og:image:type\" content=\"image\/jpeg\" \/>\n<meta name=\"twitter:card\" content=\"summary_large_image\" \/>\n<meta name=\"twitter:label1\" content=\"Est. reading time\" \/>\n\t<meta name=\"twitter:data1\" content=\"4 minutes\" \/>\n<script type=\"application\/ld+json\" class=\"yoast-schema-graph\">{\"@context\":\"https:\/\/schema.org\",\"@graph\":[{\"@type\":\"WebPage\",\"@id\":\"https:\/\/activest.ee\/en\/toode\/inselhopping-mit-dem-seekajak-bei-hiiumaa-2-tage\/\",\"url\":\"https:\/\/activest.ee\/en\/toode\/inselhopping-mit-dem-seekajak-bei-hiiumaa-2-tage\/\",\"name\":\"Inselhopping mit dem Seekajak bei Hiiumaa 2 Tage - ActivEst\",\"isPartOf\":{\"@id\":\"https:\/\/www.activest.ee\/en\/#website\"},\"datePublished\":\"2020-04-12T08:52:52+00:00\",\"dateModified\":\"2025-02-12T05:57:43+00:00\",\"breadcrumb\":{\"@id\":\"https:\/\/activest.ee\/en\/toode\/inselhopping-mit-dem-seekajak-bei-hiiumaa-2-tage\/#breadcrumb\"},\"inLanguage\":\"en-US\",\"potentialAction\":[{\"@type\":\"ReadAction\",\"target\":[\"https:\/\/activest.ee\/en\/toode\/inselhopping-mit-dem-seekajak-bei-hiiumaa-2-tage\/\"]}]},{\"@type\":\"BreadcrumbList\",\"@id\":\"https:\/\/activest.ee\/en\/toode\/inselhopping-mit-dem-seekajak-bei-hiiumaa-2-tage\/#breadcrumb\",\"itemListElement\":[{\"@type\":\"ListItem\",\"position\":1,\"name\":\"Home\",\"item\":\"https:\/\/www.activest.ee\/en\/\"},{\"@type\":\"ListItem\",\"position\":2,\"name\":\"Shop\",\"item\":\"https:\/\/activest.ee\/en\/shop-2\/\"},{\"@type\":\"ListItem\",\"position\":3,\"name\":\"Inselhopping mit dem Seekajak bei Hiiumaa 2 Tage\"}]},{\"@type\":\"WebSite\",\"@id\":\"https:\/\/www.activest.ee\/en\/#website\",\"url\":\"https:\/\/www.activest.ee\/en\/\",\"name\":\"ActivEst\",\"description\":\"Reisen, Familienreisen, Naturreisen, Abenteurreisen\",\"potentialAction\":[{\"@type\":\"SearchAction\",\"target\":{\"@type\":\"EntryPoint\",\"urlTemplate\":\"https:\/\/www.activest.ee\/en\/?s={search_term_string}\"},\"query-input\":\"required name=search_term_string\"}],\"inLanguage\":\"en-US\"}]}<\/script>\n<!-- \/ Yoast SEO plugin. -->","yoast_head_json":{"title":"Inselhopping mit dem Seekajak bei Hiiumaa 2 Tage - ActivEst","robots":{"index":"index","follow":"follow","max-snippet":"max-snippet:-1","max-image-preview":"max-image-preview:large","max-video-preview":"max-video-preview:-1"},"canonical":"https:\/\/activest.ee\/en\/toode\/inselhopping-mit-dem-seekajak-bei-hiiumaa-2-tage\/","og_locale":"en_US","og_type":"article","og_title":"Inselhopping mit dem Seekajak bei Hiiumaa 2 Tage - ActivEst","og_description":"Die 43 Inseln des Hiiumaa-Archipelagos liegen nah beieinander. Das Meer zwischen den Kleininseln ist flach und erw\u00e4rmt sich im Sommer schnell. Das Gebiet steht unter Naturschutz, um die f\u00fcr Robben, Seev\u00f6gel und f\u00fcr die artenreiche Pflanzenwelt hervorragenden Lebensbedingungen zu erhalten. Auf der Kajaktour sind wir in gro\u00dfen und stabilen Zweierkajaks unterwegs. Die Kajaks sind f\u00fcr Anf\u00e4nger geeignet und besitzen viel Stauraum. Zu Beginn gibt es eine Einweisung f\u00fcr alle Teilnehmer, Kajakerfahrung und eine spezielle k\u00f6rperliche Kondition sind nicht n\u00f6tig.","og_url":"https:\/\/activest.ee\/en\/toode\/inselhopping-mit-dem-seekajak-bei-hiiumaa-2-tage\/","og_site_name":"ActivEst","article_modified_time":"2025-02-12T05:57:43+00:00","og_image":[{"width":800,"height":533,"url":"https:\/\/www.activest.ee\/wp-content\/uploads\/2019\/11\/IMG_9608.jpg","type":"image\/jpeg"}],"twitter_card":"summary_large_image","twitter_misc":{"Est. reading time":"4 minutes"},"schema":{"@context":"https:\/\/schema.org","@graph":[{"@type":"WebPage","@id":"https:\/\/activest.ee\/en\/toode\/inselhopping-mit-dem-seekajak-bei-hiiumaa-2-tage\/","url":"https:\/\/activest.ee\/en\/toode\/inselhopping-mit-dem-seekajak-bei-hiiumaa-2-tage\/","name":"Inselhopping mit dem Seekajak bei Hiiumaa 2 Tage - ActivEst","isPartOf":{"@id":"https:\/\/www.activest.ee\/en\/#website"},"datePublished":"2020-04-12T08:52:52+00:00","dateModified":"2025-02-12T05:57:43+00:00","breadcrumb":{"@id":"https:\/\/activest.ee\/en\/toode\/inselhopping-mit-dem-seekajak-bei-hiiumaa-2-tage\/#breadcrumb"},"inLanguage":"en-US","potentialAction":[{"@type":"ReadAction","target":["https:\/\/activest.ee\/en\/toode\/inselhopping-mit-dem-seekajak-bei-hiiumaa-2-tage\/"]}]},{"@type":"BreadcrumbList","@id":"https:\/\/activest.ee\/en\/toode\/inselhopping-mit-dem-seekajak-bei-hiiumaa-2-tage\/#breadcrumb","itemListElement":[{"@type":"ListItem","position":1,"name":"Home","item":"https:\/\/www.activest.ee\/en\/"},{"@type":"ListItem","position":2,"name":"Shop","item":"https:\/\/activest.ee\/en\/shop-2\/"},{"@type":"ListItem","position":3,"name":"Inselhopping mit dem Seekajak bei Hiiumaa 2 Tage"}]},{"@type":"WebSite","@id":"https:\/\/www.activest.ee\/en\/#website","url":"https:\/\/www.activest.ee\/en\/","name":"ActivEst","description":"Reisen, Familienreisen, Naturreisen, Abenteurreisen","potentialAction":[{"@type":"SearchAction","target":{"@type":"EntryPoint","urlTemplate":"https:\/\/www.activest.ee\/en\/?s={search_term_string}"},"query-input":"required name=search_term_string"}],"inLanguage":"en-US"}]}},"_links":{"self":[{"href":"https:\/\/activest.ee\/en\/wp-json\/wp\/v2\/product\/21913","targetHints":{"allow":["GET"]}}],"collection":[{"href":"https:\/\/activest.ee\/en\/wp-json\/wp\/v2\/product"}],"about":[{"href":"https:\/\/activest.ee\/en\/wp-json\/wp\/v2\/types\/product"}],"replies":[{"embeddable":true,"href":"https:\/\/activest.ee\/en\/wp-json\/wp\/v2\/comments?post=21913"}],"wp:featuredmedia":[{"embeddable":true,"href":"https:\/\/activest.ee\/en\/wp-json\/wp\/v2\/media\/21156"}],"wp:attachment":[{"href":"https:\/\/activest.ee\/en\/wp-json\/wp\/v2\/media?parent=21913"}],"wp:term":[{"taxonomy":"product_cat","embeddable":true,"href":"https:\/\/activest.ee\/en\/wp-json\/wp\/v2\/product_cat?post=21913"},{"taxonomy":"product_tag","embeddable":true,"href":"https:\/\/activest.ee\/en\/wp-json\/wp\/v2\/product_tag?post=21913"}],"curies":[{"name":"wp","href":"https:\/\/api.w.org\/{rel}","templated":true}]}}