{"id":21721,"date":"2019-12-19T07:07:38","date_gmt":"2019-12-19T05:07:38","guid":{"rendered":"https:\/\/activest.ee\/?post_type=product&#038;p=21721"},"modified":"2024-09-25T11:23:38","modified_gmt":"2024-09-25T08:23:38","slug":"smart-guided-individualreise-wandern-in-estland-8-tage","status":"publish","type":"product","link":"https:\/\/activest.ee\/en\/toode\/smart-guided-individualreise-wandern-in-estland-8-tage\/","title":{"rendered":"Smart-guided Individualreise Wandern in Estland 8 Tage"},"content":{"rendered":"<div class=\"fusion-fullwidth fullwidth-box fusion-builder-row-1 nonhundred-percent-fullwidth non-hundred-percent-height-scrolling\" style=\"background-color: rgba(255,255,255,0);background-position: center center;background-repeat: no-repeat;padding-top:0px;padding-right:0px;padding-bottom:0px;padding-left:0px;margin-bottom: 0px;margin-top: 0px;border-width: 0px 0px 0px 0px;border-color:#eae9e9;border-style:solid;\" ><div class=\"fusion-builder-row fusion-row\"><div class=\"fusion-layout-column fusion_builder_column fusion-builder-column-0 fusion_builder_column_1_1 1_1 fusion-one-full fusion-column-first fusion-column-last\" style=\"margin-top:0px;margin-bottom:20px;\"><div class=\"fusion-column-wrapper fusion-flex-column-wrapper-legacy\" style=\"background-position:left top;background-repeat:no-repeat;-webkit-background-size:cover;-moz-background-size:cover;-o-background-size:cover;background-size:cover;padding: 0px 0px 0px 0px;\"><div class=\"fusion-button-wrapper\"><style type=\"text\/css\">.fusion-button.button-1 {border-radius:2px;}<\/style><a class=\"fusion-button button-flat fusion-button-default-size button-default button-1 fusion-button-default-span fusion-button-default-type\" target=\"_self\" href=\"#description\"><span class=\"fusion-button-text\">Reisebeschreibung<\/span><\/a><\/div><div class=\"fusion-button-wrapper\"><style type=\"text\/css\">.fusion-button.button-2 {border-radius:2px;}<\/style><a class=\"fusion-button button-flat fusion-button-default-size button-default button-2 fusion-button-default-span fusion-button-default-type\" target=\"_self\" href=\"#detailed\"><span class=\"fusion-button-text\">Detailbeschreibung<\/span><\/a><\/div><div class=\"fusion-button-wrapper\"><style type=\"text\/css\">.fusion-button.button-3 {border-radius:2px;}<\/style><a class=\"fusion-button button-flat fusion-button-default-size button-default button-3 fusion-button-default-span fusion-button-default-type\" target=\"_self\" href=\"#price\"><span class=\"fusion-button-text\">Termine und Preis<\/span><\/a><\/div><div class=\"fusion-clearfix\"><\/div><\/div><\/div><div class=\"fusion-layout-column fusion_builder_column fusion-builder-column-1 fusion_builder_column_1_1 1_1 fusion-one-full fusion-column-first fusion-column-last\" style=\"margin-top:0px;margin-bottom:20px;\"><div class=\"fusion-column-wrapper fusion-flex-column-wrapper-legacy\" style=\"background-position:left top;background-repeat:no-repeat;-webkit-background-size:cover;-moz-background-size:cover;-o-background-size:cover;background-size:cover;padding: 0px 0px 0px 0px;\"><div class=\"fusion-clearfix\"><\/div><\/div><\/div><div class=\"fusion-layout-column fusion_builder_column fusion-builder-column-2 fusion_builder_column_1_1 1_1 fusion-one-full fusion-column-first fusion-column-last\" style=\"margin-top:0px;margin-bottom:20px;\"><div class=\"fusion-column-wrapper fusion-flex-column-wrapper-legacy\" style=\"background-position:left top;background-repeat:no-repeat;-webkit-background-size:cover;-moz-background-size:cover;-o-background-size:cover;background-size:cover;padding: 0px 0px 0px 0px;\"><div class=\"fusion-menu-anchor\" id=\"description\"><\/div><div class=\"fusion-text fusion-text-1\" style=\"transform:translate3d(0,0,0);\"><h2>Highlights:<\/h2>\n<ul>\n<li>Stadtwanderung in Tallinn<\/li>\n<li>Studentenstadt Tartu<\/li>\n<li>Lahemaa und Vilsandi Nationalparks<\/li>\n<li>Inseln Saaremaa und Muhumaa<\/li>\n<li>Hochmoorwanderung<\/li>\n<li>Peipussee und Taevaskoda<\/li>\n<\/ul>\n<p>F\u00fcr die Reise bekommen Sie von uns eine Tour-App, die Ihnen den Weg zu vielen Sehensw\u00fcrdigkeiten, Wandertouren, Restaurants und Caf\u00e9s weist und Tipps und Informationen f\u00fcr Sie bereith\u00e4lt.<\/p>\n<p>Jede Tagestour beinhaltet ein gr\u00f6\u00dferes Highlight, wie eine l\u00e4ngere Wanderung oder eine Stadtbesichtigung. Anschlie\u00dfend gibt es entsprechend ihren W\u00fcnschen die M\u00f6glichkeit weitere Besichtigungen anzuschlie\u00dfen, wandern zu gehen oder einfach in Ruhe die Umgebung zu genie\u00dfen.<\/p>\n<\/div><div class=\"fusion-clearfix\"><\/div><\/div><\/div><div class=\"fusion-layout-column fusion_builder_column fusion-builder-column-3 fusion_builder_column_1_1 1_1 fusion-one-full fusion-column-first fusion-column-last\" style=\"margin-top:0px;margin-bottom:20px;\"><div class=\"fusion-column-wrapper fusion-flex-column-wrapper-legacy\" style=\"background-position:left top;background-repeat:no-repeat;-webkit-background-size:cover;-moz-background-size:cover;-o-background-size:cover;background-size:cover;padding: 0px 0px 0px 0px;\"><div class=\"fusion-menu-anchor\" id=\"detailed\"><\/div><div class=\"fusion-text fusion-text-2\" style=\"transform:translate3d(0,0,0);\"><h2>1.Tag: Tallinn &#8211; Stadtf\u00fchrung<\/h2>\n<p>Schon am ersten Nachmittag machen Sie einen gef\u00fchrten Spaziergang durch das mittelalterliche Tallinn. Sie besuchen die wohl intakteste mittelalterliche Stadt Europas mit einem urspr\u00fcnglichen Stra\u00dfensystem aus dem 13. Jahrhundert. Viele H\u00e4user aus dem 15. Jahrhundert stehen noch in ihrer urspr\u00fcnglichen Gr\u00f6\u00dfe und Form, alle wichtigen und repr\u00e4sentativen Regierungsgeb\u00e4ude sowie Kirchen sind unversehrt. W\u00e4hrend der Stadtf\u00fchrung lernen Sie die Tour-App kennen und erhalten Tipps von unserem Stadtf\u00fchrer. Anschlie\u00dfend k\u00f6nnen sie sich den Rest des Tages frei gestalten. Mit Hilfe der Tour-App gibt es die M\u00f6glichkeit eine Wanderung auf der Strandpromenade vorzunehmen, das Hafengebiet, die Seefestung oder den Seeflughafen zu erkunden.<br \/>\n\u00dcbernachtung im Hotel in Tallinn<\/p>\n<h2>2.Tag: Saaremaa &#8211; Wanderwege und Sehensw\u00fcrdigkeiten<\/h2>\n<p>Am n\u00e4chsten Tag geht es weiter auf die Insel Saaremaa, die viele Wanderm\u00f6glichkeiten und Sehensw\u00fcrdigkeiten f\u00fcr Sie bereith\u00e4lt. Charakteristisch f\u00fcr Estlands gr\u00f6\u00dfte Insel sind Wacholder-Weiden und alte Wehrkirchen. Sie machen einen Spaziergang beim der Panga Steilk\u00fcste mit sch\u00f6nem Blick auf die Ostsee, besuchen den Angla Windm\u00fchlenpark, den Kaali-Meteoritenkrater und die Karja Kirche mit ihren heidnischen Wandbemalungen. Wandertouren bieten sich an der Nordk\u00fcste und im Hochmoor. Anschlie\u00dfend bleibt evt. noch Zeit f\u00fcr die S\u00f5rve Halbinsel und ihren Leuchtturm im S\u00fcdwesten, wo k\u00fcrzlich ein neues Besucherzentrum er\u00f6ffnet wurde.<br \/>\nAutofahrt ca. 200 km und 30-min\u00fctige F\u00e4hr\u00fcberf\u00e4hrt.<\/p>\n<p>Nacht in Saaremaa im Hotel oder G\u00e4stehaus.<\/p>\n<h2>3.Tag\u00a0 Vilsandi Nationalpark und Inselhauptstadt Kuressaare<\/h2>\n<p>F\u00fcr Wanderer und Naturliebhaber ist das gr\u00f6\u00dfte Highlight von Saaremaa das \u00e4lteste Schutzgebiet des Baltikums, der Vilsandi Nationalpark. Im Jahr 1910 haupts\u00e4chlich zum Schutz der Seev\u00f6gel gegr\u00fcndet, umfassen die Schutzziele des Nationalparks heute auch den Erhalt der Kalksteink\u00fcste, der naturbelassenen Sandstr\u00e4nde und der mehr als 100 Kleinstinseln. Auf mehreren Pfaden und Wanderwegen k\u00f6nnen Sie die Natur entdecken. Die meisten G\u00e4ste besuchen die Harialaid Halbinsel, wo je nach Wunsch eine 6 oder 11 km lange Wanderung am Sandstrand entlang zum schiefen Leuchtturm gemacht werden kann. \u00a0Abenteurer k\u00f6nnen sogar durch die Ostsee entlang einer Eilandskette bis auf die Insel Vilsandi wandern. An beiden Wanderstrecken gibt es gute Badem\u00f6glichkeiten.<\/p>\n<p>Am Nachmittag k\u00f6nnen Sie in der Hauptstadt Kuressaare entspannen: durch die Altstadt spazieren, die m\u00e4chtige Bischofsburg besichtigen und in gem\u00fctlichen Stra\u00dfencaf\u00e9s sitzen.<br \/>\nAutofahrt etwa 50km.<br \/>\nNacht auf Saaremaa im Hotel oder G\u00e4stehaus<\/p>\n<h2>4. Universit\u00e4tsstadt Tartu<\/h2>\n<p>Das n\u00e4chste Ziel ist Estlands geistiges und kulturelles Zentrum, die Stadt Tartu. Tartu ist mit knapp hunderttausend Einwohnern die zweitgr\u00f6\u00dfte Stadt Estlands. In der am Fluss Emaj\u00f5gi gelegenen Stadt liegen die meisten Sehensw\u00fcrdigkeiten kompakt beieinander und sind zu Fu\u00df wunderbar erreichbar. Hierzu geh\u00f6ren die Statue der sich k\u00fcssenden Studenten auf dem Rathausplatz, die am und in der N\u00e4he des Rathausplatzes gelegenen Museen und Caf\u00e9s, sowie ein gro\u00dfer Park, der sich \u00fcber den Domberg erstreckt. Nordeuropas \u00e4lteste Universit\u00e4t liegt nur einige hundert Meter weiter und auch die \u00fcber den Fluss Emaj\u00f5gi f\u00fchrenden Br\u00fccken sind bereits vom Rathausplatz sichtbar. \u00dcber die L\u00e4nge und Dauer der Stadtbesichtigung in Tartu k\u00f6nnen Sie selber entscheiden. Ob sie mit der Stadtmitte vorliebnehmen oder auch die gem\u00fctlichen Holzh\u00e4userbezirke erkunden, ist Ihnen \u00fcberlassen.<br \/>\nAutofahrt 320 km, F\u00e4hre 30 min.<br \/>\nNacht im Hotel in Tartu.<\/p>\n<h2>5. Peipusee, Sandsteinfelsen und H\u00fcgellandschaften<\/h2>\n<p>Der heutige Tag bietet sch\u00f6nste Naturlandschaften und einzigartigste Kulturerlebnisse in S\u00fcd-Estland. Nach dem Fr\u00fchst\u00fcck und einer halben Stunde Autofahrt erreichen Sie das Taevaskoja Urstromtal mit seinen Sandsteinfelsen. Die 12 km lange Wanderweg verl\u00e4uft am Ufer des Ahja Flusses entlang, zu sehen sind Felswandaufschl\u00fcsse und Quellenh\u00f6hlen. Danach k\u00f6nnen sie noch weitere Wanderungen im Gebiet anschlie\u00dfen oder direkt zu Europas f\u00fcnftgr\u00f6\u00dftem See, dem Peipussee, aufbrechen. Am Peipussee wohnen Altgl\u00e4ubige, die im 17. Jahrhundert aus Russland vor \u00c4nderungen der orthodoxen Kirche hierher geflohen sind. Die H\u00e4user in den D\u00f6rfern am Peipussee liegen an einer Hauptstra\u00dfe, die parallel zum See verl\u00e4uft und bilden so kilometerlange Siedlungen. Mehr \u00fcber die lokale Lebensweise k\u00f6nnen Sie bei einem Museumsbesuch erfahren oder sie entdecken und fotografieren einfach die Holzarchitektur der kleinen Gebeth\u00e4user. In Estland ist das Gebiet vor allem auch seiner Zwiebel und Fisch Esskultur bekannt. Sie sollten unbedingt in einem Restaurant lokale Spezialit\u00e4ten genie\u00dfen oder ein paar Produkte mitnehmen.<br \/>\nAutofahrt ca. 120 km.<br \/>\nNacht im Hotel in Tartu<\/p>\n<h2>6.Tag Hochmoor und Lahemaa Nationalpark<\/h2>\n<p>Nach einem unvergesslichen Tag in S\u00fcdestland machen Sie sich wieder auf den Weg in den Norden. Auf dem Weg in den Lahemaa Nationalpark steht f\u00fcr den heutigen Tag eines der wichtigen Reiseziele auf dem Programm \u2013 eine Hochmoorwanderung. Mehrere Tausendhektar gro\u00dfe und mehr als 10000 Jahre Entstehungsgeschichte aufweisende Hochmoorkomplexe gibt es in Estland fast \u00fcberall. Im Endla Naturschutzgebiet stehen Ihnen 2-15 km lange Wanderwege durch das Hochmoor zur Verf\u00fcgung. Die Torfm\u00e4chtigkeit betragt 8 Meter und der Torfmoosk\u00f6rper ist bis zu 95% mit S\u00fc\u00dfwasser getr\u00e4nkt. Vom M\u00e4nnikj\u00e4rve Aussichtsturm aus wurden mehrere Werbefotos geschossen. Der Turm h\u00e4lt einen Blick auf das Farbspiel des Torfmooses, die Moorkolke und die verkr\u00fcppelten Kiefern bereit. Naturliebhaber k\u00f6nnen in diesem extremen Lebensraum einige seltene V\u00f6gel- und Pflanzenarten beobachten. Als sehr urspr\u00fcngliche Landschaft und nat\u00fcrlicher Lebensraum ist das Hochmoor f\u00fcr Besucher ein ganz besonderes Naturerlebnis.<\/p>\n<p>Am Abend k\u00f6nnen Sie im Lahemaa Nationalpark den Sonnenuntergang an der Ostsee genie\u00dfen oder im Herrenhaus-Restaurant zu Abend essen.<br \/>\nAutofahrt ca. 170 km.<br \/>\nNacht in Lahemaa Nationalpark<\/p>\n<h2>7.Tag Nordische K\u00fcste, Herrenh\u00e4user und Taigawald<\/h2>\n<p>Lahemaa ist der \u00e4lteste und gr\u00f6\u00dfte Nationalpark Estlands. \u00a0Er wurde zum Schutz der, von riesigen Findlingen gepr\u00e4gten, K\u00fcstenlandschaften, Hochmoore und taigaartigen W\u00e4lder gegr\u00fcndet. Kulturhighlights des Schutzgebietes sind die, auf die Deutsch-Baltische Geschichte zur\u00fcckgehenden, wundersch\u00f6nen Herrenh\u00e4user und die traditionellen estnischen Fischerh\u00e4user. F\u00fcr Wanderer h\u00e4lt der Nationalpark mehrere l\u00e4ngere und k\u00fcrzere Wanderwege bereit. In unserer Tour-App sind Wanderwege zwischen 1 und 15 km L\u00e4nge verzeichnet, die Sie an der K\u00fcste entlang, durch alte W\u00e4lder, \u00fcbers Hochmoor und zu den Gutsh\u00f6fen f\u00fchren. Nat\u00fcrlich geben wir Empfehlungen, sie k\u00f6nnen jedoch selber entscheiden wie weit Sie laufen m\u00f6chten und welche Sehensw\u00fcrdigkeiten Sie besuchen m\u00f6chten.<br \/>\nAutofahrt ca. 50 km<br \/>\nNacht im Lahemaa Nationalpark<\/p>\n<h2>8.Tag Abfahrt<\/h2>\n<p>Sofern Sie noch immer Lust auf eine Wanderung haben, so k\u00f6nnen Sie den Vormittag hierf\u00fcr nutzen. Der Flughafen von Tallinn liegt nur etwa 1 Stunde Autofahrt entfernt.<\/p>\n<\/div><div class=\"fusion-clearfix\"><\/div><\/div><\/div><div class=\"fusion-layout-column fusion_builder_column fusion-builder-column-4 fusion_builder_column_1_1 1_1 fusion-one-full fusion-column-first fusion-column-last\" style=\"margin-top:0px;margin-bottom:20px;\"><div class=\"fusion-column-wrapper fusion-flex-column-wrapper-legacy\" style=\"background-position:left top;background-repeat:no-repeat;-webkit-background-size:cover;-moz-background-size:cover;-o-background-size:cover;background-size:cover;padding: 0px 0px 0px 0px;\"><div class=\"fusion-menu-anchor\" id=\"price\"><\/div><div class=\"fusion-text fusion-text-3\" style=\"transform:translate3d(0,0,0);\"><h2>Saison<\/h2>\n<p>April bis Oktober<\/p>\n<h2>Preis<\/h2>\n<p>1450\u20ac pro Person bei Belegung in Doppelzimmern, Einzelzimmerzuschlag 230\u20ac<\/p>\n<h2><strong>Leistungen:<\/strong><\/h2>\n<ul>\n<li>\u00dcbernachtungen in Mittelklassehotels und G\u00e4steh\u00e4user mit Fr\u00fchst\u00fcck<\/li>\n<li>Tour-App<\/li>\n<li>Stadtf\u00fchrung in Tallinn und Einweisung in die Tour-App<\/li>\n<li>Mietwagen (Kompaktklasse) an 7 Tage<\/li>\n<\/ul>\n<\/div><div class=\"fusion-clearfix\"><\/div><\/div><\/div><\/div><\/div>\n","protected":false},"excerpt":{"rendered":"<p>W\u00e4hrend dieser Reise besuchen Sie die sch\u00f6nsten Naturlandschaften und St\u00e4dte Estlands. Es handelt sich um eine Aktivreise, bei der Sie viel Zeit mit Wandern an der frischen Luft verbringen. Wandernd entdecken und erleben Sie den \u00e4ltesten und gr\u00f6\u00dften Nationalpark Lahemaa, die estnische Inselwelt, ausgedehnte Hochmoore, Taigaw\u00e4lder und die s\u00fcdestnischen H\u00fcgellandschaften. Ebenso besuchen Sie die wichtigsten Sehensw\u00fcrdigkeiten Estlands, wie den mittelalterlichen Stadtkern von Tallinn, die Universit\u00e4tsstadt Tartu und deutsch-baltische Herrenh\u00e4user im Lahemaa Nationalpark.<\/p>\n","protected":false},"featured_media":21575,"comment_status":"open","ping_status":"closed","template":"","meta":[],"product_cat":[472,460,453,468],"product_tag":[],"class_list":["post-21721","product","type-product","status-publish","has-post-thumbnail","hentry","product_cat-estland","product_cat-reisen","product_cat-smart-guided-individual-reisen","product_cat-wandern"],"yoast_head":"<!-- This site is optimized with the Yoast SEO plugin v21.8 - https:\/\/yoast.com\/wordpress\/plugins\/seo\/ -->\n<title>Smart-guided Individualreise Wandern in Estland 8 Tage - ActivEst<\/title>\n<meta name=\"robots\" content=\"index, follow, max-snippet:-1, max-image-preview:large, max-video-preview:-1\" \/>\n<link rel=\"canonical\" href=\"https:\/\/activest.ee\/en\/toode\/smart-guided-individualreise-wandern-in-estland-8-tage\/\" \/>\n<meta property=\"og:locale\" content=\"en_US\" \/>\n<meta property=\"og:type\" content=\"article\" \/>\n<meta property=\"og:title\" content=\"Smart-guided Individualreise Wandern in Estland 8 Tage - ActivEst\" \/>\n<meta property=\"og:description\" content=\"W\u00e4hrend dieser Reise besuchen Sie die sch\u00f6nsten Naturlandschaften und St\u00e4dte Estlands. Es handelt sich um eine Aktivreise, bei der Sie viel Zeit mit Wandern an der frischen Luft verbringen. Wandernd entdecken und erleben Sie den \u00e4ltesten und gr\u00f6\u00dften Nationalpark Lahemaa, die estnische Inselwelt, ausgedehnte Hochmoore, Taigaw\u00e4lder und die s\u00fcdestnischen H\u00fcgellandschaften. Ebenso besuchen Sie die wichtigsten Sehensw\u00fcrdigkeiten Estlands, wie den mittelalterlichen Stadtkern von Tallinn, die Universit\u00e4tsstadt Tartu und deutsch-baltische Herrenh\u00e4user im Lahemaa Nationalpark.\" \/>\n<meta property=\"og:url\" content=\"https:\/\/activest.ee\/en\/toode\/smart-guided-individualreise-wandern-in-estland-8-tage\/\" \/>\n<meta property=\"og:site_name\" content=\"ActivEst\" \/>\n<meta property=\"article:modified_time\" content=\"2024-09-25T08:23:38+00:00\" \/>\n<meta property=\"og:image\" content=\"https:\/\/activest.ee\/wp-content\/uploads\/2019\/11\/7JJ0666.jpg\" \/>\n\t<meta property=\"og:image:width\" content=\"1000\" \/>\n\t<meta property=\"og:image:height\" content=\"629\" \/>\n\t<meta property=\"og:image:type\" content=\"image\/jpeg\" \/>\n<meta name=\"twitter:card\" content=\"summary_large_image\" \/>\n<meta name=\"twitter:label1\" content=\"Est. reading time\" \/>\n\t<meta name=\"twitter:data1\" content=\"8 minutes\" \/>\n<script type=\"application\/ld+json\" class=\"yoast-schema-graph\">{\"@context\":\"https:\/\/schema.org\",\"@graph\":[{\"@type\":\"WebPage\",\"@id\":\"https:\/\/activest.ee\/en\/toode\/smart-guided-individualreise-wandern-in-estland-8-tage\/\",\"url\":\"https:\/\/activest.ee\/en\/toode\/smart-guided-individualreise-wandern-in-estland-8-tage\/\",\"name\":\"Smart-guided Individualreise Wandern in Estland 8 Tage - ActivEst\",\"isPartOf\":{\"@id\":\"https:\/\/activest.ee\/#website\"},\"datePublished\":\"2019-12-19T05:07:38+00:00\",\"dateModified\":\"2024-09-25T08:23:38+00:00\",\"breadcrumb\":{\"@id\":\"https:\/\/activest.ee\/en\/toode\/smart-guided-individualreise-wandern-in-estland-8-tage\/#breadcrumb\"},\"inLanguage\":\"en-US\",\"potentialAction\":[{\"@type\":\"ReadAction\",\"target\":[\"https:\/\/activest.ee\/en\/toode\/smart-guided-individualreise-wandern-in-estland-8-tage\/\"]}]},{\"@type\":\"BreadcrumbList\",\"@id\":\"https:\/\/activest.ee\/en\/toode\/smart-guided-individualreise-wandern-in-estland-8-tage\/#breadcrumb\",\"itemListElement\":[{\"@type\":\"ListItem\",\"position\":1,\"name\":\"Home\",\"item\":\"https:\/\/www.activest.ee\/en\/\"},{\"@type\":\"ListItem\",\"position\":2,\"name\":\"Shop\",\"item\":\"https:\/\/www.activest.ee\/en\/shop-2\/\"},{\"@type\":\"ListItem\",\"position\":3,\"name\":\"Smart-guided Individualreise Wandern in Estland 8 Tage\"}]},{\"@type\":\"WebSite\",\"@id\":\"https:\/\/activest.ee\/#website\",\"url\":\"https:\/\/activest.ee\/\",\"name\":\"ActivEst\",\"description\":\"Reisen, Familienreisen, Naturreisen, Abenteurreisen\",\"potentialAction\":[{\"@type\":\"SearchAction\",\"target\":{\"@type\":\"EntryPoint\",\"urlTemplate\":\"https:\/\/activest.ee\/?s={search_term_string}\"},\"query-input\":\"required name=search_term_string\"}],\"inLanguage\":\"en-US\"}]}<\/script>\n<!-- \/ Yoast SEO plugin. -->","yoast_head_json":{"title":"Smart-guided Individualreise Wandern in Estland 8 Tage - ActivEst","robots":{"index":"index","follow":"follow","max-snippet":"max-snippet:-1","max-image-preview":"max-image-preview:large","max-video-preview":"max-video-preview:-1"},"canonical":"https:\/\/activest.ee\/en\/toode\/smart-guided-individualreise-wandern-in-estland-8-tage\/","og_locale":"en_US","og_type":"article","og_title":"Smart-guided Individualreise Wandern in Estland 8 Tage - ActivEst","og_description":"W\u00e4hrend dieser Reise besuchen Sie die sch\u00f6nsten Naturlandschaften und St\u00e4dte Estlands. Es handelt sich um eine Aktivreise, bei der Sie viel Zeit mit Wandern an der frischen Luft verbringen. Wandernd entdecken und erleben Sie den \u00e4ltesten und gr\u00f6\u00dften Nationalpark Lahemaa, die estnische Inselwelt, ausgedehnte Hochmoore, Taigaw\u00e4lder und die s\u00fcdestnischen H\u00fcgellandschaften. Ebenso besuchen Sie die wichtigsten Sehensw\u00fcrdigkeiten Estlands, wie den mittelalterlichen Stadtkern von Tallinn, die Universit\u00e4tsstadt Tartu und deutsch-baltische Herrenh\u00e4user im Lahemaa Nationalpark.","og_url":"https:\/\/activest.ee\/en\/toode\/smart-guided-individualreise-wandern-in-estland-8-tage\/","og_site_name":"ActivEst","article_modified_time":"2024-09-25T08:23:38+00:00","og_image":[{"width":1000,"height":629,"url":"https:\/\/activest.ee\/wp-content\/uploads\/2019\/11\/7JJ0666.jpg","type":"image\/jpeg"}],"twitter_card":"summary_large_image","twitter_misc":{"Est. reading time":"8 minutes"},"schema":{"@context":"https:\/\/schema.org","@graph":[{"@type":"WebPage","@id":"https:\/\/activest.ee\/en\/toode\/smart-guided-individualreise-wandern-in-estland-8-tage\/","url":"https:\/\/activest.ee\/en\/toode\/smart-guided-individualreise-wandern-in-estland-8-tage\/","name":"Smart-guided Individualreise Wandern in Estland 8 Tage - ActivEst","isPartOf":{"@id":"https:\/\/activest.ee\/#website"},"datePublished":"2019-12-19T05:07:38+00:00","dateModified":"2024-09-25T08:23:38+00:00","breadcrumb":{"@id":"https:\/\/activest.ee\/en\/toode\/smart-guided-individualreise-wandern-in-estland-8-tage\/#breadcrumb"},"inLanguage":"en-US","potentialAction":[{"@type":"ReadAction","target":["https:\/\/activest.ee\/en\/toode\/smart-guided-individualreise-wandern-in-estland-8-tage\/"]}]},{"@type":"BreadcrumbList","@id":"https:\/\/activest.ee\/en\/toode\/smart-guided-individualreise-wandern-in-estland-8-tage\/#breadcrumb","itemListElement":[{"@type":"ListItem","position":1,"name":"Home","item":"https:\/\/www.activest.ee\/en\/"},{"@type":"ListItem","position":2,"name":"Shop","item":"https:\/\/www.activest.ee\/en\/shop-2\/"},{"@type":"ListItem","position":3,"name":"Smart-guided Individualreise Wandern in Estland 8 Tage"}]},{"@type":"WebSite","@id":"https:\/\/activest.ee\/#website","url":"https:\/\/activest.ee\/","name":"ActivEst","description":"Reisen, Familienreisen, Naturreisen, Abenteurreisen","potentialAction":[{"@type":"SearchAction","target":{"@type":"EntryPoint","urlTemplate":"https:\/\/activest.ee\/?s={search_term_string}"},"query-input":"required name=search_term_string"}],"inLanguage":"en-US"}]}},"_links":{"self":[{"href":"https:\/\/activest.ee\/en\/wp-json\/wp\/v2\/product\/21721","targetHints":{"allow":["GET"]}}],"collection":[{"href":"https:\/\/activest.ee\/en\/wp-json\/wp\/v2\/product"}],"about":[{"href":"https:\/\/activest.ee\/en\/wp-json\/wp\/v2\/types\/product"}],"replies":[{"embeddable":true,"href":"https:\/\/activest.ee\/en\/wp-json\/wp\/v2\/comments?post=21721"}],"wp:featuredmedia":[{"embeddable":true,"href":"https:\/\/activest.ee\/en\/wp-json\/wp\/v2\/media\/21575"}],"wp:attachment":[{"href":"https:\/\/activest.ee\/en\/wp-json\/wp\/v2\/media?parent=21721"}],"wp:term":[{"taxonomy":"product_cat","embeddable":true,"href":"https:\/\/activest.ee\/en\/wp-json\/wp\/v2\/product_cat?post=21721"},{"taxonomy":"product_tag","embeddable":true,"href":"https:\/\/activest.ee\/en\/wp-json\/wp\/v2\/product_tag?post=21721"}],"curies":[{"name":"wp","href":"https:\/\/api.w.org\/{rel}","templated":true}]}}