{"id":21659,"date":"2019-12-09T17:08:29","date_gmt":"2019-12-09T15:08:29","guid":{"rendered":"https:\/\/activest.ee\/?post_type=product&#038;p=21659"},"modified":"2021-10-23T11:54:44","modified_gmt":"2021-10-23T08:54:44","slug":"baeren-elche-und-abenteuer-familienreise-in-estland-10-tage-kopie","status":"publish","type":"product","link":"https:\/\/activest.ee\/en\/toode\/baeren-elche-und-abenteuer-familienreise-in-estland-10-tage-kopie\/","title":{"rendered":"Familienreise Lettland und Litauen 9 Tage"},"content":{"rendered":"<div class=\"fusion-fullwidth fullwidth-box fusion-builder-row-1 nonhundred-percent-fullwidth non-hundred-percent-height-scrolling\" style=\"background-color: rgba(255,255,255,0);background-position: center center;background-repeat: no-repeat;padding-top:0px;padding-right:0px;padding-bottom:0px;padding-left:0px;margin-bottom: 0px;margin-top: 0px;border-width: 0px 0px 0px 0px;border-color:#eae9e9;border-style:solid;\" ><div class=\"fusion-builder-row fusion-row\"><div class=\"fusion-layout-column fusion_builder_column fusion-builder-column-0 fusion_builder_column_1_1 1_1 fusion-one-full fusion-column-first fusion-column-last\" style=\"margin-top:0px;margin-bottom:20px;\"><div class=\"fusion-column-wrapper fusion-flex-column-wrapper-legacy\" style=\"background-position:left top;background-repeat:no-repeat;-webkit-background-size:cover;-moz-background-size:cover;-o-background-size:cover;background-size:cover;padding: 0px 0px 0px 0px;\"><div class=\"fusion-button-wrapper\"><style type=\"text\/css\">.fusion-button.button-1 {border-radius:2px;}<\/style><a class=\"fusion-button button-flat fusion-button-default-size button-default button-1 fusion-button-default-span fusion-button-default-type\" target=\"_self\" href=\"#description\"><span class=\"fusion-button-text\">Reisebeschreibung<\/span><\/a><\/div><div class=\"fusion-button-wrapper\"><style type=\"text\/css\">.fusion-button.button-2 {border-radius:2px;}<\/style><a class=\"fusion-button button-flat fusion-button-default-size button-default button-2 fusion-button-default-span fusion-button-default-type\" target=\"_self\" href=\"#detailed\"><span class=\"fusion-button-text\">Detailbeschreibung<\/span><\/a><\/div><div class=\"fusion-button-wrapper\"><style type=\"text\/css\">.fusion-button.button-3 {border-radius:2px;}<\/style><a class=\"fusion-button button-flat fusion-button-default-size button-default button-3 fusion-button-default-span fusion-button-default-type\" target=\"_self\" href=\"#price\"><span class=\"fusion-button-text\">Termine und Preis<\/span><\/a><\/div><div class=\"fusion-clearfix\"><\/div><\/div><\/div><div class=\"fusion-layout-column fusion_builder_column fusion-builder-column-1 fusion_builder_column_1_1 1_1 fusion-one-full fusion-column-first fusion-column-last\" style=\"margin-top:0px;margin-bottom:20px;\"><div class=\"fusion-column-wrapper fusion-flex-column-wrapper-legacy\" style=\"background-position:left top;background-repeat:no-repeat;-webkit-background-size:cover;-moz-background-size:cover;-o-background-size:cover;background-size:cover;padding: 0px 0px 0px 0px;\"><div class=\"fusion-text fusion-text-1\" style=\"transform:translate3d(0,0,0);\"><\/div><div class=\"fusion-clearfix\"><\/div><\/div><\/div><div class=\"fusion-layout-column fusion_builder_column fusion-builder-column-2 fusion_builder_column_1_1 1_1 fusion-one-full fusion-column-first fusion-column-last\" style=\"margin-top:0px;margin-bottom:20px;\"><div class=\"fusion-column-wrapper fusion-flex-column-wrapper-legacy\" style=\"background-position:left top;background-repeat:no-repeat;-webkit-background-size:cover;-moz-background-size:cover;-o-background-size:cover;background-size:cover;padding: 0px 0px 0px 0px;\"><div class=\"fusion-menu-anchor\" id=\"description\"><\/div><div class=\"fusion-text fusion-text-2\" style=\"transform:translate3d(0,0,0);\"><h2><strong>H\u00f6hepunkte:<\/strong><\/h2>\n<ul>\n<li>Bootstour durch Rigas Altstadt<\/li>\n<li>Spannende Schnitzeljagd durch Riga<\/li>\n<li>Action im Abenteuerpark<\/li>\n<li>Beobachtung von Elchen, Braunb\u00e4ren und Luchsen<\/li>\n<li>Kindgerechte Wanderung durch die gr\u00f6\u00dften D\u00fcnen Europas<\/li>\n<li>Fahrt mit einem Segelboot<\/li>\n<li>Besuch eines Meeresmuseum<\/li>\n<li>Delfine hautnah erleben<\/li>\n<li>Kulinarische K\u00f6stlichkeiten aus dem Baltikum<\/li>\n<li>Besuch einer alten Dorfschule<\/li>\n<\/ul>\n<p>Unser Abenteuer beginnt in der Hauptstadt Lettlands, wo wir in die Vergangenheit eintauchen und den gro\u00dfen Zentralmarkt sowie die bedeutenden Geb\u00e4ude aus der Zeit des Jugendstils bestaunen. Ein kulturelles Highlight ist auch der Rundgang durch die Burgruine in der mittelalterlichen Stadt Cesis. Die unber\u00fchrte Natur erleben wir bei einer Bootsfahrt auf dem Fluss Daugava sowie bei dem Besuch des Gauja Nationalparks, welcher der \u00e4lteste und gr\u00f6\u00dfte Nationalpark Lettlands ist. Dunkle H\u00f6hlen, dichte W\u00e4lder und deren tierische Bewohner warten bereits auf naturliebende Familien!<\/p>\n<p>Gro\u00dfe D\u00fcnenlandschaften und ausgedehnte Sandstr\u00e4nde erobern wir im benachbarten Litauen. W\u00e4hrend der Fahrradtour entlang einer Lagune lernen wir das Land entspannt kennen. Zudem besuchen wir eine Dorfschule und erfahren viel \u00fcber die Lebewesen der Ostsee im Meeresmuseum der Hafenstadt Klaipeda.<\/p>\n<\/div><div class=\"fusion-clearfix\"><\/div><\/div><\/div><div class=\"fusion-layout-column fusion_builder_column fusion-builder-column-3 fusion_builder_column_1_1 1_1 fusion-one-full fusion-column-first fusion-column-last\" style=\"margin-top:0px;margin-bottom:20px;\"><div class=\"fusion-column-wrapper fusion-flex-column-wrapper-legacy\" style=\"background-position:left top;background-repeat:no-repeat;-webkit-background-size:cover;-moz-background-size:cover;-o-background-size:cover;background-size:cover;padding: 0px 0px 0px 0px;\"><div class=\"fusion-menu-anchor\" id=\"detailed\"><\/div><div class=\"fusion-text fusion-text-3\" style=\"transform:translate3d(0,0,0);\"><h2>1.Tag: Ankunft in Riga<\/h2>\n<p>Heute beginnt unsere spannende Familienreise nach Lettland. Der Flug f\u00fchrt uns zun\u00e4chst in die Hauptstadt Riga, wo wir von unserem deutschsprachigen Reiseleiter in Empfang genommen werden. Anschlie\u00dfend geht es weiter zu unserem Hotel in die Hauptstadt, Kennenlernen der Familien und gemeinsames Abendessen.<\/p>\n<p>Der Flug sowie der Transfer sind nicht inkludiert.<\/p>\n<p>Verpflegung: A<\/p>\n<h2>2.Tag: Markthallen von Riga und Flussfahrt<\/h2>\n<p>Nach dem Fr\u00fchst\u00fcck starten wir unsere Erkundungstour durch die tolle Stadt Riga und unternehmen eine Schnitzeljagd.<\/p>\n<p>Niemand sollte in Lettland gewesen sein, ohne die lettische Hauptstadt Riga zu besichtigen. Die im Jahr 1210 von einem deutschen Bischof gegr\u00fcndete Stadt geh\u00f6rt mit seiner historischen Altstadt heute zum UNESCO Weltkulturerbe. Riga ist die Perle Baltikums und mit mehr als 700.000 Einwohner zugleich auch die gr\u00f6\u00dfte Stadt der baltischen Staaten. Da Riga am Knotenpunkt von Handelswegen entstand, ist die Stadt zu einem multikulturellen Zentrum geworden, in dem man immer etwas Interessantes finden kann. Riga ist auch f\u00fcr seine Architektur bekannt: Kirchen aus den Anf\u00e4ngen der Stadt, mittelalterliche Geb\u00e4ude in der Altstadt, einzigartige Beispiele des Jugendstils und Jahrhunderte alte Holzh\u00e4user k\u00f6nnen besichtigt werden.<\/p>\n<p>Am Nachmittag geht es weiter zu der ber\u00fchmten Markthalle von Riga. Ehemals als Zeppelinhalle genutzt, dient der riesige Zentralmarkt von Riga heutzutage als Warenumschlagplatz f\u00fcr Gem\u00fcse, Milch, Fleisch und Fisch. Wer m\u00f6chte kann die typischen Spezialisten gerne kosten: zum Beispiel eingelegte Gurken oder einen Pfannkuchen gef\u00fcllt mit K\u00e4se<\/p>\n<p>Mit einem vollgeschlagenen Bauch lassen wir den Tag bei einer Flussfahrt auf der D\u00fcne (Daugava) ausklingen. Auf einer L\u00e4nge von ca. 360 Kilometer ist er der zweitl\u00e4ngste Strom der baltischen Republik. Wir erleben ein fantastisches Panorama von Riga und genie\u00dfen das die wichtigsten historischen St\u00e4tten der Stadt aus einer anderen Perspektive.<\/p>\n<p>Verpflegung: F<\/p>\n<h2>3.Tag: Der Gauja Nationalpark<\/h2>\n<p>Am Vormittag der heutigen Familienreise geht es auf gro\u00dfe Tierbeobachtung. Wir fahren zusammen in den gr\u00f6\u00dften und \u00e4ltesten Nationalpark Lettlands und werden den Ligatne Tierpark besuchen, wo Elche, Braunb\u00e4ren und Luchse zu Hause sind.<\/p>\n<p>Der Nationalpark ist von einer gro\u00dfen biologischen Vielfalt, verschiedenen Reliefformen, Quellen, Sandsteinfreilegungen, malerischen Landschaften und einzigartiger Natur und Kulturdenkm\u00e4ler gepr\u00e4gt.<\/p>\n<p>Am Nachmittag geht es weiter zur mittelalterlichen Burg Cesis. Schon damals war das Schloss Schauplatz f\u00fcr zahlreiche Wettk\u00e4mpfe. Die Burgruine bietet auf abenteuerliche Weise die M\u00f6glichkeiten, die Anf\u00e4nge der Stadt Cesis kennen zu lernen. Wir klettern durch die alten Burgruinen und k\u00f6nnen unsere eigene Gl\u00fccksm\u00fcnze schlagen.<\/p>\n<p>Transfers: ca. 2 Std.<br \/>\nVerpflegung: F<\/p>\n<h2>4.Tag: Auf geht es nach Litauen!<\/h2>\n<p>Heute verlassen wir Lettland und fahren durch die unber\u00fchrte Natur Litauens und besuchen zusammen das Fischerdorf Nida. Das Dorf liegt auf der Kurischen Nehrung, eine Landzunge, die vor tausenden von Jahren entstanden ist.<\/p>\n<p><em>Eine alte Saga behauptet, dass eine sch\u00f6ne gro\u00dfe blonde Frau in Nida gelebt hat und den Fischern in Seenot half, die Boote wieder an Land zu bringen. Das Herz der sch\u00f6nen Frau wollte jeder erobern, aber es geh\u00f6rte Naglis, dem Herrn der Burg Vente.<\/em><\/p>\n<p><em>Dies hat ihrem gr\u00f6\u00dften Verehrer dem Wellengott Bangputys nicht gefallen und er tobte, sodass sich riesige Wellen auf der Ostsee auft\u00fcrmten und die Fischer nicht mehr aufs Meer fahren konnten.<\/em><\/p>\n<p><em>Neringa war der Name der sch\u00f6nen blonden Frau. Sie kam auf die Idee, Sand zu sammeln und diesen vor der K\u00fcste zu einem Schutzwall aufzubauen. So konnte sie ihre Hochzeit in Ruhe feiern und die Fischer konnten ohne Bedenken im Haff fischen \u2013 gesch\u00fctzt von der Landzunge, die den Namen der sch\u00f6nen blonden Frau bis heute tr\u00e4gt.<\/em><\/p>\n<p>Unterwegs machen wir einen kleinen Stopp bei einem lettischen Bauernhof und genie\u00dfen ein Picknick auf dem Berg der Kreuze. Es ist ein katholischer Wallfahrtsort, wo wir die Volkskunst der litauischen Kreuzschnitzerei bewundern und bestaunen k\u00f6nnen. Viele Pilger kommen an diesen Ort und stellen Kreuze auf, um einen Wunsch oder Dank auszusprechen.<\/p>\n<p>Zum Ende des Tages geht es mit der F\u00e4hre auf die Kurische Nehrung welche zum UNESCO Weltkulturerbe geh\u00f6rt. Das Naturschauspiel Kurische Nehrung ist eine von einzigartigen D\u00fcnenlandschaften und feinen wei\u00dfen Sandstr\u00e4nden gepr\u00e4gte Halbinsel an der K\u00fcste Litauens und wird von den Einheimischen liebevoll die \u201ePerle der Ostsee\u201c genannt. Die gesamte Nehrung ist zum Nationalpark erkl\u00e4rt worden. Hierdurch wird die einmalige Natur- und Kulturlandschaft auch f\u00fcr die Zukunft nachhaltig gewahrt. Unser Hotel liegt zwischen farbigen Fischerh\u00e4usern und wir f\u00fchlen uns wie in einer anderen Welt.<\/p>\n<p>Transfers: ca. 3 Std.<br \/>\nVerpflegung: F\/P<\/p>\n<h2>5.Tag: Fahrradtour und Entspannung<\/h2>\n<p>Nach einer erholsamen Nacht und einem leckeren Fr\u00fchst\u00fcck unternehmen wir je nach Wetterlage entweder eine kleine Wanderung durch einer der gr\u00f6\u00dften D\u00fcnen Europas oder eine sch\u00f6ne Fahrradtour am Haff entlang.<\/p>\n<p>Der Nachmittag steht uns dann zur freien Verf\u00fcgung. Wer m\u00f6chte kann Sie Seele am Ostseestrand baumeln lassen und im Wasser baden und toben. Oder wir besuchen optional mit dem Reiseleiter das Sommerhaus von Thomas Mann besuchen \u2013 ein h\u00f6lzernes Fischerhaus mit Reetdach. Der deutsche Schriftsteller verbrachte hier seine Sommermonate und verfasste einige seiner ber\u00fchmtesten Werke auf der Kurischen Nehrung. Ein weiteres Highlight ist der Hexenberg bei Juodkrante. Von hier aus bietet sich eine wundersch\u00f6ne Aussicht auf die gesamte Landschaft. Ein weiterer sehenswerter Ort ist die Bernsteinbucht. Hier stie\u00df man im 19. Jahrhundert auf den gr\u00f6\u00dften Bernsteinschatz der Geschichte mit wertvollen Schmuckst\u00fccken bestehend aus dem litauischen Gold. Im Bernsteinmuseum in Nida gibt es spannende Ausstellungsst\u00fccke zu bewundern und Fakten zu erfahren.<\/p>\n<p>Verpflegung: F<\/p>\n<h2>6.Tag: Bootsfahrt an der Kurischen Haff<\/h2>\n<p>Heute fahren wir mit dem Segelboot \u00fcber das Kurischen Haff an die Memeldelta und besuchen eine alte Dorfschule in dem sch\u00f6nen Ort Minija \u2013 Litauens Venedig. Das Memeldelta ist eine vom Memelstrom geschaffene Flusslandschaft und liegt teilweise unter dem Meeresspiegel.<\/p>\n<p>Und Minge ist ein kleines Dorf fast ohne Stra\u00dfen. Wer hier seinen Nachbarn besuchen m\u00f6chte, muss \u00fcber den Fluss mit einem Boot fahren. Unterwegs unternehmen wir ein kleines Picknick. Wir sehen Reiher und St\u00f6rche im schilfges\u00e4umten Ufer und wenn wir Gl\u00fcck haben k\u00f6nnen wir sogar Seeadler beobachten. Wir sp\u00fcren die Breite des Haffs und ahnen, was hier ein Sturm im Winter bedeuten kann.<\/p>\n<p>Verpflegung: F\/P<\/p>\n<h2>7.Tag: Fahrt nach Palanga<\/h2>\n<p>Nach dem Fr\u00fchst\u00fcck fahren wir von Nida in die kleine Hafenstadt Klaipeda. Sie ist die \u00e4lteste und drittgr\u00f6\u00dfte Stadt von Litauen. Der Hafen von Klaipeda ist der n\u00f6rdlichste eisfreie Hafen an der Ostk\u00fcste der Ostsee und eine Attraktion der Region. und die wichtigste Transportverbindung zwischen Ost und West. J\u00e4hrlich erreichen hier mehr als 7000 Schiffe aus 45 L\u00e4ndern den Hafen.<\/p>\n<p>In Klaipeda besuchen wir das beeindruckende Meeresmuseum mit rieseigen Aquarien und einst der gr\u00f6\u00dften Delphinarium Europas. Auf einer Fl\u00e4che von 33.000 Quadratmeter finden wir Ausstellungen von Angern und Schrauben im Schiffsmuseum sowie eine Sammlung von bewahrten, erforschten und restaurierten Museumssch\u00e4tzen.<\/p>\n<p>Am sp\u00e4ten Nachmittag fahren wir nach Palanga und werden nach einem aufregenden Tag in unsere Betten fallen.<\/p>\n<p>Transfers: ca. 1 Std.<br \/>\nVerpflegung: F<\/p>\n<h2>8.Tag:\u00a0Freizeit in Palanga<\/h2>\n<p>Der heutige steht uns zur freien Verf\u00fcgung. Nach einer erholsamen Nacht und einem sch\u00f6nen Fr\u00fchst\u00fcck k\u00f6nnen wir die Stadt Palanga auf eigene Faust erkunden.<\/p>\n<p>Die Stadt beeindruckt durch den hellen Sandstrand, der eindrucksvollen D\u00fcnenlandschaft und einem wundersch\u00f6nen Schloss seit 1963 befindet sich im Schloss des Grafen Tyszkiewic das Bernsteinmuseum. Die sch\u00f6ne Ausstellungshalle besitzt eine kostbare Sammlung der Edelsteine von \u00fcber 14.000 Exemplaren.<\/p>\n<p>Wir k\u00f6nnen durch den Schlosspark schlendern und in den vielen Restaurants oder Caf typische litauische Spezialit\u00e4ten essen. Wie zum Beispiel besondere K\u00e4segerichte oder den Kartoffelauflauf Kugelis.<\/p>\n<p>Wer lieber die Seele baumeln lassen m\u00f6chte, kann sich einen Strandtag g\u00f6nnen und im Meer toben.<\/p>\n<p>Verpflegung: F<\/p>\n<h2>9.Tag: Abreise oder Verl\u00e4ngerung<\/h2>\n<p>Heute endet unsere Familienreise nach Lettland und Litauen. Nach dem Fr\u00fchst\u00fcck fahren wir zum Flughafen und es geht zur\u00fcck in die Heimat. (Transfer und Flug nicht inkludiert).<\/p>\n<p>Verpflegung: F<\/p>\n<\/div><div class=\"fusion-clearfix\"><\/div><\/div><\/div><div class=\"fusion-layout-column fusion_builder_column fusion-builder-column-4 fusion_builder_column_1_1 1_1 fusion-one-full fusion-column-first fusion-column-last\" style=\"margin-top:0px;margin-bottom:20px;\"><div class=\"fusion-column-wrapper fusion-flex-column-wrapper-legacy\" style=\"background-position:left top;background-repeat:no-repeat;-webkit-background-size:cover;-moz-background-size:cover;-o-background-size:cover;background-size:cover;padding: 0px 0px 0px 0px;\"><div class=\"fusion-menu-anchor\" id=\"price\"><\/div><div class=\"fusion-text fusion-text-4\" style=\"transform:translate3d(0,0,0);\"><h2>Termine:<\/h2>\n<ul>\n<li>25.07. \u201302.08.2022<\/li>\n<li>08.08. \u201316.08.2022<\/li>\n<li>20.08.- 28.08.2022<\/li>\n<\/ul>\n<h2>Preis<\/h2>\n<p>Kind(6-14) 1299\u20ac; Erwachsene 1449\u20ac inklusive:<\/p>\n<ul>\n<li class=\"odd\">8 bis 12 Teilnehmer (Absagevorbehalt bei Nichterreichen der Mindestteilnehmerzahl: 28 Tage vor Reisebeginn);<\/li>\n<li class=\"even\">Deutsch sprechende, durchg\u00e4ngige Reiseleitung;<\/li>\n<li class=\"odd\">8 \u00dcbernachtungen in guten Mittelklasse-Hotels;<\/li>\n<li class=\"even\">Verpflegung laut Programm (F = Fr\u00fchst\u00fcck, P = Picknick);<\/li>\n<li class=\"odd\">Alle Ausfl\u00fcge und Besichtigungen lt. Programm inkl. Eintrittsgelder (au\u00dfer optionale Angebote);<\/li>\n<li class=\"even\">Alle Transfers laut Programm in landes\u00fcblichen Reisebussen.<\/li>\n<\/ul>\n<\/div><div class=\"fusion-clearfix\"><\/div><\/div><\/div><\/div><\/div>\n","protected":false},"excerpt":{"rendered":"<p>Auf der einen Seite Urspr\u00fcnglichkeit und Natur, auf der anderen Geschichte und Kultur \u2013 diese spannende Kombination erwartet uns auf unserer neuen Familienreise durch die sch\u00f6nsten Regionen der baltischen Staaten Lettland und Litauen.<\/p>\n","protected":false},"featured_media":21670,"comment_status":"open","ping_status":"closed","template":"","meta":[],"product_cat":[476,458,473,474,460],"product_tag":[],"class_list":["post-21659","product","type-product","status-publish","has-post-thumbnail","hentry","product_cat-baltikum","product_cat-familienreisen","product_cat-letland","product_cat-litauen","product_cat-reisen"],"yoast_head":"<!-- This site is optimized with the Yoast SEO plugin v21.8 - https:\/\/yoast.com\/wordpress\/plugins\/seo\/ -->\n<title>Familienreise Lettland und Litauen 9 Tage - ActivEst<\/title>\n<meta name=\"robots\" content=\"index, follow, max-snippet:-1, max-image-preview:large, max-video-preview:-1\" \/>\n<link rel=\"canonical\" href=\"https:\/\/www.activest.ee\/et\/toode\/baeren-elche-und-abenteuer-familienreise-in-estland-10-tage-kopie\/\" \/>\n<meta property=\"og:locale\" content=\"en_US\" \/>\n<meta property=\"og:type\" content=\"article\" \/>\n<meta property=\"og:title\" content=\"Familienreise Lettland und Litauen 9 Tage - ActivEst\" \/>\n<meta property=\"og:description\" content=\"Auf der einen Seite Urspr\u00fcnglichkeit und Natur, auf der anderen Geschichte und Kultur \u2013 diese spannende Kombination erwartet uns auf unserer neuen Familienreise durch die sch\u00f6nsten Regionen der baltischen Staaten Lettland und Litauen.\" \/>\n<meta property=\"og:url\" content=\"https:\/\/www.activest.ee\/et\/toode\/baeren-elche-und-abenteuer-familienreise-in-estland-10-tage-kopie\/\" \/>\n<meta property=\"og:site_name\" content=\"ActivEst\" \/>\n<meta property=\"article:modified_time\" content=\"2021-10-23T08:54:44+00:00\" \/>\n<meta property=\"og:image\" content=\"https:\/\/activest.ee\/wp-content\/uploads\/2019\/12\/20180718_131850-scaled.jpg\" \/>\n\t<meta property=\"og:image:width\" content=\"2560\" \/>\n\t<meta property=\"og:image:height\" content=\"1920\" \/>\n\t<meta property=\"og:image:type\" content=\"image\/jpeg\" \/>\n<meta name=\"twitter:card\" content=\"summary_large_image\" \/>\n<meta name=\"twitter:label1\" content=\"Est. reading time\" \/>\n\t<meta name=\"twitter:data1\" content=\"15 minutes\" \/>\n<script type=\"application\/ld+json\" class=\"yoast-schema-graph\">{\"@context\":\"https:\/\/schema.org\",\"@graph\":[{\"@type\":\"WebPage\",\"@id\":\"https:\/\/www.activest.ee\/et\/toode\/baeren-elche-und-abenteuer-familienreise-in-estland-10-tage-kopie\/\",\"url\":\"https:\/\/www.activest.ee\/et\/toode\/baeren-elche-und-abenteuer-familienreise-in-estland-10-tage-kopie\/\",\"name\":\"Familienreise Lettland und Litauen 9 Tage - ActivEst\",\"isPartOf\":{\"@id\":\"https:\/\/activest.ee\/en\/#website\"},\"datePublished\":\"2019-12-09T15:08:29+00:00\",\"dateModified\":\"2021-10-23T08:54:44+00:00\",\"breadcrumb\":{\"@id\":\"https:\/\/www.activest.ee\/et\/toode\/baeren-elche-und-abenteuer-familienreise-in-estland-10-tage-kopie\/#breadcrumb\"},\"inLanguage\":\"en-US\",\"potentialAction\":[{\"@type\":\"ReadAction\",\"target\":[\"https:\/\/www.activest.ee\/et\/toode\/baeren-elche-und-abenteuer-familienreise-in-estland-10-tage-kopie\/\"]}]},{\"@type\":\"BreadcrumbList\",\"@id\":\"https:\/\/www.activest.ee\/et\/toode\/baeren-elche-und-abenteuer-familienreise-in-estland-10-tage-kopie\/#breadcrumb\",\"itemListElement\":[{\"@type\":\"ListItem\",\"position\":1,\"name\":\"Home\",\"item\":\"https:\/\/activest.ee\/en\/\"},{\"@type\":\"ListItem\",\"position\":2,\"name\":\"Shop\",\"item\":\"https:\/\/www.activest.ee\/en\/shop-2\/\"},{\"@type\":\"ListItem\",\"position\":3,\"name\":\"Familienreise Lettland und Litauen 9 Tage\"}]},{\"@type\":\"WebSite\",\"@id\":\"https:\/\/activest.ee\/en\/#website\",\"url\":\"https:\/\/activest.ee\/en\/\",\"name\":\"ActivEst\",\"description\":\"Reisen, Familienreisen, Naturreisen, Abenteurreisen\",\"potentialAction\":[{\"@type\":\"SearchAction\",\"target\":{\"@type\":\"EntryPoint\",\"urlTemplate\":\"https:\/\/activest.ee\/en\/?s={search_term_string}\"},\"query-input\":\"required name=search_term_string\"}],\"inLanguage\":\"en-US\"}]}<\/script>\n<!-- \/ Yoast SEO plugin. -->","yoast_head_json":{"title":"Familienreise Lettland und Litauen 9 Tage - ActivEst","robots":{"index":"index","follow":"follow","max-snippet":"max-snippet:-1","max-image-preview":"max-image-preview:large","max-video-preview":"max-video-preview:-1"},"canonical":"https:\/\/www.activest.ee\/et\/toode\/baeren-elche-und-abenteuer-familienreise-in-estland-10-tage-kopie\/","og_locale":"en_US","og_type":"article","og_title":"Familienreise Lettland und Litauen 9 Tage - ActivEst","og_description":"Auf der einen Seite Urspr\u00fcnglichkeit und Natur, auf der anderen Geschichte und Kultur \u2013 diese spannende Kombination erwartet uns auf unserer neuen Familienreise durch die sch\u00f6nsten Regionen der baltischen Staaten Lettland und Litauen.","og_url":"https:\/\/www.activest.ee\/et\/toode\/baeren-elche-und-abenteuer-familienreise-in-estland-10-tage-kopie\/","og_site_name":"ActivEst","article_modified_time":"2021-10-23T08:54:44+00:00","og_image":[{"width":2560,"height":1920,"url":"https:\/\/activest.ee\/wp-content\/uploads\/2019\/12\/20180718_131850-scaled.jpg","type":"image\/jpeg"}],"twitter_card":"summary_large_image","twitter_misc":{"Est. reading time":"15 minutes"},"schema":{"@context":"https:\/\/schema.org","@graph":[{"@type":"WebPage","@id":"https:\/\/www.activest.ee\/et\/toode\/baeren-elche-und-abenteuer-familienreise-in-estland-10-tage-kopie\/","url":"https:\/\/www.activest.ee\/et\/toode\/baeren-elche-und-abenteuer-familienreise-in-estland-10-tage-kopie\/","name":"Familienreise Lettland und Litauen 9 Tage - ActivEst","isPartOf":{"@id":"https:\/\/activest.ee\/en\/#website"},"datePublished":"2019-12-09T15:08:29+00:00","dateModified":"2021-10-23T08:54:44+00:00","breadcrumb":{"@id":"https:\/\/www.activest.ee\/et\/toode\/baeren-elche-und-abenteuer-familienreise-in-estland-10-tage-kopie\/#breadcrumb"},"inLanguage":"en-US","potentialAction":[{"@type":"ReadAction","target":["https:\/\/www.activest.ee\/et\/toode\/baeren-elche-und-abenteuer-familienreise-in-estland-10-tage-kopie\/"]}]},{"@type":"BreadcrumbList","@id":"https:\/\/www.activest.ee\/et\/toode\/baeren-elche-und-abenteuer-familienreise-in-estland-10-tage-kopie\/#breadcrumb","itemListElement":[{"@type":"ListItem","position":1,"name":"Home","item":"https:\/\/activest.ee\/en\/"},{"@type":"ListItem","position":2,"name":"Shop","item":"https:\/\/www.activest.ee\/en\/shop-2\/"},{"@type":"ListItem","position":3,"name":"Familienreise Lettland und Litauen 9 Tage"}]},{"@type":"WebSite","@id":"https:\/\/activest.ee\/en\/#website","url":"https:\/\/activest.ee\/en\/","name":"ActivEst","description":"Reisen, Familienreisen, Naturreisen, Abenteurreisen","potentialAction":[{"@type":"SearchAction","target":{"@type":"EntryPoint","urlTemplate":"https:\/\/activest.ee\/en\/?s={search_term_string}"},"query-input":"required name=search_term_string"}],"inLanguage":"en-US"}]}},"_links":{"self":[{"href":"https:\/\/activest.ee\/en\/wp-json\/wp\/v2\/product\/21659","targetHints":{"allow":["GET"]}}],"collection":[{"href":"https:\/\/activest.ee\/en\/wp-json\/wp\/v2\/product"}],"about":[{"href":"https:\/\/activest.ee\/en\/wp-json\/wp\/v2\/types\/product"}],"replies":[{"embeddable":true,"href":"https:\/\/activest.ee\/en\/wp-json\/wp\/v2\/comments?post=21659"}],"wp:featuredmedia":[{"embeddable":true,"href":"https:\/\/activest.ee\/en\/wp-json\/wp\/v2\/media\/21670"}],"wp:attachment":[{"href":"https:\/\/activest.ee\/en\/wp-json\/wp\/v2\/media?parent=21659"}],"wp:term":[{"taxonomy":"product_cat","embeddable":true,"href":"https:\/\/activest.ee\/en\/wp-json\/wp\/v2\/product_cat?post=21659"},{"taxonomy":"product_tag","embeddable":true,"href":"https:\/\/activest.ee\/en\/wp-json\/wp\/v2\/product_tag?post=21659"}],"curies":[{"name":"wp","href":"https:\/\/api.w.org\/{rel}","templated":true}]}}