{"id":21532,"date":"2019-11-27T16:11:47","date_gmt":"2019-11-27T14:11:47","guid":{"rendered":"https:\/\/activest.ee\/?post_type=product&#038;p=21532"},"modified":"2022-02-07T15:53:41","modified_gmt":"2022-02-07T13:53:41","slug":"winterreise-in-finnland-fuer-familien","status":"publish","type":"product","link":"https:\/\/www.activest.ee\/en\/toode\/winterreise-in-finnland-fuer-familien\/","title":{"rendered":"Winter in Finnland f\u00fcr Familien 5 Tage"},"content":{"rendered":"<div class=\"fusion-fullwidth fullwidth-box fusion-builder-row-1 nonhundred-percent-fullwidth non-hundred-percent-height-scrolling\" style=\"background-color: rgba(255,255,255,0);background-position: center center;background-repeat: no-repeat;padding-top:0px;padding-right:0px;padding-bottom:0px;padding-left:0px;margin-bottom: 0px;margin-top: 0px;border-width: 0px 0px 0px 0px;border-color:#eae9e9;border-style:solid;\" ><div class=\"fusion-builder-row fusion-row\"><div class=\"fusion-layout-column fusion_builder_column fusion-builder-column-0 fusion_builder_column_1_1 1_1 fusion-one-full fusion-column-first fusion-column-last\" style=\"margin-top:0px;margin-bottom:20px;\"><div class=\"fusion-column-wrapper fusion-flex-column-wrapper-legacy\" style=\"background-position:left top;background-repeat:no-repeat;-webkit-background-size:cover;-moz-background-size:cover;-o-background-size:cover;background-size:cover;padding: 0px 0px 0px 0px;\"><div class=\"fusion-button-wrapper\"><style type=\"text\/css\">.fusion-button.button-1 {border-radius:2px;}<\/style><a class=\"fusion-button button-flat fusion-button-default-size button-default button-1 fusion-button-default-span fusion-button-default-type\" target=\"_self\" href=\"#description\"><span class=\"fusion-button-text\">Reisebeschreibung<\/span><\/a><\/div><div class=\"fusion-button-wrapper\"><style type=\"text\/css\">.fusion-button.button-2 {border-radius:2px;}<\/style><a class=\"fusion-button button-flat fusion-button-default-size button-default button-2 fusion-button-default-span fusion-button-default-type\" target=\"_self\" href=\"#detailed\"><span class=\"fusion-button-text\">Detailbeschreibung<\/span><\/a><\/div><div class=\"fusion-button-wrapper\"><style type=\"text\/css\">.fusion-button.button-3 {border-radius:2px;}<\/style><a class=\"fusion-button button-flat fusion-button-default-size button-default button-3 fusion-button-default-span fusion-button-default-type\" target=\"_self\" href=\"#price\"><span class=\"fusion-button-text\">Termine und Preis<\/span><\/a><\/div><div class=\"fusion-clearfix\"><\/div><\/div><\/div><div class=\"fusion-layout-column fusion_builder_column fusion-builder-column-1 fusion_builder_column_1_1 1_1 fusion-one-full fusion-column-first fusion-column-last\" style=\"margin-top:0px;margin-bottom:20px;\"><div class=\"fusion-column-wrapper fusion-flex-column-wrapper-legacy\" style=\"background-position:left top;background-repeat:no-repeat;-webkit-background-size:cover;-moz-background-size:cover;-o-background-size:cover;background-size:cover;padding: 0px 0px 0px 0px;\"><div class=\"fusion-text fusion-text-1\" style=\"transform:translate3d(0,0,0);\"><\/div><div class=\"fusion-clearfix\"><\/div><\/div><\/div><div class=\"fusion-layout-column fusion_builder_column fusion-builder-column-2 fusion_builder_column_1_1 1_1 fusion-one-full fusion-column-first fusion-column-last\" style=\"margin-top:0px;margin-bottom:20px;\"><div class=\"fusion-column-wrapper fusion-flex-column-wrapper-legacy\" style=\"background-position:left top;background-repeat:no-repeat;-webkit-background-size:cover;-moz-background-size:cover;-o-background-size:cover;background-size:cover;padding: 0px 0px 0px 0px;\"><div class=\"fusion-menu-anchor\" id=\"description\"><\/div><div class=\"fusion-text fusion-text-2\" style=\"transform:translate3d(0,0,0);\"><h2><strong>H\u00f6hepunkte:<\/strong><\/h2>\n<ul>\n<li>Winterm\u00e4rchen zu Silvester<\/li>\n<li>Spa\u00df im Schnee<\/li>\n<li>Die Sch\u00f6nheit der finnischen Wildnis<\/li>\n<li>Zu Gast im gl\u00fccklichsten Land Europas<\/li>\n<li>Action bei der Schlittenhundefahrt<\/li>\n<li>Besuch einer Rentierfarm<\/li>\n<li>Langlauf: Die popul\u00e4rste Freizeitbesch\u00e4ftigung Finnlands<\/li>\n<li>Mit den Schneeschuhen auf den Berg Voukatti wandern<\/li>\n<li>Lagerfeuer und finnische Kekse<\/li>\n<\/ul>\n<p>Doch nicht nur mit Schneeschuhen geht es in die finnische Natur, denn wir machen eine Husky-Safari und k\u00f6nnen als echte Musher unser tierisches Gespann durch den Schnee leiten. Die Herrscher des Nordens, die Rentiere, lernen wir auch kennen und gehen mit den Ikonen Finnlands auf Tuchf\u00fchlung. Wer noch etwas ausgiebiger die finnische Wildnis erkunden m\u00f6chte, kann eine Runde mit den Langlaufski fahren \u2013 in Finnland stellt der Langlauf \u00fcbrigens die beliebteste Freizeitbesch\u00e4ftigung dar. Ein Gl\u00fcck f\u00fcr uns, unsere gem\u00fctliche Unterkunft liegt unweit eines beliebten Ski- und Langlaufgebietes.<\/p>\n<\/div><div class=\"fusion-clearfix\"><\/div><\/div><\/div><div class=\"fusion-layout-column fusion_builder_column fusion-builder-column-3 fusion_builder_column_1_1 1_1 fusion-one-full fusion-column-first fusion-column-last\" style=\"margin-top:0px;margin-bottom:20px;\"><div class=\"fusion-column-wrapper fusion-flex-column-wrapper-legacy\" style=\"background-position:left top;background-repeat:no-repeat;-webkit-background-size:cover;-moz-background-size:cover;-o-background-size:cover;background-size:cover;padding: 0px 0px 0px 0px;\"><div class=\"fusion-menu-anchor\" id=\"detailed\"><\/div><div class=\"fusion-text fusion-text-3\" style=\"transform:translate3d(0,0,0);\"><h2><span lang=\"en-US\"><strong>1. Tag: Ankunft, Flug \u00fcber Helsinki nach Kajaani<\/strong><\/span><\/h2>\n<div>Ankunft in Kajaani Flughafen und Transfer zum Sokos Hotel Voukatti *****. Ihre Reiseleitung begr\u00fcsst Sie auf Finnisch \u2013 Tervetuleoa! Sie sind in Finnland \u2013 das d\u00fcnnst besiedelte Land in EU, aber Finnland ist auch das gl\u00fccklichste Land Europas. Check-in und Abendessen im Hotel.<\/div>\n<h2><strong>2. Tag: Husky safari (dauer ca. 2 Stunden) + Langlauf<\/strong><\/h2>\n<div>Heute erleben Sie die Highlight dieser Woche \u2013 eine Hundschlittentour durch den Wald. Am Anfang wird erkl\u00e4rt : Wof\u00fcr braucht ein Hundeschlitten einen Anker, wie man bremst, was machen die Hunde in den ersten Minuten besonders gerne und was sollte man nie, wirklich nie tun \u2013 loslassen. Danach geht es los, aufs traditionelle Bj\u00f6rks 2 Personenschlitten und Sie werden diesen Fahrt nie vergessen. Naher gibt es ein warmes Getr\u00e4nk in Husky Safari Center und am Nachmittag sind Sie wieder zur\u00fcck im Hotel.<\/div>\n<div>Langlauf ist die popul\u00e4rste Freizeitbesch\u00e4ftigung in ganzen Finnland. Wer Lust hat nimmt Langlaufschi und macht am Nachmittag noch eine Runde.<\/div>\n<h2><strong>3. Tag Schneeschuhwanderung<\/strong><strong>(dauer ca. 3-4 Stunden) auf Berg Voukatti<\/strong><\/h2>\n<div>Wir starten nachdem Fr\u00fchst\u00fcck. Scheneeschuhwanderung macht richtig Spass! Das ist eine tolle M\u00f6glichkeit an der frischen Luft durch die Landschaften zuwandern. Unser Guide sucht Ihnen die passende Routen aus und erkl\u00e4rt, wie man mit Schneeschuhe l\u00e4uft. Unterwegs gibt es Lagerfeuer und warmes Imbiss.<\/div>\n<h2><span lang=\"en-US\"><strong>4. Tag Renttierfarm (2,5 Stunden + Transfer)<\/strong><\/span><\/h2>\n<p>Heute besuchen wir den Renttierfarm. Nach 2 Stunden Fahrt durch den beschneiten Wildniss finden wir den Renttierfarm, wo der Bauer erkl\u00e4rt uns die Geheimnisse der Renttiere. Wir stehen mitten den Renttire, k\u00f6nnen diese libervolle Tiere f\u00fcttern und steicheln. Machen Sie auch ein Selfi mit Renttier! Nachher kochen wir uns drausen einen warmen Tee\/ Kaffee und probieren die finnische Kekse. Transfer nach Voukatti.<span lang=\"en-US\"><em><br \/>\n<\/em><\/span><\/p>\n<h2><span lang=\"en-US\"><strong>5.<\/strong><\/span><span lang=\"en-US\"><strong>Tag Abreise<\/strong><\/span><\/h2>\n<div>Fr\u00fchst\u00fcck. Transfer nach Kajaani Flughafen und Flug nach Helsinki.<\/div>\n<div><\/div>\n<div><\/div>\n<div><\/div>\n<\/div><div class=\"fusion-clearfix\"><\/div><\/div><\/div><div class=\"fusion-layout-column fusion_builder_column fusion-builder-column-4 fusion_builder_column_1_1 1_1 fusion-one-full fusion-column-first fusion-column-last\" style=\"margin-top:0px;margin-bottom:20px;\"><div class=\"fusion-column-wrapper fusion-flex-column-wrapper-legacy\" style=\"background-position:left top;background-repeat:no-repeat;-webkit-background-size:cover;-moz-background-size:cover;-o-background-size:cover;background-size:cover;padding: 0px 0px 0px 0px;\"><div class=\"fusion-menu-anchor\" id=\"price\"><\/div><div class=\"fusion-text fusion-text-4\" style=\"transform:translate3d(0,0,0);\"><h2>Termin:<\/h2>\n<ul>\n<li>27.12.2022-1.01.2023<\/li>\n<li>29.12.2022-03.01.2023<\/li>\n<\/ul>\n<h2>Preis<\/h2>\n<p>Kind(6-14) 1099\u20ac; Erwachsene 1399\u20ac inklusive:<\/p>\n<ul>\n<li class=\"odd\">Flughafensammeltransfers Kajaani Flughafen \u2013 Hotel \u2013 Kajaani Flughafen<\/li>\n<li class=\"even\">10 bis 15 Teilnehmer (Absagevorbehalt bei Nichterreichen der Mindestteilnehmerzahl: 28 Tage vor Reisebeginn)<\/li>\n<li class=\"odd\">Durchg\u00e4ngig Deutsch sprechende Reiseleitung + Englisch sprechende, lokale Guides bei den Aktivit\u00e4ten<\/li>\n<li class=\"even\">5 \u00dcbernachtungen im sorgf\u00e4ltig ausgew\u00e4hlten Hotel<\/li>\n<li class=\"odd\">Verpflegung laut Programm (F = Fr\u00fchst\u00fcck, P = Picknick, A = Abendessen)<\/li>\n<li class=\"even\">Alle Ausfl\u00fcge und Besichtigungen lt. Programm inkl. Eintrittsgelder (au\u00dfer optionale Angebote)<\/li>\n<li class=\"odd\">Alle Fahrten und Transfers laut Programm<\/li>\n<\/ul>\n<\/div><div class=\"fusion-clearfix\"><\/div><\/div><\/div><\/div><\/div>\n","protected":false},"excerpt":{"rendered":"<p>Die Familienreise nach Finnland ist ein besonderer Winterurlaub f\u00fcr gro\u00dfe und kleine Natur- und Schneefreunde! Wir k\u00f6nnen bei einer Schneeschuhwanderung die schneewei\u00dfe Wildnis des Landes erforschen und besteigen dabei den Berg Vuokatti. Danach wird sich bei einem gem\u00fctlichen Lagerfeuer und einem warmen Getr\u00e4nk aufgew\u00e4rmt. Zudem sorgt die hoteleigene Sauna f\u00fcr reichlich Entspannung.<\/p>\n","protected":false},"featured_media":21561,"comment_status":"open","ping_status":"closed","template":"","meta":[],"product_cat":[476,458,475,466,460,470],"product_tag":[],"class_list":["post-21532","product","type-product","status-publish","has-post-thumbnail","hentry","product_cat-baltikum","product_cat-familienreisen","product_cat-finnland","product_cat-multiaktivreisen","product_cat-reisen","product_cat-winter"],"yoast_head":"<!-- This site is optimized with the Yoast SEO plugin v21.8 - https:\/\/yoast.com\/wordpress\/plugins\/seo\/ -->\n<title>Winter in Finnland f\u00fcr Familien 5 Tage - ActivEst<\/title>\n<meta name=\"robots\" content=\"index, follow, max-snippet:-1, max-image-preview:large, max-video-preview:-1\" \/>\n<link rel=\"canonical\" href=\"https:\/\/www.activest.ee\/et\/toode\/winterreise-in-finnland-fuer-familien\/\" \/>\n<meta property=\"og:locale\" content=\"en_US\" \/>\n<meta property=\"og:type\" content=\"article\" \/>\n<meta property=\"og:title\" content=\"Winter in Finnland f\u00fcr Familien 5 Tage - ActivEst\" \/>\n<meta property=\"og:description\" content=\"Die Familienreise nach Finnland ist ein besonderer Winterurlaub f\u00fcr gro\u00dfe und kleine Natur- und Schneefreunde! Wir k\u00f6nnen bei einer Schneeschuhwanderung die schneewei\u00dfe Wildnis des Landes erforschen und besteigen dabei den Berg Vuokatti. Danach wird sich bei einem gem\u00fctlichen Lagerfeuer und einem warmen Getr\u00e4nk aufgew\u00e4rmt. Zudem sorgt die hoteleigene Sauna f\u00fcr reichlich Entspannung.\" \/>\n<meta property=\"og:url\" content=\"https:\/\/www.activest.ee\/et\/toode\/winterreise-in-finnland-fuer-familien\/\" \/>\n<meta property=\"og:site_name\" content=\"ActivEst\" \/>\n<meta property=\"article:modified_time\" content=\"2022-02-07T13:53:41+00:00\" \/>\n<meta property=\"og:image\" content=\"https:\/\/activest.ee\/wp-content\/uploads\/2019\/11\/Paljakka.jpg\" \/>\n\t<meta property=\"og:image:width\" content=\"960\" \/>\n\t<meta property=\"og:image:height\" content=\"719\" \/>\n\t<meta property=\"og:image:type\" content=\"image\/jpeg\" \/>\n<meta name=\"twitter:card\" content=\"summary_large_image\" \/>\n<meta name=\"twitter:label1\" content=\"Est. reading time\" \/>\n\t<meta name=\"twitter:data1\" content=\"10 minutes\" \/>\n<script type=\"application\/ld+json\" class=\"yoast-schema-graph\">{\"@context\":\"https:\/\/schema.org\",\"@graph\":[{\"@type\":\"WebPage\",\"@id\":\"https:\/\/www.activest.ee\/et\/toode\/winterreise-in-finnland-fuer-familien\/\",\"url\":\"https:\/\/www.activest.ee\/et\/toode\/winterreise-in-finnland-fuer-familien\/\",\"name\":\"Winter in Finnland f\u00fcr Familien 5 Tage - ActivEst\",\"isPartOf\":{\"@id\":\"https:\/\/activest.ee\/#website\"},\"datePublished\":\"2019-11-27T14:11:47+00:00\",\"dateModified\":\"2022-02-07T13:53:41+00:00\",\"breadcrumb\":{\"@id\":\"https:\/\/www.activest.ee\/et\/toode\/winterreise-in-finnland-fuer-familien\/#breadcrumb\"},\"inLanguage\":\"en-US\",\"potentialAction\":[{\"@type\":\"ReadAction\",\"target\":[\"https:\/\/www.activest.ee\/et\/toode\/winterreise-in-finnland-fuer-familien\/\"]}]},{\"@type\":\"BreadcrumbList\",\"@id\":\"https:\/\/www.activest.ee\/et\/toode\/winterreise-in-finnland-fuer-familien\/#breadcrumb\",\"itemListElement\":[{\"@type\":\"ListItem\",\"position\":1,\"name\":\"Home\",\"item\":\"https:\/\/www.activest.ee\/en\/\"},{\"@type\":\"ListItem\",\"position\":2,\"name\":\"Shop\",\"item\":\"https:\/\/www.activest.ee\/en\/shop-2\/\"},{\"@type\":\"ListItem\",\"position\":3,\"name\":\"Winter in Finnland f\u00fcr Familien 5 Tage\"}]},{\"@type\":\"WebSite\",\"@id\":\"https:\/\/activest.ee\/#website\",\"url\":\"https:\/\/activest.ee\/\",\"name\":\"ActivEst\",\"description\":\"Reisen, Familienreisen, Naturreisen, Abenteurreisen\",\"potentialAction\":[{\"@type\":\"SearchAction\",\"target\":{\"@type\":\"EntryPoint\",\"urlTemplate\":\"https:\/\/activest.ee\/?s={search_term_string}\"},\"query-input\":\"required name=search_term_string\"}],\"inLanguage\":\"en-US\"}]}<\/script>\n<!-- \/ Yoast SEO plugin. -->","yoast_head_json":{"title":"Winter in Finnland f\u00fcr Familien 5 Tage - ActivEst","robots":{"index":"index","follow":"follow","max-snippet":"max-snippet:-1","max-image-preview":"max-image-preview:large","max-video-preview":"max-video-preview:-1"},"canonical":"https:\/\/www.activest.ee\/et\/toode\/winterreise-in-finnland-fuer-familien\/","og_locale":"en_US","og_type":"article","og_title":"Winter in Finnland f\u00fcr Familien 5 Tage - ActivEst","og_description":"Die Familienreise nach Finnland ist ein besonderer Winterurlaub f\u00fcr gro\u00dfe und kleine Natur- und Schneefreunde! Wir k\u00f6nnen bei einer Schneeschuhwanderung die schneewei\u00dfe Wildnis des Landes erforschen und besteigen dabei den Berg Vuokatti. Danach wird sich bei einem gem\u00fctlichen Lagerfeuer und einem warmen Getr\u00e4nk aufgew\u00e4rmt. Zudem sorgt die hoteleigene Sauna f\u00fcr reichlich Entspannung.","og_url":"https:\/\/www.activest.ee\/et\/toode\/winterreise-in-finnland-fuer-familien\/","og_site_name":"ActivEst","article_modified_time":"2022-02-07T13:53:41+00:00","og_image":[{"width":960,"height":719,"url":"https:\/\/activest.ee\/wp-content\/uploads\/2019\/11\/Paljakka.jpg","type":"image\/jpeg"}],"twitter_card":"summary_large_image","twitter_misc":{"Est. reading time":"10 minutes"},"schema":{"@context":"https:\/\/schema.org","@graph":[{"@type":"WebPage","@id":"https:\/\/www.activest.ee\/et\/toode\/winterreise-in-finnland-fuer-familien\/","url":"https:\/\/www.activest.ee\/et\/toode\/winterreise-in-finnland-fuer-familien\/","name":"Winter in Finnland f\u00fcr Familien 5 Tage - ActivEst","isPartOf":{"@id":"https:\/\/activest.ee\/#website"},"datePublished":"2019-11-27T14:11:47+00:00","dateModified":"2022-02-07T13:53:41+00:00","breadcrumb":{"@id":"https:\/\/www.activest.ee\/et\/toode\/winterreise-in-finnland-fuer-familien\/#breadcrumb"},"inLanguage":"en-US","potentialAction":[{"@type":"ReadAction","target":["https:\/\/www.activest.ee\/et\/toode\/winterreise-in-finnland-fuer-familien\/"]}]},{"@type":"BreadcrumbList","@id":"https:\/\/www.activest.ee\/et\/toode\/winterreise-in-finnland-fuer-familien\/#breadcrumb","itemListElement":[{"@type":"ListItem","position":1,"name":"Home","item":"https:\/\/www.activest.ee\/en\/"},{"@type":"ListItem","position":2,"name":"Shop","item":"https:\/\/www.activest.ee\/en\/shop-2\/"},{"@type":"ListItem","position":3,"name":"Winter in Finnland f\u00fcr Familien 5 Tage"}]},{"@type":"WebSite","@id":"https:\/\/activest.ee\/#website","url":"https:\/\/activest.ee\/","name":"ActivEst","description":"Reisen, Familienreisen, Naturreisen, Abenteurreisen","potentialAction":[{"@type":"SearchAction","target":{"@type":"EntryPoint","urlTemplate":"https:\/\/activest.ee\/?s={search_term_string}"},"query-input":"required name=search_term_string"}],"inLanguage":"en-US"}]}},"_links":{"self":[{"href":"https:\/\/www.activest.ee\/en\/wp-json\/wp\/v2\/product\/21532","targetHints":{"allow":["GET"]}}],"collection":[{"href":"https:\/\/www.activest.ee\/en\/wp-json\/wp\/v2\/product"}],"about":[{"href":"https:\/\/www.activest.ee\/en\/wp-json\/wp\/v2\/types\/product"}],"replies":[{"embeddable":true,"href":"https:\/\/www.activest.ee\/en\/wp-json\/wp\/v2\/comments?post=21532"}],"wp:featuredmedia":[{"embeddable":true,"href":"https:\/\/www.activest.ee\/en\/wp-json\/wp\/v2\/media\/21561"}],"wp:attachment":[{"href":"https:\/\/www.activest.ee\/en\/wp-json\/wp\/v2\/media?parent=21532"}],"wp:term":[{"taxonomy":"product_cat","embeddable":true,"href":"https:\/\/www.activest.ee\/en\/wp-json\/wp\/v2\/product_cat?post=21532"},{"taxonomy":"product_tag","embeddable":true,"href":"https:\/\/www.activest.ee\/en\/wp-json\/wp\/v2\/product_tag?post=21532"}],"curies":[{"name":"wp","href":"https:\/\/api.w.org\/{rel}","templated":true}]}}