{"id":21456,"date":"2019-11-22T11:59:44","date_gmt":"2019-11-22T09:59:44","guid":{"rendered":"https:\/\/activest.ee\/?post_type=product&#038;p=21456"},"modified":"2024-09-25T11:22:43","modified_gmt":"2024-09-25T08:22:43","slug":"smart-guided-naturreise-8-tage","status":"publish","type":"product","link":"https:\/\/activest.ee\/en\/toode\/smart-guided-naturreise-8-tage\/","title":{"rendered":"Smart-guided individuelle Naturerlebnisreise in Estland 8 Tage"},"content":{"rendered":"<div class=\"fusion-fullwidth fullwidth-box fusion-builder-row-1 nonhundred-percent-fullwidth non-hundred-percent-height-scrolling\" style=\"background-color: rgba(255,255,255,0);background-position: center center;background-repeat: no-repeat;padding-top:0px;padding-right:0px;padding-bottom:0px;padding-left:0px;margin-bottom: 0px;margin-top: 0px;border-width: 0px 0px 0px 0px;border-color:#eae9e9;border-style:solid;\" ><div class=\"fusion-builder-row fusion-row\"><div class=\"fusion-layout-column fusion_builder_column fusion-builder-column-0 fusion_builder_column_1_1 1_1 fusion-one-full fusion-column-first fusion-column-last\" style=\"margin-top:0px;margin-bottom:20px;\"><div class=\"fusion-column-wrapper fusion-flex-column-wrapper-legacy\" style=\"background-position:left top;background-repeat:no-repeat;-webkit-background-size:cover;-moz-background-size:cover;-o-background-size:cover;background-size:cover;padding: 0px 0px 0px 0px;\"><div class=\"fusion-button-wrapper\"><style type=\"text\/css\">.fusion-button.button-1 {border-radius:2px;}<\/style><a class=\"fusion-button button-flat fusion-button-default-size button-default button-1 fusion-button-default-span fusion-button-default-type\" target=\"_self\" href=\"#description\"><span class=\"fusion-button-text\">Reisebeschreibung<\/span><\/a><\/div><div class=\"fusion-button-wrapper\"><style type=\"text\/css\">.fusion-button.button-2 {border-radius:2px;}<\/style><a class=\"fusion-button button-flat fusion-button-default-size button-default button-2 fusion-button-default-span fusion-button-default-type\" target=\"_self\" href=\"#detailed\"><span class=\"fusion-button-text\">Detailbeschreibung<\/span><\/a><\/div><div class=\"fusion-button-wrapper\"><style type=\"text\/css\">.fusion-button.button-3 {border-radius:2px;}<\/style><a class=\"fusion-button button-flat fusion-button-default-size button-default button-3 fusion-button-default-span fusion-button-default-type\" target=\"_self\" href=\"#price\"><span class=\"fusion-button-text\">Termine und Preis<\/span><\/a><\/div><div class=\"fusion-clearfix\"><\/div><\/div><\/div><div class=\"fusion-layout-column fusion_builder_column fusion-builder-column-1 fusion_builder_column_1_1 1_1 fusion-one-full fusion-column-first fusion-column-last\" style=\"margin-top:0px;margin-bottom:20px;\"><div class=\"fusion-column-wrapper fusion-flex-column-wrapper-legacy\" style=\"background-position:left top;background-repeat:no-repeat;-webkit-background-size:cover;-moz-background-size:cover;-o-background-size:cover;background-size:cover;padding: 0px 0px 0px 0px;\"><div class=\"fusion-clearfix\"><\/div><\/div><\/div><div class=\"fusion-layout-column fusion_builder_column fusion-builder-column-2 fusion_builder_column_1_1 1_1 fusion-one-full fusion-column-first fusion-column-last\" style=\"margin-top:0px;margin-bottom:20px;\"><div class=\"fusion-column-wrapper fusion-flex-column-wrapper-legacy\" style=\"background-position:left top;background-repeat:no-repeat;-webkit-background-size:cover;-moz-background-size:cover;-o-background-size:cover;background-size:cover;padding: 0px 0px 0px 0px;\"><div class=\"fusion-menu-anchor\" id=\"description\"><\/div><div class=\"fusion-text fusion-text-1\" style=\"transform:translate3d(0,0,0);\"><p>Sie \u00fcbernachten in Wildlife Beobachtungsh\u00fctten von Alutaguse, wo sehr gute Chancen bestehen, einige der 700 estnischen Braunb\u00e4ren zu sehen. Sie wandern durch Taiga artige Urw\u00e4lder des Lahemaa Nationalparks, wo Sie seltene Spechte beobachten k\u00f6nnen. Da mehr als die H\u00e4lfte Estlands mit Wald bedeckt ist, finden selten gewordene Arten der Flora und Fauna hier einen Lebensraum, wie sonst kaum noch in Europa. Sie erwandern die nordische Ostseek\u00fcste mit einmaligen Ausblicken und bewundern die riesigen Findlinge, die in der letzten Eiszeit hier abgelagert wurden. Ihre Unterkunft, direkt im Nationalpark, erm\u00f6glicht es, bei Fr\u00fch- und Abendexkursionen, die seltenen Raufu\u00dfh\u00fchner und Eulen zu sehen und zu h\u00f6ren. Ein H\u00f6hepunkt wird der Besuch des Hochmoores sein. Dort werden Sie eine kleine Wanderung unternehmen und auf befestigten Holzpfaden mit Aussichtst\u00fcrmen unvergessliche Ausblicke genie\u00dfen. Am Anfang der Reise steht der Besuch des Matsalu Nationalpark. An diesem Teil der Ostseek\u00fcste, mit 2200 Inseln und naturnahe bewirtschafteten Wiesen, k\u00f6nnen Sie Elche und seltenen V\u00f6gel beobachten. Der Westen Estlands ist die Heimat der Elche, da sie hier die bevorzugten abwechslungsreichen Landschaften vorfinden. Estland ist Drehpunkt des Ostatlantischen Vogelzugweges und jeden Fr\u00fchling und Herbst legen hier Millionen von arktischen V\u00f6geln ihre Ruhepausen ein.<\/p>\n<p>F\u00fcr diese Reise erhalten Sie von uns leihweise einen Tablet-PC mit GPS und Internetzugang. Auf dem Tablet ist unsere Tour-App installiert, die Ihnen den Weg zu vielen guten Beobachtungsstellen, Aussichtst\u00fcrmen und Naturpfaden weist und gute Insidertipps und Informationen bereith\u00e4lt.<\/p>\n<h2><strong>Die besten Zeiten f\u00fcr Tierbeobachtungen: <\/strong><\/h2>\n<h2><strong>Mai:<\/strong><\/h2>\n<ul>\n<li>Braunb\u00e4ren und Marderhunde<\/li>\n<li>Elche<\/li>\n<li>der Vogelzug bis Mitte Mai. Eulen, Spechte und Raufu\u00dfh\u00fchner sind aktiv<\/li>\n<li>ab Ende Mai bl\u00fchen erste Orchideen<\/li>\n<\/ul>\n<h2><strong>Juni:<\/strong><\/h2>\n<ul>\n<li>B\u00e4ren und Marderhunde<\/li>\n<li>Elche<\/li>\n<li>die beste Zeit f\u00fcr Orchideen<\/li>\n<\/ul>\n<h2><strong>August:<\/strong><\/h2>\n<ul>\n<li>Ab Mitte August kann man wieder B\u00e4ren und Marderhunde sehen<\/li>\n<li>Ab Ende des Monats sammeln sich erste Vogelschw\u00e4rme im Matsalu Nationalpark<\/li>\n<\/ul>\n<h2><strong>September:<\/strong><\/h2>\n<ul>\n<li>B\u00e4ren und Marderhunde<\/li>\n<li>In der zweiten H\u00e4lfte September erreicht der herbstliche Vogelzug seinen H\u00f6hepunkt.<\/li>\n<li>Elche zeigen sich w\u00e4hrend der Paarungszeit.<\/li>\n<li>ab Mitte September sind Eulen, Spechte und Raufu\u00dfh\u00fchner aktiv<\/li>\n<\/ul>\n<h2><strong>Oktober:<\/strong><\/h2>\n<ul>\n<li>B\u00e4ren und Marderhunde<\/li>\n<li>Der Vogelzug endet ca. Mitte Oktober<\/li>\n<li>Elche<\/li>\n<li>Eulen, Spechte und Raufu\u00dfh\u00fchner<\/li>\n<\/ul>\n<\/div><div class=\"fusion-clearfix\"><\/div><\/div><\/div><div class=\"fusion-layout-column fusion_builder_column fusion-builder-column-3 fusion_builder_column_1_1 1_1 fusion-one-full fusion-column-first fusion-column-last\" style=\"margin-top:0px;margin-bottom:20px;\"><div class=\"fusion-column-wrapper fusion-flex-column-wrapper-legacy\" style=\"background-position:left top;background-repeat:no-repeat;-webkit-background-size:cover;-moz-background-size:cover;-o-background-size:cover;background-size:cover;padding: 0px 0px 0px 0px;\"><div class=\"fusion-menu-anchor\" id=\"detailed\"><\/div><div class=\"fusion-text fusion-text-2\" style=\"transform:translate3d(0,0,0);\"><h2><strong>1.Tag: Ankunft in Tallinn<\/strong><\/h2>\n<p>Sie fliegen individuell aus Deutschland, \u00d6sterreich oder der Schweiz nach Tallinn \u2013 Estlands Hauptstadt. Hier werden Sie von unserem deutschsprachigen Kollegen in Empfang genommen. Hier erhalten Sie Ihren Leihwagen und Landkarten. Nach der Einweisung fahren Sie nach Haapsalu, an die Westk\u00fcste Estlands. Ihr Hotel liegt direkt am Wasser und schon beim Abendessen k\u00f6nnen Sie vom Restaurant aus die ersten Vogelbeobachtungen machen.<\/p>\n<h2><strong>2.Tag:<\/strong> <strong>Matsalu Nationalpark, Elche und Vogelzug<\/strong><\/h2>\n<p>Insbesondere im Fr\u00fchjahr und Herbst k\u00f6nnen Sie im Matsalu Nationalpark von g\u00fcnstig gelegenen Beobachtungst\u00fcrmen aus den Vogelzug beobachten. Aber auch im Hochsommer zeigen sich bei Sonnenuntergang Elche und Rehe. Im Herbst fressen sich Schw\u00e4rme von G\u00e4nsen, Enten, Limikolen, Kranichen und unterschiedlichen Kleinv\u00f6geln die n\u00f6tigen Reserven f\u00fcr Ihre lange Reise an. Die rastenden V\u00f6gel werden lediglich durch \u00fcberfliegende Seeadler gest\u00f6rt. Wo Sie ein Mittagessen einnehmen k\u00f6nnen, wo die Beobachtungst\u00fcrme stehen und wo Sie die besten Wanderwege finden, entnehmen Sie den Tipps unserer Tour-App.<\/p>\n<p>Optional: Abendausflug &#8211; Bootsfahrt im Kassari Flussdelta nach Kloostri: dieser Ausflug erm\u00f6glicht Ihnen Beobachtungen von\u00a0Bibern, Flederm\u00e4usen, V\u00f6gel und Elchen. Die Landschaft des Matsalu Nationalparks zeichnet sich durch imposante Wiesen und Schilfgebiete aus. (ab 2 Personen \u20ac 65,- pro Person).<\/p>\n<h2><strong>3.Tag:<\/strong> <strong>Wasserv\u00f6gelzug im Kap P\u00f5\u00f5saspea und Stadt Haapsalu<\/strong><\/h2>\n<p>Ganz fr\u00fch am Morgen bei Sonnenaufgang ist die beste Zeit, arktische Wasserv\u00f6gel zu beobachten. Sehr sch\u00f6n zu sehen sind hier weiterhin Meeresenten und Taucher. Viele Kleinv\u00f6gel halten sich in den W\u00e4ldern und Offenlandschaften des ehemals milit\u00e4risch genutzten Gebietes auf. Auf dem Weg zum Kap ist die Begegnung mit Auerh\u00e4hnen oder Haselh\u00e4hnen, die in den ausgedehnten Kiefernw\u00e4ldern vorkommen, m\u00f6glich. Wir empfehlen Ihnen eine entspannende kleine Wanderung entlang der Ostseek\u00fcste &#8211; nat\u00fcrlich mit Fernglas.<\/p>\n<p>Am Nachmittag fahren Sie zur\u00fcck und verbringen den restlichen Tag in Haapsalu. Der ehemalige Kurort russischer Zaren beeindruckt durch den ganz aus Holz gebauten Bahnhof und die wuchtige Bischofsburg. F\u00fcrs Abendessen gibt es in der Altstadt viele romantische Kaffees und Restaurants, wo Sie die kulinarischen H\u00f6hepunkte Estlands kennenlernen und genie\u00dfen k\u00f6nnen.<\/p>\n<h2><strong>4.Tag<\/strong>: <strong>Braunb\u00e4ren und Marderhunde bei der Beobachtungsh\u00fctte<\/strong><\/h2>\n<p>Nach dem Fr\u00fchst\u00fcck fahren Sie in Richtung Alutaguse Nationalpark (3 Stunden); der ist der j\u00fcngste Nationalpark Estlands. Der Weg f\u00fchrt vorbei an der Stadt Rakvere, wo Sie eine deutsche Ordensburg aus 13.Jh. besichtigen und f\u00fcr den Abend Lebensmittel f\u00fcr ein Picknick einkaufen k\u00f6nnen. In Alutaguse lebt ein gro\u00dfer Teil der \u00fcber 700 Braunb\u00e4ren Estlands. Um diese zu beobachten, ziehen Sie am Abend in eine komfortable und sichere Beobachtungsh\u00fctte ein. Auch Marderhund, Elch, Fuchs, Wildschwein und verschiedene Vogelarten k\u00f6nnen aus der H\u00fctte heraus beobachtet werden. Halten Sie Ihren Fotoapparat bereit! Wenn Sie am n\u00e4chsten Tag in der Morgend\u00e4mmerung die B\u00e4renh\u00fctte wieder verlassen, haben Sie die gro\u00dfe Chance Auerh\u00e4hne zu sehen.<\/p>\n<h2><strong>5.Tag: Ostseek\u00fcste im Lahemaa Nationalpark.<\/strong><\/h2>\n<p>Fr\u00fchmorgens verlassen Sie unser Quartier und fahren entlang der Wiesen und Felder in den Lahemaa Nationalpark. Lahemaa ist der \u00e4lteste und gr\u00f6\u00dfte Nationalpark Estlands. Hier finden Sie die gesch\u00fctzten nordischen Strandlandschaften mit riesigen Findlingen, Hochmooren und Taiga-artigen W\u00e4lder. Als Kulturhighlight des Schutzgebietes und einem guten Einblick in die Deutsch-Baltische Geschichte erleben Sie bei einem Besuch der wundersch\u00f6nen Herrenh\u00e4user und der traditionellen estnischen Fischerh\u00e4user. F\u00fcr Naturfreunde sind im Lahemaa Nationalpark mehrere Ansichtst\u00fcrme und Naturpfade eingerichtet. Gleich nach der Ankunft k\u00f6nnen Sie mit einer Strandwanderung beim Fischerdorf Altja starten, wo Sie die beeindruckenden riesigen Findlinge bewundern k\u00f6nnen, die w\u00e4hrend der letzten Eiszeit vor Estlands K\u00fcsten abgelagert wurden. Am Abend genie\u00dfen Sie im alten Dorfkrug Altja ein frisches Fischgericht mit einem guten estnischen Bier.<\/p>\n<h2><strong>6.Tag:<\/strong> <strong>Spechte und Eulen im Taigawald, Gutsh\u00e4user Palmse und Sagadi\u00a0<\/strong><\/h2>\n<p>F\u00fcr heute Vormittag haben wir f\u00fcr Sie ein sehr spezielles Naturerlebnis vorgesehen: Wanderung durch den sogenannten Westtaiaga-Urwald. Auf einem 5 km langen Lehrpfad wird die nat\u00fcrliche Waldentwicklung dargestellt. Das n\u00fctzliche Totholz\u00a0stellt die Nahrung f\u00fcr seltene Arten wie z.B. den Dreizehen- und den Wei\u00dfr\u00fcckenspecht. Am Nachmittag lohnt ein Abstecher in das alte Kapit\u00e4nsdorf K\u00e4smu, verbunden mit einer K\u00fcstenwanderung in der n\u00e4heren Umgebung. Oder besuchen Sie die beiden deutsch-baltischen Gutsh\u00e4user Palmse und Sagadi. In der Wagenremise von Sagadi finden Sie das forstwirtschaftliche Museum Estlands. Vielleicht schaffen Sie beides? Am Abend k\u00f6nnen Sie am Waldrand oder im Schlosspark nach Eulen Ausschau halten.<\/p>\n<p>Augen und Ohren offenhalten!<\/p>\n<h2><strong>7.Tag:<\/strong> <strong>Hochmoor und<\/strong> <strong>Tallinn<\/strong><\/h2>\n<p>Auf der Fahrt nach Tallinn empfehlen wir dringend einen Stopp bei dem Hochmoor. Die 1,5 Stunden Wanderung f\u00fchrt \u00fcber Holzstege durch das Hochmoorgebiet. F\u00fcr unvergessliche Erinnerungen sorgen, Moorkolken, Torfmoos, Bonsai-Kiefer und das duftende Sumpfporst.<\/p>\n<p>Bei der Besichtigung der alten Hansestadt Tallinn erkenne Sie noch immer das urspr\u00fcngliche Stra\u00dfensystem aus dem 13. bis 15. Jahrhundert und die meisten Kaufmannsh\u00e4user stehen in ihrer urspr\u00fcnglichen Gr\u00f6\u00dfe und Form da. Besonders die Stadtmauer mit Wehrt\u00fcrmen, der Marktplatz und die Oberstadt zeigen sich im mittelalterlichen Flair. Heutzutage finden Sie in der Altstadt nat\u00fcrlich wundersch\u00f6ne Caf\u00e9s und Gesch\u00e4fte. Wo Sie die besten und urigsten Restaurants f\u00fcr das Abendessen finden, erz\u00e4hlt Ihnen wieder die Tour-App.<\/p>\n<h2><strong>8.Tag: Tallinn<\/strong><\/h2>\n<p>Freie Zeit und Fahrt zum Flughafen oder eine Verl\u00e4ngerung in Tallinn.<\/p>\n<\/div><div class=\"fusion-clearfix\"><\/div><\/div><\/div><div class=\"fusion-layout-column fusion_builder_column fusion-builder-column-4 fusion_builder_column_1_1 1_1 fusion-one-full fusion-column-first fusion-column-last\" style=\"margin-top:0px;margin-bottom:20px;\"><div class=\"fusion-column-wrapper fusion-flex-column-wrapper-legacy\" style=\"background-position:left top;background-repeat:no-repeat;-webkit-background-size:cover;-moz-background-size:cover;-o-background-size:cover;background-size:cover;padding: 0px 0px 0px 0px;\"><div class=\"fusion-menu-anchor\" id=\"price\"><\/div><div class=\"fusion-text fusion-text-3\" style=\"transform:translate3d(0,0,0);\"><h2>Saison<\/h2>\n<p>Mai bis Mitte Oktober<\/p>\n<h2>Preis<\/h2>\n<p>1450\u20ac pro Person bei Belegung in Doppelzimmern, Einzelzimmerzuschlag 230\u20ac<\/p>\n<h2><strong>Leistungen:<\/strong><\/h2>\n<ul>\n<li>\u00dcbernachtungen in Mittelklassehotels und Gasth\u00e4user<\/li>\n<li>Tour-App<\/li>\n<li>Stadtf\u00fchrung in Tallinn<\/li>\n<li>Mietwagen (Kompaktklasse) an 7 Tagen<\/li>\n<\/ul>\n<\/div><div class=\"fusion-clearfix\"><\/div><\/div><\/div><\/div><\/div>\n","protected":false},"excerpt":{"rendered":"<p>Diese Reise\u00a0ist f\u00fcr Naturgeniesser gedacht, die gerne individuell unterwegs sind und das Land selbst entdecken wollen. Estland, mit einer Fl\u00e4che, so gro\u00df wie Holland und 1,3 Millionen Einwohnern, bietet daf\u00fcr viel Freiraum verbunden mit einer gro\u00dfartigen Tier &#8211; und Pflanzenwelt.<\/p>\n","protected":false},"featured_media":21399,"comment_status":"open","ping_status":"closed","template":"","meta":[],"product_cat":[472,460,453,457,468],"product_tag":[],"class_list":["post-21456","product","type-product","status-publish","has-post-thumbnail","hentry","product_cat-estland","product_cat-reisen","product_cat-smart-guided-individual-reisen","product_cat-guppenreisen","product_cat-wandern"],"yoast_head":"<!-- This site is optimized with the Yoast SEO plugin v21.8 - https:\/\/yoast.com\/wordpress\/plugins\/seo\/ -->\n<title>Smart-guided individuelle Naturerlebnisreise in Estland 8 Tage - ActivEst<\/title>\n<meta name=\"robots\" content=\"index, follow, max-snippet:-1, max-image-preview:large, max-video-preview:-1\" \/>\n<link rel=\"canonical\" href=\"https:\/\/activest.ee\/toode\/smart-guided-naturreise-8-tage\/\" \/>\n<meta property=\"og:locale\" content=\"en_US\" \/>\n<meta property=\"og:type\" content=\"article\" \/>\n<meta property=\"og:title\" content=\"Smart-guided individuelle Naturerlebnisreise in Estland 8 Tage - ActivEst\" \/>\n<meta property=\"og:description\" content=\"Diese Reise\u00a0ist f\u00fcr Naturgeniesser gedacht, die gerne individuell unterwegs sind und das Land selbst entdecken wollen. Estland, mit einer Fl\u00e4che, so gro\u00df wie Holland und 1,3 Millionen Einwohnern, bietet daf\u00fcr viel Freiraum verbunden mit einer gro\u00dfartigen Tier - und Pflanzenwelt.\" \/>\n<meta property=\"og:url\" content=\"https:\/\/activest.ee\/toode\/smart-guided-naturreise-8-tage\/\" \/>\n<meta property=\"og:site_name\" content=\"ActivEst\" \/>\n<meta property=\"article:modified_time\" content=\"2024-09-25T08:22:43+00:00\" \/>\n<meta property=\"og:image\" content=\"https:\/\/www.activest.ee\/wp-content\/uploads\/2019\/11\/539oxgw-1-scaled.jpeg\" \/>\n\t<meta property=\"og:image:width\" content=\"2560\" \/>\n\t<meta property=\"og:image:height\" content=\"1920\" \/>\n\t<meta property=\"og:image:type\" content=\"image\/jpeg\" \/>\n<meta name=\"twitter:card\" content=\"summary_large_image\" \/>\n<meta name=\"twitter:label1\" content=\"Est. reading time\" \/>\n\t<meta name=\"twitter:data1\" content=\"8 minutes\" \/>\n<script type=\"application\/ld+json\" class=\"yoast-schema-graph\">{\"@context\":\"https:\/\/schema.org\",\"@graph\":[{\"@type\":\"WebPage\",\"@id\":\"https:\/\/activest.ee\/toode\/smart-guided-naturreise-8-tage\/\",\"url\":\"https:\/\/activest.ee\/toode\/smart-guided-naturreise-8-tage\/\",\"name\":\"Smart-guided individuelle Naturerlebnisreise in Estland 8 Tage - ActivEst\",\"isPartOf\":{\"@id\":\"https:\/\/www.activest.ee\/#website\"},\"datePublished\":\"2019-11-22T09:59:44+00:00\",\"dateModified\":\"2024-09-25T08:22:43+00:00\",\"breadcrumb\":{\"@id\":\"https:\/\/activest.ee\/toode\/smart-guided-naturreise-8-tage\/#breadcrumb\"},\"inLanguage\":\"en-US\",\"potentialAction\":[{\"@type\":\"ReadAction\",\"target\":[\"https:\/\/activest.ee\/toode\/smart-guided-naturreise-8-tage\/\"]}]},{\"@type\":\"BreadcrumbList\",\"@id\":\"https:\/\/activest.ee\/toode\/smart-guided-naturreise-8-tage\/#breadcrumb\",\"itemListElement\":[{\"@type\":\"ListItem\",\"position\":1,\"name\":\"Home\",\"item\":\"https:\/\/activest.ee\/en\/\"},{\"@type\":\"ListItem\",\"position\":2,\"name\":\"Shop\",\"item\":\"https:\/\/www.activest.ee\/en\/shop-2\/\"},{\"@type\":\"ListItem\",\"position\":3,\"name\":\"Smart-guided individuelle Naturerlebnisreise in Estland 8 Tage\"}]},{\"@type\":\"WebSite\",\"@id\":\"https:\/\/www.activest.ee\/#website\",\"url\":\"https:\/\/www.activest.ee\/\",\"name\":\"ActivEst\",\"description\":\"Reisen, Familienreisen, Naturreisen, Abenteurreisen\",\"potentialAction\":[{\"@type\":\"SearchAction\",\"target\":{\"@type\":\"EntryPoint\",\"urlTemplate\":\"https:\/\/www.activest.ee\/?s={search_term_string}\"},\"query-input\":\"required name=search_term_string\"}],\"inLanguage\":\"en-US\"}]}<\/script>\n<!-- \/ Yoast SEO plugin. -->","yoast_head_json":{"title":"Smart-guided individuelle Naturerlebnisreise in Estland 8 Tage - ActivEst","robots":{"index":"index","follow":"follow","max-snippet":"max-snippet:-1","max-image-preview":"max-image-preview:large","max-video-preview":"max-video-preview:-1"},"canonical":"https:\/\/activest.ee\/toode\/smart-guided-naturreise-8-tage\/","og_locale":"en_US","og_type":"article","og_title":"Smart-guided individuelle Naturerlebnisreise in Estland 8 Tage - ActivEst","og_description":"Diese Reise\u00a0ist f\u00fcr Naturgeniesser gedacht, die gerne individuell unterwegs sind und das Land selbst entdecken wollen. Estland, mit einer Fl\u00e4che, so gro\u00df wie Holland und 1,3 Millionen Einwohnern, bietet daf\u00fcr viel Freiraum verbunden mit einer gro\u00dfartigen Tier - und Pflanzenwelt.","og_url":"https:\/\/activest.ee\/toode\/smart-guided-naturreise-8-tage\/","og_site_name":"ActivEst","article_modified_time":"2024-09-25T08:22:43+00:00","og_image":[{"width":2560,"height":1920,"url":"https:\/\/www.activest.ee\/wp-content\/uploads\/2019\/11\/539oxgw-1-scaled.jpeg","type":"image\/jpeg"}],"twitter_card":"summary_large_image","twitter_misc":{"Est. reading time":"8 minutes"},"schema":{"@context":"https:\/\/schema.org","@graph":[{"@type":"WebPage","@id":"https:\/\/activest.ee\/toode\/smart-guided-naturreise-8-tage\/","url":"https:\/\/activest.ee\/toode\/smart-guided-naturreise-8-tage\/","name":"Smart-guided individuelle Naturerlebnisreise in Estland 8 Tage - ActivEst","isPartOf":{"@id":"https:\/\/www.activest.ee\/#website"},"datePublished":"2019-11-22T09:59:44+00:00","dateModified":"2024-09-25T08:22:43+00:00","breadcrumb":{"@id":"https:\/\/activest.ee\/toode\/smart-guided-naturreise-8-tage\/#breadcrumb"},"inLanguage":"en-US","potentialAction":[{"@type":"ReadAction","target":["https:\/\/activest.ee\/toode\/smart-guided-naturreise-8-tage\/"]}]},{"@type":"BreadcrumbList","@id":"https:\/\/activest.ee\/toode\/smart-guided-naturreise-8-tage\/#breadcrumb","itemListElement":[{"@type":"ListItem","position":1,"name":"Home","item":"https:\/\/activest.ee\/en\/"},{"@type":"ListItem","position":2,"name":"Shop","item":"https:\/\/www.activest.ee\/en\/shop-2\/"},{"@type":"ListItem","position":3,"name":"Smart-guided individuelle Naturerlebnisreise in Estland 8 Tage"}]},{"@type":"WebSite","@id":"https:\/\/www.activest.ee\/#website","url":"https:\/\/www.activest.ee\/","name":"ActivEst","description":"Reisen, Familienreisen, Naturreisen, Abenteurreisen","potentialAction":[{"@type":"SearchAction","target":{"@type":"EntryPoint","urlTemplate":"https:\/\/www.activest.ee\/?s={search_term_string}"},"query-input":"required name=search_term_string"}],"inLanguage":"en-US"}]}},"_links":{"self":[{"href":"https:\/\/activest.ee\/en\/wp-json\/wp\/v2\/product\/21456","targetHints":{"allow":["GET"]}}],"collection":[{"href":"https:\/\/activest.ee\/en\/wp-json\/wp\/v2\/product"}],"about":[{"href":"https:\/\/activest.ee\/en\/wp-json\/wp\/v2\/types\/product"}],"replies":[{"embeddable":true,"href":"https:\/\/activest.ee\/en\/wp-json\/wp\/v2\/comments?post=21456"}],"wp:featuredmedia":[{"embeddable":true,"href":"https:\/\/activest.ee\/en\/wp-json\/wp\/v2\/media\/21399"}],"wp:attachment":[{"href":"https:\/\/activest.ee\/en\/wp-json\/wp\/v2\/media?parent=21456"}],"wp:term":[{"taxonomy":"product_cat","embeddable":true,"href":"https:\/\/activest.ee\/en\/wp-json\/wp\/v2\/product_cat?post=21456"},{"taxonomy":"product_tag","embeddable":true,"href":"https:\/\/activest.ee\/en\/wp-json\/wp\/v2\/product_tag?post=21456"}],"curies":[{"name":"wp","href":"https:\/\/api.w.org\/{rel}","templated":true}]}}